{"id":102,"date":"2021-06-14T10:17:42","date_gmt":"2021-06-14T08:17:42","guid":{"rendered":"https:\/\/stel.asu.cas.cz\/cs\/?page_id=102"},"modified":"2024-02-01T17:42:22","modified_gmt":"2024-02-01T16:42:22","slug":"contact","status":"publish","type":"page","link":"https:\/\/stel.asu.cas.cz\/cs\/contact\/","title":{"rendered":"Kontakt"},"content":{"rendered":"\n<h3 class=\"wp-block-heading\" id=\"oficialni-adresa-asu\">Ofici\u00e1ln\u00ed adresa ASU<\/h3>\n\n\n\n<p>Astronomick\u00fd \u00fastav AV \u010cR, v.v.i.<br>Stel\u00e1rn\u00ed odd\u011blen\u00ed (Odd\u011blen\u00ed fyziky hv\u011bzd)<br>Fri\u010dova 298<br>251 65 Ond\u0159ejov<br>\u010cesk\u00e1 republika<\/p>\n\n\n\n<h3 class=\"wp-block-heading\" id=\"postovni-adresa-stelarniho-oddeleni\">Po\u0161tovn\u00ed adresa Stel\u00e1rn\u00edho odd\u011blen\u00ed<\/h3>\n\n\n\n<p><\/p>\n\n\n\n<p>Stel\u00e1rn\u00ed odd\u011blen\u00ed (Odd\u011blen\u00ed fyziky hv\u011bzd)<br>Astronomick\u00fd \u00fastav AV \u010cR, v.v.i.<br>Nu\u0161lova 251<br>251 65 Ond\u0159ejov<br>\u010cesk\u00e1 republika<\/p>\n\n\n\n<div class=\"wp-block-columns is-layout-flex wp-container-core-columns-is-layout-1 wp-block-columns-is-layout-flex\">\n<div class=\"wp-block-column is-layout-flow wp-block-column-is-layout-flow\">\n<h3 class=\"wp-block-heading\" id=\"vedouci\"><strong>Vedouc\u00ed<\/strong><\/h3>\n\n\n\n<p><a href=\"https:\/\/stel.asu.cas.cz\/cs\/fyzika-horkych-hvezd\/lide\/#kubatova\">Brankica Kub\u00e1tov\u00e1<\/a><br>Email: brankica.kubatova @ asu.cas.cz<br>Telefon: +420 323 620 320<\/p>\n<\/div>\n\n\n\n<div class=\"wp-block-column is-layout-flow wp-block-column-is-layout-flow\">\n<h3 class=\"wp-block-heading\" id=\"zastupce\">Z\u00e1stupce<\/h3>\n\n\n\n<p><a href=\"https:\/\/stel.asu.cas.cz\/cs\/astrofyzika-vysokych-energii\/lide\/\">Martin Jel\u00ednek<\/a><br>Email: martin.jelinek @ asu.cas.cz<br>Telefon: +420 323 620 242<\/p>\n<\/div>\n\n\n\n<div class=\"wp-block-column is-layout-flow wp-block-column-is-layout-flow\">\n<h3 class=\"wp-block-heading\" id=\"sekretarka\"><strong>Sekret\u00e1\u0159ka<\/strong><\/h3>\n\n\n\n<p><a href=\"https:\/\/stel.asu.cas.cz\/cs\/perkuv-dalekohled\/lide\/#zdarska\">Eva \u017d\u010f\u00e1rsk\u00e1<\/a> <br>Email: eva.zdarska  @ asu.cas.cz<br>Telefon: +420 323 620 226<\/p>\n<\/div>\n<\/div>\n\n\n<div id=\"wpgmza_map\" class=\"wpgmza_map\" data-settings='{\"id\":\"1\",\"map_title\":\"Stellar0\",\"map_width\":\"100\",\"map_height\":\"500\",\"map_start_lat\":\"49.91563389999999\",\"map_start_lng\":\"14.781802300000003\",\"map_start_location\":\"45.950464398418106,-109.81550500000003\",\"map_start_zoom\":\"8\",\"default_marker\":\"\",\"type\":\"0\",\"alignment\":\"4\",\"directions_enabled\":\"0\",\"styling_enabled\":\"0\",\"styling_json\":\"\",\"active\":\"0\",\"kml\":\"\",\"bicycle\":\"0\",\"traffic\":\"0\",\"dbox\":\"0\",\"dbox_width\":\"\",\"listmarkers\":\"0\",\"listmarkers_advanced\":\"0\",\"filterbycat\":\"0\",\"ugm_enabled\":\"0\",\"ugm_category_enabled\":\"0\",\"fusion\":\"\",\"map_width_type\":\"%\",\"map_height_type\":\"px\",\"mass_marker_support\":\"0\",\"ugm_access\":\"0\",\"order_markers_by\":\"0\",\"order_markers_choice\":\"0\",\"show_user_location\":\"0\",\"default_to\":\"\",\"other_settings\":{\"map_type\":1,\"sl_stroke_color\":\"\",\"sl_fill_color\":\"\",\"sl_stroke_opacity\":\"\",\"sl_fill_opacity\":\"\",\"transport_layer\":false,\"action\":\"wpgmza_save_map\",\"redirect_to\":\"\\\/cs\\\/wp-admin\\\/admin-post.php\",\"map_id\":\"1\",\"http_referer\":\"\\\/cs\\\/wp-admin\\\/admin.php?page=wp-google-maps-menu&amp;amp;override=1&amp;amp;action=edit&amp;amp;map_id=1\",\"wpgmza_id\":\"1\",\"wpgmza_start_location\":\"49.91563389999999,14.781802300000003\",\"wpgmza_start_zoom\":\"6\",\"store_locator_enabled\":false,\"store_locator_search_area\":\"radial\",\"wpgmza_store_locator_radius_style\":\"legacy\",\"wpgmza_store_locator_default_radius\":\"10\",\"store_locator_auto_area_max_zoom\":\"\",\"store_locator_distance\":false,\"wpgmza_store_locator_position\":false,\"store_locator_show_distance\":false,\"store_locator_category\":false,\"wpgmza_store_locator_use_their_location\":false,\"wpgmza_store_locator_bounce\":false,\"wpgmza_sl_animation\":null,\"wpgmza_store_locator_hide_before_search\":false,\"store_locator_query_string\":\"\",\"store_locator_default_address\":\"\",\"store_locator_name_search\":false,\"store_locator_name_string\":\"\",\"store_locator_not_found_message\":\"\",\"wpgmza_map_align\":\"1\",\"jump_to_nearest_marker_on_initialization\":false,\"automatically_pan_to_users_location\":false,\"override_users_location_zoom_level\":false,\"override_users_location_zoom_levels\":\"\",\"show_distance_from_location\":false,\"map_max_zoom\":\"21\",\"map_min_zoom\":\"0\",\"click_open_link\":false,\"fit_maps_bounds_to_markers\":false,\"fit_maps_bounds_to_markers_after_filtering\":false,\"hide_point_of_interest\":false,\"wpgmza_zoom_on_marker_click\":false,\"wpgmza_zoom_on_marker_click_slider\":\"\",\"close_infowindow_on_map_click\":false,\"disable_lightbox_images\":false,\"use_Raw_Jpeg_Coordinates\":false,\"polygon_labels\":false,\"disable_polygon_info_windows\":false,\"enable_marker_ratings\":false,\"only_load_markers_within_viewport\":false,\"iw_primary_color\":\"\",\"iw_accent_color\":\"\",\"iw_text_color\":\"\",\"wpgmza_listmarkers_by\":\"0\",\"wpgmza_marker_listing_position\":false,\"zoom_level_on_marker_listing_override\":false,\"zoom_level_on_marker_listing_click\":\"\",\"datatable_no_result_message\":\"\",\"remove_search_box_datables\":false,\"dataTable_pagination_style\":null,\"datatable_search_string\":\"\",\"datatable_result_start\":\"\",\"datatable_result_of\":\"\",\"datatable_result_to\":\"\",\"datatable_result_total\":\"\",\"datatable_result_show\":\"\",\"datatable_result_entries\":\"\",\"wpgmza_savemap\":\"Save Map \\u00bb\"}}' data-map-id='1' Data-maps-engine='open-layers' data-shortcode-attributes='{\"id\":\"1\"}' style=\"display:block; overflow:auto; width:100%; height:500px; float:left;\"><\/div>\n\n\n<p>&#8230;<\/p>\n\n\n\n<p><img decoding=\"async\" src=\"https:\/\/stel.asu.cas.cz\/cs\/wp-content\/uploads\/2021\/10\/icon-plane.png\" alt=\"\">&nbsp;&nbsp;&nbsp;Zdaleka nejjednodu\u0161\u0161\u00ed zp\u016fsob, jak se dostat z Leti\u0161t\u011b V\u00e1clava Havla v Praze do Ond\u0159ejova, je po\u017e\u00e1dat n\u011bkoho o odvoz. Taxi v\u00e1s vyjde asi na 80 Euro. Pokud preferujete ve\u0159ejnou dopravu, p\u0159ipravte se na dal\u0161\u00ed dv\u011b hodiny cesty. Autobus \u010d. 119 jede od leti\u0161tn\u00ed budovy. Na zast\u00e1vce N\u00e1dra\u017e\u00ed Veleslav\u00edn p\u0159esedn\u011bte na linku metra A, ve stanici Muzeum p\u0159esedn\u011bt\u011b na metro C a pokra\u010dujte a\u017e na kone\u010dnou stanici H\u00e1je. Zde je tak\u00e9 stanovi\u0161t\u011b p\u0159\u00edm\u011bstsk\u00e9ho autobusu linky 383, kter\u00fd stav\u00ed ve stanici Ond\u0159ejov, N\u00e1m\u011bst\u00ed. (<a href=\"http:\/\/jizdnirady.idnes.cz\/praha\/zjr\/?l=RegBus+383&amp;f=H%c3%a1je&amp;t=Chocerady&amp;wholeweek=true&amp;ttn=PID&amp;submit=true&amp;af=false&amp;lng=C\" target=\"_blank\" rel=\"noreferrer noopener\">j\u00edzdn\u00ed \u0159\u00e1d<\/a>).<\/p>\n\n\n\n<p><img decoding=\"async\" src=\"https:\/\/stel.asu.cas.cz\/cs\/wp-content\/uploads\/2021\/10\/icon-car.png\" alt=\"\">&nbsp;&nbsp;&nbsp;P\u0159i cest\u011b autem z Prahy po d\u00e1lnici D1 sje\u010ft\u011b na exitu 21 (Miro\u0161ovice). V Miro\u0161ovic\u00edch odbo\u010dte na silnici \u010d. 508 ve sm\u011bru Mnichovice, v Mnichovic\u00edch pak vpravo  sm\u011br Ond\u0159ejov. Hned na za\u010d\u00e1tku obce za mostem v zat\u00e1\u010dce je odbo\u010dka vlavo sm\u011br Astronomick\u00fd \u00fastav.<\/p>\n\n\n\n<p><img decoding=\"async\" src=\"https:\/\/stel.asu.cas.cz\/cs\/wp-content\/uploads\/2021\/10\/icon-bus.png\" alt=\"\">&nbsp;&nbsp;&nbsp;Ond\u0159ejovem proj\u00ed\u017ed\u00ed n\u011bkolik linek Roz\u0161\u00ed\u0159en\u00e9 pra\u017esk\u00e9 integrovan\u00e9 dopravy ROPID. Linka 383 (<a href=\"http:\/\/jizdnirady.idnes.cz\/praha\/zjr\/?l=RegBus+383&amp;f=H%c3%a1je&amp;t=Chocerady&amp;wholeweek=true&amp;ttn=PID&amp;submit=true&amp;af=false&amp;lng=C\" target=\"_blank\" rel=\"noreferrer noopener\">timetable<\/a>) jede z Prahy ze stanice metra H\u00e1je. Cesta trv\u00e1 asi 60 minut. M\u016f\u017eete tak\u00e9 jet vlakem do Str\u00e1n\u010dic a odsud linkou autobusu 490 (dal\u0161\u00edch 25 minut). (<a href=\"http:\/\/jizdnirady.idnes.cz\/praha\/zjr\/?l=RegBus+490&amp;f=Stran%C4%8Dice%2c%C5%BEel.st.&amp;t=St%C5%99%C3%ADbrn%C3%A1+Skalice%2cn%C3%A1m%C4%9Bst%C3%AD&amp;wholeweek=true&amp;ttn=PID&amp;submit=true&amp;af=false&amp;lng=C\" target=\"_blank\" rel=\"noreferrer noopener\">j\u00edzdn\u00ed \u0159\u00e1d<\/a>).<\/p>\n\n\n\n<p><img decoding=\"async\" src=\"https:\/\/stel.asu.cas.cz\/cs\/wp-content\/uploads\/2021\/10\/icon-train-1.png\" alt=\"\">&nbsp;&nbsp;&nbsp;P\u0159\u00edm\u011bstsk\u00e9 lok\u00e1ln\u00ed vlaky ze stanice Praha Hlavn\u00ed n\u00e1dra\u017e\u00ed ve sm\u011bru Bene\u0161ov (<a rel=\"noreferrer noopener\" href=\"https:\/\/idos.idnes.cz\/vlakyautobusymhdvse\/spojeni\/vysledky\/?f=Praha,,Hlavn%C3%AD%20n%C3%A1dra%C5%BE%C3%AD&amp;fc=200003&amp;t=Stran%C4%8Dice&amp;tc=1\" target=\"_blank\">j\u00edzdn\u00ed \u0159\u00e1d<\/a>) zastavuj\u00ed ve stanici Stran\u010dice, odkud pokra\u010duje autobusov\u00e1 linka 490. P\u0159\u00edpadn\u011b m\u016f\u017eete vystoupit v Miro\u0161ovic\u00edch \u010di Senohrabech a proj\u00edt se po turistick\u00e9 stazce sm\u011brem do Ond\u0159ejova (cca 5 km).<\/p>\n\n\n\n<p><br><\/p>\n","protected":false},"excerpt":{"rendered":"<p>Ofici\u00e1ln\u00ed adresa ASU Astronomick\u00fd \u00fastav AV \u010cR, v.v.i.Stel\u00e1rn\u00ed odd\u011blen\u00ed (Odd\u011blen\u00ed fyziky hv\u011bzd)Fri\u010dova 298251 65 Ond\u0159ejov\u010cesk\u00e1 republika Po\u0161tovn\u00ed adresa Stel\u00e1rn\u00edho odd\u011blen\u00ed Stel\u00e1rn\u00ed odd\u011blen\u00ed (Odd\u011blen\u00ed fyziky hv\u011bzd)Astronomick\u00fd<\/p>\n","protected":false},"author":1,"featured_media":0,"parent":0,"menu_order":0,"comment_status":"closed","ping_status":"closed","template":"","meta":{"footnotes":""},"class_list":["post-102","page","type-page","status-publish","hentry"],"_links":{"self":[{"href":"https:\/\/stel.asu.cas.cz\/cs\/wp-json\/wp\/v2\/pages\/102","targetHints":{"allow":["GET"]}}],"collection":[{"href":"https:\/\/stel.asu.cas.cz\/cs\/wp-json\/wp\/v2\/pages"}],"about":[{"href":"https:\/\/stel.asu.cas.cz\/cs\/wp-json\/wp\/v2\/types\/page"}],"author":[{"embeddable":true,"href":"https:\/\/stel.asu.cas.cz\/cs\/wp-json\/wp\/v2\/users\/1"}],"replies":[{"embeddable":true,"href":"https:\/\/stel.asu.cas.cz\/cs\/wp-json\/wp\/v2\/comments?post=102"}],"version-history":[{"count":33,"href":"https:\/\/stel.asu.cas.cz\/cs\/wp-json\/wp\/v2\/pages\/102\/revisions"}],"predecessor-version":[{"id":2979,"href":"https:\/\/stel.asu.cas.cz\/cs\/wp-json\/wp\/v2\/pages\/102\/revisions\/2979"}],"wp:attachment":[{"href":"https:\/\/stel.asu.cas.cz\/cs\/wp-json\/wp\/v2\/media?parent=102"}],"curies":[{"name":"wp","href":"https:\/\/api.w.org\/{rel}","templated":true}]}}