{"id":105,"date":"2021-06-14T10:19:12","date_gmt":"2021-06-14T08:19:12","guid":{"rendered":"https:\/\/stel.asu.cas.cz\/cs\/?page_id=105"},"modified":"2026-01-28T14:36:40","modified_gmt":"2026-01-28T13:36:40","slug":"vyzkum-extrasolarnich-planet","status":"publish","type":"page","link":"https:\/\/stel.asu.cas.cz\/cs\/vyzkum-extrasolarnich-planet\/","title":{"rendered":"V\u00fdzkum extrasol\u00e1rn\u00edch planet"},"content":{"rendered":"\n<figure class=\"wp-block-image size-large\"><img loading=\"lazy\" decoding=\"async\" width=\"1024\" height=\"341\" src=\"https:\/\/stel.asu.cas.cz\/cs\/wp-content\/uploads\/2021\/09\/exoplanet-1024x341.jpg\" alt=\"\" class=\"wp-image-1562\" srcset=\"https:\/\/stel.asu.cas.cz\/cs\/wp-content\/uploads\/2021\/09\/exoplanet-1024x341.jpg 1024w, https:\/\/stel.asu.cas.cz\/cs\/wp-content\/uploads\/2021\/09\/exoplanet-300x100.jpg 300w, https:\/\/stel.asu.cas.cz\/cs\/wp-content\/uploads\/2021\/09\/exoplanet-768x256.jpg 768w, https:\/\/stel.asu.cas.cz\/cs\/wp-content\/uploads\/2021\/09\/exoplanet-18x6.jpg 18w, https:\/\/stel.asu.cas.cz\/cs\/wp-content\/uploads\/2021\/09\/exoplanet-24x8.jpg 24w, https:\/\/stel.asu.cas.cz\/cs\/wp-content\/uploads\/2021\/09\/exoplanet-36x12.jpg 36w, https:\/\/stel.asu.cas.cz\/cs\/wp-content\/uploads\/2021\/09\/exoplanet.jpg 1500w\" sizes=\"auto, (max-width: 1024px) 100vw, 1024px\" \/><figcaption class=\"wp-element-caption\">lustrace zachycuje p\u0159edpokl\u00e1dan\u00fd vzhled syst\u00e9mu TRAPPIST-1 pohledem od planety TRAPPIST-1f (nejbl\u00ed\u017e vpravo). Kredit: NASA\/JPL-Caltech<\/figcaption><\/figure>\n\n\n\n<p>V\u00fdzkum skupiny, kterou vede <a href=\"https:\/\/stel.asu.cas.cz\/cs\/vyzkum-extrasolarnich-planet\/lide\/#kabath\">Petr Kab\u00e1th<\/a> je zam\u011b\u0159en na detekci exoplanet prost\u0159ednictv\u00edm spektroskopie a detekci a charakterizaci exoplanet\u00e1rn\u00edch atmosf\u00e9r. Skupina vyu\u017e\u00edv\u00e1 spektroskopick\u00e9 metody m\u011b\u0159en\u00ed radi\u00e1ln\u00edch rychlost\u00ed k detekci a charakterizaci exoplanetr\u00e1n\u00edch syst\u00e9m\u016f. Skupina vyu\u017e\u00edv\u00e1 p\u0159i sv\u00e9 pr\u00e1ci velk\u00fdch pozemn\u00edch teleskop\u016f ESO (Chile) nebo IAC (\u0160pan\u011blsko), ale tak\u00e9 Perk\u016fv dalekohled v Ond\u0159ejov\u011b, kter\u00fd je vybaven vhodn\u00fdm e\u0161eletov\u00fdm spektrografem.<\/p>\n\n\n\n<p>Hlavn\u00edmi objekty z\u00e1jmu t\u00e9to skupiny jsou kandid\u00e1ti na exoplanety odhalen\u00ed dru\u017eicov\u00fdmi observato\u0159emi Kepler\/K2 a TESS. \u010clenov\u00e9 skupiny v sou\u010dasnosti pracuj\u00ed na projektu p\u0159estavby a instalace nov\u00e9ho spektrografu <a href=\"http:\/\/stel.asu.cas.cz\/platospec\/\">PLATOSpec<\/a> na dalekohled ESO o pr\u016fm\u011bru 1.52 m pracuj\u00edc\u00ed Observato\u0159i La Silla v Chile. Projekt by m\u011bl slou\u017eit jako pozemn\u00ed podpora budouc\u00ed kosmick\u00e9 mise <a href=\"https:\/\/platomission.com\/\">PLATO<\/a>. Skupina se tak\u00e9 zab\u00fdv\u00e1 detekc\u00ed a charakterizac\u00ed exoplanet\u00e1rn\u00edch atmosf\u00e9r s pou\u017eit\u00edm velk\u00fdch teleskop\u016f p\u0159edev\u0161\u00edm na observato\u0159\u00edch ESO. Skupina koordinuje grant programu <a href=\"http:\/\/erasmus.asu.cas.cz\/\">ERASMUS+<\/a> pro kter\u00fd pl\u00e1nuje s\u00e9rii p\u0159edn\u00e1\u0161ek pro ve\u0159ejnost.<\/p>\n\n\n\n<p><strong>\u010cLENOV\u00c9 SKUPINY<\/strong><\/p>\n\n\n\n<ul class=\"wp-block-list\">\n<li>v\u011bde\u010dt\u00ed pracovn\u00edci: <a href=\"https:\/\/stel.asu.cas.cz\/cs\/vyzkum-extrasolarnich-planet\/lide\/#kabath\">Petr Kab\u00e1th<\/a> (vedouc\u00ed), <a href=\"https:\/\/stel.asu.cas.cz\/cs\/vyzkum-extrasolarnich-planet\/lide\/#skarka\">Marek Skarka<\/a>, <a href=\"https:\/\/stel.asu.cas.cz\/cs\/vyzkum-extrasolarnich-planet\/lide\/#karjalainen_m\">Marie Karjalainen<\/a>, <a href=\"https:\/\/stel.asu.cas.cz\/cs\/vyzkum-extrasolarnich-planet\/lide\/#skoda\">Petr \u0160koda<\/a><\/li>\n\n\n\n<li>postdoktorandi: <a href=\"https:\/\/stel.asu.cas.cz\/cs\/vyzkum-extrasolarnich-planet\/lide\/#subjak\">J\u00e1n \u0160ubjak<\/a>, <a href=\"https:\/\/stel.asu.cas.cz\/cs\/vyzkum-extrasolarnich-planet\/lide\/#jirizak\">Ji\u0159\u00ed \u017d\u00e1k<\/a><\/li>\n\n\n\n<li>PhD studenti: <a href=\"https:\/\/stel.asu.cas.cz\/cs\/vyzkum-extrasolarnich-planet\/lide\/#vitkova\">Michaela Vitkov\u00e1<\/a>, <a href=\"https:\/\/stel.asu.cas.cz\/cs\/vyzkum-extrasolarnich-planet\/lide\/#balkoova\">Zuzana Balk\u00f3ov\u00e1<\/a>, <a href=\"https:\/\/stel.asu.cas.cz\/cs\/vyzkum-extrasolarnich-planet\/lide\/#liptak\">Josef Lip\u00e1k<\/a>, <a href=\"https:\/\/stel.asu.cas.cz\/cs\/vyzkum-extrasolarnich-planet\/lide\/#ludwig\" data-type=\"link\" data-id=\"https:\/\/stel.asu.cas.cz\/cs\/vyzkum-extrasolarnich-planet\/lide\/#ludwig\">Mathis Ludwig<\/a><\/li>\n<\/ul>\n\n\n\n<p><strong>DAL\u0160\u00cd INFORMACE<\/strong><\/p>\n\n\n\n<ul class=\"wp-block-list\">\n<li>Webov\u00e9 str\u00e1nky skupiny: <a href=\"http:\/\/stel.asu.cas.cz\/exogroup\/\" target=\"_blank\" rel=\"noreferrer noopener\">stel.asu.cas.cz\/exogroup<\/a><\/li>\n\n\n\n<li>Webov\u00e9 str\u00e1nky projektu Erasmus+: <a href=\"http:\/\/erasmus.asu.cas.cz\/\" target=\"_blank\" rel=\"noreferrer noopener\">erasmus.asu.cas.cz<\/a><\/li>\n\n\n\n<li>Webov\u00e9 str\u00e1nky projektu PLATOSpec: <a href=\"http:\/\/stel.asu.cas.cz\/platospec\/\" target=\"_blank\" rel=\"noreferrer noopener\">stel.asu.cas.cz\/platospec<\/a><\/li>\n<\/ul>\n\n\n\n<p><\/p>\n","protected":false},"excerpt":{"rendered":"<p>V\u00fdzkum skupiny, kterou vede Petr Kab\u00e1th je zam\u011b\u0159en na detekci exoplanet prost\u0159ednictv\u00edm spektroskopie a detekci a charakterizaci exoplanet\u00e1rn\u00edch atmosf\u00e9r. Skupina vyu\u017e\u00edv\u00e1 spektroskopick\u00e9 metody m\u011b\u0159en\u00ed radi\u00e1ln\u00edch<\/p>\n","protected":false},"author":1,"featured_media":0,"parent":0,"menu_order":0,"comment_status":"closed","ping_status":"closed","template":"","meta":{"footnotes":""},"class_list":["post-105","page","type-page","status-publish","hentry"],"_links":{"self":[{"href":"https:\/\/stel.asu.cas.cz\/cs\/wp-json\/wp\/v2\/pages\/105","targetHints":{"allow":["GET"]}}],"collection":[{"href":"https:\/\/stel.asu.cas.cz\/cs\/wp-json\/wp\/v2\/pages"}],"about":[{"href":"https:\/\/stel.asu.cas.cz\/cs\/wp-json\/wp\/v2\/types\/page"}],"author":[{"embeddable":true,"href":"https:\/\/stel.asu.cas.cz\/cs\/wp-json\/wp\/v2\/users\/1"}],"replies":[{"embeddable":true,"href":"https:\/\/stel.asu.cas.cz\/cs\/wp-json\/wp\/v2\/comments?post=105"}],"version-history":[{"count":27,"href":"https:\/\/stel.asu.cas.cz\/cs\/wp-json\/wp\/v2\/pages\/105\/revisions"}],"predecessor-version":[{"id":3694,"href":"https:\/\/stel.asu.cas.cz\/cs\/wp-json\/wp\/v2\/pages\/105\/revisions\/3694"}],"wp:attachment":[{"href":"https:\/\/stel.asu.cas.cz\/cs\/wp-json\/wp\/v2\/media?parent=105"}],"curies":[{"name":"wp","href":"https:\/\/api.w.org\/{rel}","templated":true}]}}