{"id":110,"date":"2021-06-14T10:21:11","date_gmt":"2021-06-14T08:21:11","guid":{"rendered":"https:\/\/stel.asu.cas.cz\/cs\/?page_id=110"},"modified":"2025-02-06T09:13:27","modified_gmt":"2025-02-06T08:13:27","slug":"perkuv-dalekohled","status":"publish","type":"page","link":"https:\/\/stel.asu.cas.cz\/cs\/perkuv-dalekohled\/","title":{"rendered":"Perk\u016fv 2-m dalekohled"},"content":{"rendered":"\n<figure class=\"wp-block-image size-large\"><img loading=\"lazy\" decoding=\"async\" width=\"777\" height=\"338\" src=\"https:\/\/stel.asu.cas.cz\/cs\/wp-content\/uploads\/2021\/09\/perek-2m.jpg\" alt=\"\" class=\"wp-image-1564\" srcset=\"https:\/\/stel.asu.cas.cz\/cs\/wp-content\/uploads\/2021\/09\/perek-2m.jpg 777w, https:\/\/stel.asu.cas.cz\/cs\/wp-content\/uploads\/2021\/09\/perek-2m-300x131.jpg 300w, https:\/\/stel.asu.cas.cz\/cs\/wp-content\/uploads\/2021\/09\/perek-2m-768x334.jpg 768w, https:\/\/stel.asu.cas.cz\/cs\/wp-content\/uploads\/2021\/09\/perek-2m-18x8.jpg 18w, https:\/\/stel.asu.cas.cz\/cs\/wp-content\/uploads\/2021\/09\/perek-2m-24x10.jpg 24w, https:\/\/stel.asu.cas.cz\/cs\/wp-content\/uploads\/2021\/09\/perek-2m-36x16.jpg 36w\" sizes=\"auto, (max-width: 777px) 100vw, 777px\" \/><figcaption class=\"wp-element-caption\">Pohled do kopule Perkova dalekohledu.<\/figcaption><\/figure>\n\n\n\n<p>Perk\u016fv dalekohled s prim\u00e1rn\u00edm zrcadlem o pr\u016fm\u011bru 2 metry je nejv\u011bt\u0161\u00edm optick\u00fdm astronomick\u00fdm p\u0159\u00edstrojem pro v\u00fdzkum hv\u011bzd a extrasol\u00e1rn\u00edch planet v \u010cesk\u00e9 republice. Dalekohled je v sou\u010dasnosti vybaven jedno\u0159\u00e1dov\u00fdm spektrografem, e\u0161eletov\u00fdm spektrografem a fotometrickou kamerou.<\/p>\n\n\n\n<p><b>Teleskop je v \u010dinnosti od roku 1967 a stal se n\u00e1rodn\u00edm p\u0159\u00edstrojem astrofyzik\u00e1ln\u00edho v\u00fdzkumu.<\/b><\/p>\n\n\n\n<p>Nejv\u00fdznamn\u011bj\u0161\u00ed a principi\u00e1ln\u00edm vylep\u0161en\u00edm za posledn\u00edch n\u011bkolik desetilet\u00ed dalekohled pro\u0161el v roce 2019. Optick\u00e1 konfigurace byla kompletn\u011b zm\u011bn\u011bna, co\u017e p\u0159ineslo zv\u00fd\u0161en\u00ed efektivity optick\u00e9ho syst\u00e9mu. V minulosti se sv\u011btlo dopravovalo do spektrograf\u016f um\u00edst\u011bn\u00fdch v coud\u00e9 ohnisku syst\u00e9mem zrcadel. Hlavn\u00edm vylep\u0161en\u00edm byla instalace optick\u00fdch vl\u00e1ken vedouc\u00edch z prim\u00e1rn\u00edho ohniska do spektrograf\u016f. Sou\u010dasn\u00fd teleskop tak vyu\u017e\u00edv\u00e1 pouze jednu odraznou plochu (prim\u00e1rn\u00ed zrcadlo o pr\u016fm\u011bru 2 m) m\u00edsto \u010dty\u0159 zrcadel v minulosti. D\u00edky tomuto vylep\u0161en\u00ed bylo dosa\u017eeno vy\u0161\u0161\u00ed efektivity pozorov\u00e1n\u00ed a je tak\u00e9 mo\u017en\u00e9 pozorovat slab\u0161\u00ed zdroje. Roz\u0161\u00ed\u0159ila se tak\u00e9 \u0161k\u00e1la pozorovac\u00edch program\u016f, kter\u00e9 je mo\u017en\u00e9 s upraven\u00fdm p\u0159\u00edstrojem realizovat.<\/p>\n\n\n\n<p>Modernizace otev\u0159ela \u010desk\u00fdm astronom\u016fm nov\u00e9 mo\u017enosti, op\u011bt dostali do rukou p\u0159\u00edstroj, kter\u00fd obstoj\u00ed v mezin\u00e1rodn\u00edm srovn\u00e1n\u00ed.<\/p>\n\n\n\n<p>Posledn\u00ed rekonstrukci Perkova dalekohledu se podrobn\u011b v\u011bnuje Miroslav \u0160lechta v\u00a0\u010dl\u00e1nku <a href=\"https:\/\/stel.asu.cas.cz\/cs\/wp-content\/uploads\/2022\/02\/slechta_Perek2mTel_astropis2020.pdf\" target=\"_blank\" rel=\"noreferrer noopener\">Modernizace 2m Perkova dalekohledu v Ond\u0159ejov\u011b<\/a>, kter\u00fd byl publikov\u00e1n v\u00a0\u010dasopise<strong> <\/strong><a href=\"https:\/\/www.astropis.cz\/archive\/126.listing\" target=\"_blank\" rel=\"noreferrer noopener\"><strong>Astropis<\/strong><\/a> (ro\u010dn\u00edk: 2020, \u010d\u00edslo: 3, str.: 12\u201315).<\/p>\n\n\n\n<h3 class=\"wp-block-heading\" id=\"vyuziti-dalekohledu\">Vyu\u017eit\u00ed dalekohledu<\/h3>\n\n\n\n<p>Dalekohled je pravideln\u011b a trvale vyu\u017e\u00edv\u00e1n pro v\u011bdeck\u00e1 pozorov\u00e1n\u00ed. V\u011bt\u0161inu pozorovac\u00edho \u010dasu vyu\u017e\u00edvaj\u00ed astronomov\u00e9 z ASU (\u010dlenov\u00e9 pracovn\u00edch skupin Fyzika hork\u00fdch hv\u011bzd a V\u00fdzkum extrasol\u00e1rn\u00edch planet), ale tak\u00e9 kolegov\u00e9 z jin\u00fdch instituc\u00ed a\u00a0univerzit (Karlova univerzita v Praze, Masarykova univerzita v Brn\u011b, Univerzita ve Wroclavi, Astronomick\u00fd ustav Tatransk\u00e1 Lomnica).<\/p>\n\n\n\n<p>Dalekohled je rovn\u011b\u017e vyu\u017e\u00edv\u00e1m p\u0159i mezin\u00e1rodn\u00edch spektroskopick\u00fdch kampan\u00edch. Perk\u016fv dalekohled a jeho spektrografy rovn\u011b\u017e slou\u017e\u00ed jako v\u00fdukov\u00fd p\u0159\u00edstroj pro studenty \u010desk\u00fdch (Matematicko-fyzik\u00e1ln\u00ed fakulta UK, MU Brno) i zahrani\u010dn\u00edch univerzit (Institte of\u00a0Physics and Astronomy, Potsdam University, N\u011bmecko; Faculty of Mathematics, University of Belgrade, Srbsko).<\/p>\n","protected":false},"excerpt":{"rendered":"<p>Perk\u016fv dalekohled s prim\u00e1rn\u00edm zrcadlem o pr\u016fm\u011bru 2 metry je nejv\u011bt\u0161\u00edm optick\u00fdm astronomick\u00fdm p\u0159\u00edstrojem pro v\u00fdzkum hv\u011bzd a extrasol\u00e1rn\u00edch planet v \u010cesk\u00e9 republice. Dalekohled je<\/p>\n","protected":false},"author":1,"featured_media":0,"parent":0,"menu_order":0,"comment_status":"closed","ping_status":"closed","template":"","meta":{"footnotes":""},"class_list":["post-110","page","type-page","status-publish","hentry"],"_links":{"self":[{"href":"https:\/\/stel.asu.cas.cz\/cs\/wp-json\/wp\/v2\/pages\/110","targetHints":{"allow":["GET"]}}],"collection":[{"href":"https:\/\/stel.asu.cas.cz\/cs\/wp-json\/wp\/v2\/pages"}],"about":[{"href":"https:\/\/stel.asu.cas.cz\/cs\/wp-json\/wp\/v2\/types\/page"}],"author":[{"embeddable":true,"href":"https:\/\/stel.asu.cas.cz\/cs\/wp-json\/wp\/v2\/users\/1"}],"replies":[{"embeddable":true,"href":"https:\/\/stel.asu.cas.cz\/cs\/wp-json\/wp\/v2\/comments?post=110"}],"version-history":[{"count":36,"href":"https:\/\/stel.asu.cas.cz\/cs\/wp-json\/wp\/v2\/pages\/110\/revisions"}],"predecessor-version":[{"id":3345,"href":"https:\/\/stel.asu.cas.cz\/cs\/wp-json\/wp\/v2\/pages\/110\/revisions\/3345"}],"wp:attachment":[{"href":"https:\/\/stel.asu.cas.cz\/cs\/wp-json\/wp\/v2\/media?parent=110"}],"curies":[{"name":"wp","href":"https:\/\/api.w.org\/{rel}","templated":true}]}}