{"id":117,"date":"2021-06-14T10:29:20","date_gmt":"2021-06-14T08:29:20","guid":{"rendered":"https:\/\/stel.asu.cas.cz\/cs\/?page_id=117"},"modified":"2025-07-16T15:42:18","modified_gmt":"2025-07-16T13:42:18","slug":"projekty","status":"publish","type":"page","link":"https:\/\/stel.asu.cas.cz\/cs\/fyzika-horkych-hvezd\/projekty\/","title":{"rendered":"Projekty"},"content":{"rendered":"\n<h2 class=\"wp-block-heading\"><a href=\"http:\/\/stel.asu.cas.cz\/~kraus\/POEMS\/\">POEMS<\/a><\/h2>\n\n\n<div class=\"wp-block-image\">\n<figure class=\"alignleft size-large is-resized\"><img loading=\"lazy\" decoding=\"async\" width=\"768\" height=\"478\" src=\"https:\/\/stel.asu.cas.cz\/cs\/wp-content\/uploads\/2021\/08\/poems-logo-768x478-1.jpg\" alt=\"\" class=\"wp-image-1394\" style=\"width:230px\" srcset=\"https:\/\/stel.asu.cas.cz\/cs\/wp-content\/uploads\/2021\/08\/poems-logo-768x478-1.jpg 768w, https:\/\/stel.asu.cas.cz\/cs\/wp-content\/uploads\/2021\/08\/poems-logo-768x478-1-300x187.jpg 300w, https:\/\/stel.asu.cas.cz\/cs\/wp-content\/uploads\/2021\/08\/poems-logo-768x478-1-18x11.jpg 18w, https:\/\/stel.asu.cas.cz\/cs\/wp-content\/uploads\/2021\/08\/poems-logo-768x478-1-24x15.jpg 24w, https:\/\/stel.asu.cas.cz\/cs\/wp-content\/uploads\/2021\/08\/poems-logo-768x478-1-36x22.jpg 36w\" sizes=\"auto, (max-width: 768px) 100vw, 768px\" \/><\/figure><\/div>\n\n\n<p>Projekt <strong>POEMS<\/strong> (Physics Of Extreme Massive Stars) je spolufinancov\u00e1n z programu Horizont 2020 Evropsk\u00e9 unie v r\u00e1mci podpory Marie-Curie RISE action. Hlavn\u00ed \u0159e\u0161itelkou projektu je <a href=\"https:\/\/stel.asu.cas.cz\/cs\/fyzika-horkych-hvezd\/lide\/#kraus\">Michaela&nbsp;Kraus<\/a>.<\/p>\n\n\n\n<p><\/p>\n\n\n\n<hr class=\"wp-block-separator has-text-color has-pale-cyan-blue-color has-alpha-channel-opacity has-pale-cyan-blue-background-color has-background is-style-default\"\/>\n\n\n\n<h2 class=\"wp-block-heading\"><a rel=\"noreferrer noopener\" href=\"https:\/\/www.chetec-infra.eu\/\" target=\"_blank\">ChETEC-INFRA<\/a><\/h2>\n\n\n<div class=\"wp-block-image\">\n<figure class=\"alignleft size-large is-resized\"><img loading=\"lazy\" decoding=\"async\" width=\"400\" height=\"275\" src=\"https:\/\/stel.asu.cas.cz\/cs\/wp-content\/uploads\/2021\/11\/Logo_400x275.jpg\" alt=\"\" class=\"wp-image-1634\" style=\"object-fit:cover;width:230px;height:138px\" srcset=\"https:\/\/stel.asu.cas.cz\/cs\/wp-content\/uploads\/2021\/11\/Logo_400x275.jpg 400w, https:\/\/stel.asu.cas.cz\/cs\/wp-content\/uploads\/2021\/11\/Logo_400x275-300x206.jpg 300w, https:\/\/stel.asu.cas.cz\/cs\/wp-content\/uploads\/2021\/11\/Logo_400x275-18x12.jpg 18w, https:\/\/stel.asu.cas.cz\/cs\/wp-content\/uploads\/2021\/11\/Logo_400x275-24x17.jpg 24w, https:\/\/stel.asu.cas.cz\/cs\/wp-content\/uploads\/2021\/11\/Logo_400x275-36x25.jpg 36w\" sizes=\"auto, (max-width: 400px) 100vw, 400px\" \/><\/figure><\/div>\n\n\n<p>Projekt ChETEC-INFRA (Chemical Elements as Tracers of the Evolution of the Cosmos &#8211; Infrastructures for Nuclear Astrophysics) je financov\u00e1n z programu EU Horizot 2020 v r\u00e1mci v\u00fdzvy H2020-INFRAIA-2020-1. Hlavn\u00ed \u0159e\u0161itelkou projektu na ASU je <a href=\"https:\/\/stel.asu.cas.cz\/cs\/fyzika-horkych-hvezd\/lide\/#kubatova\">Brankica Kub\u00e1tov\u00e1<\/a>. ChETEC-INFRA navazuje na \u00fasp\u011bch projektu <a href=\"http:\/\/www.chetec.eu\/\">ChETEC COST Action CA16117<\/a> (Brankica Kub\u00e1tov\u00e1 byla \u010dlenkou \u0159\u00edd\u00edc\u00ed komise).<\/p>\n\n\n\n<div class=\"wp-block-columns is-layout-flex wp-container-core-columns-is-layout-1 wp-block-columns-is-layout-flex\">\n<div class=\"wp-block-column is-vertically-aligned-center is-layout-flow wp-block-column-is-layout-flow\">\n<ul class=\"wp-block-list\">\n<li><a href=\"https:\/\/stel.asu.cas.cz\/en\/hotstars\/physics-of-hot-stars-projects\/chetec-infra-project\/\">podrobn\u011bj\u0161\u00ed informace o projektu<\/a> (v angli\u010dtin\u011b)<\/li>\n<\/ul>\n<\/div>\n<\/div>\n\n\n\n<hr class=\"wp-block-separator has-text-color has-pale-cyan-blue-color has-alpha-channel-opacity has-pale-cyan-blue-background-color has-background\"\/>\n\n\n\n<h2 class=\"wp-block-heading\"><a href=\"https:\/\/stel.asu.cas.cz\/OCEANS\/\" data-type=\"link\" data-id=\"https:\/\/stel.asu.cas.cz\/OCEANS\/\" target=\"_blank\" rel=\"noreferrer noopener\">OCEANS<\/a><\/h2>\n\n\n<div class=\"wp-block-image\">\n<figure class=\"alignleft size-full is-resized\"><img loading=\"lazy\" decoding=\"async\" width=\"230\" height=\"251\" src=\"https:\/\/stel.asu.cas.cz\/cs\/wp-content\/uploads\/2025\/07\/oceans-logo.jpg\" alt=\"\" class=\"wp-image-3435\" style=\"width:230px\" srcset=\"https:\/\/stel.asu.cas.cz\/cs\/wp-content\/uploads\/2025\/07\/oceans-logo.jpg 230w, https:\/\/stel.asu.cas.cz\/cs\/wp-content\/uploads\/2025\/07\/oceans-logo-16x18.jpg 16w, https:\/\/stel.asu.cas.cz\/cs\/wp-content\/uploads\/2025\/07\/oceans-logo-22x24.jpg 22w, https:\/\/stel.asu.cas.cz\/cs\/wp-content\/uploads\/2025\/07\/oceans-logo-33x36.jpg 33w\" sizes=\"auto, (max-width: 230px) 100vw, 230px\" \/><\/figure><\/div>\n\n\n<p>Projekt <strong>OCEANS<\/strong> (Overcoming Challenges in the Evolution And Nature of Massive Stars) zkoum\u00e1 \u0159adu fyzik\u00e1ln\u00edch aspekt\u016f, kter\u00e9 p\u0159isp\u00edvaj\u00ed k pochopen\u00ed \u017eivota a z\u00e1niku hmotn\u00fdch hv\u011bzd, kter\u00e9 se zrodily bu\u010f jako samostatn\u00e9 objekty, nebo s jedn\u00edm \u010di v\u00edce souputn\u00edky. Projekt stav\u00ed na mezioborov\u00e9 kompetenci zapojen\u00fdch odborn\u00edk\u016f z oblasti matematiky, fyziky, astrofyziky, informatiky, dynamiky tekutin a statistiky. Hlavn\u00ed \u0159e\u0161itelkou projektu je <a href=\"https:\/\/stel.asu.cas.cz\/cs\/fyzika-horkych-hvezd\/lide\/#kraus\">Michaela\u00a0Kraus<\/a>.<\/p>\n\n\n\n<p><\/p>\n","protected":false},"excerpt":{"rendered":"<p>POEMS Projekt POEMS (Physics Of Extreme Massive Stars) je spolufinancov\u00e1n z programu Horizont 2020 Evropsk\u00e9 unie v r\u00e1mci podpory Marie-Curie RISE action. Hlavn\u00ed \u0159e\u0161itelkou projektu<\/p>\n","protected":false},"author":1,"featured_media":0,"parent":70,"menu_order":0,"comment_status":"closed","ping_status":"closed","template":"","meta":{"footnotes":""},"class_list":["post-117","page","type-page","status-publish","hentry"],"_links":{"self":[{"href":"https:\/\/stel.asu.cas.cz\/cs\/wp-json\/wp\/v2\/pages\/117","targetHints":{"allow":["GET"]}}],"collection":[{"href":"https:\/\/stel.asu.cas.cz\/cs\/wp-json\/wp\/v2\/pages"}],"about":[{"href":"https:\/\/stel.asu.cas.cz\/cs\/wp-json\/wp\/v2\/types\/page"}],"author":[{"embeddable":true,"href":"https:\/\/stel.asu.cas.cz\/cs\/wp-json\/wp\/v2\/users\/1"}],"replies":[{"embeddable":true,"href":"https:\/\/stel.asu.cas.cz\/cs\/wp-json\/wp\/v2\/comments?post=117"}],"version-history":[{"count":35,"href":"https:\/\/stel.asu.cas.cz\/cs\/wp-json\/wp\/v2\/pages\/117\/revisions"}],"predecessor-version":[{"id":3438,"href":"https:\/\/stel.asu.cas.cz\/cs\/wp-json\/wp\/v2\/pages\/117\/revisions\/3438"}],"up":[{"embeddable":true,"href":"https:\/\/stel.asu.cas.cz\/cs\/wp-json\/wp\/v2\/pages\/70"}],"wp:attachment":[{"href":"https:\/\/stel.asu.cas.cz\/cs\/wp-json\/wp\/v2\/media?parent=117"}],"curies":[{"name":"wp","href":"https:\/\/api.w.org\/{rel}","templated":true}]}}