{"id":142,"date":"2021-06-16T14:56:20","date_gmt":"2021-06-16T12:56:20","guid":{"rendered":"https:\/\/stel.asu.cas.cz\/cs\/?page_id=142"},"modified":"2026-01-30T12:40:42","modified_gmt":"2026-01-30T11:40:42","slug":"lide","status":"publish","type":"page","link":"https:\/\/stel.asu.cas.cz\/cs\/vyzkum-extrasolarnich-planet\/lide\/","title":{"rendered":"Lid\u00e9"},"content":{"rendered":"\n<h2 class=\"wp-block-heading\" id=\"vedci\">V\u011bde\u010dt\u00ed pracovn\u00edci<\/h2>\n\n\n\n<h4 class=\"wp-block-heading\" id=\"kabath\">Petr Kab\u00e1th<\/h4>\n\n\n\n<div class=\"wp-block-columns is-layout-flex wp-container-core-columns-is-layout-1 wp-block-columns-is-layout-flex\">\n<div class=\"wp-block-column is-layout-flow wp-block-column-is-layout-flow\" style=\"flex-basis:20%\">\n<figure class=\"wp-block-image size-large is-resized\"><img loading=\"lazy\" decoding=\"async\" width=\"132\" height=\"176\" src=\"https:\/\/stel.asu.cas.cz\/cs\/wp-content\/uploads\/2021\/07\/kabath.jpg\" alt=\"\" class=\"wp-image-440\" style=\"width:150px;height:undefinedpx\"\/><\/figure>\n<\/div>\n\n\n\n<div class=\"wp-block-column is-layout-flow wp-block-column-is-layout-flow\" style=\"flex-basis:80%\">\n<p>Petr je v\u011bdeck\u00fdm pracovn\u00edkem odd\u011blen\u00ed a <strong>vedouc\u00edm skupiny V\u00fdzkum extrasol\u00e1rn\u00edch planet<\/strong>. Vysoko\u0161kolsk\u00e1 studia na DLR Berlin (N\u011bmecko) dokon\u010dil v roce 2009. \u0160est let pracoval na Observato\u0159i Paranal (ESO) nejprve jako odborn\u00fd asistent po dokon\u010den\u00ed doktorandsk\u00e9ho studia (postdoc fellow) a n\u00e1sledn\u011b jako v\u011bdeck\u00fd pracovn\u00edk. Oblast\u00ed jeho z\u00e1jmu je charakterizace exoplanet\u00e1rn\u00edch atmosf\u00e9r. Pod\u00edlel se na projektu BEST II. V&nbsp;sou\u010dasnosti koordinuje n\u00e1sledn\u00e1 pozorov\u00e1n\u00ed kandid\u00e1t\u016f na exoplanety prost\u0159ednictv\u00edm anal\u00fdzy radi\u00e1ln\u00edch rychlost\u00ed hv\u011bzd pomoc\u00ed Perkova dalekohledu a spektrografu OES v Ond\u0159ejov\u011b.<\/p>\n<\/div>\n<\/div>\n\n\n\n<div class=\"wp-block-columns is-layout-flex wp-container-core-columns-is-layout-2 wp-block-columns-is-layout-flex\">\n<div class=\"wp-block-column is-layout-flow wp-block-column-is-layout-flow\" style=\"flex-basis:20%\">\n<p class=\"has-text-align-right\">Kontakt:<\/p>\n<\/div>\n\n\n\n<div class=\"wp-block-column is-layout-flow wp-block-column-is-layout-flow\" style=\"flex-basis:80%\">\n<ul class=\"wp-block-list\">\n<li>email: petr.kabath&nbsp;@&nbsp;asu.cas.cz<\/li>\n\n\n\n<li>telefon: +420 323 620 143<\/li>\n\n\n\n<li><a rel=\"noreferrer noopener\" href=\"https:\/\/orcid.org\/0000-0002-1623-5352\" target=\"_blank\">orcid<\/a><\/li>\n<\/ul>\n\n\n\n<p><\/p>\n<\/div>\n<\/div>\n\n\n\n<hr class=\"wp-block-separator has-text-color has-pale-cyan-blue-color has-alpha-channel-opacity has-pale-cyan-blue-background-color has-background\"\/>\n\n\n\n<h4 class=\"wp-block-heading\" id=\"skarka\">Marek Skarka<\/h4>\n\n\n\n<div class=\"wp-block-columns is-layout-flex wp-container-core-columns-is-layout-3 wp-block-columns-is-layout-flex\">\n<div class=\"wp-block-column is-layout-flow wp-block-column-is-layout-flow\" style=\"flex-basis:20%\">\n<figure class=\"wp-block-image size-large is-resized\"><img loading=\"lazy\" decoding=\"async\" width=\"159\" height=\"193\" src=\"https:\/\/stel.asu.cas.cz\/cs\/wp-content\/uploads\/2021\/07\/skarka.jpg\" alt=\"\" class=\"wp-image-443\" style=\"width:150px;height:undefinedpx\"\/><\/figure>\n<\/div>\n\n\n\n<div class=\"wp-block-column is-layout-flow wp-block-column-is-layout-flow\" style=\"flex-basis:80%\">\n<p>Marek je v\u011bdeck\u00fdm pracovn\u00edkem odd\u011blen\u00ed. Po z\u00edsk\u00e1n\u00ed titulu PhD na Masarykov\u011b Univerzit\u011b Brno pracoval dva roky na Konkoly Observatory (Hungarian Academy of Sciences, Budape\u0161\u0165, Ma\u010farsko). Zab\u00fdv\u00e1 se hv\u011bzdn\u00fdmi pulzacemi, dvojhv\u011bzdami s&nbsp;pulzuj\u00edc\u00ed slo\u017ekou a anal\u00fdzou \u010dasov\u00fdch s\u00e9ri\u00ed pozorov\u00e1n\u00ed. V&nbsp;sou\u010dasnosti pracuje na n\u00e1sledn\u00fdch spektroskopick\u00fdch pozorov\u00e1n\u00edch exoplanet\u00e1rn\u00edch kandid\u00e1t\u016f.<\/p>\n<\/div>\n<\/div>\n\n\n\n<div class=\"wp-block-columns is-layout-flex wp-container-core-columns-is-layout-4 wp-block-columns-is-layout-flex\">\n<div class=\"wp-block-column is-layout-flow wp-block-column-is-layout-flow\" style=\"flex-basis:20%\">\n<p class=\"has-text-align-right\">Kontakt:<\/p>\n<\/div>\n\n\n\n<div class=\"wp-block-column is-layout-flow wp-block-column-is-layout-flow\" style=\"flex-basis:80%\">\n<ul class=\"wp-block-list\">\n<li>email: marek.skarka&nbsp;@&nbsp;asu.cas.cz<\/li>\n\n\n\n<li>telefon: +420&nbsp;323&nbsp;620&nbsp;127<\/li>\n\n\n\n<li><a rel=\"noreferrer noopener\" href=\"https:\/\/orcid.org\/0000-0002-7602-0046\" target=\"_blank\">orcid<\/a><\/li>\n<\/ul>\n\n\n\n<p><\/p>\n<\/div>\n<\/div>\n\n\n\n<hr class=\"wp-block-separator has-text-color has-pale-cyan-blue-color has-alpha-channel-opacity has-pale-cyan-blue-background-color has-background\"\/>\n\n\n\n<h4 class=\"wp-block-heading\" id=\"karjalainen_m\">Marie Karjalainen<\/h4>\n\n\n\n<div class=\"wp-block-columns is-layout-flex wp-container-core-columns-is-layout-5 wp-block-columns-is-layout-flex\">\n<div class=\"wp-block-column is-layout-flow wp-block-column-is-layout-flow\" style=\"flex-basis:20%\">\n<figure class=\"wp-block-image size-large is-resized\"><img loading=\"lazy\" decoding=\"async\" width=\"500\" height=\"668\" src=\"https:\/\/stel.asu.cas.cz\/cs\/wp-content\/uploads\/2021\/07\/marie.jpg\" alt=\"\" class=\"wp-image-447\" style=\"width:150px;height:undefinedpx\" srcset=\"https:\/\/stel.asu.cas.cz\/cs\/wp-content\/uploads\/2021\/07\/marie.jpg 500w, https:\/\/stel.asu.cas.cz\/cs\/wp-content\/uploads\/2021\/07\/marie-225x300.jpg 225w\" sizes=\"auto, (max-width: 500px) 100vw, 500px\" \/><\/figure>\n<\/div>\n\n\n\n<div class=\"wp-block-column is-layout-flow wp-block-column-is-layout-flow\" style=\"flex-basis:80%\">\n<p>Marie je v\u011bdeck\u00e1 pracovnice odd\u011blen\u00ed. Po dokon\u010den\u00ed doktorsk\u00e9ho studia na Karlov\u011b univerzit\u011b v Praze pracovala na Thueringer Landessternwarte Tautenburg. N\u00e1sledn\u011b str\u00e1vila v\u00edce jak deset let na observato\u0159i La Palma (\u0160pan\u011blsko), pracovala s Isaac Newton Group of Telescopes a Major Atmospheric Gamma Imaging Cherenkov. Ve sv\u00e9m v\u00fdzkumu se v\u011bnuje studiu extrasol\u00e1rn\u00edch planet. Zab\u00fdv\u00e1 se spektroskopi\u00ed s vysok\u00fdm rozli\u0161en\u00edm, p\u0159esn\u00fdm m\u011b\u0159en\u00edm radi\u00e1ln\u00edch rychlost\u00ed, detekc\u00ed a charakterizac\u00ed extrasol\u00e1rn\u00edch planet a hv\u011bzdn\u00fdmi oscilacemi rud\u00fdch obr\u016f.<\/p>\n<\/div>\n<\/div>\n\n\n\n<div class=\"wp-block-columns is-layout-flex wp-container-core-columns-is-layout-6 wp-block-columns-is-layout-flex\">\n<div class=\"wp-block-column is-layout-flow wp-block-column-is-layout-flow\" style=\"flex-basis:20%\">\n<p class=\"has-text-align-right\">Kontakt:<\/p>\n<\/div>\n\n\n\n<div class=\"wp-block-column is-layout-flow wp-block-column-is-layout-flow\" style=\"flex-basis:80%\">\n<ul class=\"wp-block-list\">\n<li>email: marie.karjalainen&nbsp;@&nbsp;asu.cas.cz<\/li>\n\n\n\n<li>telefon: +420&nbsp;323&nbsp;620&nbsp;164<\/li>\n\n\n\n<li><a rel=\"noreferrer noopener\" href=\"https:\/\/orcid.org\/0000-0003-0751-3231\" target=\"_blank\">orcid<\/a><\/li>\n<\/ul>\n<\/div>\n<\/div>\n\n\n\n<hr class=\"wp-block-separator has-text-color has-pale-cyan-blue-color has-alpha-channel-opacity has-pale-cyan-blue-background-color has-background\"\/>\n\n\n\n<h4 class=\"wp-block-heading\" id=\"skoda\">Petr \u0160koda<\/h4>\n\n\n\n<div class=\"wp-block-columns is-layout-flex wp-container-core-columns-is-layout-7 wp-block-columns-is-layout-flex\">\n<div class=\"wp-block-column is-layout-flow wp-block-column-is-layout-flow\" style=\"flex-basis:20%\">\n<figure class=\"wp-block-image size-large is-resized\"><img loading=\"lazy\" decoding=\"async\" width=\"420\" height=\"600\" src=\"https:\/\/stel.asu.cas.cz\/cs\/wp-content\/uploads\/2021\/06\/Skoda.jpg\" alt=\"\" class=\"wp-image-327\" style=\"width:150px;height:undefinedpx\" srcset=\"https:\/\/stel.asu.cas.cz\/cs\/wp-content\/uploads\/2021\/06\/Skoda.jpg 420w, https:\/\/stel.asu.cas.cz\/cs\/wp-content\/uploads\/2021\/06\/Skoda-210x300.jpg 210w\" sizes=\"auto, (max-width: 420px) 100vw, 420px\" \/><\/figure>\n<\/div>\n\n\n\n<div class=\"wp-block-column is-layout-flow wp-block-column-is-layout-flow\" style=\"flex-basis:80%\">\n<p>Petr je v\u011bdeck\u00fdm pracovn\u00edkem odd\u011blen\u00ed, kde pracuje t\u00e9m\u011b\u0159 30 let. V\u011bt\u0161inu sv\u00e9ho profesn\u00edho \u017eivost se zab\u00fdval modern\u00edmi astronomick\u00fdmi p\u0159\u00edstroji, p\u0159edev\u0161\u00edm CCD detektory, syst\u00e9my ovl\u00e1d\u00e1n\u00ed teleskop\u016f a po\u010d\u00edta\u010di. Vedl \u0159adu astro-informatick\u00fdch projekt\u016f na Fakult\u011b informa\u010dn\u00edch technologi\u00ed \u010desk\u00e9ho vysok\u00e9ho u\u010den\u00ed technick\u00e9ho (\u010cVUT) v Praze. Je propag\u00e1torem projektu Virtu\u00e1ln\u00ed observato\u0159e v \u010cesk\u00e9 republice. Jeho hlavn\u00edm z\u00e1jmem je CCD spektroskopie objekt\u016f s emisn\u00edmi \u010darami, strojov\u00e9 u\u010den\u00ed a&nbsp;anal\u00fdza velk\u00fdch astronomick\u00fdch datov\u00fdch archiv\u016f.<\/p>\n<\/div>\n<\/div>\n\n\n\n<div class=\"wp-block-columns is-layout-flex wp-container-core-columns-is-layout-8 wp-block-columns-is-layout-flex\">\n<div class=\"wp-block-column is-layout-flow wp-block-column-is-layout-flow\" style=\"flex-basis:20%\">\n<p class=\"has-text-align-right\">Kontakt:<\/p>\n<\/div>\n\n\n\n<div class=\"wp-block-column is-layout-flow wp-block-column-is-layout-flow\" style=\"flex-basis:80%\">\n<ul class=\"wp-block-list\">\n<li>email: petr.skoda&nbsp;@&nbsp;asu.cas.cz<\/li>\n\n\n\n<li>telefon: +420&nbsp;323&nbsp;620&nbsp;361<\/li>\n\n\n\n<li><a rel=\"noreferrer noopener\" href=\"https:\/\/orcid.org\/0000-0002-7434-9518\" target=\"_blank\">orcid<\/a><\/li>\n<\/ul>\n<\/div>\n<\/div>\n\n\n\n<hr class=\"wp-block-separator has-text-color has-pale-cyan-blue-color has-alpha-channel-opacity has-pale-cyan-blue-background-color has-background is-style-wide\"\/>\n\n\n\n<h2 class=\"wp-block-heading\" id=\"postdoktorandi\">Postdoktorandi<\/h2>\n\n\n\n<h4 class=\"wp-block-heading\" id=\"subjak\">J\u00e1n \u0160ubjak<\/h4>\n\n\n\n<div class=\"wp-block-columns is-layout-flex wp-container-core-columns-is-layout-9 wp-block-columns-is-layout-flex\">\n<div class=\"wp-block-column is-layout-flow wp-block-column-is-layout-flow\" style=\"flex-basis:20%\">\n<figure class=\"wp-block-image size-large is-resized\"><img loading=\"lazy\" decoding=\"async\" width=\"516\" height=\"601\" src=\"https:\/\/stel.asu.cas.cz\/cs\/wp-content\/uploads\/2021\/07\/subjak.jpg\" alt=\"\" class=\"wp-image-454\" style=\"width:150px;height:undefinedpx\" srcset=\"https:\/\/stel.asu.cas.cz\/cs\/wp-content\/uploads\/2021\/07\/subjak.jpg 516w, https:\/\/stel.asu.cas.cz\/cs\/wp-content\/uploads\/2021\/07\/subjak-258x300.jpg 258w\" sizes=\"auto, (max-width: 516px) 100vw, 516px\" \/><\/figure>\n<\/div>\n\n\n\n<div class=\"wp-block-column is-layout-flow wp-block-column-is-layout-flow\" style=\"flex-basis:80%\">\n<p><span class=\"HwtZe\" lang=\"cs\"><span class=\"jCAhz ChMk0b\"><span class=\"ryNqvb\">J\u00e1n je postdoktorand v Centru astrofyziky |<\/span><\/span> <span class=\"jCAhz ChMk0b\"><span class=\"ryNqvb\">Harvard &amp; Smithsonian. Ve sv\u00e9 pr\u00e1ci se zam\u011b\u0159uje na populaci tranzituj\u00edc\u00edch hn\u011bd\u00fdch trpasl\u00edk\u016f a exoplanet, kter\u00e9 zkoum\u00e1 na z\u00e1klad\u011b dat z vesm\u00edrn\u00e9 mise TESS.<\/span><\/span> K jejich rozpozn\u00e1n\u00ed <span class=\"jCAhz ChMk0b\"><span class=\"ryNqvb\">vyu\u017e\u00edv\u00e1 spektroskopick\u00e1 pozorov\u00e1n\u00ed, studuje jejich vnit\u0159n\u00ed strukturu, slapov\u00e9 interakce a<\/span><\/span><\/span>&nbsp;<span class=\"HwtZe\" lang=\"cs\"><span class=\"jCAhz ChMk0b\"><span class=\"ryNqvb\">spin-orbit\u00e1ln\u00ed parametry, p\u0159edev\u0161\u00edm s ohledem na procesy formov\u00e1n\u00ed t\u011bchto objekt\u016f.<\/span><\/span><\/span><\/p>\n<\/div>\n<\/div>\n\n\n\n<div class=\"wp-block-columns is-layout-flex wp-container-core-columns-is-layout-10 wp-block-columns-is-layout-flex\">\n<div class=\"wp-block-column is-layout-flow wp-block-column-is-layout-flow\" style=\"flex-basis:20%\">\n<p class=\"has-text-align-right\">Kontakt:<\/p>\n<\/div>\n\n\n\n<div class=\"wp-block-column is-layout-flow wp-block-column-is-layout-flow\" style=\"flex-basis:80%\">\n<ul class=\"wp-block-list\">\n<li>email: johnysubjak&nbsp;@&nbsp;gmail.com<\/li>\n\n\n\n<li>telefon: <\/li>\n\n\n\n<li>osobn\u00ed str\u00e1nky: <a rel=\"noreferrer noopener\" href=\"http:\/\/www.jansubjak.com\" target=\"_blank\">www.jansubjak.com<\/a><\/li>\n\n\n\n<li><a rel=\"noreferrer noopener\" href=\"https:\/\/orcid.org\/0000-0002-5313-9722\" target=\"_blank\">orcid<\/a><\/li>\n<\/ul>\n<\/div>\n<\/div>\n\n\n\n<hr class=\"wp-block-separator has-text-color has-pale-cyan-blue-color has-alpha-channel-opacity has-pale-cyan-blue-background-color has-background\"\/>\n\n\n\n<h4 class=\"wp-block-heading\" id=\"jirizak\">Ji\u0159\u00ed \u017d\u00e1k<\/h4>\n\n\n\n<div class=\"wp-block-columns is-layout-flex wp-container-core-columns-is-layout-11 wp-block-columns-is-layout-flex\">\n<div class=\"wp-block-column is-layout-flow wp-block-column-is-layout-flow\" style=\"flex-basis:20%\">\n<figure class=\"wp-block-image size-large is-resized\"><img loading=\"lazy\" decoding=\"async\" width=\"768\" height=\"1024\" src=\"https:\/\/stel.asu.cas.cz\/cs\/wp-content\/uploads\/2025\/09\/foto_jiri-768x1024.jpg\" alt=\"\" class=\"wp-image-3460\" style=\"width:150px\" srcset=\"https:\/\/stel.asu.cas.cz\/cs\/wp-content\/uploads\/2025\/09\/foto_jiri-768x1024.jpg 768w, https:\/\/stel.asu.cas.cz\/cs\/wp-content\/uploads\/2025\/09\/foto_jiri-225x300.jpg 225w, https:\/\/stel.asu.cas.cz\/cs\/wp-content\/uploads\/2025\/09\/foto_jiri-1152x1536.jpg 1152w, https:\/\/stel.asu.cas.cz\/cs\/wp-content\/uploads\/2025\/09\/foto_jiri-1536x2048.jpg 1536w, https:\/\/stel.asu.cas.cz\/cs\/wp-content\/uploads\/2025\/09\/foto_jiri-14x18.jpg 14w, https:\/\/stel.asu.cas.cz\/cs\/wp-content\/uploads\/2025\/09\/foto_jiri-18x24.jpg 18w, https:\/\/stel.asu.cas.cz\/cs\/wp-content\/uploads\/2025\/09\/foto_jiri-27x36.jpg 27w, https:\/\/stel.asu.cas.cz\/cs\/wp-content\/uploads\/2025\/09\/foto_jiri-scaled.jpg 1920w\" sizes=\"auto, (max-width: 768px) 100vw, 768px\" \/><\/figure>\n<\/div>\n\n\n\n<div class=\"wp-block-column is-layout-flow wp-block-column-is-layout-flow\" style=\"flex-basis:80%\">\n<p>Ji\u0159\u00ed je postdoktorand specializuj\u00edc\u00ed se na architekturu exoplanet\u00e1rn\u00edch syst\u00e9m\u016f. V roce 2024 dokon\u010dil doktor\u00e1t na Evropsk\u00e9 ji\u017en\u00ed observato\u0159i a Univerzit\u011b v Jen\u011b. Jeho v\u00fdzkum se zam\u011b\u0159uje na migraci plynn\u00fdch planet a charakterizaci rezonan\u010dn\u00edch \u0159et\u011bzov\u00fdch syst\u00e9m\u016f. Zejm\u00e9na se zaj\u00edm\u00e1 o propojen\u00ed planet\u00e1rn\u00ed dynamiky s atmosf\u00e9rick\u00fdm slo\u017een\u00edm, aby l\u00e9pe porozum\u011bl tomu, jak planety vznikaj\u00ed a vyv\u00edjej\u00ed se. Ji\u0159\u00ed se aktivn\u011b pod\u00edl\u00ed na mis\u00edch PLATO a Ariel, kde p\u0159edsed\u00e1 pracovn\u00ed skupin\u011b Stellar Obliquity WG. Krom\u011b v\u00fdzkumu r\u00e1d hraje diskgolf a pije mate.<\/p>\n<\/div>\n<\/div>\n\n\n\n<div class=\"wp-block-columns is-layout-flex wp-container-core-columns-is-layout-12 wp-block-columns-is-layout-flex\">\n<div class=\"wp-block-column is-layout-flow wp-block-column-is-layout-flow\" style=\"flex-basis:20%\">\n<p class=\"has-text-align-right\">Kontakt:<\/p>\n<\/div>\n\n\n\n<div class=\"wp-block-column is-layout-flow wp-block-column-is-layout-flow\" style=\"flex-basis:80%\">\n<ul class=\"wp-block-list\">\n<li>email: jiri.zak @ asu.cas.cz<\/li>\n<\/ul>\n<\/div>\n<\/div>\n\n\n\n<hr class=\"wp-block-separator has-text-color has-pale-cyan-blue-color has-alpha-channel-opacity has-pale-cyan-blue-background-color has-background is-style-wide\"\/>\n\n\n\n<h2 class=\"wp-block-heading\" id=\"doktorandi\">Doktorandi<\/h2>\n\n\n\n<h4 class=\"wp-block-heading\" id=\"vitkova\">Michaela V\u00edtkov\u00e1<\/h4>\n\n\n<div class=\"wp-block-image\">\n<figure class=\"alignleft size-full is-resized\"><img loading=\"lazy\" decoding=\"async\" width=\"986\" height=\"981\" src=\"https:\/\/stel.asu.cas.cz\/cs\/wp-content\/uploads\/2023\/01\/vitkova.jpg\" alt=\"\" class=\"wp-image-2536\" style=\"width:150px;height:149px\" srcset=\"https:\/\/stel.asu.cas.cz\/cs\/wp-content\/uploads\/2023\/01\/vitkova.jpg 986w, https:\/\/stel.asu.cas.cz\/cs\/wp-content\/uploads\/2023\/01\/vitkova-300x298.jpg 300w, https:\/\/stel.asu.cas.cz\/cs\/wp-content\/uploads\/2023\/01\/vitkova-150x150.jpg 150w, https:\/\/stel.asu.cas.cz\/cs\/wp-content\/uploads\/2023\/01\/vitkova-768x764.jpg 768w, https:\/\/stel.asu.cas.cz\/cs\/wp-content\/uploads\/2023\/01\/vitkova-18x18.jpg 18w, https:\/\/stel.asu.cas.cz\/cs\/wp-content\/uploads\/2023\/01\/vitkova-24x24.jpg 24w, https:\/\/stel.asu.cas.cz\/cs\/wp-content\/uploads\/2023\/01\/vitkova-36x36.jpg 36w\" sizes=\"auto, (max-width: 986px) 100vw, 986px\" \/><\/figure><\/div>\n\n\n<p>Michaela je PhD studentkou na Masarykov\u011b univerzit\u011b v Brn\u011b. Ve sv\u00e9 diplomov\u00e9 pr\u00e1ci se zab\u00fdvala detekc\u00ed exoplanet metodou radi\u00e1ln\u00edch rychlost\u00ed s vyu\u017eit\u00edm j\u00f3dov\u00e9 cely a pou\u017eit\u00edm programu Viper pro spektra z\u00edsk\u00e1na Perkov\u00fdm dalekohledem. Nyn\u00ed se zam\u011b\u0159\u00ed na studium Hork\u00fdch Jupiter\u016f a jejich role v multiplanet\u00e1rn\u00edch syst\u00e9mech.<\/p>\n\n\n\n<p>Kontakt:<\/p>\n\n\n\n<ul class=\"wp-block-list\">\n<li>email: michaela.vitkova @ asu.cas.cz<\/li>\n\n\n\n<li>telefon: <\/li>\n\n\n\n<li>osobn\u00ed str\u00e1nky:<\/li>\n<\/ul>\n\n\n\n<hr class=\"wp-block-separator has-text-color has-vivid-cyan-blue-color has-css-opacity has-vivid-cyan-blue-background-color has-background\"\/>\n\n\n\n<h4 class=\"wp-block-heading\" id=\"balkoova\">Zuzana Balk\u00f3ov\u00e1<\/h4>\n\n\n<div class=\"wp-block-image\">\n<figure class=\"alignleft size-full is-resized\"><img loading=\"lazy\" decoding=\"async\" width=\"520\" height=\"645\" src=\"https:\/\/stel.asu.cas.cz\/cs\/wp-content\/uploads\/2023\/01\/zbalkoova.jpg\" alt=\"\" class=\"wp-image-2535\" style=\"width:150px;height:186px\" srcset=\"https:\/\/stel.asu.cas.cz\/cs\/wp-content\/uploads\/2023\/01\/zbalkoova.jpg 520w, https:\/\/stel.asu.cas.cz\/cs\/wp-content\/uploads\/2023\/01\/zbalkoova-242x300.jpg 242w, https:\/\/stel.asu.cas.cz\/cs\/wp-content\/uploads\/2023\/01\/zbalkoova-15x18.jpg 15w, https:\/\/stel.asu.cas.cz\/cs\/wp-content\/uploads\/2023\/01\/zbalkoova-19x24.jpg 19w, https:\/\/stel.asu.cas.cz\/cs\/wp-content\/uploads\/2023\/01\/zbalkoova-29x36.jpg 29w\" sizes=\"auto, (max-width: 520px) 100vw, 520px\" \/><\/figure><\/div>\n\n\n<p>Zuzana z\u00edskala magistersk\u00fd titul v oboru astrofyzika na Univerzit\u011b Komensk\u00e9ho v Bratislav\u011b, kde se poprv\u00e9 za\u010dala zaj\u00edmat o&nbsp;exoplanet\u00e1rn\u00ed v\u011bdu. Nyn\u00ed pokra\u010duje ve sv\u00e9m v\u00fdzkumu na Univerzit\u011b Karlov\u011b v Praze se zam\u011b\u0159en\u00edm p\u0159edev\u0161\u00edm na vlastnosti a&nbsp;atmosf\u00e9ry ob\u0159\u00edch hork\u00fdch planet ur\u010den\u00fdch jak fotometrick\u00fdmi, tak spektroskopick\u00fdmi pozorov\u00e1n\u00edmi.<\/p>\n\n\n\n<p>Kontakt:<\/p>\n\n\n\n<ul class=\"wp-block-list\">\n<li>email: zuzana.balkoova @ asu.cas.cz<\/li>\n\n\n\n<li>telefon: <\/li>\n\n\n\n<li>osobn\u00ed str\u00e1nky:<\/li>\n<\/ul>\n\n\n\n<hr class=\"wp-block-separator has-text-color has-vivid-cyan-blue-color has-css-opacity has-vivid-cyan-blue-background-color has-background\"\/>\n\n\n\n<h4 class=\"wp-block-heading\" id=\"liptak\">Jozef Lipt\u00e1k<\/h4>\n\n\n\n<p>&#8230;<\/p>\n\n\n\n<p>Kontakt:<\/p>\n\n\n\n<ul class=\"wp-block-list\">\n<li>email: <\/li>\n\n\n\n<li>telefon: <\/li>\n\n\n\n<li>osobn\u00ed str\u00e1nky:<\/li>\n<\/ul>\n\n\n\n<hr class=\"wp-block-separator has-text-color has-pale-cyan-blue-color has-alpha-channel-opacity has-pale-cyan-blue-background-color has-background\"\/>\n\n\n\n<h4 class=\"wp-block-heading\" id=\"ludwig\">Mathis Ludwig<\/h4>\n\n\n<div class=\"wp-block-image\">\n<figure class=\"alignleft size-large is-resized\"><img loading=\"lazy\" decoding=\"async\" width=\"813\" height=\"1024\" src=\"https:\/\/stel.asu.cas.cz\/cs\/wp-content\/uploads\/2026\/01\/mathis_foto-813x1024.jpeg\" alt=\"\" class=\"wp-image-3700\" style=\"width:150px\" srcset=\"https:\/\/stel.asu.cas.cz\/cs\/wp-content\/uploads\/2026\/01\/mathis_foto-813x1024.jpeg 813w, https:\/\/stel.asu.cas.cz\/cs\/wp-content\/uploads\/2026\/01\/mathis_foto-238x300.jpeg 238w, https:\/\/stel.asu.cas.cz\/cs\/wp-content\/uploads\/2026\/01\/mathis_foto-768x967.jpeg 768w, https:\/\/stel.asu.cas.cz\/cs\/wp-content\/uploads\/2026\/01\/mathis_foto-14x18.jpeg 14w, https:\/\/stel.asu.cas.cz\/cs\/wp-content\/uploads\/2026\/01\/mathis_foto-19x24.jpeg 19w, https:\/\/stel.asu.cas.cz\/cs\/wp-content\/uploads\/2026\/01\/mathis_foto-29x36.jpeg 29w, https:\/\/stel.asu.cas.cz\/cs\/wp-content\/uploads\/2026\/01\/mathis_foto.jpeg 1019w\" sizes=\"auto, (max-width: 813px) 100vw, 813px\" \/><\/figure><\/div>\n\n\n<p>Mathis je doktorandem na Karlov\u011b univerzit\u011b v Praze. Magistersk\u00fd titul z\u00edskal na univerzit\u011b v G\u00f6ttingenu v N\u011bmecku, kde analyzoval data tranzit\u016f a radi\u00e1ln\u00edch rychlost\u00ed z v syst\u00e9mu s v\u00edce planetami v rezonanci. Zab\u00fdval se tak\u00e9 za\u010dlen\u011bn\u00edm dlouhodob\u00e9 orbit\u00e1ln\u00ed stability do omezen\u00ed planet\u00e1rn\u00edch parametr\u016f a radiometrick\u00fdm datov\u00e1n\u00edm vzork\u016f meteorit\u016f. Ve sv\u00e9m doktorsk\u00e9m studiu se zam\u011b\u0159uje na zlep\u0161en\u00ed na\u0161eho porozum\u011bn\u00ed architektu\u0159e exoplanet\u00e1rn\u00edch syst\u00e9m\u016f, zejm\u00e9na s ohledem na planety s dlouhou ob\u011b\u017enou dobou a spektroskopick\u00e1 pozorov\u00e1n\u00ed.<\/p>\n\n\n\n<p>Kontakt:<\/p>\n\n\n\n<ul class=\"wp-block-list\">\n<li>email: <a href=\"mailto:ludwig@mail.asu.cas.cz\">ludwig@mail.asu.cas.cz<\/a><\/li>\n\n\n\n<li><a href=\"https:\/\/orcid.org\/0000-0002-8382-0236\" target=\"_blank\" rel=\"noreferrer noopener\">ORCID<\/a><\/li>\n<\/ul>\n\n\n\n<hr class=\"wp-block-separator has-text-color has-vivid-cyan-blue-color has-css-opacity has-vivid-cyan-blue-background-color has-background is-style-wide\"\/>\n\n\n\n<h3 class=\"wp-block-heading\">B\u00fdval\u00ed \u010dlenov\u00e9<\/h3>\n\n\n\n<ul class=\"wp-block-list\">\n<li>Raine Karjalainen (<a href=\"https:\/\/orcid.org\/0000-0002-2656-909X\" target=\"_blank\" rel=\"noreferrer noopener\">ORCID<\/a>)<\/li>\n\n\n\n<li>Pavol Gajdo\u0161 (<a href=\"https:\/\/orcid.org\/0000-0003-1478-3256\" target=\"_blank\" rel=\"noreferrer noopener\">ORCID<\/a>) <\/li>\n\n\n\n<li>Martin Bla\u017eek&nbsp;(<a href=\"https:\/\/orcid.org\/0000-0002-6586-1907\" target=\"_blank\" rel=\"noreferrer noopener\">ORCID<\/a>)<\/li>\n\n\n\n<li>Magdalena \u0160pokov\u00e1<\/li>\n<\/ul>\n\n\n\n<p><\/p>\n","protected":false},"excerpt":{"rendered":"<p>V\u011bde\u010dt\u00ed pracovn\u00edci Petr Kab\u00e1th Petr je v\u011bdeck\u00fdm pracovn\u00edkem odd\u011blen\u00ed a vedouc\u00edm skupiny V\u00fdzkum extrasol\u00e1rn\u00edch planet. Vysoko\u0161kolsk\u00e1 studia na DLR Berlin (N\u011bmecko) dokon\u010dil v roce 2009.<\/p>\n","protected":false},"author":1,"featured_media":0,"parent":105,"menu_order":0,"comment_status":"closed","ping_status":"closed","template":"","meta":{"footnotes":""},"class_list":["post-142","page","type-page","status-publish","hentry"],"_links":{"self":[{"href":"https:\/\/stel.asu.cas.cz\/cs\/wp-json\/wp\/v2\/pages\/142","targetHints":{"allow":["GET"]}}],"collection":[{"href":"https:\/\/stel.asu.cas.cz\/cs\/wp-json\/wp\/v2\/pages"}],"about":[{"href":"https:\/\/stel.asu.cas.cz\/cs\/wp-json\/wp\/v2\/types\/page"}],"author":[{"embeddable":true,"href":"https:\/\/stel.asu.cas.cz\/cs\/wp-json\/wp\/v2\/users\/1"}],"replies":[{"embeddable":true,"href":"https:\/\/stel.asu.cas.cz\/cs\/wp-json\/wp\/v2\/comments?post=142"}],"version-history":[{"count":83,"href":"https:\/\/stel.asu.cas.cz\/cs\/wp-json\/wp\/v2\/pages\/142\/revisions"}],"predecessor-version":[{"id":3701,"href":"https:\/\/stel.asu.cas.cz\/cs\/wp-json\/wp\/v2\/pages\/142\/revisions\/3701"}],"up":[{"embeddable":true,"href":"https:\/\/stel.asu.cas.cz\/cs\/wp-json\/wp\/v2\/pages\/105"}],"wp:attachment":[{"href":"https:\/\/stel.asu.cas.cz\/cs\/wp-json\/wp\/v2\/media?parent=142"}],"curies":[{"name":"wp","href":"https:\/\/api.w.org\/{rel}","templated":true}]}}