{"id":144,"date":"2021-06-16T14:58:01","date_gmt":"2021-06-16T12:58:01","guid":{"rendered":"https:\/\/stel.asu.cas.cz\/cs\/?page_id=144"},"modified":"2021-08-23T08:54:41","modified_gmt":"2021-08-23T06:54:41","slug":"extrasolar-projects","status":"publish","type":"page","link":"https:\/\/stel.asu.cas.cz\/cs\/vyzkum-extrasolarnich-planet\/extrasolar-projects\/","title":{"rendered":"Projekty"},"content":{"rendered":"\n<div class=\"wp-block-columns is-layout-flex wp-container-core-columns-is-layout-1 wp-block-columns-is-layout-flex\">\n<div class=\"wp-block-column is-vertically-aligned-center is-layout-flow wp-block-column-is-layout-flow\">\n<div class=\"wp-block-image\"><figure class=\"alignleft size-large is-resized\"><a href=\"https:\/\/stel.asu.cas.cz\/plato\"><img loading=\"lazy\" decoding=\"async\" src=\"https:\/\/stel.asu.cas.cz\/cs\/wp-content\/uploads\/2021\/07\/platospec-1024x281.png\" alt=\"\" class=\"wp-image-461\" width=\"300\" height=\"82\" srcset=\"https:\/\/stel.asu.cas.cz\/cs\/wp-content\/uploads\/2021\/07\/platospec-1024x281.png 1024w, https:\/\/stel.asu.cas.cz\/cs\/wp-content\/uploads\/2021\/07\/platospec-300x82.png 300w, https:\/\/stel.asu.cas.cz\/cs\/wp-content\/uploads\/2021\/07\/platospec-768x210.png 768w, https:\/\/stel.asu.cas.cz\/cs\/wp-content\/uploads\/2021\/07\/platospec.png 1496w\" sizes=\"auto, (max-width: 300px) 100vw, 300px\" \/><\/a><\/figure><\/div>\n<\/div>\n\n\n\n<div class=\"wp-block-column is-layout-flow wp-block-column-is-layout-flow\">\n<p><a href=\"https:\/\/stel.asu.cas.cz\/plato\/index.html\">PLATO Spec<\/a><\/p>\n\n\n\n<p>Projekt je podpo\u0159en v r\u00e1mci program\u016f Akademie v\u011bd \u010cR a Ministerstva \u0161kolstv\u00ed, ml\u00e1de\u017ee a t\u011blov\u00fdchovy \u010cR. Hlavn\u00edm \u0159e\u0161itelem projektu za ASU je <a href=\"https:\/\/stel.asu.cas.cz\/cs\/vyzkum-extrasolarnich-planet\/lide\/#kabath\">Petr\u00a0Kab\u00e1th.<\/a><\/p>\n<\/div>\n<\/div>\n\n\n\n<hr class=\"wp-block-separator\"\/>\n\n\n\n<div class=\"wp-block-columns is-layout-flex wp-container-core-columns-is-layout-2 wp-block-columns-is-layout-flex\">\n<div class=\"wp-block-column is-vertically-aligned-center is-layout-flow wp-block-column-is-layout-flow\">\n<div class=\"wp-block-image\"><figure class=\"alignleft size-large is-resized\"><a href=\"http:\/\/erasmus.asu.cas.cz\"><img decoding=\"async\" src=\"https:\/\/stel.asu.cas.cz\/cs\/wp-content\/uploads\/2021\/07\/erasmusasu.jpg\" alt=\"\" class=\"wp-image-463\" width=\"300\" srcset=\"https:\/\/stel.asu.cas.cz\/cs\/wp-content\/uploads\/2021\/07\/erasmusasu.jpg 447w, https:\/\/stel.asu.cas.cz\/cs\/wp-content\/uploads\/2021\/07\/erasmusasu-300x81.jpg 300w\" sizes=\"(max-width: 447px) 100vw, 447px\" \/><\/a><\/figure><\/div>\n<\/div>\n\n\n\n<div class=\"wp-block-column is-layout-flow wp-block-column-is-layout-flow\">\n<p><a href=\"http:\/\/erasmus.asu.cas.cz\/index.html\">ERASMUS+<\/a><\/p>\n\n\n\n<p>ERASMUS+ je mezin\u00e1rodn\u00ed projekt spolupr\u00e1ce \u010cesk\u00e9 republiky, Slovensk\u00e9 republiky a \u0160pan\u011blska podpo\u0159en\u00fd Evropskou uni\u00ed. Hlavn\u00edm \u0159e\u0161itelem projektu za ASU je <a href=\"https:\/\/stel.asu.cas.cz\/cs\/vyzkum-extrasolarnich-planet\/lide\/#kabath\">Petr\u00a0Kab\u00e1th.<\/a><\/p>\n<\/div>\n<\/div>\n","protected":false},"excerpt":{"rendered":"<p>PLATO Spec Projekt je podpo\u0159en v r\u00e1mci program\u016f Akademie v\u011bd \u010cR a Ministerstva \u0161kolstv\u00ed, ml\u00e1de\u017ee a t\u011blov\u00fdchovy \u010cR. Hlavn\u00edm \u0159e\u0161itelem projektu za ASU je Petr\u00a0Kab\u00e1th.<\/p>\n","protected":false},"author":1,"featured_media":0,"parent":105,"menu_order":0,"comment_status":"closed","ping_status":"closed","template":"","meta":{"footnotes":""},"class_list":["post-144","page","type-page","status-publish","hentry"],"_links":{"self":[{"href":"https:\/\/stel.asu.cas.cz\/cs\/wp-json\/wp\/v2\/pages\/144","targetHints":{"allow":["GET"]}}],"collection":[{"href":"https:\/\/stel.asu.cas.cz\/cs\/wp-json\/wp\/v2\/pages"}],"about":[{"href":"https:\/\/stel.asu.cas.cz\/cs\/wp-json\/wp\/v2\/types\/page"}],"author":[{"embeddable":true,"href":"https:\/\/stel.asu.cas.cz\/cs\/wp-json\/wp\/v2\/users\/1"}],"replies":[{"embeddable":true,"href":"https:\/\/stel.asu.cas.cz\/cs\/wp-json\/wp\/v2\/comments?post=144"}],"version-history":[{"count":16,"href":"https:\/\/stel.asu.cas.cz\/cs\/wp-json\/wp\/v2\/pages\/144\/revisions"}],"predecessor-version":[{"id":1340,"href":"https:\/\/stel.asu.cas.cz\/cs\/wp-json\/wp\/v2\/pages\/144\/revisions\/1340"}],"up":[{"embeddable":true,"href":"https:\/\/stel.asu.cas.cz\/cs\/wp-json\/wp\/v2\/pages\/105"}],"wp:attachment":[{"href":"https:\/\/stel.asu.cas.cz\/cs\/wp-json\/wp\/v2\/media?parent=144"}],"curies":[{"name":"wp","href":"https:\/\/api.w.org\/{rel}","templated":true}]}}