{"id":1661,"date":"2021-12-10T11:01:30","date_gmt":"2021-12-10T10:01:30","guid":{"rendered":"https:\/\/stel.asu.cas.cz\/cs\/?page_id=1661"},"modified":"2024-07-15T07:33:01","modified_gmt":"2024-07-15T05:33:01","slug":"zadosti-o-pozorovaci-cas","status":"publish","type":"page","link":"https:\/\/stel.asu.cas.cz\/cs\/perkuv-dalekohled\/pozorovani\/zadosti-o-pozorovaci-cas\/","title":{"rendered":"Po\u017e\u00e1dat o pozorovac\u00ed \u010das"},"content":{"rendered":"\n<p>N\u00e1vrhy na pozorov\u00e1n\u00ed prost\u0159ednictv\u00edm Perkova dalekohledu m\u016f\u017eete pod\u00e1vat bu\u010f standardn\u00ed \u017e\u00e1dost\u00ed o p\u0159id\u011blen\u00ed pozorovac\u00edho \u010dasu a nebo prost\u0159ednictv\u00edm projektu ChETEC-INFRA Trans-National Access Programme.<\/p>\n\n\n\n<h3 class=\"wp-block-heading has-vivid-cyan-blue-color has-text-color\">Standardn\u00ed n\u00e1vrhy na pozorov\u00e1n\u00ed<\/h3>\n\n\n\n<p>Astronomick\u00fd \u00fastav p\u0159ij\u00edm\u00e1 n\u00e1vrhy na pozorov\u00e1n\u00ed od v\u0161ech z\u00e1jemc\u016f bez ohledu na n\u00e1rodnost, p\u0159\u00edslu\u0161nost k instituci \u010di akademickou pozici. N\u011bkolik pozorovac\u00edch noc\u00ed v ka\u017ed\u00e9m kalend\u00e1\u0159n\u00edm m\u011bs\u00edci je ur\u010deno pro v\u011bdeck\u00e9 projekty extern\u00edch u\u017eivatel\u016f s c\u00edlem podpo\u0159it nov\u00e9 my\u0161lenky a v\u011bdeck\u00fd rozvoj oboru.<\/p>\n\n\n\n<h4 class=\"wp-block-heading\">Jak po\u017e\u00e1dat o pozorovac\u00ed \u010das?<\/h4>\n\n\n\n<p>\u017d\u00e1dosti o p\u0159id\u011blen\u00ed pozorovac\u00edho \u010dasu mus\u00ed b\u00fdt pod\u00e1ny elektronicky ve voln\u011b \u010diteln\u00e9m form\u00e1tu, m\u011bly by<span dir=\"ltr\" role=\"presentation\"> obsahovat doporu\u010den\u00e9 body popsan\u00e9 <\/span><a href=\"https:\/\/stel.asu.cas.cz\/cs\/wp-content\/uploads\/2021\/12\/Observing_Proposal_Guidelines_CZ-1.pdf\" target=\"_blank\" rel=\"noopener\"><strong>zde<\/strong><\/a> a b\u00fdt odesl\u00e1ny e-mailem jako &#8218;pdf&#8216; dokument na adresu <a href=\"mailto:proposal@asu.cas.cz\"><strong>proposal@asu.cas.cz<\/strong><\/a>.<\/p>\n\n\n\n<p>Popis pravidel a postupu p\u0159i p\u0159id\u011blovan\u00ed pozorovac\u00edho \u010dasu na Perkov\u011b dalekohledu najdete <a href=\"https:\/\/stel.asu.cas.cz\/cs\/wp-content\/uploads\/2021\/12\/Time_Allocation_rules_externals_CZ-15xii21-sig.pdf\" target=\"_blank\" rel=\"noreferrer noopener\"><strong>zde<\/strong><\/a>.<\/p>\n\n\n\n<p>Tabulky s typick\u00fdmi \u010dasy pro r\u016fzn\u00e9 operace p\u0159i pozorov\u00e1n\u00ed Perkov\u00fdm dalekohledem a prodlevy pozorovac\u00edho \u010dasu (eng. &#8222;observing overheads&#8220;) jsou k dispozici <strong><a href=\"https:\/\/stel.asu.cas.cz\/cs\/perkuv-dalekohled\/pozorovani\/observing-overheads\/\" target=\"_blank\" rel=\"noopener\">zde<\/a><\/strong>.<\/p>\n\n\n\n<h4 class=\"wp-block-heading\"><span class=\"HwtZe\" lang=\"cs\"><span class=\"jCAhz ChMk0b\"><span class=\"ryNqvb\">Cena \u010dasu dalekohledu<\/span><\/span><\/span><\/h4>\n\n\n\n<p><span class=\"HwtZe\" lang=\"cs\"> <span class=\"jCAhz ChMk0b\"><span class=\"ryNqvb\">Cena pozorov\u00e1n\u00ed je stanovena na z\u00e1klad\u011b provozn\u00edch n\u00e1klad\u016f dalekohledu v\u010detn\u011b plat\u016f technik\u016f a no\u010dn\u00edch asistent\u016f.<\/span><\/span> <span class=\"jCAhz ChMk0b\"><span class=\"ryNqvb\">Tato cena je upravena a jednostrann\u011b stanovena As\u00da Ond\u0159ejov v\u017edy po\u010d\u00e1tkem roku s p\u0159ihl\u00e9dnut\u00edm ke zm\u011bn\u00e1m a o\u010dek\u00e1van\u00e9 v\u00fd\u0161i n\u00e1klad\u016f.<\/span><\/span> <span class=\"jCAhz ChMk0b\"><span class=\"ryNqvb\">V cen\u011b je zahrnuta da\u0148 z p\u0159idan\u00e9 hodnoty.<\/span><\/span> <span class=\"jCAhz ChMk0b\"><span class=\"ryNqvb\">Aktu\u00e1ln\u00ed verze cen\u00edku je na vy\u017e\u00e1d\u00e1n\u00ed k dispozici u vedouc\u00ed hv\u011bzdn\u00e9ho odd\u011blen\u00ed ASU Ond\u0159ejov (<a href=\"https:\/\/stel.asu.cas.cz\/cs\/fyzika-horkych-hvezd\/lide\/#kubatova\">Brankica Kub\u00e1tov\u00e1<\/a>).<\/span><\/span><\/span><\/p>\n\n\n\n<h4 class=\"wp-block-heading\">Term\u00edny<\/h4>\n\n\n\n<p>Pozorovac\u00ed \u010das na Perkov\u011b dalekohledu v Ond\u0159ejov\u011b je p\u0159id\u011blov\u00e1n 4kr\u00e1t do roka. P\u0159ijat\u00e9 n\u00e1vrhy jsou platn\u00e9 po dobu 6 m\u011bs\u00edc\u016f.<\/p>\n\n\n\n<figure class=\"wp-block-table aligncenter is-style-regular\"><table><thead><tr><th class=\"has-text-align-left\" data-align=\"left\"><span class=\"has-inline-color has-vivid-cyan-blue-color\">Term\u00edn odesl\u00e1n\u00ed<\/span><\/th><th class=\"has-text-align-left\" data-align=\"left\"><strong><span class=\"has-inline-color has-vivid-cyan-blue-color\">Zah\u00e1jen\u00ed pozorov\u00e1n\u00ed (nejd\u0159\u00edve)<\/span><\/strong><\/th><\/tr><\/thead><tbody><tr><td class=\"has-text-align-left\" data-align=\"left\">1. z\u00e1\u0159\u00ed, do 23:59 SE\u010c*<\/td><td class=\"has-text-align-left\" data-align=\"left\"><strong>1. prosince<\/strong><\/td><\/tr><tr><td class=\"has-text-align-left\" data-align=\"left\"><strong>1. prosince, do 23:59 SE\u010c<\/strong><\/td><td class=\"has-text-align-left\" data-align=\"left\"><strong>1. b\u0159ezna<\/strong><\/td><\/tr><tr><td class=\"has-text-align-left\" data-align=\"left\"><strong>1. b\u0159ezna, do 23:59 SE\u010c<\/strong><\/td><td class=\"has-text-align-left\" data-align=\"left\"><strong>1. \u010dervna<\/strong><\/td><\/tr><tr><td class=\"has-text-align-left\" data-align=\"left\"><strong>1. \u010dervna, do 23:59 SE\u010c<\/strong><\/td><td class=\"has-text-align-left\" data-align=\"left\"><strong>1. z\u00e1\u0159\u00ed<\/strong><\/td><\/tr><\/tbody><\/table><figcaption class=\"wp-element-caption\">*<em> SE\u010c &#8211; St\u0159edoevropsk\u00fd \u010das<\/em><\/figcaption><\/figure>\n\n\n\n<p><\/p>\n\n\n\n<h3 class=\"wp-block-heading has-vivid-cyan-blue-color has-text-color\"><strong>The ChETEC-INFRA Trans-National Access Programme<\/strong><\/h3>\n\n\n\n<p>Projekt <a href=\"https:\/\/www.chetec-infra.eu\/\"><strong>ChETEC-INFRA<\/strong><\/a> (Chemical Elements as Tracers of the Evolution of the Cosmos \u2013 Infrastructures for Nuclear Astrophysics) je realizov\u00e1n v r\u00e1mci programu TNA (Trans-National Access Programme) a umo\u017e\u0148uje p\u0159\u00edstup k dalekohled\u016fm a astronomick\u00fdm observato\u0159\u00edm, za\u0159\u00edzen\u00edm \u010d\u00e1stickov\u00e9ho v\u00fdzkumu a superpo\u010d\u00edta\u010d\u016fm s c\u00edlem modelovat slo\u017eit\u00e9 modely hv\u011bzd a jejich atmosf\u00e9r zam\u011b\u0159en\u00e9 na z\u00e1kladn\u00ed v\u00fdzkum v jadern\u00e9 astrofyzice.<\/p>\n\n\n\n<p><span class=\"VIiyi\" lang=\"cs\"><span class=\"JLqJ4b ChMk0b\" data-language-for-alternatives=\"cs\" data-language-to-translate-into=\"en\" data-phrase-index=\"0\" data-number-of-phrases=\"1\">V\u00edce podrobnost\u00ed o tom, kdo m\u016f\u017ee po\u017e\u00e1dat a jak po\u017e\u00e1dat o pozorovac\u00ed \u010das prost\u0159ednictv\u00edm TNA ChETEC-INFRA programu naleznete<\/span><\/span> na anglick\u00e9 str\u00e1nce projektu&nbsp; <a href=\"https:\/\/stel.asu.cas.cz\/en\/hotstars\/physics-of-hot-stars-projects\/chetec-infra-project\/\"><strong>zde<\/strong><\/a>.<\/p>\n\n\n\n<p><\/p>\n","protected":false},"excerpt":{"rendered":"<p>N\u00e1vrhy na pozorov\u00e1n\u00ed prost\u0159ednictv\u00edm Perkova dalekohledu m\u016f\u017eete pod\u00e1vat bu\u010f standardn\u00ed \u017e\u00e1dost\u00ed o p\u0159id\u011blen\u00ed pozorovac\u00edho \u010dasu a nebo prost\u0159ednictv\u00edm projektu ChETEC-INFRA Trans-National Access Programme. Standardn\u00ed n\u00e1vrhy<\/p>\n","protected":false},"author":4,"featured_media":0,"parent":517,"menu_order":0,"comment_status":"closed","ping_status":"closed","template":"","meta":{"footnotes":""},"class_list":["post-1661","page","type-page","status-publish","hentry"],"_links":{"self":[{"href":"https:\/\/stel.asu.cas.cz\/cs\/wp-json\/wp\/v2\/pages\/1661","targetHints":{"allow":["GET"]}}],"collection":[{"href":"https:\/\/stel.asu.cas.cz\/cs\/wp-json\/wp\/v2\/pages"}],"about":[{"href":"https:\/\/stel.asu.cas.cz\/cs\/wp-json\/wp\/v2\/types\/page"}],"author":[{"embeddable":true,"href":"https:\/\/stel.asu.cas.cz\/cs\/wp-json\/wp\/v2\/users\/4"}],"replies":[{"embeddable":true,"href":"https:\/\/stel.asu.cas.cz\/cs\/wp-json\/wp\/v2\/comments?post=1661"}],"version-history":[{"count":40,"href":"https:\/\/stel.asu.cas.cz\/cs\/wp-json\/wp\/v2\/pages\/1661\/revisions"}],"predecessor-version":[{"id":3147,"href":"https:\/\/stel.asu.cas.cz\/cs\/wp-json\/wp\/v2\/pages\/1661\/revisions\/3147"}],"up":[{"embeddable":true,"href":"https:\/\/stel.asu.cas.cz\/cs\/wp-json\/wp\/v2\/pages\/517"}],"wp:attachment":[{"href":"https:\/\/stel.asu.cas.cz\/cs\/wp-json\/wp\/v2\/media?parent=1661"}],"curies":[{"name":"wp","href":"https:\/\/api.w.org\/{rel}","templated":true}]}}