{"id":1674,"date":"2021-12-16T16:15:58","date_gmt":"2021-12-16T15:15:58","guid":{"rendered":"https:\/\/stel.asu.cas.cz\/cs\/?page_id=1674"},"modified":"2024-02-12T12:13:42","modified_gmt":"2024-02-12T11:13:42","slug":"chetec-infra","status":"publish","type":"page","link":"https:\/\/stel.asu.cas.cz\/cs\/fyzika-horkych-hvezd\/projekty\/chetec-infra\/","title":{"rendered":"ChETEC-INFRA"},"content":{"rendered":"\n<h3 class=\"wp-block-heading\">V\u00fdzkumn\u00e1 infrastruktura pro jadernou astrofyziku <\/h3>\n\n\n\n<div class=\"wp-block-columns is-layout-flex wp-container-core-columns-is-layout-1 wp-block-columns-is-layout-flex\">\n<div class=\"wp-block-column is-layout-flow wp-block-column-is-layout-flow\" style=\"flex-basis:30%\">\n<figure class=\"wp-block-image size-large is-resized\"><a href=\"https:\/\/www.chetec-infra.eu\/\"><img decoding=\"async\" src=\"http:\/\/stel.asu.cas.cz\/en\/wp-content\/uploads\/2021\/11\/Logo_400x275.jpg\" alt=\"\" class=\"wp-image-1863\" style=\"width:200px;height:138px\"\/><\/a><\/figure>\n\n\n\n<p><\/p>\n<\/div>\n\n\n\n<div class=\"wp-block-column is-layout-flow wp-block-column-is-layout-flow\" style=\"flex-basis:60%\">\n<figure class=\"wp-block-image size-large is-resized\"><img decoding=\"async\" src=\"https:\/\/stel.asu.cas.cz\/en\/wp-content\/uploads\/2021\/08\/eu-logo.png\" alt=\"\" class=\"wp-image-1240\" style=\"width:520px;height:131px\"\/><\/figure>\n<\/div>\n<\/div>\n\n\n\n<p>Projekt <a href=\"https:\/\/www.chetec-infra.eu\/\">ChETEC-INFRA<\/a> (Chemical Elements as Tracers of the Evolution of the Cosmos \u2013 Infrastructures for Nuclear Astrophysics) je realizov\u00e1n v r\u00e1mci programu TNA (Trans-National Access Programme) a umo\u017e\u0148uje p\u0159\u00edstup k dalekohled\u016fm a astronomick\u00fdm observato\u0159\u00edm, za\u0159\u00edzen\u00edm \u010d\u00e1stickov\u00e9ho v\u00fdzkumu a superpo\u010d\u00edta\u010d\u016fm s c\u00edlem modelovat slo\u017eit\u00e9 modely hv\u011bzd a jejich atmosf\u00e9r zam\u011b\u0159en\u00e9 na z\u00e1kladn\u00ed v\u00fdzkum v jadern\u00e9 astrofyzice.<\/p>\n\n\n\n<h3 class=\"wp-block-heading has-text-align-center has-vivid-red-color has-text-color\">N\u00e1vrhy na pozorov\u00e1n\u00ed v r\u00e1mci ChETEC-INFRA<\/h3>\n\n\n\n<p>N\u00e1vrhy mohou b\u00fdt odes\u00edl\u00e1ny pr\u016fb\u011b\u017en\u011b prost\u0159ednictv\u00edm serveru <a href=\"https:\/\/gate.hzdr.de\">GATE<\/a>. Nez\u00e1visl\u00e1 v\u00fdb\u011brov\u00e1 komise se sch\u00e1z\u00ed ka\u017ed\u00e9 t\u0159\u00ed m\u011bs\u00edce. <strong><span style=\"background-color:rgba(0, 0, 0, 0)\" class=\"has-inline-color has-vivid-cyan-blue-color\">Uz\u00e1v\u011brka aktu\u00e1ln\u00edho kola p\u0159\u00edjmu n\u00e1vrh\u016f je 17. \u00fanora 2024.<\/span><\/strong> (N\u00e1sleduj\u00edc\u00ed pak 17. kv\u011btna 2024,\u00a0 17. srpna 2024 a 17. listopadu 2024).<\/p>\n\n\n\n<p>ChETEC-INFRA poskytuje mezin\u00e1rodn\u00ed p\u0159\u00edstup ke 13 za\u0159\u00edzen\u00edm, kter\u00e1 jsou do projektu zapojena. Podrobnosti o programu TNA se dozv\u00edte na&nbsp; <a href=\"https:\/\/www.chetec-infra.eu\/tna\/\">t\u00e9to str\u00e1nce<\/a>.&nbsp;<\/p>\n\n\n\n<h4 class=\"wp-block-heading has-text-align-center\">U\u017eivatel\u00e9 poch\u00e1zej\u00edc\u00ed z oblast\u00ed mimo komunitu <strong>ChETEC-INFRA jsou v\u00edt\u00e1ni!<\/strong><\/h4>\n\n\n\n<hr class=\"wp-block-separator has-text-color has-vivid-cyan-blue-color has-css-opacity has-vivid-cyan-blue-background-color has-background\"\/>\n\n\n\n<h3 class=\"wp-block-heading has-text-align-center has-vivid-red-color has-text-color\">Jak po\u017e\u00e1dat o pozorovac\u00ed \u010das<\/h3>\n\n\n\n<p>Podrobnosti o podm\u00ednk\u00e1ch a procesu v\u00fdb\u011bru se dozv\u00edte v tomto <a href=\"https:\/\/www.chetec-infra.eu\/tna\/application\/\">dokumentu<\/a>.<\/p>\n\n\n\n<hr class=\"wp-block-separator has-text-color has-vivid-cyan-blue-color has-css-opacity has-vivid-cyan-blue-background-color has-background\"\/>\n\n\n\n<h4 class=\"wp-block-heading\" id=\"2022-kalendar\">Kalend\u00e1\u0159 ChETEC 2022<\/h4>\n\n\n\n<h5 class=\"wp-block-heading\">V\u011bdkyn\u011b, kter\u00e9 stvo\u0159ily jadernou astrofyziku<\/h5>\n\n\n<p style=\"text-align: justify;\">Kalend\u00e1\u0159 na rok 2022 p\u0159edstavuje 12 fyzi\u010dek, kter\u00e9 z\u00e1sadn\u00edm zp\u016fsobem p\u0159isp\u011bly k rozvoji jadern\u00e9 astrofyziky. Je k dispozici v mnoha jazyc\u00edch a v\u0161echny varianty jsou ke sta\u017een\u00ed v tiskov\u00e9 kvalit\u011b.<\/p>\n<p><span class=\"VIiyi\" lang=\"cs\"><span class=\"JLqJ4b ChMk0b\" data-language-for-alternatives=\"cs\" data-language-to-translate-into=\"en\" data-phrase-index=\"0\" data-number-of-phrases=\"1\">Na\u0161e doktorandka Barbora Dole\u017ealov\u00e1 kalend\u00e1\u0159 p\u0159elo\u017eila do \u010de\u0161tiny a upravila v p\u0159eddefinovan\u00e9 \u0161ablon\u011b.<\/span><\/span><\/p>\n<p style=\"text-align: justify;\">\u00da\u010delem kalend\u00e1\u0159e je vzd\u00e1t hold \u017een\u00e1m, kter\u00e9 ovlivnily v\u00fdvoj jadern\u00e9 astrofyziky; povzbudit mlad\u00e9 v\u011bdce, aby si zvolili jadernou astrofyziku jako svou profesn\u00ed dr\u00e1hu, a nab\u00eddnout jim vzory, kter\u00e9 usnadn\u00ed jejich rozhodov\u00e1n\u00ed; vzd\u011bl\u00e1vat v\u011bdeckou komunitu a \u0161irokou ve\u0159ejnost o v\u00fdznamn\u00e9 roli, kterou \u017eeny hr\u00e1ly a nad\u00e1le hraj\u00ed ve v\u00fdvoji jadern\u00e9 astrofyziky.<\/p>\n\n\n<ul class=\"wp-block-list\">\n<li><a href=\"https:\/\/stel.asu.cas.cz\/cs\/wp-content\/uploads\/2022\/02\/CZ-Regular2022.pdf\" target=\"_blank\" rel=\"noreferrer noopener\">tiskov\u00e1 verze Pdf (\u010desky)<\/a> (40 MB)<\/li>\n\n\n\n<li>tiskov\u00e9 verze (<a rel=\"noreferrer noopener\" href=\"https:\/\/cloud.konkoly.hu\/s\/pBLJtG2CFyF66Df\" target=\"_blank\">PDF, 17 jazykov\u00fdch mutaci<\/a>)<\/li>\n\n\n\n<li><a rel=\"noreferrer noopener\" href=\"http:\/\/www.chetec.eu\/press-outreach\/copy_of_calendar\" target=\"_blank\">Chetec calendar page<\/a><\/li>\n<\/ul>\n\n\n\n<hr class=\"wp-block-separator has-text-color has-pale-cyan-blue-color has-css-opacity has-pale-cyan-blue-background-color has-background\"\/>\n\n\n\n<p>Podrobnosti o projektu najdete <a href=\"https:\/\/stel.asu.cas.cz\/en\/hotstars\/physics-of-hot-stars-projects\/chetec-infra-project\/\" data-type=\"URL\" data-id=\"https:\/\/stel.asu.cas.cz\/en\/hotstars\/physics-of-hot-stars-projects\/chetec-infra-project\/\">na anglick\u00e9 str\u00e1nce<\/a>.<\/p>\n","protected":false},"excerpt":{"rendered":"<p>V\u00fdzkumn\u00e1 infrastruktura pro jadernou astrofyziku Projekt ChETEC-INFRA (Chemical Elements as Tracers of the Evolution of the Cosmos \u2013 Infrastructures for Nuclear Astrophysics) je realizov\u00e1n v<\/p>\n","protected":false},"author":4,"featured_media":0,"parent":117,"menu_order":0,"comment_status":"closed","ping_status":"closed","template":"","meta":{"footnotes":""},"class_list":["post-1674","page","type-page","status-publish","hentry"],"_links":{"self":[{"href":"https:\/\/stel.asu.cas.cz\/cs\/wp-json\/wp\/v2\/pages\/1674","targetHints":{"allow":["GET"]}}],"collection":[{"href":"https:\/\/stel.asu.cas.cz\/cs\/wp-json\/wp\/v2\/pages"}],"about":[{"href":"https:\/\/stel.asu.cas.cz\/cs\/wp-json\/wp\/v2\/types\/page"}],"author":[{"embeddable":true,"href":"https:\/\/stel.asu.cas.cz\/cs\/wp-json\/wp\/v2\/users\/4"}],"replies":[{"embeddable":true,"href":"https:\/\/stel.asu.cas.cz\/cs\/wp-json\/wp\/v2\/comments?post=1674"}],"version-history":[{"count":10,"href":"https:\/\/stel.asu.cas.cz\/cs\/wp-json\/wp\/v2\/pages\/1674\/revisions"}],"predecessor-version":[{"id":3040,"href":"https:\/\/stel.asu.cas.cz\/cs\/wp-json\/wp\/v2\/pages\/1674\/revisions\/3040"}],"up":[{"embeddable":true,"href":"https:\/\/stel.asu.cas.cz\/cs\/wp-json\/wp\/v2\/pages\/117"}],"wp:attachment":[{"href":"https:\/\/stel.asu.cas.cz\/cs\/wp-json\/wp\/v2\/media?parent=1674"}],"curies":[{"name":"wp","href":"https:\/\/api.w.org\/{rel}","templated":true}]}}