{"id":1878,"date":"2021-12-20T10:50:41","date_gmt":"2021-12-20T09:50:41","guid":{"rendered":"https:\/\/stel.asu.cas.cz\/cs\/?page_id=1878"},"modified":"2026-03-13T22:06:49","modified_gmt":"2026-03-13T21:06:49","slug":"fotometricka-kamera","status":"publish","type":"page","link":"https:\/\/stel.asu.cas.cz\/cs\/perkuv-dalekohled\/pristroje\/fotometricka-kamera\/","title":{"rendered":"Fotometrick\u00e1 kamera"},"content":{"rendered":"\n<figure class=\"wp-block-image\"><img loading=\"lazy\" decoding=\"async\" width=\"1024\" height=\"576\" src=\"https:\/\/stel.asu.cas.cz\/cs\/wp-content\/uploads\/2021\/08\/image7-1024x576.jpg\" alt=\"\" class=\"wp-image-1057\" srcset=\"https:\/\/stel.asu.cas.cz\/cs\/wp-content\/uploads\/2021\/08\/image7-1024x576.jpg 1024w, https:\/\/stel.asu.cas.cz\/cs\/wp-content\/uploads\/2021\/08\/image7-300x169.jpg 300w, https:\/\/stel.asu.cas.cz\/cs\/wp-content\/uploads\/2021\/08\/image7-768x432.jpg 768w, https:\/\/stel.asu.cas.cz\/cs\/wp-content\/uploads\/2021\/08\/image7-1536x863.jpg 1536w, https:\/\/stel.asu.cas.cz\/cs\/wp-content\/uploads\/2021\/08\/image7.jpg 1594w\" sizes=\"auto, (max-width: 1024px) 100vw, 1024px\" \/><figcaption class=\"wp-element-caption\">Prim\u00e1rn\u00ed ohnisko s CCD kamerou pro zobrazov\u00e1n\u00ed a fotometrii. Kredit: M. \u0160lechta<\/figcaption><\/figure>\n\n\n\n<p>Fotometrick\u00e1 kamera G2-1000BI (Moravsk\u00e9 p\u0159\u00edstroje) vybaven\u00e1 \u010dipem <a href=\"https:\/\/www.teledynespaceimaging.com\/en-us\/Products_\/Documents\/ccd-datasheets\/CCD47-10%20BSI%20Datasheet%20(v1).pdf\" data-type=\"link\" data-id=\"https:\/\/www.teledynespaceimaging.com\/en-us\/Products_\/Documents\/ccd-datasheets\/CCD47-10%20BSI%20Datasheet%20(v1).pdf\" target=\"_blank\" rel=\"noreferrer noopener\">E2V CCD 47-10<\/a> je instalov\u00e1na v prim\u00e1rn\u00edm ohnisku dalekohledu. Ohniskov\u00e1 vzd\u00e1lenost je 9 m (f\/4.5), pou\u017eit\u00ed korektoru pro fotometrickou kameru zkracuje efektivn\u00ed ohnisko na 7 m (f\/3.5). Zm\u011bnu konfigurace p\u0159\u00edstroj\u016f \u2013 vl\u00e1knov\u00fdch spektrograf\u016f a fotometrick\u00e9 kamery \u2013 je mo\u017en\u00e9 prov\u00e9st b\u011bhem jedn\u00e9 minuty. Kamera je vybavena rota\u010dn\u00edm filtrov\u00fdm kolem osazen\u00fdm p\u011bti filtry. \u010cip kamery je Peltierov\u00fdm \u010dl\u00e1nkem chlazen na teplotu a\u017e 40\u00b0 pod okol\u00ed.<\/p>\n\n\n\n<h5 class=\"wp-block-heading\" id=\"block-4ede2095-ab8f-4e3b-9347-8bc335e0e478\">Kamera a \u010dip<\/h5>\n\n\n\n<figure class=\"wp-block-table is-style-regular\">\n<table style=\"font-size: 80%;\">\n<tbody>\n<tr>\n<td class=\"has-text-align-center\" data-align=\"center\"><strong>ADC<\/strong><\/td>\n<td class=\"has-text-align-center\" data-align=\"center\"><strong>Rozli\u0161en\u00ed<\/strong><\/td>\n<td class=\"has-text-align-center\" data-align=\"center\"><strong>Pixel size<\/strong><\/td>\n<td class=\"has-text-align-center\" data-align=\"center\"><strong>Vy\u010d\u00edtac\u00ed \u0161um<\/strong><\/td>\n<td class=\"has-text-align-center\" data-align=\"center\"><strong>\u00da\u010dinnost<\/strong><\/td>\n<td class=\"has-text-align-center\" data-align=\"center\"><strong>Linearita<\/strong><\/td>\n<td class=\"has-text-align-center\" data-align=\"center\"><strong>Reading<\/strong><\/td>\n<\/tr>\n<tr>\n<td class=\"has-text-align-center\" data-align=\"center\"><strong>16 bit<\/strong><\/td>\n<td class=\"has-text-align-center\" data-align=\"center\"><strong>1056 x 1027 <br> (1024 x 1024)<\/strong><\/td>\n<td class=\"has-text-align-center\" data-align=\"center\"><strong>13 x 13 <\/strong>\u03bc<strong>m<\/strong><\/td>\n<td class=\"has-text-align-center\" data-align=\"center\"><strong>9 ADU<\/strong><\/td>\n<td class=\"has-text-align-center\" data-align=\"center\"><strong>90% (500-700 nm)<\/strong><\/td>\n<td class=\"has-text-align-center\" data-align=\"center\"><strong>&gt; 95 %<\/strong><\/td>\n<td class=\"has-text-align-center\" data-align=\"center\"><strong>10 s<\/strong><\/td>\n<\/tr>\n<\/tbody>\n<\/table>\n<\/figure>\n\n\n\n<h5 class=\"wp-block-heading\" id=\"block-47b3c40e-9fc8-4080-8ab2-a01eaa882013\">Camera and telescope<\/h5>\n\n\n\n<figure class=\"wp-block-table is-style-regular\">\n<table style=\"font-size: 80%;\">\n<tbody>\n<tr>\n<td class=\"has-text-align-center\" data-align=\"center\"><strong>Efektivn\u00ed ohnisko<\/strong><\/td>\n<td class=\"has-text-align-center\" data-align=\"center\"><strong>Zorn\u00e9 pole<\/strong><\/td>\n<td class=\"has-text-align-center\" data-align=\"center\"><strong>\u00dahlov\u00e9 rozli\u0161en\u00ed<\/strong><\/td>\n<td class=\"has-text-align-center\" data-align=\"center\"><strong><a href=\"https:\/\/stel.asu.cas.cz\/cs\/2021\/11\/02\/nova-fotometricka-kemara-perkova-dalekohledu\/\" rel=\"noreferrer noopener\">Testovac\u00ed  sn\u00edmek<\/a><\/strong><\/td>\n<\/tr>\n<tr>\n<td class=\"has-text-align-center\" data-align=\"center\"><strong>7 000 mm<\/strong><\/td>\n<td class=\"has-text-align-center\" data-align=\"center\"><strong>6.3&#8242; x 6.3&#8242;<\/strong><\/td>\n<td class=\"has-text-align-center\" data-align=\"center\"><strong>0.385&#8243;\/pixel<\/strong><\/td>\n<td class=\"has-text-align-center\" style=\"font-size: 80%;\" data-align=\"center\">\n<figure class=\"wp-block-image size-large is-resized\"><a href=\"https:\/\/stel.asu.cas.cz\/cs\/wp-content\/uploads\/2021\/11\/ngc7635-MI1000BI-2m.jpg\" data-type=\"URL\"><img decoding=\"async\" class=\"wp-image-2052\" style=\"width: 150px;\" src=\"https:\/\/stel.asu.cas.cz\/cs\/wp-content\/uploads\/2021\/11\/ngc7635-MI1000BI-2m.jpg\" alt=\"\"><\/a><\/figure>\n<\/td>\n<\/tr>\n<\/tbody>\n<\/table>\n<\/figure>\n\n\n\n<h5 class=\"wp-block-heading\" id=\"block-43410d40-8791-45fa-81fe-439461f564ae\">Fotometrick\u00e9 filtery<\/h5>\n\n\n\n<p style=\"text-align: justify;\">Kamera je vybavena p\u011btipozi\u010dn\u00edm filtrov\u00fdm kolem. Dispozici jaou tyto filtry: Sloan u\u2019, Sloan g\u2019, Sloan r\u2019, Sloan i\u2019, Sloan z\u2019, H-alpha, [O-III], [S-II], Bessel B, Bessel V, Bessel R, Bessel I. \u00dazkop\u00e1smov\u00e9 filtry maj\u00ed \u0161\u00ed\u0159ku propustnosti 3 nm.<\/p>\n\n\n\n<p style=\"text-align: justify;\"><b>V sou\u010dasnosti je v\u0161ak instalov\u00e1no t\u011bchto p\u011bt filtr\u016f<\/b>, viz tabulka.<\/p>\n\n\n\n<figure class=\"wp-block-table is-style-regular\">\n<table style=\"font-size: 80%;\">\n<tbody>\n<tr>\n<td class=\"has-text-align-center\" data-align=\"center\"><strong>Pozice<\/strong><\/td>\n<td class=\"has-text-align-center\" data-align=\"center\"><strong>0<\/strong><\/td>\n<td class=\"has-text-align-center\" data-align=\"center\"><strong>1<\/strong><\/td>\n<td class=\"has-text-align-center\" data-align=\"center\"><strong>2<\/strong><\/td>\n<td class=\"has-text-align-center\" data-align=\"center\"><strong>3<\/strong><\/td>\n<td class=\"has-text-align-center\" data-align=\"center\"><strong>4<\/strong><\/td>\n<\/tr>\n<tr>\n<td class=\"has-text-align-center\" data-align=\"center\"><strong>Filter<\/strong><\/td>\n<td class=\"has-text-align-center\" data-align=\"center\"><strong>H-alpha<\/strong><\/td>\n<td class=\"has-text-align-center\" data-align=\"center\"><strong>i&#8216; (SSDS)<\/strong><\/td>\n<td class=\"has-text-align-center\" data-align=\"center\"><strong>r&#8216; (SSDS)<\/strong><\/td>\n<td class=\"has-text-align-center\" data-align=\"center\"><strong>g&#8216; (SSDS)<\/strong><\/td>\n<td class=\"has-text-align-center\" data-align=\"center\"><strong>u&#8216; (SSDS)<\/strong><\/td>\n<\/tr>\n<\/tbody>\n<\/table>\n<\/figure>\n\n\n\n<h5 class=\"wp-block-heading\" id=\"block-4aab2e5b-a75b-4d7e-b0fa-c068772ac805\">V\u00fdkon kamery ve spojen\u00ed s dalekohledem (p\u0159i dobr\u00e9m seeingu)<\/h5>\n\n\n\n<pre class=\"wp-block-preformatted\"><strong>jasnost<\/strong>     <strong>expozice<\/strong>  <strong>filtr<\/strong>     <strong>chyba m\u011b\u0159en\u00ed<\/strong>        <strong>\u03a7<\/strong>\n~ 12.5 mag     8 s      r'       ~ 0.002 mag      ~ 1,05\n~ 15.2 mag     8 s      r'       ~ 0.006 mag      ~ 1,10\n~ 16.2 mag    10 s      g'       ~ 0.020 mag      ~ 2,20\n~ 18.3 mag    20 s      g'       ~ 0.030 mag      ~ 1,10\n~ 23.3 mag     7 h      r'       ~ 0.160 mag      ~ 1,40<\/pre>\n\n\n<div class=\"wp-block-image\">\n<figure class=\"aligncenter size-large\"><img loading=\"lazy\" decoding=\"async\" width=\"640\" height=\"384\" src=\"https:\/\/stel.asu.cas.cz\/cs\/wp-content\/uploads\/2021\/12\/det_limit.png\" alt=\"\" class=\"wp-image-1906\" srcset=\"https:\/\/stel.asu.cas.cz\/cs\/wp-content\/uploads\/2021\/12\/det_limit.png 640w, https:\/\/stel.asu.cas.cz\/cs\/wp-content\/uploads\/2021\/12\/det_limit-300x180.png 300w, https:\/\/stel.asu.cas.cz\/cs\/wp-content\/uploads\/2021\/12\/det_limit-18x11.png 18w, https:\/\/stel.asu.cas.cz\/cs\/wp-content\/uploads\/2021\/12\/det_limit-24x14.png 24w, https:\/\/stel.asu.cas.cz\/cs\/wp-content\/uploads\/2021\/12\/det_limit-36x22.png 36w\" sizes=\"auto, (max-width: 640px) 100vw, 640px\" \/><figcaption class=\"wp-element-caption\">Limit fotometrick\u00e9ho dosahu v magnitud\u00e1ch (ve filtru Sloan r) po expozici 60 s v r\u016fzn\u00e9 v\u00fd\u0161ce nad obzorem.<\/figcaption><\/figure><\/div>","protected":false},"excerpt":{"rendered":"<p>Fotometrick\u00e1 kamera G2-1000BI (Moravsk\u00e9 p\u0159\u00edstroje) vybaven\u00e1 \u010dipem E2V CCD 47-10 je instalov\u00e1na v prim\u00e1rn\u00edm ohnisku dalekohledu. Ohniskov\u00e1 vzd\u00e1lenost je 9 m (f\/4.5), pou\u017eit\u00ed korektoru pro<\/p>\n","protected":false},"author":4,"featured_media":0,"parent":490,"menu_order":0,"comment_status":"closed","ping_status":"closed","template":"","meta":{"footnotes":""},"class_list":["post-1878","page","type-page","status-publish","hentry"],"_links":{"self":[{"href":"https:\/\/stel.asu.cas.cz\/cs\/wp-json\/wp\/v2\/pages\/1878","targetHints":{"allow":["GET"]}}],"collection":[{"href":"https:\/\/stel.asu.cas.cz\/cs\/wp-json\/wp\/v2\/pages"}],"about":[{"href":"https:\/\/stel.asu.cas.cz\/cs\/wp-json\/wp\/v2\/types\/page"}],"author":[{"embeddable":true,"href":"https:\/\/stel.asu.cas.cz\/cs\/wp-json\/wp\/v2\/users\/4"}],"replies":[{"embeddable":true,"href":"https:\/\/stel.asu.cas.cz\/cs\/wp-json\/wp\/v2\/comments?post=1878"}],"version-history":[{"count":32,"href":"https:\/\/stel.asu.cas.cz\/cs\/wp-json\/wp\/v2\/pages\/1878\/revisions"}],"predecessor-version":[{"id":3750,"href":"https:\/\/stel.asu.cas.cz\/cs\/wp-json\/wp\/v2\/pages\/1878\/revisions\/3750"}],"up":[{"embeddable":true,"href":"https:\/\/stel.asu.cas.cz\/cs\/wp-json\/wp\/v2\/pages\/490"}],"wp:attachment":[{"href":"https:\/\/stel.asu.cas.cz\/cs\/wp-json\/wp\/v2\/media?parent=1878"}],"curies":[{"name":"wp","href":"https:\/\/api.w.org\/{rel}","templated":true}]}}