{"id":1926,"date":"2022-01-05T13:34:41","date_gmt":"2022-01-05T12:34:41","guid":{"rendered":"https:\/\/stel.asu.cas.cz\/cs\/?page_id=1926"},"modified":"2024-10-08T11:29:40","modified_gmt":"2024-10-08T09:29:40","slug":"provoz-a-rozvoj","status":"publish","type":"page","link":"https:\/\/stel.asu.cas.cz\/cs\/perkuv-dalekohled\/provoz-a-rozvoj\/","title":{"rendered":"Provoz a rozvoj"},"content":{"rendered":"\n<h3 class=\"wp-block-heading\">Provoz a rozvoj Perkova dalekohledu<\/h3>\n\n\n\n<figure class=\"wp-block-image size-large\"><img loading=\"lazy\" decoding=\"async\" width=\"1024\" height=\"409\" src=\"https:\/\/stel.asu.cas.cz\/cs\/wp-content\/uploads\/2022\/01\/1634736446770-2m-dev-1024x409.jpg\" alt=\"\" class=\"wp-image-1954\" srcset=\"https:\/\/stel.asu.cas.cz\/cs\/wp-content\/uploads\/2022\/01\/1634736446770-2m-dev-1024x409.jpg 1024w, https:\/\/stel.asu.cas.cz\/cs\/wp-content\/uploads\/2022\/01\/1634736446770-2m-dev-300x120.jpg 300w, https:\/\/stel.asu.cas.cz\/cs\/wp-content\/uploads\/2022\/01\/1634736446770-2m-dev-768x307.jpg 768w, https:\/\/stel.asu.cas.cz\/cs\/wp-content\/uploads\/2022\/01\/1634736446770-2m-dev-1536x614.jpg 1536w, https:\/\/stel.asu.cas.cz\/cs\/wp-content\/uploads\/2022\/01\/1634736446770-2m-dev-2048x818.jpg 2048w, https:\/\/stel.asu.cas.cz\/cs\/wp-content\/uploads\/2022\/01\/1634736446770-2m-dev-18x7.jpg 18w, https:\/\/stel.asu.cas.cz\/cs\/wp-content\/uploads\/2022\/01\/1634736446770-2m-dev-24x10.jpg 24w, https:\/\/stel.asu.cas.cz\/cs\/wp-content\/uploads\/2022\/01\/1634736446770-2m-dev-36x14.jpg 36w\" sizes=\"auto, (max-width: 1024px) 100vw, 1024px\" \/><\/figure>\n\n\n\n<p>Hlavn\u00edm \u00fakolem skupiny, kterou vede <a href=\"https:\/\/stel.asu.cas.cz\/cs\/perkuv-dalekohled\/lide\/#slechta\">Miroslav \u0160lechta<\/a> je zaji\u0161t\u011bn\u00ed provozu a rozvoje Perkova dalekohledu s prim\u00e1rn\u00edm zrcadlem o pr\u016fm\u011bru 2 metry, kter\u00fd je nejv\u011bt\u0161\u00edm optick\u00fdm astronomick\u00fdm p\u0159\u00edstrojem pro v\u00fdzkum hv\u011bzd a extrasol\u00e1rn\u00edch planet v \u010cesk\u00e9 republice.<\/p>\n\n\n\n<p>Skupina je t\u00fdmem v\u011bdc\u016f, technik\u016f, mechanik\u016f, elektrotechnik\u016f a softwarov\u00fdch in\u017een\u00fdr\u016f. Je slo\u017eena p\u0159ev\u00e1\u017en\u011b z nev\u011bdeck\u00e9ho technick\u00e9ho person\u00e1lu, jeho\u017e prim\u00e1rn\u00ed zodpov\u011bdnost\u00ed je zajistit \u010dinnost dalekohledu. Poskytuje technickou pomoc a zaji\u0161\u0165uje rozvoj dalekohledu a jeho p\u0159\u00edstroj\u016f (spektrograf\u016f a fotometrick\u00fdch kamer). \u010clenov\u00e9 skupiny rovn\u011b\u017e pracuj\u00ed ka\u017edou pozorovac\u00ed noc jako pozorovatel\u00e9.<\/p>\n\n\n\n<h4 class=\"wp-block-heading\"><strong>\u010clenov\u00e9 Skupiny<\/strong><\/h4>\n\n\n\n<ul class=\"wp-block-list\">\n<li>V\u011bdeck\u00fd pracovn\u00edk<strong>:<\/strong> <a href=\"https:\/\/stel.asu.cas.cz\/cs\/perkuv-dalekohled\/provoz-a-rozvoj\/lide\/#slechta\">Miroslav \u0160lechta<\/a> (vedouc\u00ed)<\/li>\n\n\n\n<li>Technici: <a href=\"https:\/\/stel.asu.cas.cz\/cs\/perkuv-dalekohled\/provoz-a-rozvoj\/lide\/#zdarska\">Eva \u017d\u010f\u00e1rsk\u00e1<\/a>, <a href=\"https:\/\/stel.asu.cas.cz\/cs\/perkuv-dalekohled\/provoz-a-rozvoj\/lide\/#novotny\">Radek Novotn\u00fd<\/a>, <a href=\"https:\/\/stel.asu.cas.cz\/cs\/perkuv-dalekohled\/provoz-a-rozvoj\/lide\/#rezba\">Lud\u011bk \u0158ezba<\/a>, <a href=\"https:\/\/stel.asu.cas.cz\/cs\/perkuv-dalekohled\/provoz-a-rozvoj\/lide\/#sloup\">Jan Sloup<\/a>, <a href=\"https:\/\/stel.asu.cas.cz\/cs\/perkuv-dalekohled\/provoz-a-rozvoj\/lide\/#srba\">Ji\u0159\u00ed Srba<\/a><\/li>\n\n\n\n<li>Extern\u00ed: <a href=\"https:\/\/stel.asu.cas.cz\/cs\/perkuv-dalekohled\/provoz-a-rozvoj\/lide\/#fuchs\">Jan Fuchs<\/a>, <a href=\"https:\/\/stel.asu.cas.cz\/cs\/perkuv-dalekohled\/provoz-a-rozvoj\/lide\/#vesel\u00fd\">Roman Vesel\u00fd<\/a><\/li>\n<\/ul>\n\n\n\n<p><\/p>\n","protected":false},"excerpt":{"rendered":"<p>Provoz a rozvoj Perkova dalekohledu Hlavn\u00edm \u00fakolem skupiny, kterou vede Miroslav \u0160lechta je zaji\u0161t\u011bn\u00ed provozu a rozvoje Perkova dalekohledu s prim\u00e1rn\u00edm zrcadlem o pr\u016fm\u011bru 2<\/p>\n","protected":false},"author":4,"featured_media":0,"parent":110,"menu_order":0,"comment_status":"closed","ping_status":"closed","template":"","meta":{"footnotes":""},"class_list":["post-1926","page","type-page","status-publish","hentry"],"_links":{"self":[{"href":"https:\/\/stel.asu.cas.cz\/cs\/wp-json\/wp\/v2\/pages\/1926","targetHints":{"allow":["GET"]}}],"collection":[{"href":"https:\/\/stel.asu.cas.cz\/cs\/wp-json\/wp\/v2\/pages"}],"about":[{"href":"https:\/\/stel.asu.cas.cz\/cs\/wp-json\/wp\/v2\/types\/page"}],"author":[{"embeddable":true,"href":"https:\/\/stel.asu.cas.cz\/cs\/wp-json\/wp\/v2\/users\/4"}],"replies":[{"embeddable":true,"href":"https:\/\/stel.asu.cas.cz\/cs\/wp-json\/wp\/v2\/comments?post=1926"}],"version-history":[{"count":8,"href":"https:\/\/stel.asu.cas.cz\/cs\/wp-json\/wp\/v2\/pages\/1926\/revisions"}],"predecessor-version":[{"id":3210,"href":"https:\/\/stel.asu.cas.cz\/cs\/wp-json\/wp\/v2\/pages\/1926\/revisions\/3210"}],"up":[{"embeddable":true,"href":"https:\/\/stel.asu.cas.cz\/cs\/wp-json\/wp\/v2\/pages\/110"}],"wp:attachment":[{"href":"https:\/\/stel.asu.cas.cz\/cs\/wp-json\/wp\/v2\/media?parent=1926"}],"curies":[{"name":"wp","href":"https:\/\/api.w.org\/{rel}","templated":true}]}}