{"id":2588,"date":"2023-02-06T11:06:10","date_gmt":"2023-02-06T10:06:10","guid":{"rendered":"https:\/\/stel.asu.cas.cz\/cs\/?page_id=2588"},"modified":"2024-02-01T17:25:43","modified_gmt":"2024-02-01T16:25:43","slug":"media-archiv","status":"publish","type":"page","link":"https:\/\/stel.asu.cas.cz\/cs\/popularizace\/tv-a-media\/media-archiv\/","title":{"rendered":"M\u00e9dia &#8211; Archiv"},"content":{"rendered":"\n<h2 class=\"wp-block-heading\" id=\"stelarni-oddeleni-v-mediich\">Stel\u00e1rn\u00ed odd\u011blen\u00ed v m\u00e9di\u00edch<\/h2>\n\n\n\n<h3 class=\"wp-block-heading\">Archiv<\/h3>\n\n\n\n<figure class=\"wp-block-image size-full\"><img loading=\"lazy\" decoding=\"async\" width=\"800\" height=\"450\" src=\"https:\/\/stel.asu.cas.cz\/cs\/wp-content\/uploads\/2021\/12\/32992k1-kabath-noe.jpg\" alt=\"\" class=\"wp-image-1754\" srcset=\"https:\/\/stel.asu.cas.cz\/cs\/wp-content\/uploads\/2021\/12\/32992k1-kabath-noe.jpg 800w, https:\/\/stel.asu.cas.cz\/cs\/wp-content\/uploads\/2021\/12\/32992k1-kabath-noe-300x169.jpg 300w, https:\/\/stel.asu.cas.cz\/cs\/wp-content\/uploads\/2021\/12\/32992k1-kabath-noe-768x432.jpg 768w, https:\/\/stel.asu.cas.cz\/cs\/wp-content\/uploads\/2021\/12\/32992k1-kabath-noe-18x10.jpg 18w, https:\/\/stel.asu.cas.cz\/cs\/wp-content\/uploads\/2021\/12\/32992k1-kabath-noe-24x14.jpg 24w, https:\/\/stel.asu.cas.cz\/cs\/wp-content\/uploads\/2021\/12\/32992k1-kabath-noe-36x20.jpg 36w\" sizes=\"auto, (max-width: 800px) 100vw, 800px\" \/><\/figure>\n\n\n\n<p id=\"hlubinami-vesmiru\"><strong>Hlubinami Vesm\u00edru<\/strong>: V po\u0159adu <a rel=\"noreferrer noopener\" href=\"https:\/\/www.tvnoe.cz\/porad\/21167-hlubinami-vesmiru-s-dr-pavlem-koubskym-1-dil\" target=\"_blank\">Hlubinami vesm\u00edru<\/a> (<a rel=\"noreferrer noopener\" href=\"https:\/\/www.tvnoe.cz\/\" target=\"_blank\">TV Noe<\/a>) byl hostem&nbsp;<a href=\"https:\/\/stel.asu.cas.cz\/en\/extrasolar-planet-research\/extrasolar-members\/#kabath\">Petr Kab\u00e1th<\/a> ze Stel\u00e1rn\u00edho odd\u011blen\u00ed, rozhovor je v\u011bnov\u00e1n novink\u00e1m ve v\u00fdzkumu extrasol\u00e1rn\u00edch planet: <a rel=\"noreferrer noopener\" href=\"https:\/\/www.tvnoe.cz\/porad\/32992-hlubinami-vesmiru-s-dr-petrem-kabathem-exoplanety-1-dil\" target=\"_blank\">Video 1<\/a>; <a rel=\"noreferrer noopener\" href=\"https:\/\/www.tvnoe.cz\/porad\/33317-hlubinami-vesmiru-s-dr-petrem-kabathem-exoplanety-2-dil\" target=\"_blank\">Video 2<\/a><\/p>\n\n\n\n<hr class=\"wp-block-separator has-text-color has-pale-cyan-blue-color has-css-opacity has-pale-cyan-blue-background-color has-background\"\/>\n\n\n\n<figure class=\"wp-block-embed is-type-video is-provider-youtube wp-block-embed-youtube wp-embed-aspect-16-9 wp-has-aspect-ratio\"><div class=\"wp-block-embed__wrapper\">\n<iframe loading=\"lazy\" title=\"V z\u00e1\u0159i hv\u011bzd 055 - Perk\u016fv dvoumetr s dr. Miroslavem \u0160lechtou\" width=\"640\" height=\"360\" src=\"https:\/\/www.youtube.com\/embed\/AbZjsrH1oJ4?feature=oembed\" frameborder=\"0\" allow=\"accelerometer; autoplay; clipboard-write; encrypted-media; gyroscope; picture-in-picture; web-share\" referrerpolicy=\"strict-origin-when-cross-origin\" allowfullscreen><\/iframe>\n<\/div><\/figure>\n\n\n\n<p id=\"v-zari-hvezd-055-perkuv-dvoumetr-s-dr-miroslavem-slechtou\"><strong>V z\u00e1\u0159i hv\u011bzd 055 &#8211; Perk\u016fv dvoumetr s dr. Miroslavem \u0160lechtou<\/strong>: Cht\u011bli byste vid\u011bt, jak se pohybuje nejv\u011bt\u0161\u00ed dalekohled v \u010cesk\u00e9 republice? Perk\u016fv 2-m dalekohled v Ond\u0159ejov\u011b p\u0159edstav\u00ed Miroslav \u0160lechta. <a href=\"https:\/\/www.youtube.com\/watch?v=AbZjsrH1oJ4&amp;feature=emb_logo\">Video z produkce Hv\u011bzd\u00e1rny \u017debr\u00e1k<\/a>.<\/p>\n\n\n\n<hr class=\"wp-block-separator has-text-color has-pale-cyan-blue-color has-css-opacity has-pale-cyan-blue-background-color has-background\"\/>\n\n\n\n<figure class=\"wp-block-image size-large\"><img loading=\"lazy\" decoding=\"async\" width=\"1024\" height=\"581\" src=\"https:\/\/stel.asu.cas.cz\/cs\/wp-content\/uploads\/2021\/07\/ct24-kabath-1024x581.jpg\" alt=\"\" class=\"wp-image-947\" srcset=\"https:\/\/stel.asu.cas.cz\/cs\/wp-content\/uploads\/2021\/07\/ct24-kabath-1024x581.jpg 1024w, https:\/\/stel.asu.cas.cz\/cs\/wp-content\/uploads\/2021\/07\/ct24-kabath-300x170.jpg 300w, https:\/\/stel.asu.cas.cz\/cs\/wp-content\/uploads\/2021\/07\/ct24-kabath-768x436.jpg 768w, https:\/\/stel.asu.cas.cz\/cs\/wp-content\/uploads\/2021\/07\/ct24-kabath.jpg 1200w\" sizes=\"auto, (max-width: 1024px) 100vw, 1024px\" \/><\/figure>\n\n\n\n<p id=\"cesti-vedci-a-dalekohledy-na-observatori-paranal-v-chile\"><strong>\u010ce\u0161t\u00ed v\u011bdci a dalekohledy na Observato\u0159i Paranal v Chile<\/strong>: <a href=\"https:\/\/www.ceskatelevize.cz\/porady\/10095426857-interview-ct24\/217411058041228-vedecke-interview\/\">Rozhovor<\/a> s pracovn\u00edkem stel\u00e1rn\u00edho odd\u011blen\u00ed Petrem Kab\u00e1them v \u010cesk\u00e9 televizi (\u010cT24).<\/p>\n\n\n\n<hr class=\"wp-block-separator has-text-color has-pale-cyan-blue-color has-css-opacity has-pale-cyan-blue-background-color has-background\"\/>\n\n\n\n<figure class=\"wp-block-embed is-type-video is-provider-youtube wp-block-embed-youtube wp-embed-aspect-16-9 wp-has-aspect-ratio\"><div class=\"wp-block-embed__wrapper\">\n<iframe loading=\"lazy\" title=\"Astronom Martin Jel\u00ednek pomohl zkonstruovat dalekohled k sledov\u00e1n\u00ed gama z\u00e1blesk\u016f\" width=\"640\" height=\"360\" src=\"https:\/\/www.youtube.com\/embed\/wuC5OYfTiEc?feature=oembed\" frameborder=\"0\" allow=\"accelerometer; autoplay; clipboard-write; encrypted-media; gyroscope; picture-in-picture; web-share\" referrerpolicy=\"strict-origin-when-cross-origin\" allowfullscreen><\/iframe>\n<\/div><\/figure>\n\n\n\n<p id=\"navrh-dalekohledu-pro-sledovani-gama-zablesku\"><strong>N\u00e1vrh dalekohledu pro sledov\u00e1n\u00ed gama z\u00e1blesk\u016f<\/strong>: <a href=\"https:\/\/www.youtube.com\/watch?v=wuC5OYfTiEc&amp;feature=emb_logo\">Rozhovor<\/a> s Martinem Jel\u00ednkem, v\u011bdeck\u00fdm pracovn\u00edkem stel\u00e1rn\u00edho odd\u011blen\u00ed, na stanici Radio\u017eurn\u00e1l.<\/p>\n\n\n\n<hr class=\"wp-block-separator has-text-color has-pale-cyan-blue-color has-css-opacity has-pale-cyan-blue-background-color has-background\"\/>\n\n\n\n<div class=\"wp-block-columns are-vertically-aligned-center is-layout-flex wp-container-core-columns-is-layout-1 wp-block-columns-is-layout-flex\">\n<div class=\"wp-block-column is-vertically-aligned-center is-layout-flow wp-block-column-is-layout-flow\">\n<figure class=\"wp-block-embed is-type-video is-provider-youtube wp-block-embed-youtube wp-embed-aspect-16-9 wp-has-aspect-ratio\"><div class=\"wp-block-embed__wrapper\">\n<iframe loading=\"lazy\" title=\"V z\u00e1\u0159i hv\u011bzd 054 - Robotick\u00fd dalekohled BART\" width=\"640\" height=\"360\" src=\"https:\/\/www.youtube.com\/embed\/XC4QzM3OuI4?feature=oembed\" frameborder=\"0\" allow=\"accelerometer; autoplay; clipboard-write; encrypted-media; gyroscope; picture-in-picture; web-share\" referrerpolicy=\"strict-origin-when-cross-origin\" allowfullscreen><\/iframe>\n<\/div><\/figure>\n<\/div>\n<\/div>\n\n\n\n<p id=\"v-zari-hvezd-054-roboticky-dalekohled-bart\"><strong>V z\u00e1\u0159i hv\u011bzd 054 &#8211; Robotick\u00fd dalekohled BART<\/strong>: Rozhovor s Janem \u0160troblem. <a href=\"https:\/\/www.youtube.com\/watch?v=XC4QzM3OuI4\">Video z produkce Hv\u011bzd\u00e1rny \u017debr\u00e1k<\/a>.<\/p>\n\n\n\n<hr class=\"wp-block-separator has-text-color has-pale-cyan-blue-color has-css-opacity has-pale-cyan-blue-background-color has-background\"\/>\n\n\n\n<figure class=\"wp-block-embed is-type-video is-provider-youtube wp-block-embed-youtube wp-embed-aspect-16-9 wp-has-aspect-ratio\"><div class=\"wp-block-embed__wrapper\">\n<iframe loading=\"lazy\" title=\"V z\u00e1\u0159i hv\u011bzd 039 - U nejv\u011bt\u0161\u00edho dalekohledu \u010ceska\" width=\"640\" height=\"360\" src=\"https:\/\/www.youtube.com\/embed\/lGx06OaQHvI?feature=oembed\" frameborder=\"0\" allow=\"accelerometer; autoplay; clipboard-write; encrypted-media; gyroscope; picture-in-picture; web-share\" referrerpolicy=\"strict-origin-when-cross-origin\" allowfullscreen><\/iframe>\n<\/div><\/figure>\n\n\n\n<p id=\"v-zari-hvezd-039-perkuv-dalekohled\"><strong>V z\u00e1\u0159i hv\u011bzd 039 &#8211; Perk\u016fv dalekohled<\/strong>: Prohl\u00eddka Perkova dalekohledu s Pavlem Suchanem. <a href=\"https:\/\/youtu.be\/lGx06OaQHvI\">Video z produkce Hv\u011bzd\u00e1rny \u017debr\u00e1k<\/a>.<\/p>\n\n\n\n<hr class=\"wp-block-separator has-text-color has-pale-cyan-blue-color has-css-opacity has-pale-cyan-blue-background-color has-background\"\/>\n\n\n\n<figure class=\"wp-block-image size-large\"><img loading=\"lazy\" decoding=\"async\" width=\"1024\" height=\"574\" src=\"https:\/\/stel.asu.cas.cz\/cs\/wp-content\/uploads\/2021\/07\/mareks-1024x574.png\" alt=\"\" class=\"wp-image-944\" srcset=\"https:\/\/stel.asu.cas.cz\/cs\/wp-content\/uploads\/2021\/07\/mareks-1024x574.png 1024w, https:\/\/stel.asu.cas.cz\/cs\/wp-content\/uploads\/2021\/07\/mareks-300x168.png 300w, https:\/\/stel.asu.cas.cz\/cs\/wp-content\/uploads\/2021\/07\/mareks-768x430.png 768w, https:\/\/stel.asu.cas.cz\/cs\/wp-content\/uploads\/2021\/07\/mareks-1536x861.png 1536w, https:\/\/stel.asu.cas.cz\/cs\/wp-content\/uploads\/2021\/07\/mareks.png 1574w\" sizes=\"auto, (max-width: 1024px) 100vw, 1024px\" \/><\/figure>\n\n\n\n<p id=\"100-let-lubose-perka\"><strong>100 let Lubo\u0161e Perka<\/strong>: <a href=\"https:\/\/www.ceskatelevize.cz\/porady\/11412378947-90-ct24\/219411058130726-100-let-lubose-perka\">Rozhovor s pracovn\u00edkem<\/a> Stel\u00e1rn\u00edho odd\u011blen\u00ed Markem Skarkou v \u010cesk\u00e9 televizi (\u010cT24).<\/p>\n\n\n\n<hr class=\"wp-block-separator has-text-color has-pale-cyan-blue-color has-css-opacity has-pale-cyan-blue-background-color has-background\"\/>\n\n\n\n<figure class=\"wp-block-image size-large\"><img loading=\"lazy\" decoding=\"async\" width=\"1024\" height=\"576\" src=\"https:\/\/stel.asu.cas.cz\/cs\/wp-content\/uploads\/2021\/07\/pavel-1024x576.jpg\" alt=\"\" class=\"wp-image-943\" srcset=\"https:\/\/stel.asu.cas.cz\/cs\/wp-content\/uploads\/2021\/07\/pavel-1024x576.jpg 1024w, https:\/\/stel.asu.cas.cz\/cs\/wp-content\/uploads\/2021\/07\/pavel-300x169.jpg 300w, https:\/\/stel.asu.cas.cz\/cs\/wp-content\/uploads\/2021\/07\/pavel-768x432.jpg 768w, https:\/\/stel.asu.cas.cz\/cs\/wp-content\/uploads\/2021\/07\/pavel.jpg 1366w\" sizes=\"auto, (max-width: 1024px) 100vw, 1024px\" \/><\/figure>\n\n\n\n<p id=\"hlubinami-vesmiru\"><strong>Hlubinami vesm\u00edru<\/strong>: Rozhovor s Pavlem Koubsk\u00fdm na <a rel=\"noreferrer noopener\" href=\"https:\/\/www.tvnoe.cz\/\" target=\"_blank\">TV Noe<\/a>: <a href=\"https:\/\/www.tvnoe.cz\/porad\/21167-hlubinami-vesmiru-s-dr-pavlem-koubskym-1-dil\">prvn\u00ed d\u00edl<\/a>; <a href=\"https:\/\/www.tvnoe.cz\/porad\/21407-hlubinami-vesmiru-s-dr-pavlem-koubskym-2-dil\">druh\u00fd d\u00edl<\/a><\/p>\n\n\n\n<hr class=\"wp-block-separator has-text-color has-pale-cyan-blue-color has-css-opacity has-pale-cyan-blue-background-color has-background\"\/>\n\n\n\n<figure class=\"wp-block-image size-large\"><img loading=\"lazy\" decoding=\"async\" width=\"1024\" height=\"576\" src=\"https:\/\/stel.asu.cas.cz\/cs\/wp-content\/uploads\/2021\/07\/kubatovi-1024x576.jpg\" alt=\"\" class=\"wp-image-942\" srcset=\"https:\/\/stel.asu.cas.cz\/cs\/wp-content\/uploads\/2021\/07\/kubatovi-1024x576.jpg 1024w, https:\/\/stel.asu.cas.cz\/cs\/wp-content\/uploads\/2021\/07\/kubatovi-300x169.jpg 300w, https:\/\/stel.asu.cas.cz\/cs\/wp-content\/uploads\/2021\/07\/kubatovi-768x432.jpg 768w, https:\/\/stel.asu.cas.cz\/cs\/wp-content\/uploads\/2021\/07\/kubatovi-1536x864.jpg 1536w, https:\/\/stel.asu.cas.cz\/cs\/wp-content\/uploads\/2021\/07\/kubatovi.jpg 1600w\" sizes=\"auto, (max-width: 1024px) 100vw, 1024px\" \/><\/figure>\n\n\n\n<p id=\"hlubinami-vesmiru\"><strong>Hlubinami Vesm\u00edru<\/strong>: Po\u0159ad <a rel=\"noreferrer noopener\" href=\"https:\/\/www.tvnoe.cz\/\" target=\"_blank\">TV Noe<\/a> s Brankicou Kub\u00e1tovou a Ji\u0159\u00edm Kub\u00e1tem, pracovn\u00edky Stel\u00e1rn\u00edho odd\u011blen\u00ed: <a href=\"https:\/\/www.tvnoe.cz\/porad\/25265-hlubinami-vesmiru-s-manzeli-kubatovymi-1-dil\">prvn\u00ed d\u00edl<\/a>; <a href=\"https:\/\/www.tvnoe.cz\/porad\/25324-hlubinami-vesmiru-s-manzeli-kubatovymi-2-dil\">druh\u00fd d\u00edl<\/a><\/p>\n\n\n\n<hr class=\"wp-block-separator has-text-color has-pale-cyan-blue-color has-alpha-channel-opacity has-pale-cyan-blue-background-color has-background\"\/>\n\n\n\n<h3 class=\"wp-block-heading\" id=\"tiskova-konference-u-prilezitosti-dokonceni-modernizace-perkova-dalekohledu\"><strong>Tiskov\u00e1 konference u p\u0159\u00edle\u017eitosti dokon\u010den\u00ed modernizace Perkova dalekohledu<\/strong><\/h3>\n\n\n<div class=\"wp-block-image\">\n<figure class=\"alignleft size-large is-resized\"><img decoding=\"async\" src=\"https:\/\/stel.asu.cas.cz\/cs\/wp-content\/uploads\/2021\/09\/tiskovka.jpg\" alt=\"\" class=\"wp-image-1437\" style=\"width:350px\" width=\"350\" srcset=\"https:\/\/stel.asu.cas.cz\/cs\/wp-content\/uploads\/2021\/09\/tiskovka.jpg 900w, https:\/\/stel.asu.cas.cz\/cs\/wp-content\/uploads\/2021\/09\/tiskovka-300x200.jpg 300w, https:\/\/stel.asu.cas.cz\/cs\/wp-content\/uploads\/2021\/09\/tiskovka-768x513.jpg 768w, https:\/\/stel.asu.cas.cz\/cs\/wp-content\/uploads\/2021\/09\/tiskovka-18x12.jpg 18w, https:\/\/stel.asu.cas.cz\/cs\/wp-content\/uploads\/2021\/09\/tiskovka-24x16.jpg 24w, https:\/\/stel.asu.cas.cz\/cs\/wp-content\/uploads\/2021\/09\/tiskovka-36x24.jpg 36w\" sizes=\"(max-width: 900px) 100vw, 900px\" \/><\/figure><\/div>\n\n\n<p>Dne 26. \u010dervna 2020 se uskute\u010dnila tiskov\u00e1 konference u p\u0159\u00edle\u017eitosti dokon\u010den\u00ed z\u00e1sadn\u00ed rekonstrukce Perkova dalekohledu, na jej\u00ed\u017e organizaci se pod\u00edlelo tak\u00e9 stel\u00e1rn\u00ed odd\u011blen\u00ed. Setk\u00e1n\u00ed se uskute\u010dnilo v kopuli samotn\u00e9ho dalekohledu v Ond\u0159ejov\u011b a z\u00fa\u010dastnila se ho \u0159ada v\u00fdznamn\u00fdch host\u016f v\u010detn\u011b p\u0159edsedkyn\u011b Akademie v\u011bd \u010cR prof. Evy Za\u017e\u00edmalov\u00e9 a z\u00e1stupc\u016f Centra pro v\u00fdzkum a v\u00fdvoj speci\u00e1ln\u00edch optick\u00fdch a optoelektronick\u00fdch syst\u00e9m\u016f TOPTEC (Turnov). B\u011bhem konference vystoupilo n\u011bkolik v\u011bdeck\u00fdch pracovn\u00edk\u016f stel\u00e1rn\u00edho odd\u011blen\u00ed s kr\u00e1tk\u00fdmi p\u0159\u00edsp\u011bvky: M. \u0160lechta: <em>Pro\u010d jsme se rozhodli modernizovat a co od toho o\u010dek\u00e1v\u00e1me<\/em>; P. Kab\u00e1th: <em>V\u00fdzkum exoplanet pomoc\u00ed Perkova dalekohledu<\/em>; M. Kraus: <em>Hot star research with using Perk&#8217;s telescope<\/em>; M. Jel\u00ednek: <em>Fotometrie &#8211; optick\u00e9 prot\u011bj\u0161ky gama z\u00e1blesk\u016f<\/em>. Modernizace dalekohledu byla provedena ve spolupr\u00e1ci Stel\u00e1rn\u00edho odd\u011blen\u00ed Astronomick\u00e9ho \u00fastavu AV \u010cR, v.v.i. (pod veden\u00edm Dr. Miroslava \u0160lechty) a centra TOPTEC Turnov, kter\u00e9 je sou\u010d\u00e1st\u00ed \u00dastavu fyziky plazmatu AV \u010cR, v.v.i.<\/p>\n\n\n\n<ul class=\"wp-block-list\">\n<li> Dal\u0161\u00ed <a href=\"https:\/\/www.zonerama.com\/AVCR\/Album\/6344798\">fotografie<\/a><\/li>\n<\/ul>\n\n\n\n<hr class=\"wp-block-separator has-text-color has-pale-cyan-blue-color has-alpha-channel-opacity has-pale-cyan-blue-background-color has-background\"\/>\n\n\n\n<h3 class=\"wp-block-heading\" id=\"vyroci-otevreni-perkova-2-m-dalekohledu\"><strong>V\u00fdro\u010d\u00ed otev\u0159en\u00ed Perkova 2-m dalekohledu<\/strong><\/h3>\n\n\n<div class=\"wp-block-image\">\n<figure class=\"alignleft size-large is-resized\"><img decoding=\"async\" src=\"https:\/\/stel.asu.cas.cz\/cs\/wp-content\/uploads\/2021\/09\/inaguarace.jpg\" alt=\"\" class=\"wp-image-1440\" style=\"width:350px\" width=\"350\" srcset=\"https:\/\/stel.asu.cas.cz\/cs\/wp-content\/uploads\/2021\/09\/inaguarace.jpg 900w, https:\/\/stel.asu.cas.cz\/cs\/wp-content\/uploads\/2021\/09\/inaguarace-300x200.jpg 300w, https:\/\/stel.asu.cas.cz\/cs\/wp-content\/uploads\/2021\/09\/inaguarace-768x512.jpg 768w, https:\/\/stel.asu.cas.cz\/cs\/wp-content\/uploads\/2021\/09\/inaguarace-18x12.jpg 18w, https:\/\/stel.asu.cas.cz\/cs\/wp-content\/uploads\/2021\/09\/inaguarace-24x16.jpg 24w, https:\/\/stel.asu.cas.cz\/cs\/wp-content\/uploads\/2021\/09\/inaguarace-36x24.jpg 36w\" sizes=\"(max-width: 900px) 100vw, 900px\" \/><\/figure><\/div>\n\n\n<p>Dne 23. srpna 2017 uplynulo 50 let od slavnostn\u00edho otev\u0159en\u00ed Perkova dalekohledu. P\u0159i t\u00e9to p\u0159\u00edle\u017eitosti byla na 14. srpna 2017 p\u0159ipravena tiskov\u00e1 konference a tak\u00e9 semin\u00e1\u0159, kter\u00fd se uskute\u010dnil na p\u016fd\u011b Akademie v\u011bd v Praze 5. z\u00e1\u0159\u00ed 2017. Ob\u011b tyto ud\u00e1losti byly hojn\u011b pokryty v tisku, televizi i on-line m\u00e9di\u00edch. V\u011bde\u010dt\u00ed pracovn\u00edci stel\u00e1rn\u00edho odd\u011blen\u00ed p\u0159i t\u00e9to p\u0159\u00edle\u017eitosti p\u0159ednesli s\u00e9rii kr\u00e1tk\u00fdch p\u0159edn\u00e1\u0161ek: M. \u0160lechta: <em>Perk\u016fv 2-m dalekohled &#8211; z\u00e1kladn\u00ed fakta<\/em>; P. Kab\u00e1th: <em>Budouc\u00ed pozorovac\u00ed program &#8211; hled\u00e1n\u00ed planet u ciz\u00edch hv\u011bzd<\/em>; P. \u0160koda: <em>Archivy 2m dalekohledu \u2013 od Reticonu k um\u011bl\u00e9 inteligenci<\/em>; J. Kub\u00e1t: <em>Modelov\u00e1n\u00ed hv\u011bzdn\u00fdch atmosf\u00e9r s Perkov\u00fdm dalekohledem<\/em>; M. Kraus: <em>Stellar pulsations and their link to mass ejection phases in evolved massive stars<\/em>; P. Kab\u00e1th: <em>Exoplanety v Ond\u0159ejov\u011b<\/em>.<\/p>\n\n\n\n<ul class=\"wp-block-list\">\n<li>Dal\u0161\u00ed <a href=\"https:\/\/zpravy.aktualne.cz\/domaci\/foto-nejvetsi-dalekohled-v-cesku-slavi-50-let-a-nekonci\/r~fdad07e0871a11e7a0c50025900fea04\/r~e6c4932e871311e7a7fc0025900fea04\/\" target=\"_blank\" rel=\"noreferrer noopener\">fotografie<\/a><\/li>\n<\/ul>\n","protected":false},"excerpt":{"rendered":"<p>Stel\u00e1rn\u00ed odd\u011blen\u00ed v m\u00e9di\u00edch Archiv Hlubinami Vesm\u00edru: V po\u0159adu Hlubinami vesm\u00edru (TV Noe) byl hostem&nbsp;Petr Kab\u00e1th ze Stel\u00e1rn\u00edho odd\u011blen\u00ed, rozhovor je v\u011bnov\u00e1n novink\u00e1m ve v\u00fdzkumu<\/p>\n","protected":false},"author":1,"featured_media":0,"parent":351,"menu_order":0,"comment_status":"closed","ping_status":"closed","template":"","meta":{"footnotes":""},"class_list":["post-2588","page","type-page","status-publish","hentry"],"_links":{"self":[{"href":"https:\/\/stel.asu.cas.cz\/cs\/wp-json\/wp\/v2\/pages\/2588","targetHints":{"allow":["GET"]}}],"collection":[{"href":"https:\/\/stel.asu.cas.cz\/cs\/wp-json\/wp\/v2\/pages"}],"about":[{"href":"https:\/\/stel.asu.cas.cz\/cs\/wp-json\/wp\/v2\/types\/page"}],"author":[{"embeddable":true,"href":"https:\/\/stel.asu.cas.cz\/cs\/wp-json\/wp\/v2\/users\/1"}],"replies":[{"embeddable":true,"href":"https:\/\/stel.asu.cas.cz\/cs\/wp-json\/wp\/v2\/comments?post=2588"}],"version-history":[{"count":3,"href":"https:\/\/stel.asu.cas.cz\/cs\/wp-json\/wp\/v2\/pages\/2588\/revisions"}],"predecessor-version":[{"id":2974,"href":"https:\/\/stel.asu.cas.cz\/cs\/wp-json\/wp\/v2\/pages\/2588\/revisions\/2974"}],"up":[{"embeddable":true,"href":"https:\/\/stel.asu.cas.cz\/cs\/wp-json\/wp\/v2\/pages\/351"}],"wp:attachment":[{"href":"https:\/\/stel.asu.cas.cz\/cs\/wp-json\/wp\/v2\/media?parent=2588"}],"curies":[{"name":"wp","href":"https:\/\/api.w.org\/{rel}","templated":true}]}}