{"id":269,"date":"2021-06-22T14:03:50","date_gmt":"2021-06-22T12:03:50","guid":{"rendered":"https:\/\/stel.asu.cas.cz\/cs\/?page_id=269"},"modified":"2021-09-07T14:58:28","modified_gmt":"2021-09-07T12:58:28","slug":"seminar-oddeleni","status":"publish","type":"page","link":"https:\/\/stel.asu.cas.cz\/cs\/seminare\/seminar-oddeleni\/","title":{"rendered":"Semin\u00e1\u0159 Stel\u00e1rn\u00edho odd\u011blen\u00ed"},"content":{"rendered":"\n<h2 class=\"wp-block-heading\"><\/h2>\n\n\n\n<p>Kompletn\u00ed p\u0159ehled n\u00e1zv\u016f a abstrakt\u016f p\u0159edn\u00e1\u0161ek p\u0159ipravovan\u00fdch i uskute\u010dn\u011bn\u00fdch v r\u00e1mci Semin\u00e1\u0159e Stel\u00e1rn\u00edho odd\u011blen\u00ed najdete <a href=\"https:\/\/stel.asu.cas.cz\/en\/seminars\/department-seminars\/\">na anglick\u00fdch str\u00e1nk\u00e1ch<\/a>.<\/p>\n","protected":false},"excerpt":{"rendered":"<p>Kompletn\u00ed p\u0159ehled n\u00e1zv\u016f a abstrakt\u016f p\u0159edn\u00e1\u0161ek p\u0159ipravovan\u00fdch i uskute\u010dn\u011bn\u00fdch v r\u00e1mci Semin\u00e1\u0159e Stel\u00e1rn\u00edho odd\u011blen\u00ed najdete na anglick\u00fdch str\u00e1nk\u00e1ch.<\/p>\n","protected":false},"author":1,"featured_media":0,"parent":96,"menu_order":0,"comment_status":"closed","ping_status":"closed","template":"","meta":{"footnotes":""},"class_list":["post-269","page","type-page","status-publish","hentry"],"_links":{"self":[{"href":"https:\/\/stel.asu.cas.cz\/cs\/wp-json\/wp\/v2\/pages\/269","targetHints":{"allow":["GET"]}}],"collection":[{"href":"https:\/\/stel.asu.cas.cz\/cs\/wp-json\/wp\/v2\/pages"}],"about":[{"href":"https:\/\/stel.asu.cas.cz\/cs\/wp-json\/wp\/v2\/types\/page"}],"author":[{"embeddable":true,"href":"https:\/\/stel.asu.cas.cz\/cs\/wp-json\/wp\/v2\/users\/1"}],"replies":[{"embeddable":true,"href":"https:\/\/stel.asu.cas.cz\/cs\/wp-json\/wp\/v2\/comments?post=269"}],"version-history":[{"count":6,"href":"https:\/\/stel.asu.cas.cz\/cs\/wp-json\/wp\/v2\/pages\/269\/revisions"}],"predecessor-version":[{"id":1482,"href":"https:\/\/stel.asu.cas.cz\/cs\/wp-json\/wp\/v2\/pages\/269\/revisions\/1482"}],"up":[{"embeddable":true,"href":"https:\/\/stel.asu.cas.cz\/cs\/wp-json\/wp\/v2\/pages\/96"}],"wp:attachment":[{"href":"https:\/\/stel.asu.cas.cz\/cs\/wp-json\/wp\/v2\/media?parent=269"}],"curies":[{"name":"wp","href":"https:\/\/api.w.org\/{rel}","templated":true}]}}