{"id":351,"date":"2021-06-30T09:55:10","date_gmt":"2021-06-30T07:55:10","guid":{"rendered":"https:\/\/stel.asu.cas.cz\/cs\/?page_id=351"},"modified":"2024-06-03T09:15:53","modified_gmt":"2024-06-03T07:15:53","slug":"tv-a-media","status":"publish","type":"page","link":"https:\/\/stel.asu.cas.cz\/cs\/popularizace\/tv-a-media\/","title":{"rendered":"V m\u00e9di\u00edch"},"content":{"rendered":"\n<h2 class=\"wp-block-heading\" id=\"stelarni-oddeleni-v-mediich\">Stel\u00e1rn\u00ed odd\u011blen\u00ed v m\u00e9di\u00edch<\/h2>\n\n\n\n<h3 class=\"wp-block-heading\">2024<\/h3>\n\n\n\n<figure class=\"wp-block-image size-large\"><img loading=\"lazy\" decoding=\"async\" width=\"1024\" height=\"479\" src=\"https:\/\/stel.asu.cas.cz\/cs\/wp-content\/uploads\/2024\/06\/jelinek2024-noe-1024x479.jpg\" alt=\"\" class=\"wp-image-3095\" srcset=\"https:\/\/stel.asu.cas.cz\/cs\/wp-content\/uploads\/2024\/06\/jelinek2024-noe-1024x479.jpg 1024w, https:\/\/stel.asu.cas.cz\/cs\/wp-content\/uploads\/2024\/06\/jelinek2024-noe-300x140.jpg 300w, https:\/\/stel.asu.cas.cz\/cs\/wp-content\/uploads\/2024\/06\/jelinek2024-noe-768x359.jpg 768w, https:\/\/stel.asu.cas.cz\/cs\/wp-content\/uploads\/2024\/06\/jelinek2024-noe-18x8.jpg 18w, https:\/\/stel.asu.cas.cz\/cs\/wp-content\/uploads\/2024\/06\/jelinek2024-noe-24x11.jpg 24w, https:\/\/stel.asu.cas.cz\/cs\/wp-content\/uploads\/2024\/06\/jelinek2024-noe-36x17.jpg 36w, https:\/\/stel.asu.cas.cz\/cs\/wp-content\/uploads\/2024\/06\/jelinek2024-noe.jpg 1070w\" sizes=\"auto, (max-width: 1024px) 100vw, 1024px\" \/><\/figure>\n\n\n\n<p>Hostem po\u0159adu <a href=\"https:\/\/www.tvnoe.cz\/porad\/21167-hlubinami-vesmiru-s-dr-pavlem-koubskym-1-dil\" target=\"_blank\" rel=\"noreferrer noopener\">Hlubinami vesm\u00edru<\/a> (<a href=\"https:\/\/www.tvnoe.cz\/\" target=\"_blank\" rel=\"noreferrer noopener\">TV Noe<\/a>) byl Martin Jel\u00ednek ze Stel\u00e1rn\u00edho odd\u011blen\u00ed. Rozhovor je v\u011bnov\u00e1n astronomick\u00e9mu v\u00fdzkumu v oboru z\u00e1\u0159en\u00ed gama: <a href=\"https:\/\/www.tvnoe.cz\/porad\/40052-hlubinami-vesmiru-s-dr-martinem-jelinkem-gama-astronomie\" target=\"_blank\" rel=\"noreferrer noopener\">Video 1<\/a> (<em>Gama astronomie<\/em>, 4. kv\u011btna 2024); <a href=\"https:\/\/www.tvnoe.cz\/porad\/40252-hlubinami-vesmiru-s-dr-martinem-jelinkem-cerenkovovo-zareni-a-detekce-gama\" target=\"_blank\" rel=\"noreferrer noopener\">Video 2<\/a> (<em>\u010cerenkovovo z\u00e1\u0159en\u00ed a detekce gama<\/em>, 1. \u010dervna 2023) <\/p>\n\n\n\n<hr class=\"wp-block-separator has-text-color has-pale-cyan-blue-color has-alpha-channel-opacity has-pale-cyan-blue-background-color has-background\"\/>\n\n\n\n<figure class=\"wp-block-embed is-type-video is-provider-youtube wp-block-embed-youtube wp-embed-aspect-16-9 wp-has-aspect-ratio\"><div class=\"wp-block-embed__wrapper\">\n<iframe loading=\"lazy\" title=\"V z\u00e1\u0159i hv\u011bzd 224 - Exkurze Ond\u0159ejov\" width=\"640\" height=\"360\" src=\"https:\/\/www.youtube.com\/embed\/_yo290rzrKc?feature=oembed\" frameborder=\"0\" allow=\"accelerometer; autoplay; clipboard-write; encrypted-media; gyroscope; picture-in-picture; web-share\" referrerpolicy=\"strict-origin-when-cross-origin\" allowfullscreen><\/iframe>\n<\/div><\/figure>\n\n\n\n<p>\u010clenov\u00e9 Klubu mal\u00fdch hv\u011bzd\u00e1\u0159\u016f s doprovodem, n\u00e1v\u0161t\u011bvn\u00edci a t\u00fdm Hv\u011bzd\u00e1rny \u017debr\u00e1k na speci\u00e1ln\u00ed exkurzi do Astronomick\u00e9ho \u00fastavu v Ond\u0159ejov\u011b. Hosty prov\u00e1zel Pavel Suchan a o dal\u0161\u00ed v\u00fdklad se postarali mimo jin\u00e9 Jan \u0160trobl a Miroslav \u0160lechta ze Stel\u00e1rn\u00edho odd\u011blen\u00ed. (<a href=\"https:\/\/www.youtube.com\/watch?v=Iu_QQr3rWzg&amp;t=2s\" target=\"_blank\" rel=\"noreferrer noopener\">Video z produkce Hv\u011bzd\u00e1rny \u017debr\u00e1k<\/a>) <\/p>\n\n\n\n<hr class=\"wp-block-separator has-text-color has-pale-cyan-blue-color has-alpha-channel-opacity has-pale-cyan-blue-background-color has-background\"\/>\n\n\n\n<h3 class=\"wp-block-heading\">2023<\/h3>\n\n\n\n<figure class=\"wp-block-image size-full\"><img loading=\"lazy\" decoding=\"async\" width=\"909\" height=\"434\" src=\"https:\/\/stel.asu.cas.cz\/cs\/wp-content\/uploads\/2023\/05\/37279k1-skarka-noe.jpg\" alt=\"\" class=\"wp-image-2645\" srcset=\"https:\/\/stel.asu.cas.cz\/cs\/wp-content\/uploads\/2023\/05\/37279k1-skarka-noe.jpg 909w, https:\/\/stel.asu.cas.cz\/cs\/wp-content\/uploads\/2023\/05\/37279k1-skarka-noe-300x143.jpg 300w, https:\/\/stel.asu.cas.cz\/cs\/wp-content\/uploads\/2023\/05\/37279k1-skarka-noe-768x367.jpg 768w, https:\/\/stel.asu.cas.cz\/cs\/wp-content\/uploads\/2023\/05\/37279k1-skarka-noe-18x9.jpg 18w, https:\/\/stel.asu.cas.cz\/cs\/wp-content\/uploads\/2023\/05\/37279k1-skarka-noe-24x11.jpg 24w, https:\/\/stel.asu.cas.cz\/cs\/wp-content\/uploads\/2023\/05\/37279k1-skarka-noe-36x17.jpg 36w\" sizes=\"auto, (max-width: 909px) 100vw, 909px\" \/><\/figure>\n\n\n\n<p>V po\u0159adu <a href=\"https:\/\/www.tvnoe.cz\/porad\/21167-hlubinami-vesmiru-s-dr-pavlem-koubskym-1-dil\" target=\"_blank\" rel=\"noreferrer noopener\">Hlubinami vesm\u00edru<\/a> (<a href=\"https:\/\/www.tvnoe.cz\/\" target=\"_blank\" rel=\"noreferrer noopener\">TV Noe<\/a>) byl hostem&nbsp;Marek Skarka ze Stel\u00e1rn\u00edho odd\u011blen\u00ed. Rozhovor je v\u011bnov\u00e1n v\u00fdzkumu pulsuj\u00edc\u00edch hv\u011bzd a extrasol\u00e1rn\u00edch planet: <a href=\"https:\/\/www.tvnoe.cz\/porad\/37279-hlubinami-vesmiru-s-dr-markem-skarkou-pulsujici-hvezdy\" target=\"_blank\" rel=\"noreferrer noopener\">Video 1<\/a> (<em>Pulsuj\u00edc\u00ed hv\u011bzdy<\/em>, 6. kv\u011btna 2023); <a href=\"https:\/\/www.tvnoe.cz\/porad\/37483-hlubinami-vesmiru-dr-markem-skarkou-exoplanety\" target=\"_blank\" rel=\"noreferrer noopener\">Video 2<\/a> (<em>Exoplanety<\/em>, 3. \u010dervna 2023) <\/p>\n\n\n\n<hr class=\"wp-block-separator has-text-color has-pale-cyan-blue-color has-alpha-channel-opacity has-pale-cyan-blue-background-color has-background\"\/>\n\n\n\n<div class=\"wp-block-columns is-layout-flex wp-container-core-columns-is-layout-1 wp-block-columns-is-layout-flex\">\n<div class=\"wp-block-column is-layout-flow wp-block-column-is-layout-flow\">\n<figure class=\"wp-block-image size-medium is-resized\"><img loading=\"lazy\" decoding=\"async\" width=\"300\" height=\"294\" src=\"https:\/\/stel.asu.cas.cz\/cs\/wp-content\/uploads\/2023\/02\/brankicakubatova-zaprazi-1-300x294.jpg\" alt=\"\" class=\"wp-image-2598\" style=\"width:298px\" srcset=\"https:\/\/stel.asu.cas.cz\/cs\/wp-content\/uploads\/2023\/02\/brankicakubatova-zaprazi-1-300x294.jpg 300w, https:\/\/stel.asu.cas.cz\/cs\/wp-content\/uploads\/2023\/02\/brankicakubatova-zaprazi-1-18x18.jpg 18w, https:\/\/stel.asu.cas.cz\/cs\/wp-content\/uploads\/2023\/02\/brankicakubatova-zaprazi-1-24x24.jpg 24w, https:\/\/stel.asu.cas.cz\/cs\/wp-content\/uploads\/2023\/02\/brankicakubatova-zaprazi-1-36x36.jpg 36w, https:\/\/stel.asu.cas.cz\/cs\/wp-content\/uploads\/2023\/02\/brankicakubatova-zaprazi-1.jpg 596w\" sizes=\"auto, (max-width: 300px) 100vw, 300px\" \/><\/figure>\n<\/div>\n\n\n\n<div class=\"wp-block-column is-layout-flow wp-block-column-is-layout-flow\" style=\"flex-basis:60%\">\n<p>&#8222;U\u017e jako malou m\u011b vesm\u00edr fascinoval&#8220;, \u0159\u00edk\u00e1 vedouc\u00ed Stel\u00e1rn\u00edho odd\u011blen\u00ed Dr. Brankica Kub\u00e1tov\u00e1. Rozhovor s\u00a0n\u00ed si m\u016f\u017eete p\u0159e\u010d\u00edst v\u00a0\u00fanorov\u00e9m \u010d\u00edsle \u010dasopisu Z\u00e1pra\u017e\u00ed. (<a href=\"https:\/\/stel.asu.cas.cz\/cs\/wp-content\/uploads\/2023\/02\/zaprazi-01_02_2023_web.pdf\" target=\"_blank\" rel=\"noreferrer noopener\">Ke sta\u017een\u00ed<\/a>, pdf 11 MB)<\/p>\n<\/div>\n<\/div>\n\n\n\n<hr class=\"wp-block-separator has-text-color has-pale-cyan-blue-color has-alpha-channel-opacity has-pale-cyan-blue-background-color has-background\"\/>\n\n\n\n<h3 class=\"wp-block-heading\">2022<\/h3>\n\n\n\n<figure class=\"wp-block-image size-full\"><a href=\"https:\/\/www.ceskatelevize.cz\/porady\/10441294653-hyde-park-civilizace\/222411058091029\/\" target=\"_blank\" rel=\"noreferrer noopener\"><img loading=\"lazy\" decoding=\"async\" width=\"909\" height=\"434\" src=\"https:\/\/stel.asu.cas.cz\/cs\/wp-content\/uploads\/2022\/11\/kabath-HPC-29rijna2022.jpg\" alt=\"\" class=\"wp-image-2436\" srcset=\"https:\/\/stel.asu.cas.cz\/cs\/wp-content\/uploads\/2022\/11\/kabath-HPC-29rijna2022.jpg 909w, https:\/\/stel.asu.cas.cz\/cs\/wp-content\/uploads\/2022\/11\/kabath-HPC-29rijna2022-300x143.jpg 300w, https:\/\/stel.asu.cas.cz\/cs\/wp-content\/uploads\/2022\/11\/kabath-HPC-29rijna2022-768x367.jpg 768w, https:\/\/stel.asu.cas.cz\/cs\/wp-content\/uploads\/2022\/11\/kabath-HPC-29rijna2022-18x9.jpg 18w, https:\/\/stel.asu.cas.cz\/cs\/wp-content\/uploads\/2022\/11\/kabath-HPC-29rijna2022-24x11.jpg 24w, https:\/\/stel.asu.cas.cz\/cs\/wp-content\/uploads\/2022\/11\/kabath-HPC-29rijna2022-36x17.jpg 36w\" sizes=\"auto, (max-width: 909px) 100vw, 909px\" \/><\/a><\/figure>\n\n\n\n<p>Petr Kab\u00e1th, vedouc\u00ed pracovn\u00ed skupiny Extrasol\u00e1rn\u00ed planety Stel\u00e1rn\u00edho odd\u011blen\u00ed ASU, v po\u0159adu <a rel=\"noreferrer noopener\" href=\"https:\/\/www.ceskatelevize.cz\/porady\/10441294653-hyde-park-civilizace\/222411058091029\/\" target=\"_blank\">Hyde Park Civilizace<\/a> (premi\u00e9ra 29. \u0159\u00edjna, \u010cT24).  <\/p>\n\n\n\n<hr class=\"wp-block-separator has-text-color has-pale-cyan-blue-color has-alpha-channel-opacity has-pale-cyan-blue-background-color has-background\"\/>\n\n\n\n<figure class=\"wp-block-image size-large\"><a href=\"https:\/\/www.ceskatelevize.cz\/porady\/1096902795-studio-6\/222411010100823\/\" target=\"_blank\" rel=\"noopener\"><img loading=\"lazy\" decoding=\"async\" width=\"1024\" height=\"504\" src=\"https:\/\/stel.asu.cas.cz\/cs\/wp-content\/uploads\/2022\/08\/Screenshot_ct-perek2m-55let-1024x504.png\" alt=\"\" class=\"wp-image-2378\" srcset=\"https:\/\/stel.asu.cas.cz\/cs\/wp-content\/uploads\/2022\/08\/Screenshot_ct-perek2m-55let-1024x504.png 1024w, https:\/\/stel.asu.cas.cz\/cs\/wp-content\/uploads\/2022\/08\/Screenshot_ct-perek2m-55let-300x148.png 300w, https:\/\/stel.asu.cas.cz\/cs\/wp-content\/uploads\/2022\/08\/Screenshot_ct-perek2m-55let-768x378.png 768w, https:\/\/stel.asu.cas.cz\/cs\/wp-content\/uploads\/2022\/08\/Screenshot_ct-perek2m-55let-1536x755.png 1536w, https:\/\/stel.asu.cas.cz\/cs\/wp-content\/uploads\/2022\/08\/Screenshot_ct-perek2m-55let-2048x1007.png 2048w, https:\/\/stel.asu.cas.cz\/cs\/wp-content\/uploads\/2022\/08\/Screenshot_ct-perek2m-55let-18x9.png 18w, https:\/\/stel.asu.cas.cz\/cs\/wp-content\/uploads\/2022\/08\/Screenshot_ct-perek2m-55let-24x12.png 24w, https:\/\/stel.asu.cas.cz\/cs\/wp-content\/uploads\/2022\/08\/Screenshot_ct-perek2m-55let-36x18.png 36w\" sizes=\"auto, (max-width: 1024px) 100vw, 1024px\" \/><\/a><\/figure>\n\n\n\n<p>P\u0159ipomenut\u00ed 55. v\u00fdro\u010d\u00ed ofici\u00e1ln\u00edho otev\u0159en\u00ed Perkova dalekohledu:<\/p>\n\n\n\n<ul class=\"wp-block-list\">\n<li><a rel=\"noreferrer noopener\" href=\"https:\/\/www.ceskatelevize.cz\/porady\/1096902795-studio-6\/222411010100823\/\" target=\"_blank\">Dobr\u00e9 r\u00e1no \u010cesk\u00e9 televize, 23. srpna 2022<\/a><\/li>\n\n\n\n<li><a rel=\"noreferrer noopener\" href=\"https:\/\/program.rozhlas.cz\/zaznamy#\/radiozurnal\/25\/2022-08-23\" target=\"_blank\">\u010cesk\u00fd rozhlas 1 &#8211; Radio\u017eurn\u00e1l: rozhovor s Miroslavem \u0160lechtou<\/a> (v \u010dase 5:37:58)<\/li>\n<\/ul>\n\n\n\n<hr class=\"wp-block-separator has-text-color has-pale-cyan-blue-color has-css-opacity has-pale-cyan-blue-background-color has-background\"\/>\n\n\n\n<p><\/p>\n\n\n\n<figure class=\"wp-block-image size-large\"><img loading=\"lazy\" decoding=\"async\" width=\"1024\" height=\"429\" src=\"https:\/\/stel.asu.cas.cz\/cs\/wp-content\/uploads\/2022\/07\/ILMT-Top-View-1024x429.jpg\" alt=\"\" class=\"wp-image-2345\" srcset=\"https:\/\/stel.asu.cas.cz\/cs\/wp-content\/uploads\/2022\/07\/ILMT-Top-View-1024x429.jpg 1024w, https:\/\/stel.asu.cas.cz\/cs\/wp-content\/uploads\/2022\/07\/ILMT-Top-View-300x126.jpg 300w, https:\/\/stel.asu.cas.cz\/cs\/wp-content\/uploads\/2022\/07\/ILMT-Top-View-768x322.jpg 768w, https:\/\/stel.asu.cas.cz\/cs\/wp-content\/uploads\/2022\/07\/ILMT-Top-View-1536x643.jpg 1536w, https:\/\/stel.asu.cas.cz\/cs\/wp-content\/uploads\/2022\/07\/ILMT-Top-View-2048x858.jpg 2048w, https:\/\/stel.asu.cas.cz\/cs\/wp-content\/uploads\/2022\/07\/ILMT-Top-View-18x8.jpg 18w, https:\/\/stel.asu.cas.cz\/cs\/wp-content\/uploads\/2022\/07\/ILMT-Top-View-24x10.jpg 24w, https:\/\/stel.asu.cas.cz\/cs\/wp-content\/uploads\/2022\/07\/ILMT-Top-View-36x15.jpg 36w\" sizes=\"auto, (max-width: 1024px) 100vw, 1024px\" \/><figcaption class=\"wp-element-caption\">Kredit: <a rel=\"noreferrer noopener\" href=\"https:\/\/www.aries.res.in\/facilities\/astronomical-telescopes\/ilmt?fbclid=IwAR2HwvMZ2MFmIeKl5iueS2NjyLQnaacgwirnMulM12AxZT2cb-O0JtEcBGE\" target=\"_blank\">The \u200b4 m \u200bInternational \u200bLiquid Mirror \u200bTelescope<\/a> <\/figcaption><\/figure>\n\n\n\n<p>Nov\u00fd 4 metrov\u00fd mezin\u00e1rodn\u00ed teleskop s tekut\u00fdm zrcadlem popisuje na \u010cesk\u00e9m rozhlasu Plus Dr. Petr \u0160koda ze Stel\u00e1rn\u00edho odd\u011blen\u00ed Astronomick\u00e9ho \u00fastavu AV \u010cR &#8211; <a rel=\"noreferrer noopener\" href=\"https:\/\/program.rozhlas.cz\/zaznamy?fbclid=IwAR1x0Idga4pKYq7CtCflfd582GK-6QMCbzqfNRiFnk2Fp-X0GVfxqxsFVZE#\/plus\/2022-06-16\" target=\"_blank\">https:\/\/program.rozhlas.cz\/zaznamy#\/plus\/2022-06-16<\/a> (v \u010dase od 7:25:50).<\/p>\n\n\n\n<hr class=\"wp-block-separator has-text-color has-pale-cyan-blue-color has-css-opacity has-pale-cyan-blue-background-color has-background\"\/>\n\n\n\n<figure class=\"wp-block-image size-large\"><a href=\"https:\/\/www.ceskatelevize.cz\/porady\/1096902795-studio-6\/222411010100615\/cast\/918896\/?fbclid=IwAR0O6zLK31mGdviPpDLxCrawJd2ziXkRxMGmRsuMAdFXrjd6BM3Z4tDFDz8\" target=\"_blank\" rel=\"noopener\"><img loading=\"lazy\" decoding=\"async\" width=\"1024\" height=\"484\" src=\"https:\/\/stel.asu.cas.cz\/cs\/wp-content\/uploads\/2022\/07\/gaia-skoda-CT-1024x484.jpg\" alt=\"\" class=\"wp-image-2341\" srcset=\"https:\/\/stel.asu.cas.cz\/cs\/wp-content\/uploads\/2022\/07\/gaia-skoda-CT-1024x484.jpg 1024w, https:\/\/stel.asu.cas.cz\/cs\/wp-content\/uploads\/2022\/07\/gaia-skoda-CT-300x142.jpg 300w, https:\/\/stel.asu.cas.cz\/cs\/wp-content\/uploads\/2022\/07\/gaia-skoda-CT-768x363.jpg 768w, https:\/\/stel.asu.cas.cz\/cs\/wp-content\/uploads\/2022\/07\/gaia-skoda-CT-1536x726.jpg 1536w, https:\/\/stel.asu.cas.cz\/cs\/wp-content\/uploads\/2022\/07\/gaia-skoda-CT-2048x968.jpg 2048w, https:\/\/stel.asu.cas.cz\/cs\/wp-content\/uploads\/2022\/07\/gaia-skoda-CT-18x9.jpg 18w, https:\/\/stel.asu.cas.cz\/cs\/wp-content\/uploads\/2022\/07\/gaia-skoda-CT-24x11.jpg 24w, https:\/\/stel.asu.cas.cz\/cs\/wp-content\/uploads\/2022\/07\/gaia-skoda-CT-36x17.jpg 36w\" sizes=\"auto, (max-width: 1024px) 100vw, 1024px\" \/><\/a><\/figure>\n\n\n\n<p><strong>Nov\u00e1 hv\u011bzdn\u00e1 mapa z teleskopu Gaia<\/strong> &#8230; koment\u00e1\u0159 Petra \u0160kody ze Stel\u00e1rn\u00edho odd\u011blen\u00ed v <a href=\"https:\/\/www.ceskatelevize.cz\/porady\/1096902795-studio-6\/222411010100615\/cast\/918896\/?fbclid=IwAR0O6zLK31mGdviPpDLxCrawJd2ziXkRxMGmRsuMAdFXrjd6BM3Z4tDFDz8\" target=\"_blank\" rel=\"noreferrer noopener\">Dobr\u00e9m r\u00e1nu \u010cesk\u00e9 televize<\/a>.<\/p>\n\n\n\n<hr class=\"wp-block-separator has-text-color has-pale-cyan-blue-color has-css-opacity has-pale-cyan-blue-background-color has-background\"\/>\n\n\n\n<figure class=\"wp-block-embed is-type-rich is-provider-spotify wp-block-embed-spotify wp-embed-aspect-21-9 wp-has-aspect-ratio\"><div class=\"wp-block-embed__wrapper\">\n<iframe title=\"Spotify Embed: Jak se d\u00e1 um\u011bl\u00e1 inteligence vyu\u017e\u00edt p\u0159i pozorov\u00e1n\u00ed vesm\u00edru?\" style=\"border-radius: 12px\" width=\"100%\" height=\"152\" frameborder=\"0\" allowfullscreen allow=\"autoplay; clipboard-write; encrypted-media; fullscreen; picture-in-picture\" loading=\"lazy\" src=\"https:\/\/open.spotify.com\/embed\/episode\/0jzA8AFDzIezeMlKZizhNP?utm_source=oembed\"><\/iframe>\n<\/div><\/figure>\n\n\n\n<p><strong>Jak se d\u00e1 um\u011bl\u00e1 inteligence vyu\u017e\u00edt p\u0159i pozorov\u00e1n\u00ed vesm\u00edru?<\/strong> &#8230; Co maj\u00ed spole\u010dn\u00e9ho informa\u010dn\u00ed technologie a astronomie? &#8230; Astroinformatik RNDr. Petr \u0160koda, CSc ze Stel\u00e1rn\u00e9ho odd\u011blen\u00ed ASU v rozhovoru pro <a rel=\"noreferrer noopener\" href=\"https:\/\/fit.cvut.cz\/cs\/zivot-na-fit\/aktualne\/podcast\" target=\"_blank\">Podcast Jedni\u010dky a Nuly<\/a> (FIT \u010cVUT v Praze).<\/p>\n\n\n\n<hr class=\"wp-block-separator has-text-color has-pale-cyan-blue-color has-css-opacity has-pale-cyan-blue-background-color has-background\"\/>\n\n\n\n<figure class=\"wp-block-embed is-type-video is-provider-youtube wp-block-embed-youtube wp-embed-aspect-16-9 wp-has-aspect-ratio\"><div class=\"wp-block-embed__wrapper\">\n<iframe loading=\"lazy\" title=\"V z\u00e1\u0159i hv\u011bzd 111 - Objevy z Ond\u0159ejova\" width=\"640\" height=\"360\" src=\"https:\/\/www.youtube.com\/embed\/Iu_QQr3rWzg?start=2&#038;feature=oembed\" frameborder=\"0\" allow=\"accelerometer; autoplay; clipboard-write; encrypted-media; gyroscope; picture-in-picture; web-share\" referrerpolicy=\"strict-origin-when-cross-origin\" allowfullscreen><\/iframe>\n<\/div><\/figure>\n\n\n\n<p id=\"v-zari-hvezd-111-objevy-perkova-dalekohledu\"><strong>V z\u00e1\u0159i hv\u011bzd 111 &#8211; Objevy Perkova dalekohledu<\/strong>: Jak\u00e9 v\u011bdeck\u00e9 \u00fasp\u011bchy si p\u0159ipsal nejv\u011bt\u0161\u00ed \u010desk\u00fd dalekohled v Ond\u0159ejov\u011b? Dva z nich si vybral RNDr. Miroslav \u0160lechta, Ph.D. ze Stel\u00e1rn\u00edho odd\u011blen\u00ed. <a rel=\"noreferrer noopener\" href=\"https:\/\/www.youtube.com\/watch?v=Iu_QQr3rWzg&amp;t=2s\" target=\"_blank\">Video z produkce Hv\u011bzd\u00e1rny \u017debr\u00e1k<\/a> <\/p>\n\n\n\n<hr class=\"wp-block-separator has-text-color has-pale-cyan-blue-color has-css-opacity has-pale-cyan-blue-background-color has-background\"\/>\n\n\n\n<figure class=\"wp-block-embed is-type-video is-provider-youtube wp-block-embed-youtube wp-embed-aspect-16-9 wp-has-aspect-ratio\"><div class=\"wp-block-embed__wrapper\">\n<iframe loading=\"lazy\" title=\"Czech Space News podcast #11 \u2013\u2060 Petr Kab\u00e1th\" width=\"640\" height=\"360\" src=\"https:\/\/www.youtube.com\/embed\/u1tIDLjLcck?feature=oembed\" frameborder=\"0\" allow=\"accelerometer; autoplay; clipboard-write; encrypted-media; gyroscope; picture-in-picture; web-share\" referrerpolicy=\"strict-origin-when-cross-origin\" allowfullscreen><\/iframe>\n<\/div><\/figure>\n\n\n\n<p id=\"podcast-czech-space-news\"><strong>Podcast Czech Space News<\/strong>: <a href=\"https:\/\/stel.asu.cas.cz\/en\/extrasolar-planet-research\/extrasolar-members\/#kabath\">Petr Kab\u00e1th<\/a> ze Stel\u00e1rn\u00edho odd\u011blen\u00ed pov\u00edd\u00e1 v podcastu Czech Space News o v\u00fdzkumu exoplanet Perkov\u00fdm dalekohledem a teleskopem ESO na observato\u0159i La Silla v Chile rekonstruovan\u00fdm v r\u00e1mci projektu PLATOSpec: <a rel=\"noreferrer noopener\" href=\"https:\/\/www.youtube.com\/watch?v=u1tIDLjLcck\" target=\"_blank\">Video<\/a><\/p>\n\n\n\n<hr class=\"wp-block-separator has-text-color has-pale-cyan-blue-color has-css-opacity has-pale-cyan-blue-background-color has-background\"\/>\n\n\n\n<h4 class=\"wp-block-heading\">Archiv<\/h4>\n\n\n\n<p>Odkazy na star\u0161\u00ed zm\u00ednky o Stel\u00e1rn\u00edm odd\u011blen\u00ed v m\u00e9di\u00edch <a href=\"https:\/\/stel.asu.cas.cz\/cs\/popularizace\/tv-a-media\/media-archiv\">naleznete v Archivu<\/a>.<\/p>\n","protected":false},"excerpt":{"rendered":"<p>Stel\u00e1rn\u00ed odd\u011blen\u00ed v m\u00e9di\u00edch 2024 Hostem po\u0159adu Hlubinami vesm\u00edru (TV Noe) byl Martin Jel\u00ednek ze Stel\u00e1rn\u00edho odd\u011blen\u00ed. Rozhovor je v\u011bnov\u00e1n astronomick\u00e9mu v\u00fdzkumu v oboru z\u00e1\u0159en\u00ed<\/p>\n","protected":false},"author":1,"featured_media":0,"parent":99,"menu_order":0,"comment_status":"closed","ping_status":"closed","template":"","meta":{"footnotes":""},"class_list":["post-351","page","type-page","status-publish","hentry"],"_links":{"self":[{"href":"https:\/\/stel.asu.cas.cz\/cs\/wp-json\/wp\/v2\/pages\/351","targetHints":{"allow":["GET"]}}],"collection":[{"href":"https:\/\/stel.asu.cas.cz\/cs\/wp-json\/wp\/v2\/pages"}],"about":[{"href":"https:\/\/stel.asu.cas.cz\/cs\/wp-json\/wp\/v2\/types\/page"}],"author":[{"embeddable":true,"href":"https:\/\/stel.asu.cas.cz\/cs\/wp-json\/wp\/v2\/users\/1"}],"replies":[{"embeddable":true,"href":"https:\/\/stel.asu.cas.cz\/cs\/wp-json\/wp\/v2\/comments?post=351"}],"version-history":[{"count":76,"href":"https:\/\/stel.asu.cas.cz\/cs\/wp-json\/wp\/v2\/pages\/351\/revisions"}],"predecessor-version":[{"id":3100,"href":"https:\/\/stel.asu.cas.cz\/cs\/wp-json\/wp\/v2\/pages\/351\/revisions\/3100"}],"up":[{"embeddable":true,"href":"https:\/\/stel.asu.cas.cz\/cs\/wp-json\/wp\/v2\/pages\/99"}],"wp:attachment":[{"href":"https:\/\/stel.asu.cas.cz\/cs\/wp-json\/wp\/v2\/media?parent=351"}],"curies":[{"name":"wp","href":"https:\/\/api.w.org\/{rel}","templated":true}]}}