{"id":356,"date":"2021-06-30T10:03:14","date_gmt":"2021-06-30T08:03:14","guid":{"rendered":"https:\/\/stel.asu.cas.cz\/cs\/?page_id=356"},"modified":"2021-07-28T22:23:22","modified_gmt":"2021-07-28T20:23:22","slug":"prednasky-pro-verejnost","status":"publish","type":"page","link":"https:\/\/stel.asu.cas.cz\/cs\/popularizace\/prednasky-pro-verejnost\/","title":{"rendered":"P\u0159edn\u00e1\u0161ky pro ve\u0159ejnost"},"content":{"rendered":"\n<div class=\"wp-block-columns is-layout-flex wp-container-core-columns-is-layout-1 wp-block-columns-is-layout-flex\">\n<div class=\"wp-block-column is-layout-flow wp-block-column-is-layout-flow\">\n<figure class=\"wp-block-image size-large\"><img loading=\"lazy\" decoding=\"async\" width=\"1024\" height=\"576\" src=\"https:\/\/stel.asu.cas.cz\/cs\/wp-content\/uploads\/2021\/07\/skodap-1024x576.jpg\" alt=\"\" class=\"wp-image-975\" srcset=\"https:\/\/stel.asu.cas.cz\/cs\/wp-content\/uploads\/2021\/07\/skodap-1024x576.jpg 1024w, https:\/\/stel.asu.cas.cz\/cs\/wp-content\/uploads\/2021\/07\/skodap-300x169.jpg 300w, https:\/\/stel.asu.cas.cz\/cs\/wp-content\/uploads\/2021\/07\/skodap-768x432.jpg 768w, https:\/\/stel.asu.cas.cz\/cs\/wp-content\/uploads\/2021\/07\/skodap.jpg 1280w\" sizes=\"auto, (max-width: 1024px) 100vw, 1024px\" \/><\/figure>\n<\/div>\n\n\n\n<div class=\"wp-block-column is-layout-flow wp-block-column-is-layout-flow\">\n<p><a href=\"https:\/\/www.youtube.com\/watch?v=W-KWuQaI7Ew\"><strong>Astroinformatika<\/strong><\/a> (<a href=\"https:\/\/stel.asu.cas.cz\/cs\/fyzika-horkych-hvezd\/lide\/#skoda\">Petr \u0160koda<\/a>)<\/p>\n<\/div>\n<\/div>\n\n\n\n<div class=\"wp-block-columns is-layout-flex wp-container-core-columns-is-layout-2 wp-block-columns-is-layout-flex\">\n<div class=\"wp-block-column is-layout-flow wp-block-column-is-layout-flow\">\n<figure class=\"wp-block-image size-large\"><img loading=\"lazy\" decoding=\"async\" width=\"1024\" height=\"576\" src=\"https:\/\/stel.asu.cas.cz\/cs\/wp-content\/uploads\/2021\/07\/kubatj-1024x576.jpg\" alt=\"\" class=\"wp-image-974\" srcset=\"https:\/\/stel.asu.cas.cz\/cs\/wp-content\/uploads\/2021\/07\/kubatj-1024x576.jpg 1024w, https:\/\/stel.asu.cas.cz\/cs\/wp-content\/uploads\/2021\/07\/kubatj-300x169.jpg 300w, https:\/\/stel.asu.cas.cz\/cs\/wp-content\/uploads\/2021\/07\/kubatj-768x432.jpg 768w, https:\/\/stel.asu.cas.cz\/cs\/wp-content\/uploads\/2021\/07\/kubatj.jpg 1280w\" sizes=\"auto, (max-width: 1024px) 100vw, 1024px\" \/><\/figure>\n<\/div>\n\n\n\n<div class=\"wp-block-column is-layout-flow wp-block-column-is-layout-flow\">\n<p><a href=\"https:\/\/www.youtube.com\/watch?v=_u2CLx61EUk\"><strong>Hv\u011bzdn\u00e9 atmosf\u00e9ry a chemick\u00e9 slo\u017een\u00ed vesm\u00edru<\/strong><\/a> (<a href=\"https:\/\/stel.asu.cas.cz\/cs\/fyzika-horkych-hvezd\/lide\/#kubat\">Ji\u0159\u00ed Kub\u00e1t<\/a>)<\/p>\n<\/div>\n<\/div>\n\n\n\n<div class=\"wp-block-columns is-layout-flex wp-container-core-columns-is-layout-3 wp-block-columns-is-layout-flex\">\n<div class=\"wp-block-column is-layout-flow wp-block-column-is-layout-flow\">\n<figure class=\"wp-block-image size-large\"><img loading=\"lazy\" decoding=\"async\" width=\"1024\" height=\"702\" src=\"https:\/\/stel.asu.cas.cz\/cs\/wp-content\/uploads\/2021\/07\/jelinek-1024x702.png\" alt=\"\" class=\"wp-image-973\" srcset=\"https:\/\/stel.asu.cas.cz\/cs\/wp-content\/uploads\/2021\/07\/jelinek-1024x702.png 1024w, https:\/\/stel.asu.cas.cz\/cs\/wp-content\/uploads\/2021\/07\/jelinek-300x206.png 300w, https:\/\/stel.asu.cas.cz\/cs\/wp-content\/uploads\/2021\/07\/jelinek-768x527.png 768w, https:\/\/stel.asu.cas.cz\/cs\/wp-content\/uploads\/2021\/07\/jelinek.png 1242w\" sizes=\"auto, (max-width: 1024px) 100vw, 1024px\" \/><\/figure>\n<\/div>\n\n\n\n<div class=\"wp-block-column is-layout-flow wp-block-column-is-layout-flow\">\n<p><strong><a href=\"https:\/\/www.youtube.com\/watch?v=ZEC8Jpr4DZA&amp;feature=youtu.be\">Pozorov\u00e1n\u00ed z\u00e1blesk\u016f z\u00e1\u0159en\u00ed gama v dob\u011b gravita\u010dn\u00ed<\/a><\/strong> (<a href=\"https:\/\/stel.asu.cas.cz\/cs\/astrofyzika-vysokych-energii\/lide\/#jelinek\">Martin Jel\u00ednek<\/a>)<\/p>\n<\/div>\n<\/div>\n\n\n\n<div class=\"wp-block-columns is-layout-flex wp-container-core-columns-is-layout-4 wp-block-columns-is-layout-flex\">\n<div class=\"wp-block-column is-layout-flow wp-block-column-is-layout-flow\">\n<figure class=\"wp-block-image size-large\"><img loading=\"lazy\" decoding=\"async\" width=\"1024\" height=\"576\" src=\"https:\/\/stel.asu.cas.cz\/cs\/wp-content\/uploads\/2021\/07\/mariek2-1024x576.jpg\" alt=\"\" class=\"wp-image-979\" srcset=\"https:\/\/stel.asu.cas.cz\/cs\/wp-content\/uploads\/2021\/07\/mariek2-1024x576.jpg 1024w, https:\/\/stel.asu.cas.cz\/cs\/wp-content\/uploads\/2021\/07\/mariek2-300x169.jpg 300w, https:\/\/stel.asu.cas.cz\/cs\/wp-content\/uploads\/2021\/07\/mariek2-768x432.jpg 768w, https:\/\/stel.asu.cas.cz\/cs\/wp-content\/uploads\/2021\/07\/mariek2.jpg 1280w\" sizes=\"auto, (max-width: 1024px) 100vw, 1024px\" \/><\/figure>\n<\/div>\n\n\n\n<div class=\"wp-block-column is-layout-flow wp-block-column-is-layout-flow\">\n<p><a href=\"https:\/\/www.youtube.com\/watch?v=nQFq887Y9hM\"><strong>Observato\u0159e na ostrov\u011b La Palma<\/strong><\/a> (<a href=\"https:\/\/stel.asu.cas.cz\/cs\/vyzkum-extrasolarnich-planet\/lide\/#karjalainen_m\">Marie Karjalainen<\/a>)<\/p>\n<\/div>\n<\/div>\n\n\n\n<div class=\"wp-block-columns is-layout-flex wp-container-core-columns-is-layout-5 wp-block-columns-is-layout-flex\">\n<div class=\"wp-block-column is-layout-flow wp-block-column-is-layout-flow\">\n<figure class=\"wp-block-image size-large\"><img loading=\"lazy\" decoding=\"async\" width=\"1024\" height=\"576\" src=\"https:\/\/stel.asu.cas.cz\/cs\/wp-content\/uploads\/2021\/07\/marek2-1024x576.jpg\" alt=\"\" class=\"wp-image-972\" srcset=\"https:\/\/stel.asu.cas.cz\/cs\/wp-content\/uploads\/2021\/07\/marek2-1024x576.jpg 1024w, https:\/\/stel.asu.cas.cz\/cs\/wp-content\/uploads\/2021\/07\/marek2-300x169.jpg 300w, https:\/\/stel.asu.cas.cz\/cs\/wp-content\/uploads\/2021\/07\/marek2-768x432.jpg 768w, https:\/\/stel.asu.cas.cz\/cs\/wp-content\/uploads\/2021\/07\/marek2.jpg 1280w\" sizes=\"auto, (max-width: 1024px) 100vw, 1024px\" \/><\/figure>\n<\/div>\n\n\n\n<div class=\"wp-block-column is-layout-flow wp-block-column-is-layout-flow\">\n<p><a href=\"https:\/\/www.youtube.com\/watch?v=BFRpfYREoXU\"><strong>Exoplanety z vesm\u00edru<\/strong><\/a><br>(<a href=\"https:\/\/stel.asu.cas.cz\/cs\/vyzkum-extrasolarnich-planet\/lide\/#skarka\">Marek Skarka<\/a>)<\/p>\n<\/div>\n<\/div>\n\n\n\n<div class=\"wp-block-columns is-layout-flex wp-container-core-columns-is-layout-6 wp-block-columns-is-layout-flex\">\n<div class=\"wp-block-column is-layout-flow wp-block-column-is-layout-flow\">\n<figure class=\"wp-block-image size-large\"><img loading=\"lazy\" decoding=\"async\" width=\"800\" height=\"534\" src=\"https:\/\/stel.asu.cas.cz\/cs\/wp-content\/uploads\/2021\/07\/petrk.jpg\" alt=\"\" class=\"wp-image-971\" srcset=\"https:\/\/stel.asu.cas.cz\/cs\/wp-content\/uploads\/2021\/07\/petrk.jpg 800w, https:\/\/stel.asu.cas.cz\/cs\/wp-content\/uploads\/2021\/07\/petrk-300x200.jpg 300w, https:\/\/stel.asu.cas.cz\/cs\/wp-content\/uploads\/2021\/07\/petrk-768x513.jpg 768w\" sizes=\"auto, (max-width: 800px) 100vw, 800px\" \/><\/figure>\n<\/div>\n\n\n\n<div class=\"wp-block-column is-layout-flow wp-block-column-is-layout-flow\">\n<p><a href=\"https:\/\/www.youtube.com\/watch?v=M0ouOqGqwnI&amp;feature=emb_title\"><strong>Modern\u00ed astronomick\u00e9 observato\u0159e nejen v Chile<\/strong><\/a> (<a href=\"https:\/\/stel.asu.cas.cz\/cs\/vyzkum-extrasolarnich-planet\/lide\/#kabath\">Petr Kab\u00e1th<\/a>)<\/p>\n<\/div>\n<\/div>\n\n\n\n<div class=\"wp-block-columns is-layout-flex wp-container-core-columns-is-layout-7 wp-block-columns-is-layout-flex\">\n<div class=\"wp-block-column is-layout-flow wp-block-column-is-layout-flow\">\n<figure class=\"wp-block-image size-large\"><img loading=\"lazy\" decoding=\"async\" width=\"1024\" height=\"501\" src=\"https:\/\/stel.asu.cas.cz\/cs\/wp-content\/uploads\/2021\/07\/kabathp-1024x501.png\" alt=\"\" class=\"wp-image-970\" srcset=\"https:\/\/stel.asu.cas.cz\/cs\/wp-content\/uploads\/2021\/07\/kabathp-1024x501.png 1024w, https:\/\/stel.asu.cas.cz\/cs\/wp-content\/uploads\/2021\/07\/kabathp-300x147.png 300w, https:\/\/stel.asu.cas.cz\/cs\/wp-content\/uploads\/2021\/07\/kabathp-768x376.png 768w, https:\/\/stel.asu.cas.cz\/cs\/wp-content\/uploads\/2021\/07\/kabathp-1536x752.png 1536w, https:\/\/stel.asu.cas.cz\/cs\/wp-content\/uploads\/2021\/07\/kabathp.png 1628w\" sizes=\"auto, (max-width: 1024px) 100vw, 1024px\" \/><\/figure>\n<\/div>\n\n\n\n<div class=\"wp-block-column is-layout-flow wp-block-column-is-layout-flow\">\n<p><a href=\"https:\/\/www.youtube.com\/watch?v=rbXFR8572Z4\"><strong>Kde a jak hledat \u017eivot ve vem\u00edru? A jak mohl vzniknout?<\/strong><\/a> (<a href=\"https:\/\/stel.asu.cas.cz\/cs\/vyzkum-extrasolarnich-planet\/lide\/#kabath\">Petr Kab\u00e1th<\/a>)<\/p>\n<\/div>\n<\/div>\n\n\n\n<div class=\"wp-block-columns is-layout-flex wp-container-core-columns-is-layout-8 wp-block-columns-is-layout-flex\">\n<div class=\"wp-block-column is-layout-flow wp-block-column-is-layout-flow\">\n<figure class=\"wp-block-image size-large\"><img loading=\"lazy\" decoding=\"async\" width=\"1024\" height=\"636\" src=\"https:\/\/stel.asu.cas.cz\/cs\/wp-content\/uploads\/2021\/07\/kabath2-1024x636.png\" alt=\"\" class=\"wp-image-969\" srcset=\"https:\/\/stel.asu.cas.cz\/cs\/wp-content\/uploads\/2021\/07\/kabath2-1024x636.png 1024w, https:\/\/stel.asu.cas.cz\/cs\/wp-content\/uploads\/2021\/07\/kabath2-300x186.png 300w, https:\/\/stel.asu.cas.cz\/cs\/wp-content\/uploads\/2021\/07\/kabath2-768x477.png 768w, https:\/\/stel.asu.cas.cz\/cs\/wp-content\/uploads\/2021\/07\/kabath2-1536x954.png 1536w, https:\/\/stel.asu.cas.cz\/cs\/wp-content\/uploads\/2021\/07\/kabath2.png 1543w\" sizes=\"auto, (max-width: 1024px) 100vw, 1024px\" \/><\/figure>\n<\/div>\n\n\n\n<div class=\"wp-block-column is-layout-flow wp-block-column-is-layout-flow\">\n<p><a href=\"https:\/\/www.youtube.com\/watch?v=EeJCBgp1IvM\"><strong>V\u00fdzkum exoplanet v dob\u011b kosmick\u00fdch mis\u00ed TESS, PLATO a ARIEL<\/strong><\/a> (<a href=\"https:\/\/stel.asu.cas.cz\/cs\/vyzkum-extrasolarnich-planet\/lide\/#kabath\">Petr Kab\u00e1th<\/a>)<\/p>\n<\/div>\n<\/div>\n","protected":false},"excerpt":{"rendered":"<p>Astroinformatika (Petr \u0160koda) Hv\u011bzdn\u00e9 atmosf\u00e9ry a chemick\u00e9 slo\u017een\u00ed vesm\u00edru (Ji\u0159\u00ed Kub\u00e1t) Pozorov\u00e1n\u00ed z\u00e1blesk\u016f z\u00e1\u0159en\u00ed gama v dob\u011b gravita\u010dn\u00ed (Martin Jel\u00ednek) Observato\u0159e na ostrov\u011b La Palma<\/p>\n","protected":false},"author":1,"featured_media":0,"parent":99,"menu_order":0,"comment_status":"closed","ping_status":"closed","template":"","meta":{"footnotes":""},"class_list":["post-356","page","type-page","status-publish","hentry"],"_links":{"self":[{"href":"https:\/\/stel.asu.cas.cz\/cs\/wp-json\/wp\/v2\/pages\/356","targetHints":{"allow":["GET"]}}],"collection":[{"href":"https:\/\/stel.asu.cas.cz\/cs\/wp-json\/wp\/v2\/pages"}],"about":[{"href":"https:\/\/stel.asu.cas.cz\/cs\/wp-json\/wp\/v2\/types\/page"}],"author":[{"embeddable":true,"href":"https:\/\/stel.asu.cas.cz\/cs\/wp-json\/wp\/v2\/users\/1"}],"replies":[{"embeddable":true,"href":"https:\/\/stel.asu.cas.cz\/cs\/wp-json\/wp\/v2\/comments?post=356"}],"version-history":[{"count":16,"href":"https:\/\/stel.asu.cas.cz\/cs\/wp-json\/wp\/v2\/pages\/356\/revisions"}],"predecessor-version":[{"id":999,"href":"https:\/\/stel.asu.cas.cz\/cs\/wp-json\/wp\/v2\/pages\/356\/revisions\/999"}],"up":[{"embeddable":true,"href":"https:\/\/stel.asu.cas.cz\/cs\/wp-json\/wp\/v2\/pages\/99"}],"wp:attachment":[{"href":"https:\/\/stel.asu.cas.cz\/cs\/wp-json\/wp\/v2\/media?parent=356"}],"curies":[{"name":"wp","href":"https:\/\/api.w.org\/{rel}","templated":true}]}}