{"id":360,"date":"2021-06-30T10:05:23","date_gmt":"2021-06-30T08:05:23","guid":{"rendered":"https:\/\/stel.asu.cas.cz\/cs\/?page_id=360"},"modified":"2024-10-15T10:07:55","modified_gmt":"2024-10-15T08:07:55","slug":"video","status":"publish","type":"page","link":"https:\/\/stel.asu.cas.cz\/cs\/popularizace\/video\/","title":{"rendered":"Video"},"content":{"rendered":"\n<h4 class=\"wp-block-heading\">2024 | Odhal\u00edme tajemstv\u00ed vesm\u00edru pomoc\u00ed AI?<\/h4>\n\n\n\n<figure class=\"wp-block-embed is-type-video is-provider-youtube wp-block-embed-youtube wp-embed-aspect-16-9 wp-has-aspect-ratio\"><div class=\"wp-block-embed__wrapper\">\n<iframe loading=\"lazy\" title=\"Astronomick\u00fd festival 2024 | 2. den | \u017dIV\u011a z Hv\u011bzd\u00e1rny a planet\u00e1ria Brno\" width=\"640\" height=\"360\" src=\"https:\/\/www.youtube.com\/embed\/a7DBOLZmVA0?list=PL1y47zLr2scVNJPY6FD5nf-9WRsuGPAUv\" frameborder=\"0\" allow=\"accelerometer; autoplay; clipboard-write; encrypted-media; gyroscope; picture-in-picture; web-share\" referrerpolicy=\"strict-origin-when-cross-origin\" allowfullscreen><\/iframe>\n<\/div><\/figure>\n\n\n\n<p>Petr \u0160koda, p\u0159\u00edsp\u011bvek na <a href=\"https:\/\/stel.asu.cas.cz\/cs\/2024\/10\/15\/astronomicky-festival-v-brne\/\">Astronomick\u00e9m festivalu 2024<\/a><\/p>\n\n\n\n<h4 class=\"wp-block-heading\">2024 | Exoplanety, od objevu k Nobelov\u011b cen\u011b a hled\u00e1n\u00ed \u017eivota<\/h4>\n\n\n\n<figure class=\"wp-block-embed is-type-video is-provider-youtube wp-block-embed-youtube wp-embed-aspect-16-9 wp-has-aspect-ratio\"><div class=\"wp-block-embed__wrapper\">\n<iframe loading=\"lazy\" title=\"Astronomick\u00fd festival 2024 | 2. den | \u017dIV\u011a z Hv\u011bzd\u00e1rny a planet\u00e1ria Brno\" width=\"640\" height=\"360\" src=\"https:\/\/www.youtube.com\/embed\/a7DBOLZmVA0?list=PL1y47zLr2scVNJPY6FD5nf-9WRsuGPAUv\" frameborder=\"0\" allow=\"accelerometer; autoplay; clipboard-write; encrypted-media; gyroscope; picture-in-picture; web-share\" referrerpolicy=\"strict-origin-when-cross-origin\" allowfullscreen><\/iframe>\n<\/div><\/figure>\n\n\n\n<p>Petr Kab\u00e1th, p\u0159\u00edsp\u011bvek na <a href=\"https:\/\/stel.asu.cas.cz\/cs\/2024\/10\/15\/astronomicky-festival-v-brne\/\">Astronomick\u00e9m festivalu 2024<\/a><\/p>\n\n\n\n<hr class=\"wp-block-separator has-text-color has-pale-cyan-blue-color has-alpha-channel-opacity has-pale-cyan-blue-background-color has-background\"\/>\n\n\n\n<h4 class=\"wp-block-heading\">2023 | Prezentace Astronomick\u00e9ho \u00fastavu na sn\u011bmu AV \u010cR<\/h4>\n\n\n\n<figure class=\"wp-block-embed is-type-video is-provider-youtube wp-block-embed-youtube wp-embed-aspect-16-9 wp-has-aspect-ratio\"><div class=\"wp-block-embed__wrapper\">\n<iframe loading=\"lazy\" title=\"Astronomick\u00fd \u00fastav AV \u010cR se p\u0159edstavuje\" width=\"640\" height=\"360\" src=\"https:\/\/www.youtube.com\/embed\/gP1g8_wiu24?feature=oembed\" frameborder=\"0\" allow=\"accelerometer; autoplay; clipboard-write; encrypted-media; gyroscope; picture-in-picture; web-share\" referrerpolicy=\"strict-origin-when-cross-origin\" allowfullscreen><\/iframe>\n<\/div><\/figure>\n\n\n\n<hr class=\"wp-block-separator has-text-color has-pale-cyan-blue-color has-alpha-channel-opacity has-pale-cyan-blue-background-color has-background\"\/>\n\n\n\n<h4 class=\"wp-block-heading\">2023 | Astronomky u dalekohledu \u2013 Zeptejte se na vesm\u00edrn\u00e9 ot\u00e1zky<\/h4>\n\n\n\n<figure class=\"wp-block-embed is-type-video is-provider-youtube wp-block-embed-youtube wp-embed-aspect-16-9 wp-has-aspect-ratio\"><div class=\"wp-block-embed__wrapper\">\n<iframe loading=\"lazy\" title=\"Chat s astronomkou \u2013 \u017eiv\u00e9 vys\u00edl\u00e1n\u00ed\" width=\"640\" height=\"360\" src=\"https:\/\/www.youtube.com\/embed\/NS7Mm8LuilY?feature=oembed\" frameborder=\"0\" allow=\"accelerometer; autoplay; clipboard-write; encrypted-media; gyroscope; picture-in-picture; web-share\" referrerpolicy=\"strict-origin-when-cross-origin\" allowfullscreen><\/iframe>\n<\/div><\/figure>\n\n\n\n<hr class=\"wp-block-separator has-text-color has-pale-cyan-blue-color has-alpha-channel-opacity has-pale-cyan-blue-background-color has-background\"\/>\n\n\n\n<h4 class=\"wp-block-heading\">2022 | Tiskov\u00e1 konference PLATOSpec 25.11.2022<\/h4>\n\n\n\n<figure class=\"wp-block-embed is-type-video is-provider-youtube wp-block-embed-youtube wp-embed-aspect-16-9 wp-has-aspect-ratio\"><div class=\"wp-block-embed__wrapper\">\n<iframe loading=\"lazy\" title=\"Tiskov\u00e1 konference PLATOSpec 25.11.2022\" width=\"640\" height=\"360\" src=\"https:\/\/www.youtube.com\/embed\/mBdm_u5skWo?feature=oembed\" frameborder=\"0\" allow=\"accelerometer; autoplay; clipboard-write; encrypted-media; gyroscope; picture-in-picture; web-share\" referrerpolicy=\"strict-origin-when-cross-origin\" allowfullscreen><\/iframe>\n<\/div><\/figure>\n\n\n\n<hr class=\"wp-block-separator has-text-color has-pale-cyan-blue-color has-alpha-channel-opacity has-pale-cyan-blue-background-color has-background\"\/>\n\n\n\n<h4 class=\"wp-block-heading\">2020 | Videoprohl\u00eddka Perkova teleskopu v Ond\u0159ejov\u011b  (ERASMUS+)<\/h4>\n\n\n\n<figure class=\"wp-block-embed is-type-video is-provider-youtube wp-block-embed-youtube wp-embed-aspect-16-9 wp-has-aspect-ratio\"><div class=\"wp-block-embed__wrapper\">\n<iframe loading=\"lazy\" title=\"Videoprohl\u00eddka Perkova teleskopu v Ond\u0159ejove\" width=\"640\" height=\"360\" src=\"https:\/\/www.youtube.com\/embed\/g5hgRKG8uRA?feature=oembed\" frameborder=\"0\" allow=\"accelerometer; autoplay; clipboard-write; encrypted-media; gyroscope; picture-in-picture; web-share\" referrerpolicy=\"strict-origin-when-cross-origin\" allowfullscreen><\/iframe>\n<\/div><\/figure>\n\n\n\n<hr class=\"wp-block-separator has-text-color has-pale-cyan-blue-color has-alpha-channel-opacity has-pale-cyan-blue-background-color has-background\"\/>\n\n\n\n<h4 class=\"wp-block-heading\">2020 | Noc v\u011bdc\u016f &#8211; z\u00e1znam \u017eiv\u00e9ho vys\u00edl\u00e1n\u00ed na t\u00e9ma exoplanet<\/h4>\n\n\n\n<figure class=\"wp-block-embed is-type-video is-provider-youtube wp-block-embed-youtube wp-embed-aspect-16-9 wp-has-aspect-ratio\"><div class=\"wp-block-embed__wrapper\">\n<iframe loading=\"lazy\" title=\"Noc v\u011bdc\u016f 2020 - z\u00e1znam \u017eiv\u00e9ho vys\u00edl\u00e1n\u00ed na t\u00e9ma exoplanet\" width=\"640\" height=\"360\" src=\"https:\/\/www.youtube.com\/embed\/6iHIjKE9cos?start=1062&#038;feature=oembed\" frameborder=\"0\" allow=\"accelerometer; autoplay; clipboard-write; encrypted-media; gyroscope; picture-in-picture; web-share\" referrerpolicy=\"strict-origin-when-cross-origin\" allowfullscreen><\/iframe>\n<\/div><\/figure>\n\n\n\n<hr class=\"wp-block-separator has-text-color has-pale-cyan-blue-color has-alpha-channel-opacity has-pale-cyan-blue-background-color has-background\"\/>\n\n\n\n<h4 class=\"wp-block-heading\">2020 | Roboti v astronomii aneb jak se dnes pozoruje vesm\u00edr<\/h4>\n\n\n\n<figure class=\"wp-block-embed is-type-video is-provider-youtube wp-block-embed-youtube wp-embed-aspect-16-9 wp-has-aspect-ratio\"><div class=\"wp-block-embed__wrapper\">\n<iframe loading=\"lazy\" title=\"Roboti v astronomii aneb jak se dnes pozoruje vesm\u00edr\" width=\"640\" height=\"360\" src=\"https:\/\/www.youtube.com\/embed\/WHchyvXrMCc?feature=oembed\" frameborder=\"0\" allow=\"accelerometer; autoplay; clipboard-write; encrypted-media; gyroscope; picture-in-picture; web-share\" referrerpolicy=\"strict-origin-when-cross-origin\" allowfullscreen><\/iframe>\n<\/div><\/figure>\n\n\n\n<hr class=\"wp-block-separator has-text-color has-pale-cyan-blue-color has-alpha-channel-opacity has-pale-cyan-blue-background-color has-background\"\/>\n\n\n\n<h4 class=\"wp-block-heading\">2015 | V\u00fdzkum vesm\u00edru v Astronomick\u00e9m \u00fastavu AV \u010cR<\/h4>\n\n\n\n<figure class=\"wp-block-embed is-type-video is-provider-youtube wp-block-embed-youtube wp-embed-aspect-16-9 wp-has-aspect-ratio\"><div class=\"wp-block-embed__wrapper\">\n<iframe loading=\"lazy\" title=\"V\u00fdzkum vesm\u00edru v Astronomick\u00e9m \u00fastavu AV \u010cR\" width=\"640\" height=\"360\" src=\"https:\/\/www.youtube.com\/embed\/Yn2ne5viUPI?feature=oembed\" frameborder=\"0\" allow=\"accelerometer; autoplay; clipboard-write; encrypted-media; gyroscope; picture-in-picture; web-share\" referrerpolicy=\"strict-origin-when-cross-origin\" allowfullscreen><\/iframe>\n<\/div><\/figure>\n\n\n\n<hr class=\"wp-block-separator has-text-color has-pale-cyan-blue-color has-alpha-channel-opacity has-pale-cyan-blue-background-color has-background\"\/>\n\n\n\n<h4 class=\"wp-block-heading\">2014 | V\u00fdzkum hv\u011bzd &#8211; Astronomick\u00fd \u00fastav AV \u010cR<\/h4>\n\n\n\n<figure class=\"wp-block-embed is-type-rich is-provider-obslu-n-rutina-k-du-pro-vlo-en wp-block-embed-obslu-n-rutina-k-du-pro-vlo-en wp-embed-aspect-16-9 wp-has-aspect-ratio\"><div class=\"wp-block-embed__wrapper\">\n<iframe loading=\"lazy\" title=\"V\u00fdzkum hv\u011bzd - Astronomick\u00fd \u00fastav AV \u010cR\" width=\"640\" height=\"360\" src=\"https:\/\/www.youtube.com\/embed\/dBUbLj3gYHw?feature=oembed\" frameborder=\"0\" allow=\"accelerometer; autoplay; clipboard-write; encrypted-media; gyroscope; picture-in-picture; web-share\" referrerpolicy=\"strict-origin-when-cross-origin\" allowfullscreen><\/iframe>\n<\/div><\/figure>\n\n\n\n<hr class=\"wp-block-separator has-text-color has-pale-cyan-blue-color has-alpha-channel-opacity has-pale-cyan-blue-background-color has-background\"\/>\n\n\n\n<h4 class=\"wp-block-heading\">2014 | Pojmenov\u00e1n\u00ed Perkova teleskopu<\/h4>\n\n\n\n<figure class=\"wp-block-embed is-type-video is-provider-youtube wp-block-embed-youtube wp-embed-aspect-16-9 wp-has-aspect-ratio\"><div class=\"wp-block-embed__wrapper\">\n<iframe loading=\"lazy\" title=\"Pojmenov\u00e1n\u00ed Perkova teleskopu\" width=\"640\" height=\"360\" src=\"https:\/\/www.youtube.com\/embed\/bTnEVZDv0SA?feature=oembed\" frameborder=\"0\" allow=\"accelerometer; autoplay; clipboard-write; encrypted-media; gyroscope; picture-in-picture; web-share\" referrerpolicy=\"strict-origin-when-cross-origin\" allowfullscreen><\/iframe>\n<\/div><\/figure>\n\n\n\n<hr class=\"wp-block-separator has-text-color has-pale-cyan-blue-color has-alpha-channel-opacity has-pale-cyan-blue-background-color has-background\"\/>\n\n\n\n<h4 class=\"wp-block-heading\">2013 | Perk\u016fv dalekohled<\/h4>\n\n\n\n<figure class=\"wp-block-embed is-type-rich is-provider-obslu-n-rutina-k-du-pro-vlo-en wp-block-embed-obslu-n-rutina-k-du-pro-vlo-en wp-embed-aspect-16-9 wp-has-aspect-ratio\"><div class=\"wp-block-embed__wrapper\">\n<iframe loading=\"lazy\" title=\"Perk\u016fv teleskop\" width=\"640\" height=\"360\" src=\"https:\/\/www.youtube.com\/embed\/Z3cM7dIujAM?feature=oembed\" frameborder=\"0\" allow=\"accelerometer; autoplay; clipboard-write; encrypted-media; gyroscope; picture-in-picture; web-share\" referrerpolicy=\"strict-origin-when-cross-origin\" allowfullscreen><\/iframe>\n<\/div><\/figure>\n\n\n\n<hr class=\"wp-block-separator has-text-color has-pale-cyan-blue-color has-alpha-channel-opacity has-pale-cyan-blue-background-color has-background\"\/>\n\n\n\n<h4 class=\"wp-block-heading\">2009 | Dny otev\u0159en\u00fdch dve\u0159\u00ed Astronomick\u00e9ho \u00fastavu AV \u010cR<\/h4>\n\n\n\n<figure class=\"wp-block-embed is-type-video is-provider-youtube wp-block-embed-youtube wp-embed-aspect-4-3 wp-has-aspect-ratio\"><div class=\"wp-block-embed__wrapper\">\n<iframe loading=\"lazy\" title=\"Dny otev\u0159en\u00fdch dve\u0159\u00ed Astronomick\u00e9ho \u00fastavu AV \u010cR 22. - 24. kv\u011btna 2009\" width=\"640\" height=\"480\" src=\"https:\/\/www.youtube.com\/embed\/9lxpwkT0Ync?feature=oembed\" frameborder=\"0\" allow=\"accelerometer; autoplay; clipboard-write; encrypted-media; gyroscope; picture-in-picture; web-share\" referrerpolicy=\"strict-origin-when-cross-origin\" allowfullscreen><\/iframe>\n<\/div><\/figure>\n\n\n\n<p><\/p>\n","protected":false},"excerpt":{"rendered":"<p>2024 | Odhal\u00edme tajemstv\u00ed vesm\u00edru pomoc\u00ed AI? Petr \u0160koda, p\u0159\u00edsp\u011bvek na Astronomick\u00e9m festivalu 2024 2024 | Exoplanety, od objevu k Nobelov\u011b cen\u011b a hled\u00e1n\u00ed \u017eivota<\/p>\n","protected":false},"author":1,"featured_media":0,"parent":99,"menu_order":0,"comment_status":"closed","ping_status":"closed","template":"","meta":{"footnotes":""},"class_list":["post-360","page","type-page","status-publish","hentry"],"_links":{"self":[{"href":"https:\/\/stel.asu.cas.cz\/cs\/wp-json\/wp\/v2\/pages\/360","targetHints":{"allow":["GET"]}}],"collection":[{"href":"https:\/\/stel.asu.cas.cz\/cs\/wp-json\/wp\/v2\/pages"}],"about":[{"href":"https:\/\/stel.asu.cas.cz\/cs\/wp-json\/wp\/v2\/types\/page"}],"author":[{"embeddable":true,"href":"https:\/\/stel.asu.cas.cz\/cs\/wp-json\/wp\/v2\/users\/1"}],"replies":[{"embeddable":true,"href":"https:\/\/stel.asu.cas.cz\/cs\/wp-json\/wp\/v2\/comments?post=360"}],"version-history":[{"count":13,"href":"https:\/\/stel.asu.cas.cz\/cs\/wp-json\/wp\/v2\/pages\/360\/revisions"}],"predecessor-version":[{"id":3220,"href":"https:\/\/stel.asu.cas.cz\/cs\/wp-json\/wp\/v2\/pages\/360\/revisions\/3220"}],"up":[{"embeddable":true,"href":"https:\/\/stel.asu.cas.cz\/cs\/wp-json\/wp\/v2\/pages\/99"}],"wp:attachment":[{"href":"https:\/\/stel.asu.cas.cz\/cs\/wp-json\/wp\/v2\/media?parent=360"}],"curies":[{"name":"wp","href":"https:\/\/api.w.org\/{rel}","templated":true}]}}