{"id":3643,"date":"2026-01-27T12:31:12","date_gmt":"2026-01-27T11:31:12","guid":{"rendered":"https:\/\/stel.asu.cas.cz\/cs\/?page_id=3643"},"modified":"2026-02-03T15:11:19","modified_gmt":"2026-02-03T14:11:19","slug":"e152-fotometrie","status":"publish","type":"page","link":"https:\/\/stel.asu.cas.cz\/cs\/dalekohled-e152\/e152-fotometrie\/","title":{"rendered":"E152 &#8211; Fotometrie"},"content":{"rendered":"\n<h4 class=\"wp-block-heading\">Simult\u00e1nn\u00ed fotometrie <\/h4>\n\n\n\n<p>Paraleln\u011b se spektroskopick\u00fdmi c\u00edli je mo\u017en\u00e9 prov\u00e1d\u011bt fotometrii pomoc\u00ed syst\u00e9m\u016f na hled\u00e1\u010dc\u00edch (150\/1200).<\/p>\n\n\n\n<p><strong>ONDCam<\/strong><\/p>\n\n\n\n<p>Jeden z konstruk\u010dn\u011b shodn\u00fdch hled\u00e1\u010dk\u016f je vybaven\u00e9m CMOS kamerou C4-16000 (Moravsk\u00e9 P\u0159\u00edstroje) &#8211; <strong>ONDCam<\/strong>, kter\u00e1 umo\u017e\u0148uje pou\u017eit\u00ed 6 r\u016fzn\u00fdch fotometrick\u00fdch filtr\u016f (Sloan g&#8216; ,r&#8216;, i&#8216;, z&#8216; , H-alfa a CMOS B-p\u00e1s ).<\/p>\n\n\n\n<p><strong>Uk\u00e1zkov\u00e9 sn\u00edmky<\/strong><\/p>\n\n\n\n<figure class=\"wp-block-table\"><table class=\"has-fixed-layout\"><tbody><tr><td><a href=\"https:\/\/stel.asu.cas.cz\/cs\/wp-content\/uploads\/2026\/01\/eta_carinae1-s.jpg\" data-type=\"link\" data-id=\"https:\/\/stel.asu.cas.cz\/cs\/wp-content\/uploads\/2026\/01\/eta_carinae1-s.jpg\" target=\"_blank\" rel=\"noreferrer noopener\"><img decoding=\"async\" src=\"https:\/\/stel.asu.cas.cz\/cs\/wp-content\/uploads\/2026\/01\/eta_carinae1-s.jpg\" alt=\"\"><\/a><br>okol\u00ed eta Carinae <\/td><td><a href=\"https:\/\/stel.asu.cas.cz\/cs\/wp-content\/uploads\/2026\/01\/nebula-60s-836-847s.jpg\" data-type=\"link\" data-id=\"https:\/\/stel.asu.cas.cz\/cs\/wp-content\/uploads\/2026\/01\/nebula-60s-836-847s.jpg\" target=\"_blank\" rel=\"noreferrer noopener\"><img decoding=\"async\" src=\"https:\/\/stel.asu.cas.cz\/cs\/wp-content\/uploads\/2026\/01\/nebula-60s-836-847s.jpg\" alt=\"\"><\/a><br>IC 2944<\/td><td><a href=\"https:\/\/stel.asu.cas.cz\/cs\/wp-content\/uploads\/2026\/01\/cluster-708-735sum-s.jpg\" data-type=\"link\" data-id=\"https:\/\/stel.asu.cas.cz\/cs\/wp-content\/uploads\/2026\/01\/cluster-708-735sum-s.jpg\" target=\"_blank\" rel=\"noreferrer noopener\"><img decoding=\"async\" src=\"https:\/\/stel.asu.cas.cz\/cs\/wp-content\/uploads\/2026\/01\/cluster-708-735sum-s.jpg\" alt=\"\"><\/a><br>NGC 3766<\/td><\/tr><\/tbody><\/table><\/figure>\n\n\n\n<p><strong>GrazCam<\/strong><\/p>\n\n\n\n<p>Druh\u00fd pak vyu\u017e\u00edv\u00e1 CMOS kameru ASI2600 (GrazCam syst\u00e9m) se 7 filtry (Sloan u, Johnson B, Sloan g, Johnson V, Sloan r, Sloan i a grism SA200, pozice \u010d. 8 je voln\u00e1). Pro pou\u017eit\u00ed SA200 je tento fotometrick\u00fd syst\u00e9m vybaven tak\u00e9 rot\u00e1torem zorn\u00e9ho pole.<\/p>\n\n\n\n<p><\/p>\n","protected":false},"excerpt":{"rendered":"<p>Simult\u00e1nn\u00ed fotometrie Paraleln\u011b se spektroskopick\u00fdmi c\u00edli je mo\u017en\u00e9 prov\u00e1d\u011bt fotometrii pomoc\u00ed syst\u00e9m\u016f na hled\u00e1\u010dc\u00edch (150\/1200). ONDCam Jeden z konstruk\u010dn\u011b shodn\u00fdch hled\u00e1\u010dk\u016f je vybaven\u00e9m CMOS kamerou<\/p>\n","protected":false},"author":4,"featured_media":0,"parent":3597,"menu_order":0,"comment_status":"closed","ping_status":"closed","template":"","meta":{"footnotes":""},"class_list":["post-3643","page","type-page","status-publish","hentry"],"_links":{"self":[{"href":"https:\/\/stel.asu.cas.cz\/cs\/wp-json\/wp\/v2\/pages\/3643","targetHints":{"allow":["GET"]}}],"collection":[{"href":"https:\/\/stel.asu.cas.cz\/cs\/wp-json\/wp\/v2\/pages"}],"about":[{"href":"https:\/\/stel.asu.cas.cz\/cs\/wp-json\/wp\/v2\/types\/page"}],"author":[{"embeddable":true,"href":"https:\/\/stel.asu.cas.cz\/cs\/wp-json\/wp\/v2\/users\/4"}],"replies":[{"embeddable":true,"href":"https:\/\/stel.asu.cas.cz\/cs\/wp-json\/wp\/v2\/comments?post=3643"}],"version-history":[{"count":9,"href":"https:\/\/stel.asu.cas.cz\/cs\/wp-json\/wp\/v2\/pages\/3643\/revisions"}],"predecessor-version":[{"id":3713,"href":"https:\/\/stel.asu.cas.cz\/cs\/wp-json\/wp\/v2\/pages\/3643\/revisions\/3713"}],"up":[{"embeddable":true,"href":"https:\/\/stel.asu.cas.cz\/cs\/wp-json\/wp\/v2\/pages\/3597"}],"wp:attachment":[{"href":"https:\/\/stel.asu.cas.cz\/cs\/wp-json\/wp\/v2\/media?parent=3643"}],"curies":[{"name":"wp","href":"https:\/\/api.w.org\/{rel}","templated":true}]}}