{"id":365,"date":"2021-06-30T10:15:20","date_gmt":"2021-06-30T08:15:20","guid":{"rendered":"https:\/\/stel.asu.cas.cz\/cs\/?page_id=365"},"modified":"2022-01-07T14:33:52","modified_gmt":"2022-01-07T13:33:52","slug":"specifikace-dalekohledu","status":"publish","type":"page","link":"https:\/\/stel.asu.cas.cz\/cs\/perkuv-dalekohled\/specifikace-dalekohledu\/","title":{"rendered":"Specifikace dalekohledu"},"content":{"rendered":"\n<figure class=\"wp-block-image size-large\"><img loading=\"lazy\" decoding=\"async\" width=\"777\" height=\"338\" src=\"https:\/\/stel.asu.cas.cz\/cs\/wp-content\/uploads\/2021\/09\/perek-2m.jpg\" alt=\"\" class=\"wp-image-1564\" srcset=\"https:\/\/stel.asu.cas.cz\/cs\/wp-content\/uploads\/2021\/09\/perek-2m.jpg 777w, https:\/\/stel.asu.cas.cz\/cs\/wp-content\/uploads\/2021\/09\/perek-2m-300x131.jpg 300w, https:\/\/stel.asu.cas.cz\/cs\/wp-content\/uploads\/2021\/09\/perek-2m-768x334.jpg 768w, https:\/\/stel.asu.cas.cz\/cs\/wp-content\/uploads\/2021\/09\/perek-2m-18x8.jpg 18w, https:\/\/stel.asu.cas.cz\/cs\/wp-content\/uploads\/2021\/09\/perek-2m-24x10.jpg 24w, https:\/\/stel.asu.cas.cz\/cs\/wp-content\/uploads\/2021\/09\/perek-2m-36x16.jpg 36w\" sizes=\"auto, (max-width: 777px) 100vw, 777px\" \/><figcaption>Pohled do kopule Perkova dalekohledu.<\/figcaption><\/figure>\n\n\n\n<ul class=\"wp-block-list\"><li><strong>poloha<\/strong><ul><li>\u0161\u00ed\u0159ka: 49\u00b054&#8217;54.6&#8243; S<\/li><li>d\u00e9lka: 14\u00b046&#8217;51.6&#8243; V<\/li><li>v\u00fd\u0161ka: 528 m n. m<\/li><\/ul><\/li><li><strong>v\u00fdrobce<\/strong>: Carl Zeiss Jena, projekt: Alfred Jensch<\/li><li><strong>typ mont\u00e1\u017ee<\/strong>: rovn\u00edkov\u00e1<\/li><li><strong>prim\u00e1rn\u00ed zrcadlo<\/strong>: <ul><li>parabolick\u00e9 &#8211; pr\u016fm\u011br D=2 m; tlou\u0161\u0165ka 0,3 m; hmotnost 2340 kg<\/li><li>ohniskov\u00e1 vzd\u00e1lenost 9 m (f\/4.5) <\/li><\/ul><\/li><li>sou\u010dasn\u00e1 konfigurace<ul><li>optick\u00e1 vl\u00e1kna z prim\u00e1rn\u00edho ohniska (spektroskopie)<\/li><li>CCD kamera s korektorem v prim\u00e1rn\u00edm ohnisku (fotometrie) <\/li><\/ul><\/li><li><strong>optick\u00e1 vl\u00e1kna<\/strong><ul><li>pr\u016fm\u011br aktivn\u00edho j\u00e1dra 0,1 mm<\/li><li>technologie CeramOptec<\/li><li>oktogonaln\u00ed<\/li><\/ul><\/li><li><strong>p\u0159\u00edstroje<\/strong><ul><li><a href=\"https:\/\/stel.asu.cas.cz\/cs\/perkuv-dalekohled\/pristroje\/jednoradovy-spektrograf\/\"><strong>jedno\u0159\u00e1dov\u00fd spektrograf<\/strong><\/a>\u00a0(s dvojic\u00ed optick\u00fdch vl\u00e1ken)<\/li><li><a href=\"https:\/\/stel.asu.cas.cz\/cs\/perkuv-dalekohled\/pristroje\/spektrograf-oes\/\"><strong>e\u0161eletov\u00fd spektrograf<\/strong><\/a> (jedno vl\u00e1kno)<\/li><li><a href=\"https:\/\/stel.asu.cas.cz\/web\/index.php?section=telescope_instrumentation#photocam\"><strong>fotometri<\/strong><\/a><strong><a href=\"https:\/\/stel.asu.cas.cz\/cs\/perkuv-dalekohled\/pristroje\/fotometricka-kamera\/\">ck\u00e1 k<\/a><\/strong><a href=\"https:\/\/stel.asu.cas.cz\/en\/telescope\/instrumentation\/photometric-camera\/\"><strong>amera<\/strong><\/a> (v prim\u00e1rn\u00edm ohnisku s korektorem)<\/li><\/ul><\/li><\/ul>\n\n\n\n<p><\/p>\n\n\n\n<div class=\"wp-block-columns is-layout-flex wp-container-core-columns-is-layout-1 wp-block-columns-is-layout-flex\">\n<div class=\"wp-block-column is-layout-flow wp-block-column-is-layout-flow\">\n<figure class=\"wp-block-image size-large\"><img loading=\"lazy\" decoding=\"async\" width=\"667\" height=\"818\" class=\"wp-image-1025\" src=\"https:\/\/stel.asu.cas.cz\/cs\/wp-content\/uploads\/2021\/08\/TopTec1a.jpg\" alt=\"\" srcset=\"https:\/\/stel.asu.cas.cz\/cs\/wp-content\/uploads\/2021\/08\/TopTec1a.jpg 667w, https:\/\/stel.asu.cas.cz\/cs\/wp-content\/uploads\/2021\/08\/TopTec1a-245x300.jpg 245w\" sizes=\"auto, (max-width: 667px) 100vw, 667px\" \/><figcaption style=\"text-align: justify;\">P\u016fvodn\u00ed optick\u00e9 uspo\u0159\u00e1d\u00e1n\u00ed dalekohledu se syst\u00e9mem zrcadel.<\/figcaption><\/figure>\n<\/div>\n\n\n\n<div class=\"wp-block-column is-layout-flow wp-block-column-is-layout-flow\">\n<figure class=\"wp-block-image size-large\"><img loading=\"lazy\" decoding=\"async\" width=\"667\" height=\"818\" class=\"wp-image-1024\" src=\"https:\/\/stel.asu.cas.cz\/cs\/wp-content\/uploads\/2021\/08\/TopTec3a.jpg\" alt=\"\" srcset=\"https:\/\/stel.asu.cas.cz\/cs\/wp-content\/uploads\/2021\/08\/TopTec3a.jpg 667w, https:\/\/stel.asu.cas.cz\/cs\/wp-content\/uploads\/2021\/08\/TopTec3a-245x300.jpg 245w\" sizes=\"auto, (max-width: 667px) 100vw, 667px\" \/><figcaption style=\"text-align: justify;\">Sou\u010dasn\u00e9 optick\u00e9 uspo\u0159\u00e1d\u00e1n\u00ed dalekohledu s optick\u00fdmi vl\u00e1kny (zelen\u011b) z prim\u00e1rn\u00edho do coud\u00e9 ohniska.<\/figcaption><\/figure>\n<\/div>\n<\/div>\n","protected":false},"excerpt":{"rendered":"<p>poloha \u0161\u00ed\u0159ka: 49\u00b054&#8217;54.6&#8243; S d\u00e9lka: 14\u00b046&#8217;51.6&#8243; V v\u00fd\u0161ka: 528 m n. m v\u00fdrobce: Carl Zeiss Jena, projekt: Alfred Jensch typ mont\u00e1\u017ee: rovn\u00edkov\u00e1 prim\u00e1rn\u00ed zrcadlo: parabolick\u00e9<\/p>\n","protected":false},"author":1,"featured_media":0,"parent":110,"menu_order":0,"comment_status":"closed","ping_status":"closed","template":"","meta":{"footnotes":""},"class_list":["post-365","page","type-page","status-publish","hentry"],"_links":{"self":[{"href":"https:\/\/stel.asu.cas.cz\/cs\/wp-json\/wp\/v2\/pages\/365","targetHints":{"allow":["GET"]}}],"collection":[{"href":"https:\/\/stel.asu.cas.cz\/cs\/wp-json\/wp\/v2\/pages"}],"about":[{"href":"https:\/\/stel.asu.cas.cz\/cs\/wp-json\/wp\/v2\/types\/page"}],"author":[{"embeddable":true,"href":"https:\/\/stel.asu.cas.cz\/cs\/wp-json\/wp\/v2\/users\/1"}],"replies":[{"embeddable":true,"href":"https:\/\/stel.asu.cas.cz\/cs\/wp-json\/wp\/v2\/comments?post=365"}],"version-history":[{"count":32,"href":"https:\/\/stel.asu.cas.cz\/cs\/wp-json\/wp\/v2\/pages\/365\/revisions"}],"predecessor-version":[{"id":1947,"href":"https:\/\/stel.asu.cas.cz\/cs\/wp-json\/wp\/v2\/pages\/365\/revisions\/1947"}],"up":[{"embeddable":true,"href":"https:\/\/stel.asu.cas.cz\/cs\/wp-json\/wp\/v2\/pages\/110"}],"wp:attachment":[{"href":"https:\/\/stel.asu.cas.cz\/cs\/wp-json\/wp\/v2\/media?parent=365"}],"curies":[{"name":"wp","href":"https:\/\/api.w.org\/{rel}","templated":true}]}}