{"id":46,"date":"2021-06-11T09:57:58","date_gmt":"2021-06-11T07:57:58","guid":{"rendered":"https:\/\/stel.asu.cas.cz\/cs\/?page_id=46"},"modified":"2026-01-26T10:06:39","modified_gmt":"2026-01-26T09:06:39","slug":"welcome-to-the-website-of-the-stellar-physics-department","status":"publish","type":"page","link":"https:\/\/stel.asu.cas.cz\/cs\/","title":{"rendered":"V\u00edtejte na str\u00e1nk\u00e1ch Stel\u00e1rn\u00edho odd\u011blen\u00ed!"},"content":{"rendered":"\n<p>Stel\u00e1rn\u00ed odd\u011blen\u00ed (odd\u011blen\u00ed fyziky hv\u011bzd) je jedn\u00edm ze \u010dty\u0159 odd\u011blen\u00ed <a href=\"https:\/\/www.asu.cas.cz\/\" target=\"_blank\" rel=\"noopener\">Astronomick\u00e9ho \u00fastavu Akademie v\u011bd \u010cesk\u00e9 Republiky<\/a> (ASU AV \u010cR). Prov\u00e1d\u00ed \u0161pi\u010dkov\u00fd v\u011bdeck\u00fd v\u00fdzkum a v\u011bnuje se \u0161irok\u00e9 palet\u011b modern\u00edch v\u00fdzkumn\u00fdch t\u00e9mat v\u010detn\u011b fyziky hork\u00fdch hv\u011bzd a hv\u011bzd o n\u00edzk\u00e9 hmotnosti, extrasol\u00e1rn\u00edch planet a astrofyzice vysok\u00fdch energi\u00ed.<\/p>\n\n\n\n<p>Odd\u011blen\u00ed provozuje nejv\u011bt\u0161\u00ed optick\u00fd astronomick\u00fd p\u0159\u00edstroj v \u010cesk\u00e9 republice, <a href=\"\/cs\/perkuv-dalekohled\/\">Perk\u016fv dalekohled<\/a> s prim\u00e1rn\u00edm zrcadlem o pr\u016fm\u011bru 2m, kter\u00fd je vybaven jedno\u0159\u00e1dov\u00fdm spektrografem, e\u0161eletov\u00fdm spektrografem a tak\u00e9 ned\u00e1vno instalovanou fotometrickou kamerou. Dalekohled je p\u0159ev\u00e1\u017en\u011b vyu\u017e\u00edv\u00e1n pro pozorov\u00e1n\u00ed hv\u011bzd a hv\u011bzdn\u00fdch syst\u00e9m\u016f, v\u010detn\u011b syst\u00e9m\u016f s exoplanetami. Tyto objekty zkoumaj\u00ed pracovn\u00edci odd\u011blen\u00ed \u010dasto tak\u00e9 v r\u00e1mci mezin\u00e1rodn\u00ed spolupr\u00e1ce. Odd\u011blen\u00ed m\u00e1 k dispozici dal\u0161\u00ed dvojici men\u0161\u00edch teleskop\u016f: D50 a Robotick\u00fd dalekohled BART (<a href=\"http:\/\/hea.asu.cas.cz\/bart\/en\/\" target=\"_blank\" rel=\"noopener\">BART robotic telescope<\/a>). Oba tyto p\u0159\u00edstroje jsou ur\u010deny p\u0159edev\u0161\u00edm k pozorov\u00e1n\u00ed optick\u00fdch prot\u011bj\u0161k\u016f (dosvit\u016f) gama z\u00e1blesk\u016f.<\/p>\n\n\n\n<p>Jeliko\u017e je \u010cesk\u00e1 republika \u010dlenskou zem\u00ed ESO (European Southern Observatory, Evropsk\u00e1 ji\u017en\u00ed observato\u0159), mohou pracovn\u00edci odd\u011blen\u00ed po\u017e\u00e1dat o pozorovac\u00ed \u010das na za\u0159\u00edzen\u00edch pat\u0159\u00edc\u00edch ESO. V r\u00e1mci dlouhodob\u00e9 mezin\u00e1rodn\u00ed spolupr\u00e1ce maj\u00ed p\u0159\u00edstup rovn\u011b\u017e k vybaven\u00ed Observato\u0159e Gemini (Gemini Observatory). Data po\u0159\u00edzen\u00e1 na t\u011bchto observato\u0159\u00edch jsou pro v\u00fdzkum st\u011b\u017eejn\u00ed. \u010clenov\u00e9 odd\u011blen\u00ed jsou nav\u00edc \u010dleny \u0159ady konsorci\u00ed, kter\u00e1 se pod\u00edl\u00ed na p\u0159\u00edprav\u011b a v\u00fdvoji v\u011bdeck\u00e9ho programu i vybaven\u00ed pro nov\u00e1 pozemn\u00ed (<a href=\"https:\/\/www.gemini.edu\/instrumentation\/future-instruments\/scorpio\" target=\"_blank\" rel=\"noopener\">SCORPIO<\/a>, VERMILION, <a href=\"https:\/\/stel.asu.cas.cz\/platospec\/\" target=\"_blank\" rel=\"noopener\">PLATOSpec<\/a>) \u010di kosmick\u00e1 (<a href=\"https:\/\/platomission.com\/\">PLATO<\/a>) za\u0159\u00edzen\u00ed, kter\u00e1 p\u0159inesou neoceniteln\u00e1 data pro v\u00fdznamn\u00e9 budouc\u00ed objevy.<\/p>\n\n\n\n<p>Stel\u00e1rn\u00ed odd\u011blen\u00ed je rozd\u011bleno na t\u0159i v\u011bdeck\u00e9 pracovn\u00ed skupiny \u2013 Fyzika hork\u00fdch hv\u011bzd, V\u00fdzkum extrasol\u00e1rn\u00edch planet a Astrofyzika vysok\u00fdch energi\u00ed. \u010ctvrt\u00e1 pracovn\u00ed skupina \u2013 Provoz a rozvoj Perkova dalekohledu \u2013 je v\u00edce technick\u00e1 a jej\u00edm \u00fakolem je zaji\u0161\u0165ovat \u010dinnost hlavn\u00edho teleskopu a jeho p\u0159\u00edstrojov\u00e9ho vybaven\u00ed.<br><\/p>\n\n\n\n<div class=\"wp-block-columns is-layout-flex wp-container-core-columns-is-layout-1 wp-block-columns-is-layout-flex\">\n<div class=\"wp-block-column is-layout-flow wp-block-column-is-layout-flow\">\n<p><strong>Fyzika hork\u00fdch hv\u011bzd<\/strong><\/p>\n\n\n\n<figure class=\"wp-block-image size-large\"><img loading=\"lazy\" decoding=\"async\" width=\"777\" height=\"338\" src=\"https:\/\/stel.asu.cas.cz\/cs\/wp-content\/uploads\/2021\/08\/uvod-hot_stars.jpg\" alt=\"\" class=\"wp-image-1239\" srcset=\"https:\/\/stel.asu.cas.cz\/cs\/wp-content\/uploads\/2021\/08\/uvod-hot_stars.jpg 777w, https:\/\/stel.asu.cas.cz\/cs\/wp-content\/uploads\/2021\/08\/uvod-hot_stars-300x131.jpg 300w, https:\/\/stel.asu.cas.cz\/cs\/wp-content\/uploads\/2021\/08\/uvod-hot_stars-768x334.jpg 768w, https:\/\/stel.asu.cas.cz\/cs\/wp-content\/uploads\/2021\/08\/uvod-hot_stars-18x8.jpg 18w, https:\/\/stel.asu.cas.cz\/cs\/wp-content\/uploads\/2021\/08\/uvod-hot_stars-24x10.jpg 24w, https:\/\/stel.asu.cas.cz\/cs\/wp-content\/uploads\/2021\/08\/uvod-hot_stars-36x16.jpg 36w\" sizes=\"auto, (max-width: 777px) 100vw, 777px\" \/><\/figure>\n\n\n\n<ul class=\"wp-block-list\">\n<li>hv\u011bzdn\u00e9 atmosf\u00e9ry a&nbsp;hv\u011bzdn\u00fd v\u00edtr<\/li>\n\n\n\n<li>hmotn\u00e9 hv\u011bzdy v p\u0159echodov\u00fdch f\u00e1z\u00edch v\u00fdvoje<\/li>\n\n\n\n<li>astro-informatika (rozs\u00e1hl\u00e9 datov\u00e9 archivy)<\/li>\n\n\n\n<li><a href=\"https:\/\/stel.asu.cas.cz\/cs\/fyzika-horkych-hvezd\/\">v\u00edce<\/a><\/li>\n<\/ul>\n\n\n\n<p><\/p>\n<\/div>\n\n\n\n<div class=\"wp-block-column is-layout-flow wp-block-column-is-layout-flow\">\n<p><strong>V\u00fdzkum extrasol\u00e1rn\u00edch planet<\/strong><\/p>\n\n\n\n<figure class=\"wp-block-image size-large\"><img loading=\"lazy\" decoding=\"async\" width=\"777\" height=\"338\" src=\"https:\/\/stel.asu.cas.cz\/cs\/wp-content\/uploads\/2021\/08\/uvod-exoplanet.jpg\" alt=\"\" class=\"wp-image-1238\" srcset=\"https:\/\/stel.asu.cas.cz\/cs\/wp-content\/uploads\/2021\/08\/uvod-exoplanet.jpg 777w, https:\/\/stel.asu.cas.cz\/cs\/wp-content\/uploads\/2021\/08\/uvod-exoplanet-300x131.jpg 300w, https:\/\/stel.asu.cas.cz\/cs\/wp-content\/uploads\/2021\/08\/uvod-exoplanet-768x334.jpg 768w, https:\/\/stel.asu.cas.cz\/cs\/wp-content\/uploads\/2021\/08\/uvod-exoplanet-18x8.jpg 18w, https:\/\/stel.asu.cas.cz\/cs\/wp-content\/uploads\/2021\/08\/uvod-exoplanet-24x10.jpg 24w, https:\/\/stel.asu.cas.cz\/cs\/wp-content\/uploads\/2021\/08\/uvod-exoplanet-36x16.jpg 36w\" sizes=\"auto, (max-width: 777px) 100vw, 777px\" \/><\/figure>\n\n\n\n<ul class=\"wp-block-list\">\n<li>detekce a&nbsp;charakterizace syst\u00e9m\u016f s&nbsp;exoplanetami<\/li>\n\n\n\n<li>exoplanety a&nbsp;jejich atmosf\u00e9ry<\/li>\n\n\n\n<li>transity a m\u011b\u0159en\u00ed radi\u00e1ln\u00edch rychlost\u00ed <\/li>\n\n\n\n<li><a href=\"https:\/\/stel.asu.cas.cz\/cs\/vyzkum-extrasolarnich-planet\/\">v\u00edce<\/a><\/li>\n<\/ul>\n\n\n\n<p><\/p>\n<\/div>\n<\/div>\n\n\n\n<div class=\"wp-block-columns is-layout-flex wp-container-core-columns-is-layout-2 wp-block-columns-is-layout-flex\">\n<div class=\"wp-block-column is-layout-flow wp-block-column-is-layout-flow\">\n<p><strong>Perk\u016fv 2-m dalekohled | Ond\u0159ejov<\/strong><\/p>\n\n\n\n<figure class=\"wp-block-image size-full\"><img loading=\"lazy\" decoding=\"async\" width=\"777\" height=\"338\" src=\"https:\/\/stel.asu.cas.cz\/cs\/wp-content\/uploads\/2021\/09\/perek-2m.jpg\" alt=\"\" class=\"wp-image-1564\" srcset=\"https:\/\/stel.asu.cas.cz\/cs\/wp-content\/uploads\/2021\/09\/perek-2m.jpg 777w, https:\/\/stel.asu.cas.cz\/cs\/wp-content\/uploads\/2021\/09\/perek-2m-300x131.jpg 300w, https:\/\/stel.asu.cas.cz\/cs\/wp-content\/uploads\/2021\/09\/perek-2m-768x334.jpg 768w, https:\/\/stel.asu.cas.cz\/cs\/wp-content\/uploads\/2021\/09\/perek-2m-18x8.jpg 18w, https:\/\/stel.asu.cas.cz\/cs\/wp-content\/uploads\/2021\/09\/perek-2m-24x10.jpg 24w, https:\/\/stel.asu.cas.cz\/cs\/wp-content\/uploads\/2021\/09\/perek-2m-36x16.jpg 36w\" sizes=\"auto, (max-width: 777px) 100vw, 777px\" \/><\/figure>\n\n\n\n<ul class=\"wp-block-list\">\n<li>provoz Perkova dalekohledu<\/li>\n\n\n\n<li>rozvoj p\u0159\u00edstrojov\u00e9ho vybaven\u00ed<\/li>\n\n\n\n<li>technick\u00e9 zaji\u0161t\u011bn\u00ed pozorov\u00e1n\u00ed <\/li>\n\n\n\n<li><a href=\"https:\/\/stel.asu.cas.cz\/cs\/perkuv-dalekohled\/\">v\u00edce<\/a><\/li>\n<\/ul>\n<\/div>\n\n\n\n<div class=\"wp-block-column is-layout-flow wp-block-column-is-layout-flow\">\n<p><strong>Dalekohled E152 | La Silla, Chile<\/strong><\/p>\n\n\n\n<figure class=\"wp-block-image size-full\"><img loading=\"lazy\" decoding=\"async\" width=\"777\" height=\"338\" src=\"https:\/\/stel.asu.cas.cz\/cs\/wp-content\/uploads\/2026\/01\/e152-DSCF6914.jpg\" alt=\"\" class=\"wp-image-3595\" srcset=\"https:\/\/stel.asu.cas.cz\/cs\/wp-content\/uploads\/2026\/01\/e152-DSCF6914.jpg 777w, https:\/\/stel.asu.cas.cz\/cs\/wp-content\/uploads\/2026\/01\/e152-DSCF6914-300x131.jpg 300w, https:\/\/stel.asu.cas.cz\/cs\/wp-content\/uploads\/2026\/01\/e152-DSCF6914-768x334.jpg 768w, https:\/\/stel.asu.cas.cz\/cs\/wp-content\/uploads\/2026\/01\/e152-DSCF6914-18x8.jpg 18w, https:\/\/stel.asu.cas.cz\/cs\/wp-content\/uploads\/2026\/01\/e152-DSCF6914-24x10.jpg 24w, https:\/\/stel.asu.cas.cz\/cs\/wp-content\/uploads\/2026\/01\/e152-DSCF6914-36x16.jpg 36w\" sizes=\"auto, (max-width: 777px) 100vw, 777px\" \/><\/figure>\n\n\n\n<ul class=\"wp-block-list\">\n<li>dalekohled E152<\/li>\n\n\n\n<li>spektrograf PlatoSpec<\/li>\n\n\n\n<li><a href=\"https:\/\/stel.asu.cas.cz\/cs\/dalekohled-e152\/\" data-type=\"page\" data-id=\"3597\">v\u00edce<\/a><\/li>\n<\/ul>\n<\/div>\n<\/div>\n\n\n\n<p><\/p>\n","protected":false},"excerpt":{"rendered":"<p>Stel\u00e1rn\u00ed odd\u011blen\u00ed (odd\u011blen\u00ed fyziky hv\u011bzd) je jedn\u00edm ze \u010dty\u0159 odd\u011blen\u00ed Astronomick\u00e9ho \u00fastavu Akademie v\u011bd \u010cesk\u00e9 Republiky (ASU AV \u010cR). Prov\u00e1d\u00ed \u0161pi\u010dkov\u00fd v\u011bdeck\u00fd v\u00fdzkum a v\u011bnuje<\/p>\n","protected":false},"author":1,"featured_media":0,"parent":0,"menu_order":0,"comment_status":"closed","ping_status":"closed","template":"","meta":{"footnotes":""},"class_list":["post-46","page","type-page","status-publish","hentry"],"_links":{"self":[{"href":"https:\/\/stel.asu.cas.cz\/cs\/wp-json\/wp\/v2\/pages\/46","targetHints":{"allow":["GET"]}}],"collection":[{"href":"https:\/\/stel.asu.cas.cz\/cs\/wp-json\/wp\/v2\/pages"}],"about":[{"href":"https:\/\/stel.asu.cas.cz\/cs\/wp-json\/wp\/v2\/types\/page"}],"author":[{"embeddable":true,"href":"https:\/\/stel.asu.cas.cz\/cs\/wp-json\/wp\/v2\/users\/1"}],"replies":[{"embeddable":true,"href":"https:\/\/stel.asu.cas.cz\/cs\/wp-json\/wp\/v2\/comments?post=46"}],"version-history":[{"count":52,"href":"https:\/\/stel.asu.cas.cz\/cs\/wp-json\/wp\/v2\/pages\/46\/revisions"}],"predecessor-version":[{"id":3606,"href":"https:\/\/stel.asu.cas.cz\/cs\/wp-json\/wp\/v2\/pages\/46\/revisions\/3606"}],"wp:attachment":[{"href":"https:\/\/stel.asu.cas.cz\/cs\/wp-json\/wp\/v2\/media?parent=46"}],"curies":[{"name":"wp","href":"https:\/\/api.w.org\/{rel}","templated":true}]}}