{"id":517,"date":"2021-07-02T13:58:01","date_gmt":"2021-07-02T11:58:01","guid":{"rendered":"https:\/\/stel.asu.cas.cz\/cs\/?page_id=517"},"modified":"2026-01-19T16:02:16","modified_gmt":"2026-01-19T15:02:16","slug":"pozorovani","status":"publish","type":"page","link":"https:\/\/stel.asu.cas.cz\/cs\/perkuv-dalekohled\/pozorovani\/","title":{"rendered":"Pozorov\u00e1n\u00ed"},"content":{"rendered":"\n<h3 class=\"wp-block-heading has-vivid-cyan-blue-color has-text-color\"><strong>Pozorovac\u00ed podm\u00ednky v Ond\u0159ejov\u011b<\/strong><\/h3>\n\n\n\n<p>Pozorovac\u00ed podm\u00ednky v Ond\u0159ejov\u011b jsou d\u00e1ny polohou observato\u0159e ve st\u0159edn\u00ed Evrop\u011b. Typick\u00fd seeing (neklid atmosf\u00e9ry) je 3&#8243; (\u00fahlov\u00e9 vte\u0159iny) a jen z\u0159\u00eddka je lep\u0161\u00ed ne\u017e 2&#8243;. Rozlo\u017een\u00ed jasn\u00fdch (pozorovac\u00edch) noc\u00ed b\u011bhem roku je zachyceno na n\u00e1sleduj\u00edc\u00edm grafu. V zimn\u00edch m\u011bs\u00edc\u00edch jsou obvykle podm\u00ednky \u0161patn\u00e9 a po\u010det pozorovac\u00edch noc\u00ed velmi n\u00edzk\u00fd. Nejvy\u0161\u0161\u00ed procento pozorovac\u00edch noc\u00ed s vhodn\u00fdmi podm\u00ednkami je obdob\u00edch b\u0159ezen-duben a srpen-z\u00e1\u0159\u00ed.<\/p>\n\n\n\n<p><\/p>\n\n\n\n<figure class=\"wp-block-image size-large\"><a href=\"https:\/\/stel.asu.cas.cz\/cs\/wp-content\/uploads\/2026\/01\/alldata_2025.png\"><img loading=\"lazy\" decoding=\"async\" width=\"1024\" height=\"640\" src=\"https:\/\/stel.asu.cas.cz\/cs\/wp-content\/uploads\/2026\/01\/alldata_2025-1024x640.png\" alt=\"\" class=\"wp-image-3590\" srcset=\"https:\/\/stel.asu.cas.cz\/cs\/wp-content\/uploads\/2026\/01\/alldata_2025-1024x640.png 1024w, https:\/\/stel.asu.cas.cz\/cs\/wp-content\/uploads\/2026\/01\/alldata_2025-300x188.png 300w, https:\/\/stel.asu.cas.cz\/cs\/wp-content\/uploads\/2026\/01\/alldata_2025-768x480.png 768w, https:\/\/stel.asu.cas.cz\/cs\/wp-content\/uploads\/2026\/01\/alldata_2025-18x11.png 18w, https:\/\/stel.asu.cas.cz\/cs\/wp-content\/uploads\/2026\/01\/alldata_2025-24x15.png 24w, https:\/\/stel.asu.cas.cz\/cs\/wp-content\/uploads\/2026\/01\/alldata_2025-36x23.png 36w, https:\/\/stel.asu.cas.cz\/cs\/wp-content\/uploads\/2026\/01\/alldata_2025.png 1200w\" sizes=\"auto, (max-width: 1024px) 100vw, 1024px\" \/><\/a><\/figure>\n\n\n\n<figure class=\"wp-block-image size-large\">\n<figcaption style=\"text-align: justify;\"><strong>Rozd\u011blen\u00ed po\u010dtu pozorovac\u00edch hodin v roce 2025<\/strong>: \u0160ed\u00e9 sloupce p\u0159edstavuj\u00ed maxim\u00e1ln\u00ed teoretick\u00fd po\u010det pozorovac\u00edch hodin v Ond\u0159ejov\u011b (kdy se Slunce nach\u00e1z\u00ed v\u00edce ne\u017e 12\u00b0 pod obzorem) pro dan\u00fd m\u011bs\u00edc (po\u010det hodin je uveden v b\u00edl\u00fdch popisech). Modr\u00e9 sloupce a odpov\u00eddaj\u00edc\u00ed hodnoty ve \u017elut\u00fdch boxech ud\u00e1vaj\u00ed skute\u010dn\u00fd po\u010det odpozorovan\u00fdch hodin v dan\u00e9m m\u011bs\u00edci (suma \u010dasu pozorov\u00e1n\u00ed v\u011bdeck\u00fdch c\u00edl\u016f v\u0161emi pou\u017e\u00edvan\u00fdmi p\u0159\u00edstroji &#8211; spektrografy 700 a OES, od roku 2019 i fotometrick\u00e1 CCD kamera; kalibrace nejsou zapo\u010d\u00edt\u00e1ny), \u010d\u00edsla v zelen\u00fdch boxech pak ud\u00e1vaj\u00ed procentu\u00e1ln\u00ed pod\u00edl vyu\u017eit\u00e9ho \u010dasu. Kredit: P. \u0160koda<\/figcaption>\n<\/figure>\n\n\n\n<h4 class=\"wp-block-heading has-black-color has-text-color\">Statistika pozorov\u00e1n\u00ed<\/h4>\n\n\n\n<p>Grafy uveden\u00e9 n\u00ed\u017ee na str\u00e1nce ukazuj\u00ed statistiku po\u010dtu pozorovac\u00edch hodin v posledn\u00edch n\u011bkolika letech. \u0160ed\u00e9 sloupce p\u0159edstavuj\u00ed maxim\u00e1ln\u00ed teoretick\u00fd po\u010det pozorovac\u00edch hodin v Ond\u0159ejov\u011b (kdy se Slunce nach\u00e1z\u00ed v\u00edce ne\u017e 12\u00b0 pod obzorem) pro dan\u00fd m\u011bs\u00edc (po\u010det hodin je uveden v b\u00edl\u00fdch popisech). Modr\u00e9 sloupce a odpov\u00eddaj\u00edc\u00ed hodnoty ve \u017elut\u00fdch boxech ud\u00e1vaj\u00ed skute\u010dn\u00fd po\u010det odpozorovan\u00fdch hodin v dan\u00e9m m\u011bs\u00edci (suma \u010dasu pozorov\u00e1n\u00ed v\u011bdeck\u00fdch c\u00edl\u016f v\u0161emi pou\u017e\u00edvan\u00fdmi p\u0159\u00edstroji &#8211; spektrografy 700 a OES, od roku 2019 i fotometrick\u00e1 CCD kamera; kalibrace nejsou zapo\u010d\u00edt\u00e1ny), \u010d\u00edsla v zelen\u00fdch boxech pak ud\u00e1vaj\u00ed procentu\u00e1ln\u00ed pod\u00edl vyu\u017eit\u00e9ho \u010dasu.<\/p>\n\n\n\n<div class=\"wp-block-columns is-layout-flex wp-container-core-columns-is-layout-1 wp-block-columns-is-layout-flex\">\n<div class=\"wp-block-column is-layout-flow wp-block-column-is-layout-flow\">\n<figure class=\"wp-block-image size-large\"><a href=\"https:\/\/stel.asu.cas.cz\/cs\/wp-content\/uploads\/2025\/01\/alldata_2024.png\" target=\"_blank\" rel=\" noreferrer noopener\"><img loading=\"lazy\" decoding=\"async\" width=\"1024\" height=\"640\" src=\"https:\/\/stel.asu.cas.cz\/cs\/wp-content\/uploads\/2025\/01\/alldata_2024-1024x640.png\" alt=\"\" class=\"wp-image-3260\" srcset=\"https:\/\/stel.asu.cas.cz\/cs\/wp-content\/uploads\/2025\/01\/alldata_2024-1024x640.png 1024w, https:\/\/stel.asu.cas.cz\/cs\/wp-content\/uploads\/2025\/01\/alldata_2024-300x188.png 300w, https:\/\/stel.asu.cas.cz\/cs\/wp-content\/uploads\/2025\/01\/alldata_2024-768x480.png 768w, https:\/\/stel.asu.cas.cz\/cs\/wp-content\/uploads\/2025\/01\/alldata_2024-18x11.png 18w, https:\/\/stel.asu.cas.cz\/cs\/wp-content\/uploads\/2025\/01\/alldata_2024-24x15.png 24w, https:\/\/stel.asu.cas.cz\/cs\/wp-content\/uploads\/2025\/01\/alldata_2024-36x23.png 36w, https:\/\/stel.asu.cas.cz\/cs\/wp-content\/uploads\/2025\/01\/alldata_2024.png 1200w\" sizes=\"auto, (max-width: 1024px) 100vw, 1024px\" \/><\/a><figcaption class=\"wp-element-caption\">2024 (06-07, pokoven\u00ed prim\u00e1rn\u00edho zrcadla)<\/figcaption><\/figure>\n\n\n\n<p><\/p>\n<\/div>\n\n\n\n<div class=\"wp-block-column is-layout-flow wp-block-column-is-layout-flow\"><\/div>\n\n\n\n<div class=\"wp-block-column is-layout-flow wp-block-column-is-layout-flow\"><\/div>\n<\/div>\n\n\n\n<div class=\"wp-block-columns is-layout-flex wp-container-core-columns-is-layout-2 wp-block-columns-is-layout-flex\">\n<div class=\"wp-block-column is-layout-flow wp-block-column-is-layout-flow\">\n<figure class=\"wp-block-image size-large\"><a href=\"https:\/\/stel.asu.cas.cz\/cs\/wp-content\/uploads\/2024\/01\/alldata_2023.png\" target=\"_blank\" rel=\"noreferrer noopener\"><img loading=\"lazy\" decoding=\"async\" width=\"1024\" height=\"640\" src=\"https:\/\/stel.asu.cas.cz\/cs\/wp-content\/uploads\/2024\/01\/alldata_2023-1024x640.png\" alt=\"\" class=\"wp-image-2909\" srcset=\"https:\/\/stel.asu.cas.cz\/cs\/wp-content\/uploads\/2024\/01\/alldata_2023-1024x640.png 1024w, https:\/\/stel.asu.cas.cz\/cs\/wp-content\/uploads\/2024\/01\/alldata_2023-300x188.png 300w, https:\/\/stel.asu.cas.cz\/cs\/wp-content\/uploads\/2024\/01\/alldata_2023-768x480.png 768w, https:\/\/stel.asu.cas.cz\/cs\/wp-content\/uploads\/2024\/01\/alldata_2023-18x11.png 18w, https:\/\/stel.asu.cas.cz\/cs\/wp-content\/uploads\/2024\/01\/alldata_2023-24x15.png 24w, https:\/\/stel.asu.cas.cz\/cs\/wp-content\/uploads\/2024\/01\/alldata_2023-36x23.png 36w, https:\/\/stel.asu.cas.cz\/cs\/wp-content\/uploads\/2024\/01\/alldata_2023.png 1200w\" sizes=\"auto, (max-width: 1024px) 100vw, 1024px\" \/><\/a><figcaption class=\"wp-element-caption\">2023<\/figcaption><\/figure>\n\n\n\n<p><\/p>\n<\/div>\n\n\n\n<div class=\"wp-block-column is-layout-flow wp-block-column-is-layout-flow\">\n<figure class=\"wp-block-image size-large\"><a href=\"https:\/\/stel.asu.cas.cz\/cs\/wp-content\/uploads\/2023\/02\/alldata_2022b.png\" target=\"_blank\" rel=\"noreferrer noopener\"><img loading=\"lazy\" decoding=\"async\" width=\"1024\" height=\"640\" src=\"https:\/\/stel.asu.cas.cz\/cs\/wp-content\/uploads\/2023\/02\/alldata_2022b-1024x640.png\" alt=\"\" class=\"wp-image-2618\" srcset=\"https:\/\/stel.asu.cas.cz\/cs\/wp-content\/uploads\/2023\/02\/alldata_2022b-1024x640.png 1024w, https:\/\/stel.asu.cas.cz\/cs\/wp-content\/uploads\/2023\/02\/alldata_2022b-300x188.png 300w, https:\/\/stel.asu.cas.cz\/cs\/wp-content\/uploads\/2023\/02\/alldata_2022b-768x480.png 768w, https:\/\/stel.asu.cas.cz\/cs\/wp-content\/uploads\/2023\/02\/alldata_2022b-18x11.png 18w, https:\/\/stel.asu.cas.cz\/cs\/wp-content\/uploads\/2023\/02\/alldata_2022b-24x15.png 24w, https:\/\/stel.asu.cas.cz\/cs\/wp-content\/uploads\/2023\/02\/alldata_2022b-36x23.png 36w, https:\/\/stel.asu.cas.cz\/cs\/wp-content\/uploads\/2023\/02\/alldata_2022b.png 1200w\" sizes=\"auto, (max-width: 1024px) 100vw, 1024px\" \/><\/a><figcaption class=\"wp-element-caption\">2022<\/figcaption><\/figure>\n<\/div>\n\n\n\n<div class=\"wp-block-column is-layout-flow wp-block-column-is-layout-flow\">\n<figure class=\"wp-block-image size-large\"><a href=\"https:\/\/stel.asu.cas.cz\/cs\/wp-content\/uploads\/2022\/01\/alldata_2021-1024x640.png\" target=\"_blank\" rel=\"noreferrer noopener\"><img loading=\"lazy\" decoding=\"async\" width=\"1024\" height=\"640\" src=\"https:\/\/stel.asu.cas.cz\/cs\/wp-content\/uploads\/2022\/01\/alldata_2021-1024x640.png\" alt=\"\" class=\"wp-image-1918\" srcset=\"https:\/\/stel.asu.cas.cz\/cs\/wp-content\/uploads\/2022\/01\/alldata_2021-1024x640.png 1024w, https:\/\/stel.asu.cas.cz\/cs\/wp-content\/uploads\/2022\/01\/alldata_2021-300x188.png 300w, https:\/\/stel.asu.cas.cz\/cs\/wp-content\/uploads\/2022\/01\/alldata_2021-768x480.png 768w, https:\/\/stel.asu.cas.cz\/cs\/wp-content\/uploads\/2022\/01\/alldata_2021-18x11.png 18w, https:\/\/stel.asu.cas.cz\/cs\/wp-content\/uploads\/2022\/01\/alldata_2021-24x15.png 24w, https:\/\/stel.asu.cas.cz\/cs\/wp-content\/uploads\/2022\/01\/alldata_2021-36x23.png 36w, https:\/\/stel.asu.cas.cz\/cs\/wp-content\/uploads\/2022\/01\/alldata_2021.png 1200w\" sizes=\"auto, (max-width: 1024px) 100vw, 1024px\" \/><\/a><figcaption class=\"wp-element-caption\">2021<\/figcaption><\/figure>\n<\/div>\n<\/div>\n\n\n\n<div class=\"wp-block-columns is-layout-flex wp-container-core-columns-is-layout-3 wp-block-columns-is-layout-flex\">\n<div class=\"wp-block-column is-layout-flow wp-block-column-is-layout-flow\">\n<figure class=\"wp-block-image size-large\"><a href=\"https:\/\/stel.asu.cas.cz\/cs\/wp-content\/uploads\/2022\/01\/alldata_2020b.png\" target=\"_blank\" rel=\"noreferrer noopener\"><img loading=\"lazy\" decoding=\"async\" width=\"1024\" height=\"640\" src=\"https:\/\/stel.asu.cas.cz\/cs\/wp-content\/uploads\/2022\/01\/alldata_2020b-1024x640.png\" alt=\"\" class=\"wp-image-1920\" srcset=\"https:\/\/stel.asu.cas.cz\/cs\/wp-content\/uploads\/2022\/01\/alldata_2020b-1024x640.png 1024w, https:\/\/stel.asu.cas.cz\/cs\/wp-content\/uploads\/2022\/01\/alldata_2020b-300x188.png 300w, https:\/\/stel.asu.cas.cz\/cs\/wp-content\/uploads\/2022\/01\/alldata_2020b-768x480.png 768w, https:\/\/stel.asu.cas.cz\/cs\/wp-content\/uploads\/2022\/01\/alldata_2020b-18x11.png 18w, https:\/\/stel.asu.cas.cz\/cs\/wp-content\/uploads\/2022\/01\/alldata_2020b-24x15.png 24w, https:\/\/stel.asu.cas.cz\/cs\/wp-content\/uploads\/2022\/01\/alldata_2020b-36x23.png 36w, https:\/\/stel.asu.cas.cz\/cs\/wp-content\/uploads\/2022\/01\/alldata_2020b.png 1200w\" sizes=\"auto, (max-width: 1024px) 100vw, 1024px\" \/><\/a><figcaption class=\"wp-element-caption\">2020<\/figcaption><\/figure>\n<\/div>\n\n\n\n<div class=\"wp-block-column is-layout-flow wp-block-column-is-layout-flow\">\n<figure class=\"wp-block-image size-large\"><a href=\"https:\/\/stel.asu.cas.cz\/cs\/wp-content\/uploads\/2021\/09\/alldata_2019.png\" target=\"_blank\" rel=\"noreferrer noopener\"><img loading=\"lazy\" decoding=\"async\" width=\"1024\" height=\"640\" src=\"https:\/\/stel.asu.cas.cz\/cs\/wp-content\/uploads\/2021\/09\/alldata_2019-1024x640.png\" alt=\"\" class=\"wp-image-1508\" srcset=\"https:\/\/stel.asu.cas.cz\/cs\/wp-content\/uploads\/2021\/09\/alldata_2019-1024x640.png 1024w, https:\/\/stel.asu.cas.cz\/cs\/wp-content\/uploads\/2021\/09\/alldata_2019-300x188.png 300w, https:\/\/stel.asu.cas.cz\/cs\/wp-content\/uploads\/2021\/09\/alldata_2019-768x480.png 768w, https:\/\/stel.asu.cas.cz\/cs\/wp-content\/uploads\/2021\/09\/alldata_2019-18x11.png 18w, https:\/\/stel.asu.cas.cz\/cs\/wp-content\/uploads\/2021\/09\/alldata_2019-24x15.png 24w, https:\/\/stel.asu.cas.cz\/cs\/wp-content\/uploads\/2021\/09\/alldata_2019-36x23.png 36w, https:\/\/stel.asu.cas.cz\/cs\/wp-content\/uploads\/2021\/09\/alldata_2019.png 1200w\" sizes=\"auto, (max-width: 1024px) 100vw, 1024px\" \/><\/a><figcaption class=\"wp-element-caption\">2019 (z\u00e1\u0159\u00ed &#8211; prosinec, technick\u00e1 odst\u00e1vka)<\/figcaption><\/figure>\n<\/div>\n\n\n\n<div class=\"wp-block-column is-layout-flow wp-block-column-is-layout-flow\">\n<figure class=\"wp-block-image size-large\"><a href=\"https:\/\/stel.asu.cas.cz\/cs\/wp-content\/uploads\/2021\/09\/alldata_2018.png\" target=\"_blank\" rel=\"noreferrer noopener\"><img loading=\"lazy\" decoding=\"async\" width=\"1024\" height=\"640\" src=\"https:\/\/stel.asu.cas.cz\/cs\/wp-content\/uploads\/2021\/09\/alldata_2018-1024x640.png\" alt=\"\" class=\"wp-image-1511\" srcset=\"https:\/\/stel.asu.cas.cz\/cs\/wp-content\/uploads\/2021\/09\/alldata_2018-1024x640.png 1024w, https:\/\/stel.asu.cas.cz\/cs\/wp-content\/uploads\/2021\/09\/alldata_2018-300x188.png 300w, https:\/\/stel.asu.cas.cz\/cs\/wp-content\/uploads\/2021\/09\/alldata_2018-768x480.png 768w, https:\/\/stel.asu.cas.cz\/cs\/wp-content\/uploads\/2021\/09\/alldata_2018-18x11.png 18w, https:\/\/stel.asu.cas.cz\/cs\/wp-content\/uploads\/2021\/09\/alldata_2018-24x15.png 24w, https:\/\/stel.asu.cas.cz\/cs\/wp-content\/uploads\/2021\/09\/alldata_2018-36x23.png 36w, https:\/\/stel.asu.cas.cz\/cs\/wp-content\/uploads\/2021\/09\/alldata_2018.png 1200w\" sizes=\"auto, (max-width: 1024px) 100vw, 1024px\" \/><\/a><figcaption class=\"wp-element-caption\">2018<\/figcaption><\/figure>\n<\/div>\n<\/div>\n\n\n\n<div class=\"wp-block-columns is-layout-flex wp-container-core-columns-is-layout-4 wp-block-columns-is-layout-flex\">\n<div class=\"wp-block-column is-layout-flow wp-block-column-is-layout-flow\">\n<figure class=\"wp-block-image size-large\"><a href=\"https:\/\/stel.asu.cas.cz\/cs\/wp-content\/uploads\/2021\/09\/alldata_2017.png\" target=\"_blank\" rel=\"noreferrer noopener\"><img loading=\"lazy\" decoding=\"async\" width=\"1024\" height=\"640\" src=\"https:\/\/stel.asu.cas.cz\/cs\/wp-content\/uploads\/2021\/09\/alldata_2017-1024x640.png\" alt=\"\" class=\"wp-image-1512\" srcset=\"https:\/\/stel.asu.cas.cz\/cs\/wp-content\/uploads\/2021\/09\/alldata_2017-1024x640.png 1024w, https:\/\/stel.asu.cas.cz\/cs\/wp-content\/uploads\/2021\/09\/alldata_2017-300x188.png 300w, https:\/\/stel.asu.cas.cz\/cs\/wp-content\/uploads\/2021\/09\/alldata_2017-768x480.png 768w, https:\/\/stel.asu.cas.cz\/cs\/wp-content\/uploads\/2021\/09\/alldata_2017-18x11.png 18w, https:\/\/stel.asu.cas.cz\/cs\/wp-content\/uploads\/2021\/09\/alldata_2017-24x15.png 24w, https:\/\/stel.asu.cas.cz\/cs\/wp-content\/uploads\/2021\/09\/alldata_2017-36x23.png 36w, https:\/\/stel.asu.cas.cz\/cs\/wp-content\/uploads\/2021\/09\/alldata_2017.png 1200w\" sizes=\"auto, (max-width: 1024px) 100vw, 1024px\" \/><\/a><figcaption class=\"wp-element-caption\">2017 (leden &#8211; \u00fanor, technick\u00e1 odst\u00e1vka)<\/figcaption><\/figure>\n<\/div>\n\n\n\n<div class=\"wp-block-column is-layout-flow wp-block-column-is-layout-flow\">\n<figure class=\"wp-block-image size-large\"><a href=\"https:\/\/stel.asu.cas.cz\/cs\/wp-content\/uploads\/2021\/09\/alldata_2016.png\" target=\"_blank\" rel=\"noreferrer noopener\"><img loading=\"lazy\" decoding=\"async\" width=\"1024\" height=\"640\" src=\"https:\/\/stel.asu.cas.cz\/cs\/wp-content\/uploads\/2021\/09\/alldata_2016-1024x640.png\" alt=\"\" class=\"wp-image-1513\" srcset=\"https:\/\/stel.asu.cas.cz\/cs\/wp-content\/uploads\/2021\/09\/alldata_2016-1024x640.png 1024w, https:\/\/stel.asu.cas.cz\/cs\/wp-content\/uploads\/2021\/09\/alldata_2016-300x188.png 300w, https:\/\/stel.asu.cas.cz\/cs\/wp-content\/uploads\/2021\/09\/alldata_2016-768x480.png 768w, https:\/\/stel.asu.cas.cz\/cs\/wp-content\/uploads\/2021\/09\/alldata_2016-18x11.png 18w, https:\/\/stel.asu.cas.cz\/cs\/wp-content\/uploads\/2021\/09\/alldata_2016-24x15.png 24w, https:\/\/stel.asu.cas.cz\/cs\/wp-content\/uploads\/2021\/09\/alldata_2016-36x23.png 36w, https:\/\/stel.asu.cas.cz\/cs\/wp-content\/uploads\/2021\/09\/alldata_2016.png 1200w\" sizes=\"auto, (max-width: 1024px) 100vw, 1024px\" \/><\/a><figcaption class=\"wp-element-caption\">2016 (od dubna technick\u00e1 odst\u00e1vka)<\/figcaption><\/figure>\n<\/div>\n\n\n\n<div class=\"wp-block-column is-layout-flow wp-block-column-is-layout-flow\">\n<figure class=\"wp-block-image size-large\"><a href=\"https:\/\/stel.asu.cas.cz\/cs\/wp-content\/uploads\/2021\/09\/alldata_2015.png\" target=\"_blank\" rel=\"noreferrer noopener\"><img loading=\"lazy\" decoding=\"async\" width=\"1024\" height=\"640\" src=\"https:\/\/stel.asu.cas.cz\/cs\/wp-content\/uploads\/2021\/09\/alldata_2015-1024x640.png\" alt=\"\" class=\"wp-image-1514\" srcset=\"https:\/\/stel.asu.cas.cz\/cs\/wp-content\/uploads\/2021\/09\/alldata_2015-1024x640.png 1024w, https:\/\/stel.asu.cas.cz\/cs\/wp-content\/uploads\/2021\/09\/alldata_2015-300x188.png 300w, https:\/\/stel.asu.cas.cz\/cs\/wp-content\/uploads\/2021\/09\/alldata_2015-768x480.png 768w, https:\/\/stel.asu.cas.cz\/cs\/wp-content\/uploads\/2021\/09\/alldata_2015-18x11.png 18w, https:\/\/stel.asu.cas.cz\/cs\/wp-content\/uploads\/2021\/09\/alldata_2015-24x15.png 24w, https:\/\/stel.asu.cas.cz\/cs\/wp-content\/uploads\/2021\/09\/alldata_2015-36x23.png 36w, https:\/\/stel.asu.cas.cz\/cs\/wp-content\/uploads\/2021\/09\/alldata_2015.png 1200w\" sizes=\"auto, (max-width: 1024px) 100vw, 1024px\" \/><\/a><figcaption class=\"wp-element-caption\">2015<\/figcaption><\/figure>\n<\/div>\n<\/div>\n\n\n\n<div class=\"wp-block-columns is-layout-flex wp-container-core-columns-is-layout-5 wp-block-columns-is-layout-flex\">\n<div class=\"wp-block-column is-layout-flow wp-block-column-is-layout-flow\">\n<figure class=\"wp-block-image size-large\"><a href=\"https:\/\/stel.asu.cas.cz\/cs\/wp-content\/uploads\/2021\/09\/alldata_2014.png\" target=\"_blank\" rel=\"noreferrer noopener\"><img loading=\"lazy\" decoding=\"async\" width=\"1024\" height=\"640\" src=\"https:\/\/stel.asu.cas.cz\/cs\/wp-content\/uploads\/2021\/09\/alldata_2014-1024x640.png\" alt=\"\" class=\"wp-image-1515\" srcset=\"https:\/\/stel.asu.cas.cz\/cs\/wp-content\/uploads\/2021\/09\/alldata_2014-1024x640.png 1024w, https:\/\/stel.asu.cas.cz\/cs\/wp-content\/uploads\/2021\/09\/alldata_2014-300x188.png 300w, https:\/\/stel.asu.cas.cz\/cs\/wp-content\/uploads\/2021\/09\/alldata_2014-768x480.png 768w, https:\/\/stel.asu.cas.cz\/cs\/wp-content\/uploads\/2021\/09\/alldata_2014-18x11.png 18w, https:\/\/stel.asu.cas.cz\/cs\/wp-content\/uploads\/2021\/09\/alldata_2014-24x15.png 24w, https:\/\/stel.asu.cas.cz\/cs\/wp-content\/uploads\/2021\/09\/alldata_2014-36x23.png 36w, https:\/\/stel.asu.cas.cz\/cs\/wp-content\/uploads\/2021\/09\/alldata_2014.png 1200w\" sizes=\"auto, (max-width: 1024px) 100vw, 1024px\" \/><\/a><figcaption class=\"wp-element-caption\">2014<\/figcaption><\/figure>\n<\/div>\n\n\n\n<div class=\"wp-block-column is-layout-flow wp-block-column-is-layout-flow\">\n<figure class=\"wp-block-image size-large\"><a href=\"\/cs\/wp-content\/uploads\/2021\/09\/alldata_2013-1024x640.png\" target=\"_blank\" rel=\"noreferrer noopener\"><img decoding=\"async\" src=\"\/cs\/wp-content\/uploads\/2021\/09\/alldata_2013-1024x640.png\" alt=\"\"\/><\/a><figcaption class=\"wp-element-caption\">2013<\/figcaption><\/figure>\n<\/div>\n\n\n\n<div class=\"wp-block-column is-layout-flow wp-block-column-is-layout-flow\">\n<figure class=\"wp-block-image size-large\"><a href=\"https:\/\/stel.asu.cas.cz\/cs\/wp-content\/uploads\/2021\/09\/alldata_2012.png\" target=\"_blank\" rel=\"noreferrer noopener\"><img loading=\"lazy\" decoding=\"async\" width=\"1024\" height=\"640\" src=\"https:\/\/stel.asu.cas.cz\/cs\/wp-content\/uploads\/2021\/09\/alldata_2012-1024x640.png\" alt=\"\" class=\"wp-image-1517\" srcset=\"https:\/\/stel.asu.cas.cz\/cs\/wp-content\/uploads\/2021\/09\/alldata_2012-1024x640.png 1024w, https:\/\/stel.asu.cas.cz\/cs\/wp-content\/uploads\/2021\/09\/alldata_2012-300x188.png 300w, https:\/\/stel.asu.cas.cz\/cs\/wp-content\/uploads\/2021\/09\/alldata_2012-768x480.png 768w, https:\/\/stel.asu.cas.cz\/cs\/wp-content\/uploads\/2021\/09\/alldata_2012-18x11.png 18w, https:\/\/stel.asu.cas.cz\/cs\/wp-content\/uploads\/2021\/09\/alldata_2012-24x15.png 24w, https:\/\/stel.asu.cas.cz\/cs\/wp-content\/uploads\/2021\/09\/alldata_2012-36x23.png 36w, https:\/\/stel.asu.cas.cz\/cs\/wp-content\/uploads\/2021\/09\/alldata_2012.png 1200w\" sizes=\"auto, (max-width: 1024px) 100vw, 1024px\" \/><\/a><figcaption class=\"wp-element-caption\">2012<\/figcaption><\/figure>\n<\/div>\n<\/div>\n\n\n\n<p>K dispozici jsou rovn\u011b\u017e star\u0161\u00ed statistick\u00e1 data ve stejn\u00e9m grafick\u00e9m proveden\u00ed (hodnota &#8218;0&#8216; se v\u011bt\u0161inou vztahuje k technick\u00fdm odst\u00e1vk\u00e1m):<\/p>\n\n\n\n<ul class=\"wp-block-list\">\n<li><a href=\"https:\/\/stel.asu.cas.cz\/cs\/wp-content\/uploads\/2021\/09\/alldata_2011-1024x640.png\">2011<\/a>, <a href=\"https:\/\/stel.asu.cas.cz\/cs\/wp-content\/uploads\/2021\/09\/alldata_2010.png\">2010<\/a>, <a href=\"https:\/\/stel.asu.cas.cz\/cs\/wp-content\/uploads\/2021\/09\/alldata_2009.png\">2009<\/a>, <a href=\"https:\/\/stel.asu.cas.cz\/cs\/wp-content\/uploads\/2021\/09\/alldata_2008.png\">2008<\/a>, <a href=\"https:\/\/stel.asu.cas.cz\/cs\/wp-content\/uploads\/2021\/09\/alldata_2007.png\">2007<\/a>, <a href=\"https:\/\/stel.asu.cas.cz\/cs\/wp-content\/uploads\/2021\/09\/alldata_2006.png\">2006<\/a>, <a href=\"https:\/\/stel.asu.cas.cz\/cs\/wp-content\/uploads\/2021\/09\/alldata_2005.png\">2005<\/a>, <a href=\"https:\/\/stel.asu.cas.cz\/cs\/wp-content\/uploads\/2021\/09\/alldata_2004.png\">2004<\/a>, <a href=\"https:\/\/stel.asu.cas.cz\/cs\/wp-content\/uploads\/2021\/09\/alldata_2003.png\">2003<\/a>, <a href=\"https:\/\/stel.asu.cas.cz\/cs\/wp-content\/uploads\/2021\/09\/alldata_2002.png\">2002<\/a>, <a href=\"https:\/\/stel.asu.cas.cz\/cs\/wp-content\/uploads\/2021\/09\/alldata_2001.png\">2001<\/a><\/li>\n<\/ul>\n\n\n\n<h3 class=\"wp-block-heading has-vivid-cyan-blue-color has-text-color\">Sledov\u00e1n\u00ed meteorologick\u00fdch podm\u00ednek<\/h3>\n\n\n\n<ul class=\"wp-block-list\">\n<li>po\u010das\u00ed: <a href=\"http:\/\/stel.asu.cas.cz\/meteo\/\" target=\"_blank\" rel=\"noreferrer noopener\"><strong>Meteostanice<\/strong><\/a><\/li>\n\n\n\n<li>celooblohov\u00e1 kamera 2: <a rel=\"noreferrer noopener\" href=\"http:\/\/stel.asu.cas.cz\/meteo\/allsky.html\" target=\"_blank\">AllSkyStell<\/a> <\/li>\n<\/ul>\n","protected":false},"excerpt":{"rendered":"<p>Pozorovac\u00ed podm\u00ednky v Ond\u0159ejov\u011b Pozorovac\u00ed podm\u00ednky v Ond\u0159ejov\u011b jsou d\u00e1ny polohou observato\u0159e ve st\u0159edn\u00ed Evrop\u011b. Typick\u00fd seeing (neklid atmosf\u00e9ry) je 3&#8243; (\u00fahlov\u00e9 vte\u0159iny) a jen<\/p>\n","protected":false},"author":3,"featured_media":0,"parent":110,"menu_order":0,"comment_status":"closed","ping_status":"closed","template":"","meta":{"footnotes":""},"class_list":["post-517","page","type-page","status-publish","hentry"],"_links":{"self":[{"href":"https:\/\/stel.asu.cas.cz\/cs\/wp-json\/wp\/v2\/pages\/517","targetHints":{"allow":["GET"]}}],"collection":[{"href":"https:\/\/stel.asu.cas.cz\/cs\/wp-json\/wp\/v2\/pages"}],"about":[{"href":"https:\/\/stel.asu.cas.cz\/cs\/wp-json\/wp\/v2\/types\/page"}],"author":[{"embeddable":true,"href":"https:\/\/stel.asu.cas.cz\/cs\/wp-json\/wp\/v2\/users\/3"}],"replies":[{"embeddable":true,"href":"https:\/\/stel.asu.cas.cz\/cs\/wp-json\/wp\/v2\/comments?post=517"}],"version-history":[{"count":57,"href":"https:\/\/stel.asu.cas.cz\/cs\/wp-json\/wp\/v2\/pages\/517\/revisions"}],"predecessor-version":[{"id":3593,"href":"https:\/\/stel.asu.cas.cz\/cs\/wp-json\/wp\/v2\/pages\/517\/revisions\/3593"}],"up":[{"embeddable":true,"href":"https:\/\/stel.asu.cas.cz\/cs\/wp-json\/wp\/v2\/pages\/110"}],"wp:attachment":[{"href":"https:\/\/stel.asu.cas.cz\/cs\/wp-json\/wp\/v2\/media?parent=517"}],"curies":[{"name":"wp","href":"https:\/\/api.w.org\/{rel}","templated":true}]}}