{"id":519,"date":"2021-07-02T13:58:45","date_gmt":"2021-07-02T11:58:45","guid":{"rendered":"https:\/\/stel.asu.cas.cz\/cs\/?page_id=519"},"modified":"2025-02-06T09:15:15","modified_gmt":"2025-02-06T08:15:15","slug":"archivy-dat","status":"publish","type":"page","link":"https:\/\/stel.asu.cas.cz\/cs\/perkuv-dalekohled\/archivy-dat\/","title":{"rendered":"Datov\u00e9 archivy"},"content":{"rendered":"\n<p><\/p>\n\n\n<div class=\"wp-block-image\">\n<figure class=\"aligncenter size-full is-resized\"><img loading=\"lazy\" decoding=\"async\" width=\"2000\" height=\"900\" src=\"https:\/\/stel.asu.cas.cz\/cs\/wp-content\/uploads\/2021\/07\/datacube1.jpg\" alt=\"\" class=\"wp-image-816\" style=\"width:750px;height:undefinedpx\" srcset=\"https:\/\/stel.asu.cas.cz\/cs\/wp-content\/uploads\/2021\/07\/datacube1.jpg 2000w, https:\/\/stel.asu.cas.cz\/cs\/wp-content\/uploads\/2021\/07\/datacube1-300x135.jpg 300w, https:\/\/stel.asu.cas.cz\/cs\/wp-content\/uploads\/2021\/07\/datacube1-1024x461.jpg 1024w, https:\/\/stel.asu.cas.cz\/cs\/wp-content\/uploads\/2021\/07\/datacube1-768x346.jpg 768w, https:\/\/stel.asu.cas.cz\/cs\/wp-content\/uploads\/2021\/07\/datacube1-1536x691.jpg 1536w\" sizes=\"auto, (max-width: 2000px) 100vw, 2000px\" \/><figcaption class=\"wp-element-caption\">Kredit: International AstroInformatics Association<\/figcaption><\/figure><\/div>\n\n\n<p><\/p>\n\n\n\n<p><\/p>\n\n\n\n<p>Ve\u0161ker\u00e1 data po\u0159\u00edzen\u00e1 pomoc\u00ed spektrograf\u016f a kamer Perkova dalekohledu jsou automaticky archivov\u00e1na a po vypr\u0161en\u00ed ochrann\u00e9ho obdob\u00ed jsou d\u00e1na k dispozici v\u011bdeck\u00e9 komunit\u011b prost\u0159ednictv\u00edm rozhran\u00ed CZVO (<a href=\"http:\/\/voarchive.asu.cas.cz\/\"><strong>Czech Virtual Observatory<\/strong><\/a>). V\u00a0sou\u010dasnosti jsou t\u00edmto zp\u016fsoben k dispozici tyto archivy: spektra po\u0159\u00edzen\u00e1 pomoc\u00ed za\u0159\u00edzen\u00ed <a href=\"http:\/\/stel.asu.cas.cz\/retarchive\/index.jsp\"><strong>Reticon<\/strong><\/a>, spektra po\u0159\u00edzen\u00e1 spektrografem <a href=\"http:\/\/stel.asu.cas.cz\/vo-archives\/heros\/\"><strong>HEROS<\/strong><\/a> a archiv spektrografu CCD700.<\/p>\n\n\n\n<p><\/p>\n\n\n\n<h3 class=\"wp-block-heading\">Podm\u00ednky pou\u017eit\u00ed archivn\u00edch dat<\/h3>\n\n\n\n<p>V\u0161echna napozorovan\u00e1 data jsou vlastnictv\u00edm Astronomick\u00e9ho \u00fastavu AV \u010cR a jsou ulo\u017eena prost\u0159ednictv\u00edm infrastruktury datov\u00fdch archiv\u016f Perkova dalekohledu. Nahl\u00ed\u017een\u00ed do archivu vy\u017eaduje autorizaci. Pou\u017eit\u00ed nov\u00fdch i archivn\u00edch dat mus\u00ed b\u00fdt n\u00e1le\u017eit\u00fdm zp\u016fsobem citov\u00e1no v publikac\u00edch, kter\u00e9 je vyu\u017e\u00edvaj\u00ed.<\/p>\n\n\n\n<p>Navrhovatel\u00e9 p\u0159id\u011blen\u00e9ho pozorovac\u00edho \u010dasu na Perkov\u011b dalekohledu maj\u00ed exkluzivn\u00ed pr\u00e1vo na vyu\u017eit\u00ed t\u011bchto v\u011bdeck\u00fdch dat po dobu trv\u00e1n\u00ed ochrann\u00e9ho obdob\u00ed o b\u011b\u017en\u00e9 d\u00e9lce jeden rok. Pot\u00e9 jsou data d\u00e1na k dispozici v\u011bdeck\u00e9 komunit\u011b. Ochrann\u00e9 obdob\u00ed v\u011bt\u0161inou trv\u00e1 jeden rok od po\u0159\u00edzen\u00ed expozice. Navrhovatel\u00e9 mohou v\u0161ak tuto periodu sami zkr\u00e1tit. Na druh\u00e9 stran\u011b je mo\u017en\u00e9 v od\u016fvodn\u011bn\u00fdch p\u0159\u00edpadech a na z\u00e1klad\u011b souhlasu vedouc\u00edho odd\u011blen\u00ed ochrann\u00e9 obdob\u00ed prodlou\u017eit.<\/p>\n\n\n\n<p>Kalibra\u010dn\u00ed sn\u00edmky jsou ihned po po\u0159\u00edzen\u00ed k dispozici ke v\u0161eobecn\u00e9mu pou\u017eit\u00ed. Informace o expozic\u00edch a pozorovan\u00fdch objektech jsou rovn\u011b\u017e zve\u0159ej\u0148ov\u00e1ny. Expozice objekt\u016f mohou b\u00fdt ihned pou\u017e\u00edv\u00e1ny pro technick\u00e9 pot\u0159eby z d\u016fvodu lad\u011bn\u00ed v\u00fdkonu dalekohledu.<\/p>\n\n\n\n<p>Po vypr\u0161en\u00ed ochrann\u00e9 lh\u016fty jsou v\u0161echna pozorov\u00e1n\u00ed voln\u011b k dispozici astronomick\u00e9 komunit\u011b pro v\u011bdeck\u00e9 \u00fa\u010dely, v\u00fduku, publikaci nebo popularizaci.<\/p>\n\n\n\n<p id=\"astroinformatika\"><\/p>\n\n\n\n<h3 class=\"wp-block-heading\" id=\"rozsahle-archivy-a-astroinformatika\"><strong>Rozs\u00e1hle archivy a astroinformatika<\/strong><\/h3>\n\n\n\n<p>V\u011bde\u010dt\u00ed pracovn\u00edci Stel\u00e1rn\u00edho odd\u011blen\u00ed jsou zapojeni do v\u00fdzkumu, kter\u00fd se zam\u011b\u0159uje na zpracov\u00e1n\u00ed rozs\u00e1hl\u00fdch archiv\u016f astronomick\u00fdch dat a astroinformatiku, to je aplikac\u00ed strojov\u00e9ho u\u010den\u00ed a rozs\u00e1hl\u00fdch datov\u00fdch anal\u00fdz v astronomii, v\u010detn\u011b projektu Virtual Observatory (VO). V\u00fdzkumn\u00e9 aktivity v t\u00e9to oblasti vede <a href=\"https:\/\/stel.asu.cas.cz\/cs\/vyzkum-extrasolarnich-planet\/lide\/#skoda\">Petr \u0160koda<\/a> a \u00fa\u010dastn\u00ed se jich \u0159ada student\u016f z Fakulty informa\u010dn\u00edch technologi\u00ed \u010cVUT, Masarykovy university v Brn\u011b a z Technick\u00e9 univerzity v Ostrav\u011b.<\/p>\n\n\n\n<p>\u010clenov\u00e9 skupiny jsou aktivn\u011b zapojeni v p\u0159\u00edprav\u011b nov\u00fdch standard\u016f pro VO, p\u0159edev\u0161\u00edm t\u011bch zam\u011b\u0159en\u00fdch na optickou spektroskopii a v\u00fdvoj nov\u00fdch n\u00e1stroj\u016f pro VO. Aktivity jsou na n\u00e1rodn\u00ed \u00farovni organizov\u00e1ny v r\u00e1mci <a href=\"http:\/\/stel.asu.cas.cz\/czvo\/\">Czech Virtual Observatory (CZVO)<\/a> v t\u011bsn\u00e9 spolupr\u00e1ci s mezin\u00e1rodn\u00edm konsorciem International Virtual Observatory Alliance (IVOA). Hlavn\u00edm \u00fasp\u011bchem aktivit CZVO je dosa\u017een\u00ed kompatibility archiv\u016f hv\u011bzdn\u00fdch spekter po\u0159\u00edzen\u00fdch pomoc\u00ed Perkova dalekohledu a spektrografu LAMOST se standardem VO (<a href=\"http:\/\/voarchive.asu.cas.cz\/\">VO-compatible archive<\/a>) a tak\u00e9 webov\u00e1 slu\u017eba <a href=\"https:\/\/stel.asu.cas.cz\/vo-korel\/\">VO-KOREL<\/a>, kter\u00e1 umo\u017e\u0148uje furierovsk\u00e9 rozpleten\u00ed spektra ve VO pomoc\u00ed hojn\u011b vyu\u017e\u00edvan\u00e9 procedury KOREL.<\/p>\n\n\n\n<p>\u00daSP\u011aCHY V T\u00c9TO OBLASTI<\/p>\n\n\n\n<ul class=\"wp-block-list\">\n<li>v\u00fdvoj metod pro automatick\u00e9 hled\u00e1n\u00ed Be hv\u011bzd pomoc\u00ed strojov\u00e9ho u\u010den\u00ed v milionech sv\u011bteln\u00fdch k\u0159ivek, kter\u00e9 byl rovn\u011b\u017e za\u0159azeny do postup\u016f vyu\u017e\u00edvan\u00fdch ke zpracov\u00e1n\u00ed dat z dru\u017eice GAIA v r\u00e1mci programu Gaia CU7<\/li>\n\n\n\n<li>v\u00fdvoj cloudov\u00e9 infrastruktury pro strojov\u00e9 u\u010den\u00ed astronomick\u00fdch spekter<\/li>\n\n\n\n<li>v\u00fdvoj a implementace standard\u016f IVOA, v\u00fdvoj VO-kompatibiln\u00edch aplikac\u00ed, nastaven\u00ed VO-kompatibiln\u00edch archiv\u016f (spektra po\u0159\u00edzen\u00e1 Perkov\u00fdm dalekohledem a spektrografem CCD700 vyu\u017e\u00edvaj\u00ed SSAP protokol), archiv vzd\u00e1len\u011b ovl\u00e1dan\u00e9ho dalekohledu DK154 (Danish 1,54\u2011m telescope, Observatory La Silla, ESO) pro fotometrii je postaven na standardu SIAP, SCS a nov\u011b vyvinut\u00e9m protokolu pro \u010dasov\u00e9 s\u00e9rie<\/li>\n<\/ul>\n\n\n\n<p>Jedn\u00edm z na\u0161ich hlavn\u00edch \u00fasp\u011bch\u016f je definice nov\u00e9ho standardu IVOA pro \u010dasov\u00e9 s\u00e9rie zalo\u017een\u00e9 na datov\u00fdch kostk\u00e1ch, kter\u00fd byl prezentov\u00e1n na n\u011bkolika pracovn\u00edch setk\u00e1n\u00edch IVOA a publikov\u00e1n v cirkul\u00e1\u0159i IVOA note, a tak\u00e9 modifikace \u0161iroce vyu\u017e\u00edvan\u00e9ho k\u00f3du <a href=\"http:\/\/star-www.dur.ac.uk\/~pdraper\/splat\/splat.html\">SPLAT\u2011VO<\/a> pro spolupr\u00e1ci s t\u00edmto standardem.<\/p>\n","protected":false},"excerpt":{"rendered":"<p>Ve\u0161ker\u00e1 data po\u0159\u00edzen\u00e1 pomoc\u00ed spektrograf\u016f a kamer Perkova dalekohledu jsou automaticky archivov\u00e1na a po vypr\u0161en\u00ed ochrann\u00e9ho obdob\u00ed jsou d\u00e1na k dispozici v\u011bdeck\u00e9 komunit\u011b prost\u0159ednictv\u00edm rozhran\u00ed<\/p>\n","protected":false},"author":3,"featured_media":0,"parent":110,"menu_order":0,"comment_status":"closed","ping_status":"closed","template":"","meta":{"footnotes":""},"class_list":["post-519","page","type-page","status-publish","hentry"],"_links":{"self":[{"href":"https:\/\/stel.asu.cas.cz\/cs\/wp-json\/wp\/v2\/pages\/519","targetHints":{"allow":["GET"]}}],"collection":[{"href":"https:\/\/stel.asu.cas.cz\/cs\/wp-json\/wp\/v2\/pages"}],"about":[{"href":"https:\/\/stel.asu.cas.cz\/cs\/wp-json\/wp\/v2\/types\/page"}],"author":[{"embeddable":true,"href":"https:\/\/stel.asu.cas.cz\/cs\/wp-json\/wp\/v2\/users\/3"}],"replies":[{"embeddable":true,"href":"https:\/\/stel.asu.cas.cz\/cs\/wp-json\/wp\/v2\/comments?post=519"}],"version-history":[{"count":11,"href":"https:\/\/stel.asu.cas.cz\/cs\/wp-json\/wp\/v2\/pages\/519\/revisions"}],"predecessor-version":[{"id":3346,"href":"https:\/\/stel.asu.cas.cz\/cs\/wp-json\/wp\/v2\/pages\/519\/revisions\/3346"}],"up":[{"embeddable":true,"href":"https:\/\/stel.asu.cas.cz\/cs\/wp-json\/wp\/v2\/pages\/110"}],"wp:attachment":[{"href":"https:\/\/stel.asu.cas.cz\/cs\/wp-json\/wp\/v2\/media?parent=519"}],"curies":[{"name":"wp","href":"https:\/\/api.w.org\/{rel}","templated":true}]}}