{"id":857,"date":"2021-07-27T09:52:33","date_gmt":"2021-07-27T07:52:33","guid":{"rendered":"https:\/\/stel.asu.cas.cz\/cs\/?page_id=857"},"modified":"2025-02-06T09:21:04","modified_gmt":"2025-02-06T08:21:04","slug":"lide","status":"publish","type":"page","link":"https:\/\/stel.asu.cas.cz\/cs\/perkuv-dalekohled\/provoz-a-rozvoj\/lide\/","title":{"rendered":"Lid\u00e9"},"content":{"rendered":"\n<p><\/p>\n\n\n\n<h3 class=\"wp-block-heading\" id=\"slechta\">Miroslav \u0160lechta<\/h3>\n\n\n\n<div class=\"wp-block-columns is-layout-flex wp-container-core-columns-is-layout-1 wp-block-columns-is-layout-flex\">\n<div class=\"wp-block-column is-layout-flow wp-block-column-is-layout-flow\" style=\"flex-basis:20%\">\n<figure class=\"wp-block-image size-large is-resized\"><img loading=\"lazy\" decoding=\"async\" width=\"200\" height=\"200\" src=\"https:\/\/stel.asu.cas.cz\/cs\/wp-content\/uploads\/2021\/07\/09_slechta2.jpg\" alt=\"\" class=\"wp-image-862\" style=\"width:150px\" srcset=\"https:\/\/stel.asu.cas.cz\/cs\/wp-content\/uploads\/2021\/07\/09_slechta2.jpg 200w, https:\/\/stel.asu.cas.cz\/cs\/wp-content\/uploads\/2021\/07\/09_slechta2-150x150.jpg 150w\" sizes=\"auto, (max-width: 200px) 100vw, 200px\" \/><\/figure>\n<\/div>\n\n\n\n<div class=\"wp-block-column is-layout-flow wp-block-column-is-layout-flow\" style=\"flex-basis:80%\">\n<p>Mirek je <a href=\"https:\/\/stel.asu.cas.cz\/cs\/telescope\/\">vedouc\u00edm skupiny Provoz a v\u00fdvoj Perkova dalekohledu<\/a> od \u0159\u00edjna 2008. Je absolventem Matematicko-fyzik\u00e1ln\u00ed fakulty Univerzity Karlovy v Praze. N\u00e1zev jeho diplomov\u00e9 pr\u00e1ce je \u201ePrimordial Perturbations in the Friedmannian Universe\u201c (Primordi\u00e1ln\u00ed poruchy ve Friedmanovsk\u00e9m vesm\u00edru). V roce 2001 obh\u00e1jil svou diplomovou pr\u00e1ci \u201eStar &#8211; Disc Interactions in Active Galactic Nuclei\u201c (Interakce mezi hv\u011bzdami a diskem v aktivn\u00edch galaktick\u00fdch j\u00e1drech). Od roku 1998 je zam\u011bstnancem Astronomick\u00e9ho \u00fastavu. Je b\u00fdval\u00fdm vedouc\u00edm Stel\u00e1rn\u00edho odd\u011blen\u00ed.<\/p>\n<\/div>\n<\/div>\n\n\n\n<div class=\"wp-block-columns is-layout-flex wp-container-core-columns-is-layout-2 wp-block-columns-is-layout-flex\">\n<div class=\"wp-block-column is-layout-flow wp-block-column-is-layout-flow\" style=\"flex-basis:20%\">\n<p class=\"has-text-align-right\">Kontakt:<\/p>\n<\/div>\n\n\n\n<div class=\"wp-block-column is-layout-flow wp-block-column-is-layout-flow\" style=\"flex-basis:80%\">\n<ul class=\"wp-block-list\">\n<li>email: miroslav.slechta&nbsp;@&nbsp;asu.cas.cz<\/li>\n\n\n\n<li>telefon: +420&nbsp;323&nbsp;620&nbsp;255<\/li>\n\n\n\n<li>osobn\u00ed str\u00e1nky: <a href=\"http:\/\/stel.asu.cas.cz\/~slechta\/\">http:\/\/stel.asu.cas.cz\/~slechta\/<\/a><\/li>\n<\/ul>\n\n\n\n<p><\/p>\n<\/div>\n<\/div>\n\n\n\n<hr class=\"wp-block-separator has-alpha-channel-opacity has-text-color has-background has-vivid-cyan-blue-background-color has-vivid-cyan-blue-color\" id=\"block-256aa21d-9844-4d12-b9e1-74f5326322ea\"\/>\n\n\n\n<h2 class=\"wp-block-heading\" id=\"block-637b68c8-43fe-40bf-b13d-39c8d011383c\">Technici<\/h2>\n\n\n\n<h3 class=\"wp-block-heading\" id=\"zdarska\">Eva \u017d\u010f\u00e1rsk\u00e1<\/h3>\n\n\n\n<div class=\"wp-block-columns is-layout-flex wp-container-core-columns-is-layout-3 wp-block-columns-is-layout-flex\">\n<div class=\"wp-block-column is-layout-flow wp-block-column-is-layout-flow\" style=\"flex-basis:20%\">\n<figure class=\"wp-block-image size-large is-resized\"><img loading=\"lazy\" decoding=\"async\" width=\"741\" height=\"975\" src=\"https:\/\/stel.asu.cas.cz\/cs\/wp-content\/uploads\/2021\/07\/eva.jpg\" alt=\"\" class=\"wp-image-861\" style=\"width:150px\" srcset=\"https:\/\/stel.asu.cas.cz\/cs\/wp-content\/uploads\/2021\/07\/eva.jpg 741w, https:\/\/stel.asu.cas.cz\/cs\/wp-content\/uploads\/2021\/07\/eva-228x300.jpg 228w\" sizes=\"auto, (max-width: 741px) 100vw, 741px\" \/><\/figure>\n<\/div>\n\n\n\n<div class=\"wp-block-column is-layout-flow wp-block-column-is-layout-flow\" style=\"flex-basis:80%\">\n<p>Eva je sekret\u00e1\u0159kou Stel\u00e1rn\u00edho odd\u011blen\u00ed. Je tak\u00e9 asistuj\u00edc\u00ed pozorovatelkou a pod\u00edl\u00ed se na servisn\u00edm m\u00f3du pozorov\u00e1n\u00ed.<\/p>\n<\/div>\n<\/div>\n\n\n\n<div class=\"wp-block-columns is-layout-flex wp-container-core-columns-is-layout-4 wp-block-columns-is-layout-flex\">\n<div class=\"wp-block-column is-layout-flow wp-block-column-is-layout-flow\" style=\"flex-basis:20%\">\n<p class=\"has-text-align-right\">Kontakt:<\/p>\n<\/div>\n\n\n\n<div class=\"wp-block-column is-layout-flow wp-block-column-is-layout-flow\" style=\"flex-basis:80%\">\n<ul class=\"wp-block-list\">\n<li>email: eva.zdarska @ asu.cas.cz<\/li>\n\n\n\n<li>telefon: +420 323 620 226<\/li>\n<\/ul>\n<\/div>\n<\/div>\n\n\n\n<hr class=\"wp-block-separator has-alpha-channel-opacity has-text-color has-background has-vivid-cyan-blue-background-color has-vivid-cyan-blue-color\" id=\"block-256aa21d-9844-4d12-b9e1-74f5326322ea\"\/>\n\n\n\n<h3 class=\"wp-block-heading\" id=\"novotny\">Radek Novotn\u00fd<\/h3>\n\n\n\n<div class=\"wp-block-columns is-layout-flex wp-container-core-columns-is-layout-5 wp-block-columns-is-layout-flex\">\n<div class=\"wp-block-column is-layout-flow wp-block-column-is-layout-flow\" style=\"flex-basis:20%\">\n<figure class=\"wp-block-image size-large is-resized\"><img loading=\"lazy\" decoding=\"async\" width=\"826\" height=\"1024\" src=\"https:\/\/stel.asu.cas.cz\/cs\/wp-content\/uploads\/2021\/07\/radek-826x1024.jpg\" alt=\"\" class=\"wp-image-860\" style=\"width:150px\" srcset=\"https:\/\/stel.asu.cas.cz\/cs\/wp-content\/uploads\/2021\/07\/radek-826x1024.jpg 826w, https:\/\/stel.asu.cas.cz\/cs\/wp-content\/uploads\/2021\/07\/radek-242x300.jpg 242w, https:\/\/stel.asu.cas.cz\/cs\/wp-content\/uploads\/2021\/07\/radek-768x952.jpg 768w, https:\/\/stel.asu.cas.cz\/cs\/wp-content\/uploads\/2021\/07\/radek.jpg 1000w\" sizes=\"auto, (max-width: 826px) 100vw, 826px\" \/><\/figure>\n<\/div>\n\n\n\n<div class=\"wp-block-column is-layout-flow wp-block-column-is-layout-flow\" style=\"flex-basis:80%\">\n<p>Radek je spoluodpov\u011bdn\u00fd za provoz p\u0159\u00edstroj\u016f a vybaven\u00ed Perkova dalekohledu z mechanick\u00e9ho hlediska. Pod\u00edl\u00ed se na v\u00fdvoji a\u00a0konstrukci p\u0159\u00edstroj\u016f, kter\u00e9 podporuj\u00ed pozorov\u00e1n\u00ed prov\u00e1d\u011bn\u00e1 pomoc\u00ed dalekohledu. Vykon\u00e1v\u00e1 strojov\u00e9 a mechanick\u00e9 pr\u00e1ce, prov\u00e1d\u00ed \u00fadr\u017ebu stroj\u016f a za\u0159\u00edzen\u00ed podporuj\u00edc\u00edch \u010dinnost dalekohledu po mechanick\u00e9 str\u00e1nce. Je asistuj\u00edc\u00ed pozorovatel a pod\u00edl\u00ed se na servisn\u00edm m\u00f3du pozorov\u00e1n\u00ed.<\/p>\n<\/div>\n<\/div>\n\n\n\n<div class=\"wp-block-columns is-layout-flex wp-container-core-columns-is-layout-6 wp-block-columns-is-layout-flex\">\n<div class=\"wp-block-column is-layout-flow wp-block-column-is-layout-flow\" style=\"flex-basis:20%\">\n<p class=\"has-text-align-right\">Kontakt:<\/p>\n<\/div>\n\n\n\n<div class=\"wp-block-column is-layout-flow wp-block-column-is-layout-flow\" style=\"flex-basis:66.66%\">\n<ul class=\"wp-block-list\">\n<li>email: novotny @ asu.cas.cz<\/li>\n\n\n\n<li>telefon: +420 323 620 269<\/li>\n<\/ul>\n<\/div>\n<\/div>\n\n\n\n<hr class=\"wp-block-separator has-alpha-channel-opacity has-text-color has-background has-vivid-cyan-blue-background-color has-vivid-cyan-blue-color\" id=\"block-256aa21d-9844-4d12-b9e1-74f5326322ea\"\/>\n\n\n\n<h3 class=\"wp-block-heading\" id=\"rezba\">Lud\u011bk \u0158ezba<\/h3>\n\n\n\n<div class=\"wp-block-columns is-layout-flex wp-container-core-columns-is-layout-7 wp-block-columns-is-layout-flex\">\n<div class=\"wp-block-column is-layout-flow wp-block-column-is-layout-flow\" style=\"flex-basis:20%\">\n<figure class=\"wp-block-image size-large is-resized\"><img loading=\"lazy\" decoding=\"async\" width=\"819\" height=\"1024\" src=\"https:\/\/stel.asu.cas.cz\/cs\/wp-content\/uploads\/2021\/07\/rezba-819x1024.jpg\" alt=\"\" class=\"wp-image-859\" style=\"width:150px\" srcset=\"https:\/\/stel.asu.cas.cz\/cs\/wp-content\/uploads\/2021\/07\/rezba-819x1024.jpg 819w, https:\/\/stel.asu.cas.cz\/cs\/wp-content\/uploads\/2021\/07\/rezba-240x300.jpg 240w, https:\/\/stel.asu.cas.cz\/cs\/wp-content\/uploads\/2021\/07\/rezba-768x960.jpg 768w, https:\/\/stel.asu.cas.cz\/cs\/wp-content\/uploads\/2021\/07\/rezba-1229x1536.jpg 1229w, https:\/\/stel.asu.cas.cz\/cs\/wp-content\/uploads\/2021\/07\/rezba.jpg 1280w\" sizes=\"auto, (max-width: 819px) 100vw, 819px\" \/><\/figure>\n<\/div>\n\n\n\n<div class=\"wp-block-column is-layout-flow wp-block-column-is-layout-flow\" style=\"flex-basis:80%\">\n<p>Lud\u011bk \u0158ezba je zodpov\u011bdn\u00fd provoz p\u0159\u00edstroj\u016f a vybaven\u00ed Perkova dalekohledu z hlediska elekt\u0159iny. Pod\u00edl\u00ed se na v\u00fdvoji a konstrukci za\u0159\u00edzen\u00ed, kter\u00e1 podporuj\u00ed provoz dalekohledu, vykon\u00e1v\u00e1 pr\u00e1ce se elektrick\u00fdmi rozvody a elektronikou, prov\u00e1d\u00ed \u00fadr\u017ebu stroj\u016f a\u00a0za\u0159\u00edzen\u00ed podporuj\u00edc\u00edch pr\u00e1ci dalekohledu z hlediska elektro. Je asistuj\u00edc\u00ed pozorovatel a a pod\u00edl\u00ed se na servisn\u00edm m\u00f3du pozorov\u00e1n\u00ed.<\/p>\n<\/div>\n<\/div>\n\n\n\n<div class=\"wp-block-columns is-layout-flex wp-container-core-columns-is-layout-8 wp-block-columns-is-layout-flex\">\n<div class=\"wp-block-column is-layout-flow wp-block-column-is-layout-flow\" style=\"flex-basis:20%\">\n<p class=\"has-text-align-right\">Kontakt:<\/p>\n<\/div>\n\n\n\n<div class=\"wp-block-column is-layout-flow wp-block-column-is-layout-flow\" style=\"flex-basis:66.66%\">\n<ul class=\"wp-block-list\">\n<li>email: ludek.rezba @ asu.cas.cz<\/li>\n\n\n\n<li>telefon: +420 323 620 313<\/li>\n<\/ul>\n<\/div>\n<\/div>\n\n\n\n<hr class=\"wp-block-separator has-alpha-channel-opacity has-text-color has-background has-vivid-cyan-blue-background-color has-vivid-cyan-blue-color\" id=\"block-256aa21d-9844-4d12-b9e1-74f5326322ea\"\/>\n\n\n\n<h3 class=\"wp-block-heading\" id=\"sloup\">Jan Sloup<\/h3>\n\n\n\n<div class=\"wp-block-columns is-layout-flex wp-container-core-columns-is-layout-9 wp-block-columns-is-layout-flex\">\n<div class=\"wp-block-column is-layout-flow wp-block-column-is-layout-flow\" style=\"flex-basis:20%\">\n<figure class=\"wp-block-image size-large is-resized\"><img loading=\"lazy\" decoding=\"async\" width=\"815\" height=\"1024\" src=\"https:\/\/stel.asu.cas.cz\/cs\/wp-content\/uploads\/2021\/07\/sloupek-815x1024.jpg\" alt=\"\" class=\"wp-image-858\" style=\"width:150px\" srcset=\"https:\/\/stel.asu.cas.cz\/cs\/wp-content\/uploads\/2021\/07\/sloupek-815x1024.jpg 815w, https:\/\/stel.asu.cas.cz\/cs\/wp-content\/uploads\/2021\/07\/sloupek-239x300.jpg 239w, https:\/\/stel.asu.cas.cz\/cs\/wp-content\/uploads\/2021\/07\/sloupek-768x965.jpg 768w, https:\/\/stel.asu.cas.cz\/cs\/wp-content\/uploads\/2021\/07\/sloupek.jpg 1000w\" sizes=\"auto, (max-width: 815px) 100vw, 815px\" \/><\/figure>\n<\/div>\n\n\n\n<div class=\"wp-block-column is-layout-flow wp-block-column-is-layout-flow\">\n<p>Jan je zodpov\u011bdn\u00fd za provoz p\u0159\u00edstroj\u016f a vybaven\u00ed Perkova dalekohledu po mechanick\u00e9 str\u00e1nce. Pod\u00edl\u00ed se na v\u00fdvoji a\u00a0konstrukci za\u0159\u00edzen\u00ed, kter\u00e1 podporuj\u00ed \u010dinnost Perkova dalekohledu. Pracuje se stroji a mechanikou a prov\u00e1d\u00ed \u00fadr\u017ebu stroj\u016f a za\u0159\u00edzen\u00ed podporuj\u00edc\u00edch mechanick\u00fd provoz dalekohledu. Je rovn\u011b\u017e asistuj\u00edc\u00ed pozorovatel.<\/p>\n<\/div>\n<\/div>\n\n\n\n<div class=\"wp-block-columns is-layout-flex wp-container-core-columns-is-layout-10 wp-block-columns-is-layout-flex\">\n<div class=\"wp-block-column is-layout-flow wp-block-column-is-layout-flow\" style=\"flex-basis:20%\">\n<p class=\"has-text-align-right\">Kontakt:<\/p>\n<\/div>\n\n\n\n<div class=\"wp-block-column is-layout-flow wp-block-column-is-layout-flow\" style=\"flex-basis:66.66%\">\n<ul class=\"wp-block-list\">\n<li>email: sloup @ asu.cas.cz<\/li>\n\n\n\n<li>telefon: +420 323 620 259<\/li>\n<\/ul>\n<\/div>\n<\/div>\n\n\n\n<hr class=\"wp-block-separator has-alpha-channel-opacity has-text-color has-background has-vivid-cyan-blue-background-color has-vivid-cyan-blue-color\" id=\"block-256aa21d-9844-4d12-b9e1-74f5326322ea\"\/>\n\n\n\n<h3 class=\"wp-block-heading\" id=\"srba\">Ji\u0159\u00ed Srba<\/h3>\n\n\n\n<div class=\"wp-block-columns is-layout-flex wp-container-core-columns-is-layout-11 wp-block-columns-is-layout-flex\">\n<div class=\"wp-block-column is-layout-flow wp-block-column-is-layout-flow\" style=\"flex-basis:20%\">\n<figure class=\"wp-block-image size-large is-resized\"><img loading=\"lazy\" decoding=\"async\" width=\"421\" height=\"539\" src=\"https:\/\/stel.asu.cas.cz\/cs\/wp-content\/uploads\/2021\/07\/srba-rez.jpg\" alt=\"\" class=\"wp-image-905\" style=\"width:150px\" srcset=\"https:\/\/stel.asu.cas.cz\/cs\/wp-content\/uploads\/2021\/07\/srba-rez.jpg 421w, https:\/\/stel.asu.cas.cz\/cs\/wp-content\/uploads\/2021\/07\/srba-rez-234x300.jpg 234w\" sizes=\"auto, (max-width: 421px) 100vw, 421px\" \/><\/figure>\n<\/div>\n\n\n\n<div class=\"wp-block-column is-layout-flow wp-block-column-is-layout-flow\" style=\"flex-basis:80%\">\n<p>Je \u010dlenem technick\u00e9ho t\u00fdmu pracovn\u00ed skupiny Provoz a rozvoj Perkova 2-m dalekohledu. Pod\u00edl\u00ed na pozorov\u00e1n\u00ed (v\u010detn\u011b &#8218;service&#8216; m\u00f3du), zpracov\u00e1n\u00ed dat a \u00fadr\u017eb\u011b datab\u00e1z\u00ed 2-m dalekohledu. Spolupracuje na \u00fadr\u017eb\u011b a aktualizaci webov\u00fdch str\u00e1nek a aplikac\u00ed Stel\u00e1rn\u00edho odd\u011blen\u00ed. Pod\u00edl\u00ed se na spr\u00e1v\u011b lok\u00e1ln\u00ed po\u010d\u00edta\u010dov\u00e9 s\u00edt\u011b a IT vybaven\u00ed.<\/p>\n<\/div>\n<\/div>\n\n\n\n<div class=\"wp-block-columns is-layout-flex wp-container-core-columns-is-layout-12 wp-block-columns-is-layout-flex\">\n<div class=\"wp-block-column is-layout-flow wp-block-column-is-layout-flow\" style=\"flex-basis:33.33%\">\n<p class=\"has-text-align-right\">Kontakt:<\/p>\n<\/div>\n\n\n\n<div class=\"wp-block-column is-layout-flow wp-block-column-is-layout-flow\" style=\"flex-basis:66.66%\">\n<ul class=\"wp-block-list\">\n<li>email: srba @ asu.cas.cz<\/li>\n\n\n\n<li>telefon: +420 323 620 313<\/li>\n<\/ul>\n<\/div>\n<\/div>\n\n\n\n<hr class=\"wp-block-separator has-text-color has-pale-cyan-blue-color has-alpha-channel-opacity has-pale-cyan-blue-background-color has-background\"\/>\n\n\n\n<h2 class=\"wp-block-heading\" id=\"externi-spolupracovnici\">Extern\u00ed spolupracovn\u00edci<\/h2>\n\n\n\n<h3 class=\"wp-block-heading\" id=\"fuchs\">Jan Fuchs<br><\/h3>\n\n\n\n<p>Jan je b\u00fdval\u00fdm pracovn\u00edkem Stel\u00e1rn\u00edho odd\u011blen\u00ed dnes pracuj\u00edc\u00ed pro Odd\u011blen\u00ed meziplanet\u00e1rn\u00ed hmoty ASU. D\u00e1le v\u0161ak spolupracuje na \u00fadr\u017eb\u011b a v\u00fdvoji technick\u00fdch i\u00a0softwarov\u00fdch \u0159e\u0161en\u00ed umo\u017e\u0148uj\u00edc\u00edch pr\u00e1ci s Perkov\u00fdm dalekohledem, ale tak\u00e9 s\u00a0dalekohledy na observato\u0159i La Silla v Chile (DK154 a ESO152), kter\u00e9 astronomov\u00e9 ASU vyu\u017e\u00edvaj\u00ed.<\/p>\n\n\n\n<div class=\"wp-block-columns is-layout-flex wp-container-core-columns-is-layout-13 wp-block-columns-is-layout-flex\">\n<div class=\"wp-block-column is-layout-flow wp-block-column-is-layout-flow\" style=\"flex-basis:33.33%\">\n<p>Kontakt:<\/p>\n<\/div>\n\n\n\n<div class=\"wp-block-column is-layout-flow wp-block-column-is-layout-flow\" style=\"flex-basis:66.66%\">\n<ul class=\"wp-block-list\">\n<li>email: fuky @ asu.cas.cz<\/li>\n\n\n\n<li>telefon: +420 323 620 241<\/li>\n<\/ul>\n<\/div>\n<\/div>\n\n\n\n<hr class=\"wp-block-separator has-text-color has-vivid-cyan-blue-color has-css-opacity has-vivid-cyan-blue-background-color has-background\"\/>\n\n\n\n<h3 class=\"wp-block-heading\" id=\"vesely\">Roman Vesel\u00fd<br><\/h3>\n\n\n\n<p>Roman se star\u00e1 o fungov\u00e1n\u00ed po\u010d\u00edta\u010dov\u00fdch syst\u00e9m\u016f, s\u00edt\u00ed, datov\u00fdch \u00falo\u017ei\u0161\u0165 a datab\u00e1z\u00ed Stel\u00e1rn\u00edho odd\u011blen\u00ed, kter\u00e9 vyu\u017e\u00edvaj\u00ed i jin\u00e1 odd\u011blen\u00ed Astronomick\u00e9ho \u00fastavu.<\/p>\n\n\n\n<div class=\"wp-block-columns is-layout-flex wp-container-core-columns-is-layout-14 wp-block-columns-is-layout-flex\">\n<div class=\"wp-block-column is-layout-flow wp-block-column-is-layout-flow\" style=\"flex-basis:33.33%\">\n<p>Kontakt:<\/p>\n<\/div>\n\n\n\n<div class=\"wp-block-column is-layout-flow wp-block-column-is-layout-flow\" style=\"flex-basis:66.66%\">\n<ul class=\"wp-block-list\">\n<li>email: roman @ liten.cz<\/li>\n\n\n\n<li>telefon: +420 \u2026 \u2026 \u2026<\/li>\n<\/ul>\n<\/div>\n<\/div>\n","protected":false},"excerpt":{"rendered":"<p>Miroslav \u0160lechta Mirek je vedouc\u00edm skupiny Provoz a v\u00fdvoj Perkova dalekohledu od \u0159\u00edjna 2008. Je absolventem Matematicko-fyzik\u00e1ln\u00ed fakulty Univerzity Karlovy v Praze. N\u00e1zev jeho diplomov\u00e9<\/p>\n","protected":false},"author":4,"featured_media":0,"parent":1926,"menu_order":0,"comment_status":"closed","ping_status":"closed","template":"","meta":{"footnotes":""},"class_list":["post-857","page","type-page","status-publish","hentry"],"_links":{"self":[{"href":"https:\/\/stel.asu.cas.cz\/cs\/wp-json\/wp\/v2\/pages\/857","targetHints":{"allow":["GET"]}}],"collection":[{"href":"https:\/\/stel.asu.cas.cz\/cs\/wp-json\/wp\/v2\/pages"}],"about":[{"href":"https:\/\/stel.asu.cas.cz\/cs\/wp-json\/wp\/v2\/types\/page"}],"author":[{"embeddable":true,"href":"https:\/\/stel.asu.cas.cz\/cs\/wp-json\/wp\/v2\/users\/4"}],"replies":[{"embeddable":true,"href":"https:\/\/stel.asu.cas.cz\/cs\/wp-json\/wp\/v2\/comments?post=857"}],"version-history":[{"count":26,"href":"https:\/\/stel.asu.cas.cz\/cs\/wp-json\/wp\/v2\/pages\/857\/revisions"}],"predecessor-version":[{"id":3349,"href":"https:\/\/stel.asu.cas.cz\/cs\/wp-json\/wp\/v2\/pages\/857\/revisions\/3349"}],"up":[{"embeddable":true,"href":"https:\/\/stel.asu.cas.cz\/cs\/wp-json\/wp\/v2\/pages\/1926"}],"wp:attachment":[{"href":"https:\/\/stel.asu.cas.cz\/cs\/wp-json\/wp\/v2\/media?parent=857"}],"curies":[{"name":"wp","href":"https:\/\/api.w.org\/{rel}","templated":true}]}}