{"id":96,"date":"2021-06-14T10:14:41","date_gmt":"2021-06-14T08:14:41","guid":{"rendered":"https:\/\/stel.asu.cas.cz\/cs\/?page_id=96"},"modified":"2025-09-15T11:30:19","modified_gmt":"2025-09-15T09:30:19","slug":"seminare","status":"publish","type":"page","link":"https:\/\/stel.asu.cas.cz\/cs\/seminare\/","title":{"rendered":"Semin\u00e1\u0159e"},"content":{"rendered":"\n<p>V r\u00e1mci Stel\u00e1rn\u00edho odd\u011blen\u00ed organizujeme v\u011bdeck\u00e9 semin\u00e1\u0159e.<\/p>\n\n\n\n<h3 class=\"wp-block-heading\" id=\"seminar-od\">Semin\u00e1\u0159 Stel\u00e1rn\u00edho odd\u011blen\u00ed<\/h3>\n\n\n\n<p>Na <a href=\"https:\/\/stel.asu.cas.cz\/cs\/seminare\/seminar-oddeleni\/\">Semin\u00e1\u0159i Stel\u00e1rn\u00edho odd\u011blen\u00ed<\/a> p\u0159edn\u00e1\u0161ej\u00ed m\u00edstn\u00ed v\u011bde\u010dt\u00ed pracovn\u00edci p\u0159\u00edpadn\u011b hostuj\u00edc\u00ed v\u011bde\u010dt\u00ed pracovn\u00edci na odd\u011blen\u00ed. Prezentuj\u00ed v\u00fdsledky sv\u00e9 vlastn\u00ed v\u011bdeck\u00e9 pr\u00e1ce. Semin\u00e1\u0159 je organizov\u00e1n nepravideln\u011b (obvykle v\u0161ak jednou m\u011bs\u00ed\u010dn\u011b). Organiz\u00e1torem je <a href=\"https:\/\/stel.asu.cas.cz\/cs\/vyzkum-extrasolarnich-planet\/lide\/#skarka\">Marek Skarka<\/a>.<\/p>\n\n\n\n<h3 class=\"wp-block-heading\" id=\"jjc\">Joint Journal Club<\/h3>\n\n\n\n<p><a href=\"https:\/\/docs.google.com\/spreadsheets\/d\/1QS5XfS28R9g7AH6sjtbAbLxdrxJzkO3NltB6ZaXZ0OQ\/edit#gid=0\" target=\"_blank\" rel=\"noreferrer noopener\">Joint Journal Club<\/a> je semin\u00e1\u0159 organizovan\u00fd ve spolupr\u00e1ci s odd\u011blen\u00edm Galaxi\u00ed a planet\u00e1rn\u00edch syst\u00e9m\u016f ASU, jeho c\u00edlem je diskutovat sty\u010dn\u00e9 body oblast\u00ed v\u00fdzkumn\u00e9ho z\u00e1jmu. JJC je organizov\u00e1n jednou m\u011bs\u00ed\u010dn\u011b, organiz\u00e1torem je <a href=\"https:\/\/stel.asu.cas.cz\/cs\/fyzika-horkych-hvezd\/lide\/#michalis\">Michalis Kourniotis<\/a>.<\/p>\n\n\n\n<h3 class=\"wp-block-heading\" id=\"seminar-ex\">Semin\u00e1\u0159e spolupracuj\u00edc\u00edch organizac\u00ed <\/h3>\n\n\n\n<p>Pracovn\u00edci odd\u011blen\u00ed jsou pravideln\u011b zv\u00e1ni, aby p\u0159edn\u00e1\u0161eli na semin\u00e1\u0159\u00edch ASU, spolupracuj\u00edc\u00edch instituc\u00ed a univerzit:<\/p>\n\n\n\n<ul class=\"wp-block-list\">\n<li><a href=\"http:\/\/www.asu.cas.cz\/cz\/veda-a-vyzkum\/prednasky-a-seminare\" target=\"_blank\" rel=\"noreferrer noopener\">semin\u00e1\u0159 ASU<\/a> (Fri\u010dova 298, Ond\u0159ejov)<\/li>\n\n\n\n<li><a href=\"https:\/\/astro.mff.cuni.cz\/seminare.html\" target=\"_blank\" rel=\"noreferrer noopener\">semin\u00e1\u0159 Astronomick\u00e9ho \u00fastavu UK<\/a> (V Hole\u0161ovi\u010dk\u00e1ch 2, Prague 8)<\/li>\n\n\n\n<li><a href=\"http:\/\/astro.physics.muni.cz\/study\/seminars\/astro\/\" target=\"_blank\" rel=\"noreferrer noopener\">semin\u00e1\u0159 \u00dastavu teoretick\u00e9 fyziky a astrofyziky MU<\/a> (Kotl\u00e1\u0159sk\u00e1 2, Brno)<\/li>\n\n\n\n<li><a href=\"https:\/\/utf.mff.cuni.cz\/seminare\/index.html\" target=\"_blank\" rel=\"noreferrer noopener\">semin\u00e1\u0159 \u00dastavu teoretick\u00e9 fyziky<\/a>, MFF UK (V Hole\u0161ovi\u010dk\u00e1ch 2, Praha 8)<\/li>\n<\/ul>\n\n\n\n<h3 class=\"wp-block-heading\" id=\"workshops\">Workshopy<\/h3>\n\n\n\n<h4 class=\"wp-block-heading\" id=\"workshop-observacnich-technik\">Workshop observa\u010dn\u00edch technik <\/h4>\n\n\n\n<p>P\u0159\u00edrodov\u011bdeck\u00e1 fakulta Univerzity v Postupimi (N\u011bmecko) a ASU uzav\u0159ely v \u010dervnu 2021 dohodu s c\u00edlem prov\u00e1d\u011bt spole\u010dn\u00fd v\u00fdzkum a v\u00fduku v oblasti astrofyziky. Strany se dohodly, \u017ee budou ka\u017edoro\u010dn\u011b po\u0159\u00e1dat dvout\u00fddenn\u00ed spole\u010dn\u00e9 v\u00fdzkumn\u00e9 workshopy na observato\u0159i ASU v Ond\u0159ejov\u011b v \u010cesk\u00e9 republice.<\/p>\n\n\n\n<p>Workshopy jsou ur\u010deny student\u016fm astrofyziky a akademick\u00fdm pracovn\u00edk\u016fm Univerzity v Postupimi, Univerzity Karlovy v Praze a Masarykovy univerzity v Brn\u011b, ale i dal\u0161\u00edch univerzit,  prov\u00e1d\u011bj\u00edc\u00edch v\u00fdzkum na observato\u0159i v Ond\u0159ejov\u011b v obdob\u00ed kon\u00e1n\u00ed workshopu.<\/p>\n\n\n\n<p>Koordin\u00e1tory spolupr\u00e1ce jsou za ASU <a href=\"https:\/\/stel.asu.cas.cz\/cs\/fyzika-horkych-hvezd\/lide\/#kubat\">Ji\u0159\u00ed Kub\u00e1t<\/a> a <a href=\"https:\/\/stel.asu.cas.cz\/cs\/fyzika-horkych-hvezd\/lide\/#kubatova\">Brankica Kub\u00e1tov\u00e1<\/a>.<\/p>\n\n\n\n<p><\/p>\n\n\n\n<ul class=\"wp-block-list\">\n<li><strong><a href=\"https:\/\/stel.asu.cas.cz\/en\/seminars\/workshops\/workshop-2021\/\" target=\"_blank\" rel=\"noreferrer noopener\">Workshop on observational techniques 2021<\/a><\/strong> &#8211; str\u00e1nka je dostupn\u00e1 pouze v anglick\u00e9 verzi<\/li>\n\n\n\n<li><strong><a href=\"https:\/\/stel.asu.cas.cz\/en\/seminars\/workshops\/workshop-2022\/\" target=\"_blank\" rel=\"noreferrer noopener\">Workshop on observational techniques 2022<\/a><\/strong> &#8211; str\u00e1nka je dostupn\u00e1 pouze v anglick\u00e9 verzi<\/li>\n\n\n\n<li><strong><a href=\"https:\/\/stel.asu.cas.cz\/en\/workshop-2023\/\" target=\"_blank\" rel=\"noreferrer noopener\">Workshop on observational techniques 2023<\/a><\/strong> &#8211; str\u00e1nka je dostupn\u00e1 pouze v anglick\u00e9 verzi<\/li>\n\n\n\n<li><strong><a href=\"https:\/\/stel.asu.cas.cz\/en\/workshop-2024\/\" target=\"_blank\" rel=\"noreferrer noopener\">Workshop on observational techniques 2024<\/a><\/strong> &#8211; str\u00e1nka je dostupn\u00e1 pouze v anglick\u00e9 verzi<\/li>\n\n\n\n<li><a href=\"https:\/\/stel.asu.cas.cz\/en\/workshop-2025\/\" data-type=\"link\" data-id=\"https:\/\/stel.asu.cas.cz\/en\/workshop-2025\/\" target=\"_blank\" rel=\"noreferrer noopener\"><strong>Workshop on observational techniques 2025<\/strong><\/a> &#8211; str\u00e1nka je dostupn\u00e1 pouze v anglick\u00e9 verzi<\/li>\n<\/ul>\n\n\n\n<h4 class=\"wp-block-heading\" id=\"kurz-eseletove-spektroskopie\">Kurz e\u0161eletov\u00e9 spektroskopie<\/h4>\n\n\n\n<p>Kurz pro studenty Masarykovy Univerzity a Univerzity Karlovy se kon\u00e1 na Stel\u00e1rn\u00edm odd\u011blen\u00ed Astronomick\u00e9ho \u00fastavu v Ondrejov\u011b na konci srpna a za\u010d\u00e1tku z\u00e1\u0159\u00ed. Kurz je v\u011bnov\u00e1n e\u0161eletov\u00e9 spektroskopii a m\u011b\u0159en\u00ed radi\u00e1ln\u00ed rychlosti.<\/p>\n\n\n\n<p>Koordin\u00e1tory kurzu jsou <a href=\"https:\/\/stel.asu.cas.cz\/cs\/vyzkum-extrasolarnich-planet\/lide\/#kabath\">Petr Kab\u00e1th<\/a> a <a href=\"https:\/\/stel.asu.cas.cz\/cs\/vyzkum-extrasolarnich-planet\/lide\/#skarka\">Marek Skarka<\/a><\/p>\n\n\n\n<ul class=\"wp-block-list\">\n<li>2025<\/li>\n\n\n\n<li><a href=\"https:\/\/stel.asu.cas.cz\/cs\/2024\/09\/30\/kurz-eseletove-spektroskopie-2024\/\" data-type=\"link\" data-id=\"https:\/\/stel.asu.cas.cz\/cs\/2024\/09\/30\/kurz-eseletove-spektroskopie-2024\/\">Kurz e\u0161eletov\u00e9 spektroskopie 2024<\/a><\/li>\n\n\n\n<li>2023<\/li>\n\n\n\n<li>2022<\/li>\n\n\n\n<li><a href=\"https:\/\/stel.asu.cas.cz\/cs\/2021\/09\/07\/kurz-eseletove-spektroskopie-v-ondrejove\/\">Kurz e\u0161eletov\u00e9 spektroskopie 2021<\/a><\/li>\n<\/ul>\n\n\n\n<p><\/p>\n","protected":false},"excerpt":{"rendered":"<p>V r\u00e1mci Stel\u00e1rn\u00edho odd\u011blen\u00ed organizujeme v\u011bdeck\u00e9 semin\u00e1\u0159e. Semin\u00e1\u0159 Stel\u00e1rn\u00edho odd\u011blen\u00ed Na Semin\u00e1\u0159i Stel\u00e1rn\u00edho odd\u011blen\u00ed p\u0159edn\u00e1\u0161ej\u00ed m\u00edstn\u00ed v\u011bde\u010dt\u00ed pracovn\u00edci p\u0159\u00edpadn\u011b hostuj\u00edc\u00ed v\u011bde\u010dt\u00ed pracovn\u00edci na odd\u011blen\u00ed. Prezentuj\u00ed<\/p>\n","protected":false},"author":1,"featured_media":0,"parent":0,"menu_order":0,"comment_status":"closed","ping_status":"closed","template":"","meta":{"footnotes":""},"class_list":["post-96","page","type-page","status-publish","hentry"],"_links":{"self":[{"href":"https:\/\/stel.asu.cas.cz\/cs\/wp-json\/wp\/v2\/pages\/96","targetHints":{"allow":["GET"]}}],"collection":[{"href":"https:\/\/stel.asu.cas.cz\/cs\/wp-json\/wp\/v2\/pages"}],"about":[{"href":"https:\/\/stel.asu.cas.cz\/cs\/wp-json\/wp\/v2\/types\/page"}],"author":[{"embeddable":true,"href":"https:\/\/stel.asu.cas.cz\/cs\/wp-json\/wp\/v2\/users\/1"}],"replies":[{"embeddable":true,"href":"https:\/\/stel.asu.cas.cz\/cs\/wp-json\/wp\/v2\/comments?post=96"}],"version-history":[{"count":44,"href":"https:\/\/stel.asu.cas.cz\/cs\/wp-json\/wp\/v2\/pages\/96\/revisions"}],"predecessor-version":[{"id":3479,"href":"https:\/\/stel.asu.cas.cz\/cs\/wp-json\/wp\/v2\/pages\/96\/revisions\/3479"}],"wp:attachment":[{"href":"https:\/\/stel.asu.cas.cz\/cs\/wp-json\/wp\/v2\/media?parent=96"}],"curies":[{"name":"wp","href":"https:\/\/api.w.org\/{rel}","templated":true}]}}