{"id":99,"date":"2021-06-14T10:16:36","date_gmt":"2021-06-14T08:16:36","guid":{"rendered":"https:\/\/stel.asu.cas.cz\/cs\/?page_id=99"},"modified":"2024-06-03T10:24:38","modified_gmt":"2024-06-03T08:24:38","slug":"popularizace","status":"publish","type":"page","link":"https:\/\/stel.asu.cas.cz\/cs\/popularizace\/","title":{"rendered":"Popularizace"},"content":{"rendered":"\n<figure class=\"wp-block-image size-large is-resized\"><img loading=\"lazy\" decoding=\"async\" width=\"1024\" height=\"330\" src=\"https:\/\/stel.asu.cas.cz\/cs\/wp-content\/uploads\/2024\/02\/IMG_20220520_170859outreach-1024x330.jpg\" alt=\"\" class=\"wp-image-3029\" style=\"object-fit:cover;width:750px;height:250px\" srcset=\"https:\/\/stel.asu.cas.cz\/cs\/wp-content\/uploads\/2024\/02\/IMG_20220520_170859outreach-1024x330.jpg 1024w, https:\/\/stel.asu.cas.cz\/cs\/wp-content\/uploads\/2024\/02\/IMG_20220520_170859outreach-300x97.jpg 300w, https:\/\/stel.asu.cas.cz\/cs\/wp-content\/uploads\/2024\/02\/IMG_20220520_170859outreach-768x247.jpg 768w, https:\/\/stel.asu.cas.cz\/cs\/wp-content\/uploads\/2024\/02\/IMG_20220520_170859outreach-18x6.jpg 18w, https:\/\/stel.asu.cas.cz\/cs\/wp-content\/uploads\/2024\/02\/IMG_20220520_170859outreach-24x8.jpg 24w, https:\/\/stel.asu.cas.cz\/cs\/wp-content\/uploads\/2024\/02\/IMG_20220520_170859outreach-36x12.jpg 36w, https:\/\/stel.asu.cas.cz\/cs\/wp-content\/uploads\/2024\/02\/IMG_20220520_170859outreach.jpg 1500w\" sizes=\"auto, (max-width: 1024px) 100vw, 1024px\" \/><\/figure>\n\n\n\n<p>Pracovn\u00edci Stel\u00e1rn\u00edho odd\u011blen\u00ed se pravideln\u011b \u00fa\u010dastn\u00ed n\u011bkolika populariza\u010dn\u00edch akc\u00ed pro \u0161irokou ve\u0159ejnost. Dny otev\u0159en\u00fdch dve\u0159\u00ed se konaj\u00ed v pr\u016fb\u011bhu T\u00fddne v\u011bdy a techniky AV \u010cR, kter\u00fd pat\u0159\u00ed ke st\u011b\u017eejn\u00edm propaga\u010dn\u00edm aktivit\u00e1m cel\u00e9 Akademie v\u011bd. Dal\u0161\u00ed podobnou akc\u00ed pro ve\u0159ejnost, kter\u00e9 se Stel\u00e1rn\u00ed odd\u011blen\u00ed pravideln\u011b \u00fa\u010dastn\u00ed, je Evropsk\u00e1 noc v\u011bdc\u016f. P\u0159i t\u011bchto p\u0159\u00edle\u017eitostech v\u011bde\u010dt\u00ed pracovn\u00edci p\u0159ipravuj\u00ed popul\u00e1rn\u00ed p\u0159edn\u00e1\u0161ky nebo akce s astronomickou tematikou pro d\u011bti, prezentuj\u00ed sv\u00e9 aktu\u00e1ln\u00ed projekty nebo ukazuj\u00ed Perk\u016fv dalekohled a jeho kopuli v \u010dinnosti. Pracovn\u00edci Stel\u00e1rn\u00edho odd\u011blen\u00ed se aktivn\u011b pod\u00edlej\u00ed na programu akce \u201cOtev\u0159en\u00e1 v\u011bda\u201d, kterou pro st\u0159edo\u0161kolsk\u00e9 studenty organizuje Akademie v\u011bd \u010cR. Podrobnosti o populariza\u010dn\u00edch aktivit\u00e1ch Astronomick\u00e9ho \u00fastavu naleznete na <a href=\"https:\/\/www.youtube.com\/user\/Astronomickyustav\/videos\">YouTube kan\u00e1lu ASU<\/a>.<\/p>\n","protected":false},"excerpt":{"rendered":"<p>Pracovn\u00edci Stel\u00e1rn\u00edho odd\u011blen\u00ed se pravideln\u011b \u00fa\u010dastn\u00ed n\u011bkolika populariza\u010dn\u00edch akc\u00ed pro \u0161irokou ve\u0159ejnost. Dny otev\u0159en\u00fdch dve\u0159\u00ed se konaj\u00ed v pr\u016fb\u011bhu T\u00fddne v\u011bdy a techniky AV \u010cR,<\/p>\n","protected":false},"author":1,"featured_media":0,"parent":0,"menu_order":0,"comment_status":"closed","ping_status":"closed","template":"","meta":{"footnotes":""},"class_list":["post-99","page","type-page","status-publish","hentry"],"_links":{"self":[{"href":"https:\/\/stel.asu.cas.cz\/cs\/wp-json\/wp\/v2\/pages\/99","targetHints":{"allow":["GET"]}}],"collection":[{"href":"https:\/\/stel.asu.cas.cz\/cs\/wp-json\/wp\/v2\/pages"}],"about":[{"href":"https:\/\/stel.asu.cas.cz\/cs\/wp-json\/wp\/v2\/types\/page"}],"author":[{"embeddable":true,"href":"https:\/\/stel.asu.cas.cz\/cs\/wp-json\/wp\/v2\/users\/1"}],"replies":[{"embeddable":true,"href":"https:\/\/stel.asu.cas.cz\/cs\/wp-json\/wp\/v2\/comments?post=99"}],"version-history":[{"count":16,"href":"https:\/\/stel.asu.cas.cz\/cs\/wp-json\/wp\/v2\/pages\/99\/revisions"}],"predecessor-version":[{"id":3102,"href":"https:\/\/stel.asu.cas.cz\/cs\/wp-json\/wp\/v2\/pages\/99\/revisions\/3102"}],"wp:attachment":[{"href":"https:\/\/stel.asu.cas.cz\/cs\/wp-json\/wp\/v2\/media?parent=99"}],"curies":[{"name":"wp","href":"https:\/\/api.w.org\/{rel}","templated":true}]}}