{"id":102,"date":"2021-06-14T10:17:42","date_gmt":"2021-06-14T08:17:42","guid":{"rendered":"https:\/\/stel.asu.cas.cz\/en\/?page_id=102"},"modified":"2025-02-21T10:32:40","modified_gmt":"2025-02-21T09:32:40","slug":"contact","status":"publish","type":"page","link":"https:\/\/stel.asu.cas.cz\/en\/contact\/","title":{"rendered":"Contact"},"content":{"rendered":"\n<p><\/p>\n\n\n\n<div class=\"wp-block-columns are-vertically-aligned-top is-layout-flex wp-container-core-columns-is-layout-1 wp-block-columns-is-layout-flex\">\n<div class=\"wp-block-column is-vertically-aligned-top is-layout-flow wp-block-column-is-layout-flow\">\n<h3 class=\"wp-block-heading has-vivid-cyan-blue-color has-text-color has-link-color wp-elements-c61bc0a55333c1abd3281faf6c30475c\" id=\"institute-official-address\">Institute official address<\/h3>\n\n\n\n<p>Astronomical Institute of the Czech Academy of Sciences<br>Stellar Physics Department<br>Fri\u010dova 298<br>251 65 Ond\u0159ejov<br>Czech Republic <\/p>\n<\/div>\n<\/div>\n\n\n\n<h3 class=\"wp-block-heading has-vivid-cyan-blue-color has-text-color has-link-color wp-elements-e9260aa8e2968699fe096cbdbf9206dc\" id=\"department-mailing-address\">Department mailing address<\/h3>\n\n\n\n<p>Stellar Physics Department<br>Astronomical Institute of the Czech Academy of Sciences<br>Nu\u0161lova 251<br>251 65 Ond\u0159ejov<br>Czech Republic<\/p>\n\n\n\n<div class=\"wp-block-columns is-layout-flex wp-container-core-columns-is-layout-2 wp-block-columns-is-layout-flex\">\n<div class=\"wp-block-column is-layout-flow wp-block-column-is-layout-flow\">\n<h4 class=\"wp-block-heading\" id=\"head\"><strong>Head<\/strong><\/h4>\n\n\n\n<p><a href=\"https:\/\/stel.asu.cas.cz\/en\/hotstars\/physics-of-hot-stars-members\/#kubatova\">Brankica Kub\u00e1tov\u00e1<\/a><br>Email: brankica.kubatova @ asu.cas.cz<br>Phone: +420 323 620 320<\/p>\n<\/div>\n\n\n\n<div class=\"wp-block-column is-layout-flow wp-block-column-is-layout-flow\">\n<h4 class=\"wp-block-heading\" id=\"deputy\"><strong>Deputy<\/strong><\/h4>\n\n\n\n<p><a href=\"https:\/\/stel.asu.cas.cz\/en\/high-energy-astrophysics\/ave-members\/#jelinek\">Martin Jel\u00ednek<\/a><br>Email: martin.jelinek @ asu.cas.cz<br>Telefon: +420 323 620 242<\/p>\n<\/div>\n\n\n\n<div class=\"wp-block-column is-layout-flow wp-block-column-is-layout-flow\">\n<h4 class=\"wp-block-heading\" id=\"secretary\"><strong>Secretary<\/strong><\/h4>\n\n\n\n<p><a href=\"https:\/\/stel.asu.cas.cz\/en\/telescope\/technicians\/#zdarska\">Eva \u017d\u010f\u00e1rsk\u00e1<\/a> <br>Email: eva.zdarska  @ asu.cas.cz<br>Phone: +420 323 620 226<br><\/p>\n<\/div>\n<\/div>\n\n\n\n<h3 class=\"wp-block-heading has-vivid-cyan-blue-color has-text-color has-link-color wp-elements-1625adc35777b15d135e6c8964765829\" id=\"where\">Where to find us<\/h3>\n\n\n\n<iframe loading=\"lazy\" src=\"https:\/\/www.google.com\/maps\/d\/embed?mid=1vnkKIFkS5qfJtM2siP0ZlFRNPg6nT8c&#038;ehbc=2E312F\" width=\"640\" height=\"480\"><\/iframe>\n\n\n\n<h3 class=\"wp-block-heading has-vivid-cyan-blue-color has-text-color has-link-color wp-elements-02c89351aa5bf3d4df8e724cc6587359\" id=\"how\">How to reach us<\/h3>\n\n\n\n<p style=\"text-align: justify;\"><img decoding=\"async\" src=\"https:\/\/stel.asu.cas.cz\/en\/wp-content\/uploads\/2021\/10\/icon-plane.png\" alt=\"\"><span class=\"has-inline-color has-black-color\">&nbsp;&nbsp;&nbsp;To get to us from Prague airport, you can try to arrange with a host to pick you up and drive you to the Institute. This is by far the best option. A taxi will cost you around 80 EUR. If you prefer to travel by public transport on your own, be prepared to spend another two hours travelling. Outside the airport terminal, take bus 119 to N\u00e1dra\u017e\u00ed Veleslav\u00edn and change to metro line A. Continue by metro to H\u00e1je, change at the Muzeum to line C, then take bus 383 and get off at the Ond\u0159ejov n\u00e1m\u011bst\u00ed bus stop (<a href=\"http:\/\/jizdnirady.idnes.cz\/praha\/zjr\/?l=RegBus+383&amp;f=H%c3%a1je&amp;t=Chocerady&amp;wholeweek=true&amp;ttn=PID&amp;submit=true&amp;af=false&amp;lng=C\" target=\"_blank\" rel=\"noreferrer noopener\">timetable<\/a>).<\/span><\/p>\n\n\n\n<p style=\"text-align: justify;\"><img decoding=\"async\" src=\"https:\/\/stel.asu.cas.cz\/en\/wp-content\/uploads\/2021\/10\/icon-car.png\" alt=\"\">&nbsp;&nbsp;&nbsp;If you are travelling by car, take exit 21 from the D1 Praha-Brno motorway (in the direction of Bene\u0161ov). Right after the motorway exit, turn into the village of Miro\u0161ovice and drive towards Mnichovice. After about 4 km, turn right in Mnichovice towards Ond\u0159ejov. At the beginning of the village (by the sawmill) you will see a sign pointing to the left to the Institute.<\/p>\n\n\n\n<p style=\"text-align: justify;\"><img decoding=\"async\" src=\"https:\/\/stel.asu.cas.cz\/en\/wp-content\/uploads\/2021\/10\/icon-bus.png\" alt=\"\">&nbsp;&nbsp;&nbsp;Ond\u0159ejov is served by two ROPID (Prague local transport authority) bus routes. Route 383 departs from Prague at H\u00e1je station (the last stop of the metro line C). The journey takes about 60 minutes. Alternatively, you can take the train from the main station to Stran\u010dice (or Bene\u0161ov), get off in Stran\u010dice and change to bus no. 490 (<a href=\"http:\/\/jizdnirady.idnes.cz\/praha\/zjr\/?l=RegBus+490&amp;f=Stran%C4%8Dice%2c%C5%BEel.st.&amp;t=St%C5%99%C3%ADbrn%C3%A1+Skalice%2cn%C3%A1m%C4%9Bst%C3%AD&amp;wholeweek=true&amp;ttn=PID&amp;submit=true&amp;af=false&amp;lng=C\" target=\"_blank\" rel=\"noreferrer noopener\">timetable<\/a>).<\/p>\n\n<p>Tickets can also be purchased via SMS or the L\u00edta\u010dka mobile app, which can also be used to search for the ideal public transport connection.&nbsp;The application is available for <a href=\"https:\/\/play.google.com\/store\/apps\/details?id=cz.dpp.praguepublictransport&amp;hl=en&amp;gl=US\">Android<\/a> or <a href=\"https:\/\/apps.apple.com\/cz\/app\/pid-l%C3%ADta%C4%8Dka\/id983071129\">iOS<\/a>.&nbsp;<\/p>\n\n<p>More information about transportation, prices and connections can be found at&nbsp;<a href=\"https:\/\/www.dpp.cz\/en\/fares\/fare-pricelist\">http:\/\/www.dpp.cz\/en\/<\/a> <a href=\"https:\/\/www.dpp.cz\/en\/fares\/fare-pricelist\"><\/a>.<\/p>\n\n\n\n<p style=\"text-align: justify;\"><img decoding=\"async\" src=\"https:\/\/stel.asu.cas.cz\/en\/wp-content\/uploads\/2021\/10\/icon-train.png\" alt=\"\"><span class=\"has-inline-color has-black-color\">&nbsp;&nbsp;&nbsp;Trains from Prague&#8217;s main railway station stop at Stran\u010dice, from where you can take bus no. 490 or get off at Miro\u0161ovice or Senohraby and have a pleasant walk (5&nbsp;km; follow tourist marking).<\/span><\/p>\n\n\n\n<p><\/p>\n\n\n\n<p><\/p>\n","protected":false},"excerpt":{"rendered":"<p>Institute official address Astronomical Institute of the Czech Academy of SciencesStellar Physics DepartmentFri\u010dova 298251 65 Ond\u0159ejovCzech Republic Department mailing address Stellar Physics DepartmentAstronomical Institute of<\/p>\n","protected":false},"author":1,"featured_media":0,"parent":0,"menu_order":0,"comment_status":"closed","ping_status":"closed","template":"","meta":{"footnotes":""},"class_list":["post-102","page","type-page","status-publish","hentry"],"_links":{"self":[{"href":"https:\/\/stel.asu.cas.cz\/en\/wp-json\/wp\/v2\/pages\/102","targetHints":{"allow":["GET"]}}],"collection":[{"href":"https:\/\/stel.asu.cas.cz\/en\/wp-json\/wp\/v2\/pages"}],"about":[{"href":"https:\/\/stel.asu.cas.cz\/en\/wp-json\/wp\/v2\/types\/page"}],"author":[{"embeddable":true,"href":"https:\/\/stel.asu.cas.cz\/en\/wp-json\/wp\/v2\/users\/1"}],"replies":[{"embeddable":true,"href":"https:\/\/stel.asu.cas.cz\/en\/wp-json\/wp\/v2\/comments?post=102"}],"version-history":[{"count":45,"href":"https:\/\/stel.asu.cas.cz\/en\/wp-json\/wp\/v2\/pages\/102\/revisions"}],"predecessor-version":[{"id":4199,"href":"https:\/\/stel.asu.cas.cz\/en\/wp-json\/wp\/v2\/pages\/102\/revisions\/4199"}],"wp:attachment":[{"href":"https:\/\/stel.asu.cas.cz\/en\/wp-json\/wp\/v2\/media?parent=102"}],"curies":[{"name":"wp","href":"https:\/\/api.w.org\/{rel}","templated":true}]}}