{"id":105,"date":"2021-06-14T10:19:12","date_gmt":"2021-06-14T08:19:12","guid":{"rendered":"https:\/\/stel.asu.cas.cz\/en\/?page_id=105"},"modified":"2026-01-30T09:49:03","modified_gmt":"2026-01-30T08:49:03","slug":"extrasolar-planet-research","status":"publish","type":"page","link":"https:\/\/stel.asu.cas.cz\/en\/extrasolar-planet-research\/","title":{"rendered":"Extrasolar Planet Research"},"content":{"rendered":"\n<figure class=\"wp-block-image\"><img loading=\"lazy\" decoding=\"async\" width=\"1024\" height=\"341\" src=\"https:\/\/stel.asu.cas.cz\/en\/wp-content\/uploads\/2021\/08\/exoplanet-1024x341.jpg\" alt=\"\" class=\"wp-image-1292\" srcset=\"https:\/\/stel.asu.cas.cz\/en\/wp-content\/uploads\/2021\/08\/exoplanet-1024x341.jpg 1024w, https:\/\/stel.asu.cas.cz\/en\/wp-content\/uploads\/2021\/08\/exoplanet-300x100.jpg 300w, https:\/\/stel.asu.cas.cz\/en\/wp-content\/uploads\/2021\/08\/exoplanet-768x256.jpg 768w, https:\/\/stel.asu.cas.cz\/en\/wp-content\/uploads\/2021\/08\/exoplanet-18x6.jpg 18w, https:\/\/stel.asu.cas.cz\/en\/wp-content\/uploads\/2021\/08\/exoplanet-24x8.jpg 24w, https:\/\/stel.asu.cas.cz\/en\/wp-content\/uploads\/2021\/08\/exoplanet-36x12.jpg 36w, https:\/\/stel.asu.cas.cz\/en\/wp-content\/uploads\/2021\/08\/exoplanet.jpg 1500w\" sizes=\"auto, (max-width: 1024px) 100vw, 1024px\" \/><figcaption class=\"wp-element-caption\">This illustration shows what the TRAPPIST-1 system might look like from a vantage point near planet TRAPPIST-1f (at right). Credits: NASA\/JPL-Caltech. <p>&nbsp;<\/p><\/figcaption><\/figure>\n\n\n\n<p><\/p>\n\n\n\n<p>The main targets of the group are planetary candidates detected by Kepler\/K2 and later TESS space missions. Currently, the members ogf the group are working on the project of refurbishment and installation of a new spectrograph (<a href=\"http:\/\/stel.asu.cas.cz\/platospec\/\" target=\"blank\" rel=\"noopener\">PLATOSpec<\/a>) at 1.52-m telescope at ESO La Silla Observatory. This project should serve as a ground absed support for future space mission <a href=\"https:\/\/platomission.com\/\" target=\"blank\" rel=\"noopener\">PLATO<\/a>. In addition, the group is also detecting and characterizing exoplanetary atmospheres by using large telescopes mainly at ESO observatories. The group is coordinating an <a href=\"http:\/\/erasmus.asu.cas.cz\/\" target=\"blank\" rel=\"noopener\">ERASMUS+<\/a> grant for which a public lecture series is planned.<\/p>\n\n\n\n<h4 class=\"wp-block-heading\">Members of the group<\/h4>\n\n\n\n<ul class=\"wp-block-list\">\n<li><strong><strong>Researchers<\/strong>:<\/strong> <a href=\"https:\/\/stel.asu.cas.cz\/en\/extrasolar-planet-research\/extrasolar-members#kabath\">Petr Kab\u00e1th<\/a> (head), <a href=\"https:\/\/stel.asu.cas.cz\/en\/extrasolar-planet-research\/extrasolar-members#skarka\">Marek Skarka<\/a>, <a href=\"https:\/\/stel.asu.cas.cz\/en\/extrasolar-planet-research\/extrasolar-members#karjalainen_m\">Marie Karjalainen<\/a>, <a href=\"https:\/\/stel.asu.cas.cz\/en\/extrasolar-planet-research\/extrasolar-members\/#skoda\" data-type=\"link\" data-id=\"https:\/\/stel.asu.cas.cz\/en\/extrasolar-planet-research\/extrasolar-members\/#kabath\">Petr \u0160koda<\/a><\/li>\n\n\n\n<li><strong>Postdocs:<\/strong> <a href=\"https:\/\/stel.asu.cas.cz\/en\/extrasolar-planet-research\/extrasolar-members#subjak\">J\u00e1n \u0160ubjak<\/a>, <a href=\"https:\/\/stel.asu.cas.cz\/en\/extrasolar-planet-research\/extrasolar-members#zak\">Ji\u0159\u00ed \u017d\u00e1k<\/a><\/li>\n\n\n\n<li><strong>PhD students:<\/strong> <a href=\"https:\/\/stel.asu.cas.cz\/en\/extrasolar-planet-research\/extrasolar-members#vitkova\">Michaela V\u00edtkov\u00e1<\/a>, <a href=\"https:\/\/stel.asu.cas.cz\/en\/extrasolar-planet-research\/extrasolar-members#balkoova\">Zuzana Balk\u00f3ov\u00e1<\/a>, <a href=\"https:\/\/stel.asu.cas.cz\/en\/extrasolar-planet-research\/extrasolar-members#liptak\">Josef Lipt\u00e1k<\/a>, <a href=\"https:\/\/stel.asu.cas.cz\/en\/extrasolar-planet-research\/extrasolar-members#ludwig\">Mathis Ludwig<\/a><\/li>\n<\/ul>\n\n\n\n<h4 class=\"wp-block-heading\">More info<\/h4>\n\n\n\n<ul class=\"wp-block-list\">\n<li>Web sites of the group: <a rel=\"noreferrer noopener\" href=\"http:\/\/stel.asu.cas.cz\/exogroup\/\" target=\"_blank\">stel.asu.cas.cz\/exogroup<\/a><\/li>\n\n\n\n<li>Web sites of the Erasmus+ project: <a rel=\"noreferrer noopener\" href=\"http:\/\/erasmus.asu.cas.cz\/\" target=\"_blank\">erasmus.asu.cas.cz<\/a><\/li>\n\n\n\n<li>Web sites of the PLATOSpec project: <a href=\"http:\/\/stel.asu.cas.cz\/platospec\/\" target=\"_blank\" rel=\"noreferrer noopener\">stel.asu.cas.cz\/platospec<\/a><\/li>\n<\/ul>\n\n\n\n<p><\/p>\n","protected":false},"excerpt":{"rendered":"<p>The main targets of the group are planetary candidates detected by Kepler\/K2 and later TESS space missions. Currently, the members ogf the group are working<\/p>\n","protected":false},"author":1,"featured_media":0,"parent":0,"menu_order":0,"comment_status":"closed","ping_status":"closed","template":"","meta":{"footnotes":""},"class_list":["post-105","page","type-page","status-publish","hentry"],"_links":{"self":[{"href":"https:\/\/stel.asu.cas.cz\/en\/wp-json\/wp\/v2\/pages\/105","targetHints":{"allow":["GET"]}}],"collection":[{"href":"https:\/\/stel.asu.cas.cz\/en\/wp-json\/wp\/v2\/pages"}],"about":[{"href":"https:\/\/stel.asu.cas.cz\/en\/wp-json\/wp\/v2\/types\/page"}],"author":[{"embeddable":true,"href":"https:\/\/stel.asu.cas.cz\/en\/wp-json\/wp\/v2\/users\/1"}],"replies":[{"embeddable":true,"href":"https:\/\/stel.asu.cas.cz\/en\/wp-json\/wp\/v2\/comments?post=105"}],"version-history":[{"count":40,"href":"https:\/\/stel.asu.cas.cz\/en\/wp-json\/wp\/v2\/pages\/105\/revisions"}],"predecessor-version":[{"id":5533,"href":"https:\/\/stel.asu.cas.cz\/en\/wp-json\/wp\/v2\/pages\/105\/revisions\/5533"}],"wp:attachment":[{"href":"https:\/\/stel.asu.cas.cz\/en\/wp-json\/wp\/v2\/media?parent=105"}],"curies":[{"name":"wp","href":"https:\/\/api.w.org\/{rel}","templated":true}]}}