{"id":2014,"date":"2021-12-14T11:15:14","date_gmt":"2021-12-14T10:15:14","guid":{"rendered":"https:\/\/stel.asu.cas.cz\/en\/?page_id=2014"},"modified":"2026-03-16T14:44:52","modified_gmt":"2026-03-16T13:44:52","slug":"single-order-spectrograph","status":"publish","type":"page","link":"https:\/\/stel.asu.cas.cz\/en\/telescope\/instrumentation\/single-order-spectrograph\/","title":{"rendered":"Single order spectrograph"},"content":{"rendered":"\n<p>Single order (formerly coud\u00e9 spectrograph or &#8216;CCD700&#8217; spectrograph) is fiber fed medium resolution spectrograph working in the first and second spectral orders. Wavelength coverage of the second order is 3660-5100 \u00c5 (near UV to blue) with order length of 233 \u00c5; wavelength coverage of the first order is 5100-8900 \u00c5 (green to near IR) with order length of 470 \u00c5. Resolving power is \u223c12 200 in blue spectral ragion (Balmer jump) and \u223c10 800 in red (H\u03b1) spectral region. The camera features the PyLoN 2048x512BX (E2V 42-10 BX) CCD detector (cooled by liquid nitrogen to -115\u00b0C) with a pixel size of 13.5 \u03bcm. The main advantage is that it depicts wide interval of wavelengths (475\u00a0\u00c5 in the H\u03b1 spectral region) with uniform S\/N. More information about technical specification and calibration can be found <strong><a href=\"http:\/\/stel.asu.cas.cz\/~slechta\/2mEN\/single\/\" target=\"_blank\" rel=\"noopener\">here<\/a><\/strong>.<\/p>\n\n\n\n<h5 class=\"wp-block-heading\" id=\"block-60158004-c5cd-483c-b91c-9100a710e938\"><mark style=\"background-color:rgba(0, 0, 0, 0)\" class=\"has-inline-color has-vivid-cyan-blue-color\">Camera main characteristics<\/mark><\/h5>\n\n\n<figure class=\"wp-block-table is-style-regular\">\n<table class=\"has-fixed-layout\" style=\"font-size: 80%;\">\n<tbody>\n<tr>\n<td class=\"has-text-align-center\" data-align=\"center\"><strong>Camera<\/strong><\/td>\n<td class=\"has-text-align-center\" data-align=\"center\"><strong>Chip<\/strong><\/td>\n<td class=\"has-text-align-center\" data-align=\"center\"><strong>Dimension<\/strong><\/td>\n<td class=\"has-text-align-center\" data-align=\"center\"><strong>Pixel size<\/strong><\/td>\n<td class=\"has-text-align-center\" data-align=\"center\"><strong>Reading<\/strong><\/td>\n<\/tr>\n<tr>\n<td class=\"has-text-align-center\" data-align=\"center\"><a href=\"http:\/\/stel.asu.cas.cz\/wptest\/wp-content\/uploads\/2021\/07\/CCD700.pdf\" target=\"_blank\" rel=\"noreferrer noopener\"><strong>PyLoN<\/strong><\/a><\/td>\n<td class=\"has-text-align-center\" data-align=\"center\"><strong>E2V 42-10 BX<\/strong><\/td>\n<td class=\"has-text-align-center\" data-align=\"center\"><strong>2048&#215;512<\/strong><\/td>\n<td class=\"has-text-align-center\" data-align=\"center\"><strong>13.5 x 13.5 <\/strong>\u03bc<strong>m<\/strong><\/td>\n<td class=\"has-text-align-center\" data-align=\"center\"><strong>19 s<\/strong><\/td>\n<\/tr>\n<\/tbody>\n<\/table>\n<\/figure>\n\n\n<h5 class=\"wp-block-heading\" id=\"spectrograph-main-characteristics\"><mark style=\"background-color:rgba(0, 0, 0, 0)\" class=\"has-inline-color has-vivid-cyan-blue-color\">Spectrograph main characteristics<\/mark><\/h5>\n\n\n\n<p>The single order spectrograph works in two spectral orders &#8211; first order in red part of the spectra (approx. from 5100&nbsp;\u00c5 to the IR), and second order in blue part (from approx. 3660 \u00c5 to approx. 5 100 \u00c5).<\/p>\n\n\n<figure class=\"wp-block-table is-style-regular\">\n<table class=\"has-fixed-layout\" style=\"font-size: 80%;\">\n<tbody>\n<tr>\n<td class=\"has-text-align-center\" data-align=\"center\">\n<p style=\"text-align: center;\"><strong>1st order<br \/><\/strong><\/p>\n<\/td>\n<td class=\"has-text-align-center\" data-align=\"center\">\n<p style=\"text-align: center;\"><strong>Order length<\/strong><\/p>\n<\/td>\n<td class=\"has-text-align-center\" data-align=\"center\">\n<p style=\"text-align: center;\"><strong>Resolution<\/strong><\/p>\n<\/td>\n<td class=\"has-text-align-center\" style=\"text-align: center;\" data-align=\"center\">\u00a0<\/td>\n<\/tr>\n<tr>\n<td class=\"has-text-align-center\" data-align=\"center\"><strong>5100-8900 \u00c5<\/strong><\/td>\n<td class=\"has-text-align-center\" data-align=\"center\"><strong>470 \u00c5<\/strong><\/td>\n<td class=\"has-text-align-center\" data-align=\"center\"><strong>~10 800 (H<\/strong>\u03b1<strong>)<\/strong><\/td>\n<td class=\"has-text-align-center\" data-align=\"center\">\u00a0<\/td>\n<\/tr>\n<\/tbody>\n<\/table>\n<\/figure>\n<figure class=\"wp-block-table is-style-regular\">\n<table class=\"has-fixed-layout\" style=\"font-size: 80%;\">\n<tbody>\n<tr>\n<td class=\"has-text-align-center\" data-align=\"center\">\n<p style=\"text-align: center;\"><strong>2nd order<br \/><\/strong><\/p>\n<\/td>\n<td class=\"has-text-align-center\" data-align=\"center\">\n<p style=\"text-align: center;\"><strong>Order length<br \/><\/strong><\/p>\n<\/td>\n<td class=\"has-text-align-center\" data-align=\"center\">\n<p style=\"text-align: center;\"><strong>Resolution<\/strong><\/p>\n<\/td>\n<td class=\"has-text-align-center\" data-align=\"center\">\u00a0<\/td>\n<\/tr>\n<tr>\n<td class=\"has-text-align-center\" data-align=\"center\"><strong>3660-5100 \u00c5<\/strong><\/td>\n<td class=\"has-text-align-center\" data-align=\"center\"><strong>233 \u00c5<\/strong><\/td>\n<td class=\"has-text-align-center\" data-align=\"center\"><strong>~12 200 (Balmer jump<\/strong><strong>)<\/strong><\/td>\n<td class=\"has-text-align-center\" data-align=\"center\">\u00a0<\/td>\n<\/tr>\n<\/tbody>\n<\/table>\n<\/figure>\n\n\n<p>The length of the spectral interval in the first order is approx. 470\u00a0\u00c5, the length in the second order is approx. 233\u00a0\u00c5 (ratio approx. 2:1). The resolving power in the first order is approx. 10 800 (around H-alpha line), in the second order approx. 12\u00a0200 (at Balmer jump).<\/p>\n\n\n\n<h5 class=\"wp-block-heading\" id=\"selected-used-predefined-spectral-ranges\">Example of spectral ranges<\/h5>\n\n\n\n<figure class=\"wp-block-table is-style-regular has-small-font-size\"><table><tbody><tr><td><strong>Balmer jump<\/strong><\/td><td class=\"has-text-align-center\" data-align=\"center\"><strong><strong><strong>H-gamm<\/strong><\/strong>a<\/strong><\/td><td class=\"has-text-align-center\" data-align=\"center\"><strong><strong><strong>H-beta<\/strong><\/strong><\/strong><\/td><td class=\"has-text-align-center\" data-align=\"center\"><strong><strong><strong>H-alpha<\/strong><\/strong><\/strong><\/td><td class=\"has-text-align-center\" data-align=\"center\"><strong><strong><strong>GAIA<\/strong><\/strong><\/strong><\/td><\/tr><tr><td>3665-3920 \u00c5<\/td><td class=\"has-text-align-center\" data-align=\"center\">4272-4506 \u00c5<\/td><td class=\"has-text-align-center\" data-align=\"center\">4757-4990 \u00c5<\/td><td class=\"has-text-align-center\" data-align=\"center\">6260-6765 \u00c5<\/td><td class=\"has-text-align-center\" data-align=\"center\">8400-8870 \u00c5<\/td><\/tr><\/tbody><\/table><\/figure>\n\n\n\n<p>The final spectral range during observation is adjustable on request.  <\/p>\n\n\n\n<h5 class=\"wp-block-heading\" id=\"optical-layout\"><strong><span class=\"has-inline-color has-vivid-cyan-blue-color\">Optical layout<\/span><\/strong><\/h5>\n\n\n\n<ul id=\"block-01732f72-066f-4ece-9e32-78545f69d4ff\" class=\"wp-block-list\">\n<li>Slit width: 0.2 mm (0.6 arcsec)<\/li>\n\n\n\n<li>Flat field lamp: Hollow cathode<\/li>\n\n\n\n<li>Comparison light: ThAr lamp, 15 mA<\/li>\n\n\n\n<li>Exposuremeter: just behind the slit, semi-translucent mirror, about 5% of the light to the exposuremeter<\/li>\n\n\n\n<li>Collimator: focal ratio f\/32, out of axis<\/li>\n\n\n\n<li>Grating &#8211; works in the first and second spectral orders<\/li>\n\n\n\n<li>Schmidt camera (correction plate + spherical mirror), F=700mm<\/li>\n<\/ul>\n\n\n<div class=\"wp-block-image\">\n<figure class=\"aligncenter size-large is-resized\"><img loading=\"lazy\" decoding=\"async\" src=\"https:\/\/stel.asu.cas.cz\/wptest\/wp-content\/uploads\/2021\/12\/schema_coude_en-new-1.png\" alt=\"\" width=\"450\" height=\"370\"><figcaption style=\"text-align: justify;\">A schematic of the single order spectrograph showing the optical layout and light path from slit to detector. Credit: Miroslav \u0160lechta.<\/figcaption><\/figure>\n<\/div>\n\n\n<h5 class=\"wp-block-heading\" id=\"sample-images\"><mark style=\"background-color:rgba(0, 0, 0, 0)\" class=\"has-inline-color has-vivid-cyan-blue-color\">Sample images<\/mark><\/h5>\n\n\n\n<div class=\"wp-block-columns is-layout-flex wp-container-core-columns-is-layout-1 wp-block-columns-is-layout-flex\">\n<div class=\"wp-block-column is-layout-flow wp-block-column-is-layout-flow\">\n<figure class=\"wp-block-image size-large\"><a href=\"https:\/\/stel.asu.cas.cz\/en\/wp-content\/uploads\/2021\/12\/700zero.png\"><img loading=\"lazy\" decoding=\"async\" width=\"1024\" height=\"256\" src=\"https:\/\/stel.asu.cas.cz\/en\/wp-content\/uploads\/2021\/12\/700zero-1024x256.png\" alt=\"\" class=\"wp-image-1989\" srcset=\"https:\/\/stel.asu.cas.cz\/en\/wp-content\/uploads\/2021\/12\/700zero-1024x256.png 1024w, https:\/\/stel.asu.cas.cz\/en\/wp-content\/uploads\/2021\/12\/700zero-300x75.png 300w, https:\/\/stel.asu.cas.cz\/en\/wp-content\/uploads\/2021\/12\/700zero-768x192.png 768w, https:\/\/stel.asu.cas.cz\/en\/wp-content\/uploads\/2021\/12\/700zero-1536x384.png 1536w, https:\/\/stel.asu.cas.cz\/en\/wp-content\/uploads\/2021\/12\/700zero-18x5.png 18w, https:\/\/stel.asu.cas.cz\/en\/wp-content\/uploads\/2021\/12\/700zero-24x6.png 24w, https:\/\/stel.asu.cas.cz\/en\/wp-content\/uploads\/2021\/12\/700zero-36x9.png 36w, https:\/\/stel.asu.cas.cz\/en\/wp-content\/uploads\/2021\/12\/700zero.png 2048w\" sizes=\"auto, (max-width: 1024px) 100vw, 1024px\" \/><\/a><figcaption class=\"wp-element-caption\">Zero<\/figcaption><\/figure>\n\n\n\n<figure class=\"wp-block-image size-large\"><a href=\"https:\/\/stel.asu.cas.cz\/en\/wp-content\/uploads\/2021\/12\/700calib.png\"><img loading=\"lazy\" decoding=\"async\" width=\"1024\" height=\"256\" src=\"https:\/\/stel.asu.cas.cz\/en\/wp-content\/uploads\/2021\/12\/700calib-1024x256.png\" alt=\"\" class=\"wp-image-1988\" srcset=\"https:\/\/stel.asu.cas.cz\/en\/wp-content\/uploads\/2021\/12\/700calib-1024x256.png 1024w, https:\/\/stel.asu.cas.cz\/en\/wp-content\/uploads\/2021\/12\/700calib-300x75.png 300w, https:\/\/stel.asu.cas.cz\/en\/wp-content\/uploads\/2021\/12\/700calib-768x192.png 768w, https:\/\/stel.asu.cas.cz\/en\/wp-content\/uploads\/2021\/12\/700calib-1536x384.png 1536w, https:\/\/stel.asu.cas.cz\/en\/wp-content\/uploads\/2021\/12\/700calib-18x5.png 18w, https:\/\/stel.asu.cas.cz\/en\/wp-content\/uploads\/2021\/12\/700calib-24x6.png 24w, https:\/\/stel.asu.cas.cz\/en\/wp-content\/uploads\/2021\/12\/700calib-36x9.png 36w, https:\/\/stel.asu.cas.cz\/en\/wp-content\/uploads\/2021\/12\/700calib.png 2048w\" sizes=\"auto, (max-width: 1024px) 100vw, 1024px\" \/><\/a><figcaption class=\"wp-element-caption\">ThAr Calibration lamp<\/figcaption><\/figure>\n<\/div>\n\n\n\n<div class=\"wp-block-column is-layout-flow wp-block-column-is-layout-flow\">\n<figure class=\"wp-block-image size-large\"><a href=\"https:\/\/stel.asu.cas.cz\/en\/wp-content\/uploads\/2021\/12\/700flat.png\"><img loading=\"lazy\" decoding=\"async\" width=\"1024\" height=\"256\" src=\"https:\/\/stel.asu.cas.cz\/en\/wp-content\/uploads\/2021\/12\/700flat-1024x256.png\" alt=\"\" class=\"wp-image-1987\" srcset=\"https:\/\/stel.asu.cas.cz\/en\/wp-content\/uploads\/2021\/12\/700flat-1024x256.png 1024w, https:\/\/stel.asu.cas.cz\/en\/wp-content\/uploads\/2021\/12\/700flat-300x75.png 300w, https:\/\/stel.asu.cas.cz\/en\/wp-content\/uploads\/2021\/12\/700flat-768x192.png 768w, https:\/\/stel.asu.cas.cz\/en\/wp-content\/uploads\/2021\/12\/700flat-1536x384.png 1536w, https:\/\/stel.asu.cas.cz\/en\/wp-content\/uploads\/2021\/12\/700flat-18x5.png 18w, https:\/\/stel.asu.cas.cz\/en\/wp-content\/uploads\/2021\/12\/700flat-24x6.png 24w, https:\/\/stel.asu.cas.cz\/en\/wp-content\/uploads\/2021\/12\/700flat-36x9.png 36w, https:\/\/stel.asu.cas.cz\/en\/wp-content\/uploads\/2021\/12\/700flat.png 2048w\" sizes=\"auto, (max-width: 1024px) 100vw, 1024px\" \/><\/a><figcaption class=\"wp-element-caption\">Flatfield<\/figcaption><\/figure>\n\n\n\n<figure class=\"wp-block-image size-large\"><a href=\"https:\/\/stel.asu.cas.cz\/en\/wp-content\/uploads\/2021\/12\/700betaOri.png\"><img loading=\"lazy\" decoding=\"async\" width=\"1024\" height=\"256\" src=\"https:\/\/stel.asu.cas.cz\/en\/wp-content\/uploads\/2021\/12\/700betaOri-1024x256.png\" alt=\"\" class=\"wp-image-1990\" srcset=\"https:\/\/stel.asu.cas.cz\/en\/wp-content\/uploads\/2021\/12\/700betaOri-1024x256.png 1024w, https:\/\/stel.asu.cas.cz\/en\/wp-content\/uploads\/2021\/12\/700betaOri-300x75.png 300w, https:\/\/stel.asu.cas.cz\/en\/wp-content\/uploads\/2021\/12\/700betaOri-768x192.png 768w, https:\/\/stel.asu.cas.cz\/en\/wp-content\/uploads\/2021\/12\/700betaOri-1536x384.png 1536w, https:\/\/stel.asu.cas.cz\/en\/wp-content\/uploads\/2021\/12\/700betaOri-18x5.png 18w, https:\/\/stel.asu.cas.cz\/en\/wp-content\/uploads\/2021\/12\/700betaOri-24x6.png 24w, https:\/\/stel.asu.cas.cz\/en\/wp-content\/uploads\/2021\/12\/700betaOri-36x9.png 36w, https:\/\/stel.asu.cas.cz\/en\/wp-content\/uploads\/2021\/12\/700betaOri.png 2048w\" sizes=\"auto, (max-width: 1024px) 100vw, 1024px\" \/><\/a><figcaption class=\"wp-element-caption\">beta Ori<\/figcaption><\/figure>\n<\/div>\n<\/div>\n\n\n\n<h5 class=\"wp-block-heading\" id=\"block-a959e036-86a8-4fba-8b30-4d676784e81f\"><strong><span class=\"has-inline-color has-vivid-cyan-blue-color\">SNR vs. Exposure time<\/span><\/strong><\/h5>\n\n\n\n<p id=\"block-c279fd1a-aa20-40bc-8833-09da25206d57\">The appropriate exposure time can be roughly estimated. It is seen that for the signal-to-noise ratio (SNR) of ~30, an 1-hour exposure time is needed for a 10-mag star. However, the particular SNR depends not only on the zenith distance but mainly on the observing conditions.<\/p>\n\n\n<div id=\"block-36619e89-9309-46fd-bffe-23219fad1ab9\" class=\"wp-block-image\">\n<figure class=\"aligncenter size-large\"><img loading=\"lazy\" decoding=\"async\" width=\"640\" height=\"480\" class=\"wp-image-1479\" src=\"https:\/\/stel.asu.cas.cz\/en\/wp-content\/uploads\/2021\/09\/SNR-CCD700.png\" alt=\"\" srcset=\"https:\/\/stel.asu.cas.cz\/en\/wp-content\/uploads\/2021\/09\/SNR-CCD700.png 640w, https:\/\/stel.asu.cas.cz\/en\/wp-content\/uploads\/2021\/09\/SNR-CCD700-300x225.png 300w, https:\/\/stel.asu.cas.cz\/en\/wp-content\/uploads\/2021\/09\/SNR-CCD700-18x14.png 18w, https:\/\/stel.asu.cas.cz\/en\/wp-content\/uploads\/2021\/09\/SNR-CCD700-24x18.png 24w, https:\/\/stel.asu.cas.cz\/en\/wp-content\/uploads\/2021\/09\/SNR-CCD700-36x27.png 36w\" sizes=\"auto, (max-width: 640px) 100vw, 640px\" \/><figcaption style=\"text-align: justify;\">The exposure time needed to get desired SNR with the single order spectrograph. Credit: Miroslav \u0160lechta.<\/figcaption><\/figure>\n<\/div>","protected":false},"excerpt":{"rendered":"<p>Single order (formerly coud\u00e9 spectrograph or &#8216;CCD700&#8217; spectrograph) is fiber fed medium resolution spectrograph working in the first and second spectral orders. Wavelength coverage of<\/p>\n","protected":false},"author":4,"featured_media":0,"parent":490,"menu_order":0,"comment_status":"closed","ping_status":"closed","template":"","meta":{"footnotes":""},"class_list":["post-2014","page","type-page","status-publish","hentry"],"_links":{"self":[{"href":"https:\/\/stel.asu.cas.cz\/en\/wp-json\/wp\/v2\/pages\/2014","targetHints":{"allow":["GET"]}}],"collection":[{"href":"https:\/\/stel.asu.cas.cz\/en\/wp-json\/wp\/v2\/pages"}],"about":[{"href":"https:\/\/stel.asu.cas.cz\/en\/wp-json\/wp\/v2\/types\/page"}],"author":[{"embeddable":true,"href":"https:\/\/stel.asu.cas.cz\/en\/wp-json\/wp\/v2\/users\/4"}],"replies":[{"embeddable":true,"href":"https:\/\/stel.asu.cas.cz\/en\/wp-json\/wp\/v2\/comments?post=2014"}],"version-history":[{"count":59,"href":"https:\/\/stel.asu.cas.cz\/en\/wp-json\/wp\/v2\/pages\/2014\/revisions"}],"predecessor-version":[{"id":5608,"href":"https:\/\/stel.asu.cas.cz\/en\/wp-json\/wp\/v2\/pages\/2014\/revisions\/5608"}],"up":[{"embeddable":true,"href":"https:\/\/stel.asu.cas.cz\/en\/wp-json\/wp\/v2\/pages\/490"}],"wp:attachment":[{"href":"https:\/\/stel.asu.cas.cz\/en\/wp-json\/wp\/v2\/media?parent=2014"}],"curies":[{"name":"wp","href":"https:\/\/api.w.org\/{rel}","templated":true}]}}