{"id":351,"date":"2021-06-30T09:55:10","date_gmt":"2021-06-30T07:55:10","guid":{"rendered":"https:\/\/stel.asu.cas.cz\/en\/?page_id=351"},"modified":"2024-06-03T09:55:39","modified_gmt":"2024-06-03T07:55:39","slug":"tv-and-broadcast-media","status":"publish","type":"page","link":"https:\/\/stel.asu.cas.cz\/en\/outreach\/tv-and-broadcast-media\/","title":{"rendered":"In media"},"content":{"rendered":"\n<h2 class=\"wp-block-heading\">Stellar department in media<\/h2>\n\n\n\n<h3 class=\"wp-block-heading\">2024<\/h3>\n\n\n\n<figure class=\"wp-block-image size-large\"><img loading=\"lazy\" decoding=\"async\" width=\"1024\" height=\"479\" src=\"https:\/\/stel.asu.cas.cz\/en\/wp-content\/uploads\/2024\/06\/jelinek2024-noe-1024x479.jpg\" alt=\"\" class=\"wp-image-4506\" srcset=\"https:\/\/stel.asu.cas.cz\/en\/wp-content\/uploads\/2024\/06\/jelinek2024-noe-1024x479.jpg 1024w, https:\/\/stel.asu.cas.cz\/en\/wp-content\/uploads\/2024\/06\/jelinek2024-noe-300x140.jpg 300w, https:\/\/stel.asu.cas.cz\/en\/wp-content\/uploads\/2024\/06\/jelinek2024-noe-768x359.jpg 768w, https:\/\/stel.asu.cas.cz\/en\/wp-content\/uploads\/2024\/06\/jelinek2024-noe-18x8.jpg 18w, https:\/\/stel.asu.cas.cz\/en\/wp-content\/uploads\/2024\/06\/jelinek2024-noe-24x11.jpg 24w, https:\/\/stel.asu.cas.cz\/en\/wp-content\/uploads\/2024\/06\/jelinek2024-noe-36x17.jpg 36w, https:\/\/stel.asu.cas.cz\/en\/wp-content\/uploads\/2024\/06\/jelinek2024-noe.jpg 1070w\" sizes=\"auto, (max-width: 1024px) 100vw, 1024px\" \/><\/figure>\n\n\n\n<p>Martin Jel\u00ednek from the Stellar Department was a guest on the programme &#8220;Hlubinami vesm\u00edru&#8221; (TV Noe). The interview is dedicated to astronomical research in the field of gamma rays: <a href=\"https:\/\/www.tvnoe.cz\/porad\/40052-hlubinami-vesmiru-s-dr-martinem-jelinkem-gama-astronomie\" target=\"_blank\" rel=\"noreferrer noopener\">Video 1<\/a> (Gamma-ray astronomy, 4 May 2024); <a href=\"https:\/\/www.tvnoe.cz\/porad\/40252-hlubinami-vesmiru-s-dr-martinem-jelinkem-cerenkovovo-zareni-a-detekce-gama\" target=\"_blank\" rel=\"noreferrer noopener\">Video 2<\/a> (Cherenkov radiation and gamma-ray detection, 1 June 2023). [in Czech]<\/p>\n\n\n\n<hr class=\"wp-block-separator has-text-color has-pale-cyan-blue-color has-alpha-channel-opacity has-pale-cyan-blue-background-color has-background\"\/>\n\n\n\n<figure class=\"wp-block-embed is-type-video is-provider-youtube wp-block-embed-youtube wp-embed-aspect-16-9 wp-has-aspect-ratio\"><div class=\"wp-block-embed__wrapper\">\n<iframe loading=\"lazy\" title=\"V z\u00e1\u0159i hv\u011bzd 224 - Exkurze Ond\u0159ejov\" width=\"640\" height=\"360\" src=\"https:\/\/www.youtube.com\/embed\/_yo290rzrKc?feature=oembed\" frameborder=\"0\" allow=\"accelerometer; autoplay; clipboard-write; encrypted-media; gyroscope; picture-in-picture; web-share\" referrerpolicy=\"strict-origin-when-cross-origin\" allowfullscreen><\/iframe>\n<\/div><\/figure>\n\n\n\n<p>Members of the &#8220;Klub mal\u00fdch hv\u011bzd\u00e1\u0159\u016f&#8221; with their entourage, visitors and the team of the \u017debr\u00e1k Observatory on a special excursion to the Astronomical Institute in Ond\u0159ejov. The guests were guided by Pavel Suchan and further explanations were provided by Jan \u0160trobl and Miroslav \u0160lechta from the Stellar Department. (<a href=\"https:\/\/www.youtube.com\/watch?v=Iu_QQr3rWzg&amp;t=2s\" target=\"_blank\" rel=\"noreferrer noopener\">Video produced by Hv\u011bzd\u00e1rny \u017debr\u00e1k<\/a>, in Czech)<\/p>\n\n\n\n<hr class=\"wp-block-separator has-text-color has-pale-cyan-blue-color has-alpha-channel-opacity has-pale-cyan-blue-background-color has-background\"\/>\n\n\n\n<h3 class=\"wp-block-heading\" id=\"stelarni-oddeleni-v-mediich\">2023<\/h3>\n\n\n\n<figure class=\"wp-block-image\"><img decoding=\"async\" src=\"http:\/\/stel.asu.cas.cz\/cs\/wp-content\/uploads\/2023\/05\/37279k1-skarka-noe.jpg\" alt=\"\" class=\"wp-image-2645\"\/><\/figure>\n\n\n\n<p>In TV series <a rel=\"noreferrer noopener\" href=\"https:\/\/www.tvnoe.cz\/porad\/21167-hlubinami-vesmiru-s-dr-pavlem-koubskym-1-dil\" target=\"_blank\">Hlubinami vesm\u00edru<\/a> (<a rel=\"noreferrer noopener\" href=\"https:\/\/www.tvnoe.cz\/\" target=\"_blank\">TV Noe<\/a>) appeared as a guest Marek Skarka from Stellar department. Interview is focused on pulsating stars and exoplanets research: <a rel=\"noreferrer noopener\" href=\"https:\/\/www.tvnoe.cz\/porad\/37279-hlubinami-vesmiru-s-dr-markem-skarkou-pulsujici-hvezdy\" target=\"_blank\">Video 1<\/a> (Pulsating stars; May 6, 2023; in Czech); <a href=\"https:\/\/www.tvnoe.cz\/porad\/37483-hlubinami-vesmiru-dr-markem-skarkou-exoplanety\" target=\"_blank\" rel=\"noreferrer noopener\">Video 2<\/a> (Exoplanets; June 3, 2023; in Czech)<\/p>\n\n\n\n<hr class=\"wp-block-separator has-text-color has-pale-cyan-blue-color has-alpha-channel-opacity has-pale-cyan-blue-background-color has-background\"\/>\n\n\n\n<div class=\"wp-block-columns is-layout-flex wp-container-core-columns-is-layout-1 wp-block-columns-is-layout-flex\">\n<div class=\"wp-block-column is-layout-flow wp-block-column-is-layout-flow\">\n<figure class=\"wp-block-image size-full is-resized\"><img decoding=\"async\" src=\"https:\/\/stel.asu.cas.cz\/cs\/wp-content\/uploads\/2023\/02\/brankicakubatova-zaprazi-1.jpg\" alt=\"\" class=\"wp-image-2598\" style=\"width:298px;height:292px\"\/><\/figure>\n<\/div>\n\n\n\n<div class=\"wp-block-column is-layout-flow wp-block-column-is-layout-flow\" style=\"flex-basis:60%\">\n<p>&#8220;Even as a child, I was fascinated by universe&#8221;, says the head of the Stellar Department, Dr. Brankica Kub\u00e1tov\u00e1. You can read an interview in the February issue of &#8216;<a rel=\"noreferrer noopener\" href=\"https:\/\/zaprazi.eu\/1-2-2023-zaprazi\/\" target=\"_blank\">Z\u00e1pra\u017e\u00ed<\/a>&#8216; local magazine. (in Czech, <a href=\"http:\/\/stel.asu.cas.cz\/cs\/wp-content\/uploads\/2023\/02\/zaprazi-01_02_2023_web.pdf\" target=\"_blank\" rel=\"noreferrer noopener\">download<\/a>, pdf 11 MB)<\/p>\n\n\n\n<p><\/p>\n<\/div>\n<\/div>\n\n\n\n<hr class=\"wp-block-separator has-text-color has-pale-cyan-blue-color has-alpha-channel-opacity has-pale-cyan-blue-background-color has-background\"\/>\n\n\n\n<h3 class=\"wp-block-heading\">2022<\/h3>\n\n\n\n<figure class=\"wp-block-image size-full\"><a href=\"https:\/\/www.ceskatelevize.cz\/porady\/10441294653-hyde-park-civilizace\/222411058091029\/\" target=\"_blank\" rel=\"noreferrer noopener\"><img decoding=\"async\" src=\"http:\/\/stel.asu.cas.cz\/cs\/wp-content\/uploads\/2022\/11\/kabath-HPC-29rijna2022.jpg\" alt=\"\" class=\"wp-image-2436\"\/><\/a><\/figure>\n\n\n\n<p>Petr Kab\u00e1th, head of the Exoplanets working group at the Stellar department of the Astronomical Institute, appeared in <a rel=\"noreferrer noopener\" href=\"https:\/\/www.ceskatelevize.cz\/porady\/10441294653-hyde-park-civilizace\/222411058091029\/\" target=\"_blank\">Hyde Park Civilizace<\/a> series (October 29; \u010cT24; in Czech).  <\/p>\n\n\n\n<hr class=\"wp-block-separator has-text-color has-pale-cyan-blue-color has-alpha-channel-opacity has-pale-cyan-blue-background-color has-background\"\/>\n\n\n\n<figure class=\"wp-block-image size-large\"><a href=\"https:\/\/www.ceskatelevize.cz\/porady\/1096902795-studio-6\/222411010100823\/\" target=\"_blank\" rel=\"noopener\"><img loading=\"lazy\" decoding=\"async\" width=\"1024\" height=\"504\" src=\"https:\/\/stel.asu.cas.cz\/en\/wp-content\/uploads\/2022\/08\/Screenshot_ct-perek2m-55let-1024x504.png\" alt=\"\" class=\"wp-image-2985\" srcset=\"https:\/\/stel.asu.cas.cz\/en\/wp-content\/uploads\/2022\/08\/Screenshot_ct-perek2m-55let-1024x504.png 1024w, https:\/\/stel.asu.cas.cz\/en\/wp-content\/uploads\/2022\/08\/Screenshot_ct-perek2m-55let-300x148.png 300w, https:\/\/stel.asu.cas.cz\/en\/wp-content\/uploads\/2022\/08\/Screenshot_ct-perek2m-55let-768x378.png 768w, https:\/\/stel.asu.cas.cz\/en\/wp-content\/uploads\/2022\/08\/Screenshot_ct-perek2m-55let-1536x755.png 1536w, https:\/\/stel.asu.cas.cz\/en\/wp-content\/uploads\/2022\/08\/Screenshot_ct-perek2m-55let-2048x1007.png 2048w, https:\/\/stel.asu.cas.cz\/en\/wp-content\/uploads\/2022\/08\/Screenshot_ct-perek2m-55let-18x9.png 18w, https:\/\/stel.asu.cas.cz\/en\/wp-content\/uploads\/2022\/08\/Screenshot_ct-perek2m-55let-24x12.png 24w, https:\/\/stel.asu.cas.cz\/en\/wp-content\/uploads\/2022\/08\/Screenshot_ct-perek2m-55let-36x18.png 36w\" sizes=\"auto, (max-width: 1024px) 100vw, 1024px\" \/><\/a><\/figure>\n\n\n\n<p>55th anniversary of the Perek 2-m Telescope opening:<\/p>\n\n\n\n<ul class=\"wp-block-list\">\n<li><a rel=\"noreferrer noopener\" href=\"https:\/\/www.ceskatelevize.cz\/porady\/1096902795-studio-6\/222411010100823\/\" target=\"_blank\">&#8216;Dobr\u00e9 r\u00e1no&#8217; &#8211; Czech TV, 23. August 2022<\/a> (in Czech)<\/li>\n\n\n\n<li><a rel=\"noreferrer noopener\" href=\"https:\/\/program.rozhlas.cz\/zaznamy#\/radiozurnal\/25\/2022-08-23\" target=\"_blank\">\u010cesk\u00fd rozhlas 1 &#8211; Radio\u017eurn\u00e1l: interview with Miroslav \u0160lechta<\/a> (in Czech, at 5:37:58)<\/li>\n<\/ul>\n\n\n\n<hr class=\"wp-block-separator has-text-color has-pale-cyan-blue-color has-alpha-channel-opacity has-pale-cyan-blue-background-color has-background\"\/>\n\n\n\n<figure class=\"wp-block-image size-large\"><img decoding=\"async\" src=\"https:\/\/stel.asu.cas.cz\/cs\/wp-content\/uploads\/2022\/07\/ILMT-Top-View-1024x429.jpg\" alt=\"\" class=\"wp-image-2345\"\/><figcaption class=\"wp-element-caption\">Credit: <a rel=\"noreferrer noopener\" href=\"https:\/\/www.aries.res.in\/facilities\/astronomical-telescopes\/ilmt?fbclid=IwAR2HwvMZ2MFmIeKl5iueS2NjyLQnaacgwirnMulM12AxZT2cb-O0JtEcBGE\" target=\"_blank\">The \u200b4 m \u200bInternational \u200bLiquid Mirror \u200bTelescope<\/a> <\/figcaption><\/figure>\n\n\n\n<p>The 4-m international Liquid Mirror Telescope introduced by Petr \u0160koda from Stellar department of AI CAS in \u010cesk\u00fd rozhlas Plus &#8211; <a rel=\"noreferrer noopener\" href=\"https:\/\/program.rozhlas.cz\/zaznamy?fbclid=IwAR1x0Idga4pKYq7CtCflfd582GK-6QMCbzqfNRiFnk2Fp-X0GVfxqxsFVZE#\/plus\/2022-06-16\" target=\"_blank\">https:\/\/program.rozhlas.cz\/zaznamy#\/plus\/2022-06-16<\/a> (in 7:25:50, Czech only).<\/p>\n\n\n\n<hr class=\"wp-block-separator has-text-color has-pale-cyan-blue-color has-alpha-channel-opacity has-pale-cyan-blue-background-color has-background\"\/>\n\n\n\n<figure class=\"wp-block-image size-large\"><a href=\"https:\/\/www.ceskatelevize.cz\/porady\/1096902795-studio-6\/222411010100615\/cast\/918896\/?fbclid=IwAR0O6zLK31mGdviPpDLxCrawJd2ziXkRxMGmRsuMAdFXrjd6BM3Z4tDFDz8\" target=\"_blank\" rel=\"noopener\"><img decoding=\"async\" src=\"https:\/\/stel.asu.cas.cz\/cs\/wp-content\/uploads\/2022\/07\/gaia-skoda-CT-1024x484.jpg\" alt=\"\" class=\"wp-image-2341\"\/><\/a><\/figure>\n\n\n\n<p><strong>The new Gaia sky-map<\/strong> &#8230; with a comments of Petr \u0160koda from Stellar department in <a rel=\"noreferrer noopener\" href=\"https:\/\/www.ceskatelevize.cz\/porady\/1096902795-studio-6\/222411010100615\/cast\/918896\/?fbclid=IwAR0O6zLK31mGdviPpDLxCrawJd2ziXkRxMGmRsuMAdFXrjd6BM3Z4tDFDz8\" target=\"_blank\">Dobr\u00e9 r\u00e1no \u010cesk\u00e9 televize<\/a> (in Czech)<\/p>\n\n\n\n<hr class=\"wp-block-separator has-text-color has-pale-cyan-blue-color has-alpha-channel-opacity has-pale-cyan-blue-background-color has-background\"\/>\n\n\n\n<figure class=\"wp-block-embed is-type-rich is-provider-spotify wp-block-embed-spotify wp-embed-aspect-21-9 wp-has-aspect-ratio\"><div class=\"wp-block-embed__wrapper\">\n<iframe title=\"Spotify Embed: Jak se d\u00e1 um\u011bl\u00e1 inteligence vyu\u017e\u00edt p\u0159i pozorov\u00e1n\u00ed vesm\u00edru?\" style=\"border-radius: 12px\" width=\"100%\" height=\"152\" frameborder=\"0\" allowfullscreen allow=\"autoplay; clipboard-write; encrypted-media; fullscreen; picture-in-picture\" loading=\"lazy\" src=\"https:\/\/open.spotify.com\/embed\/episode\/0jzA8AFDzIezeMlKZizhNP?utm_source=oembed\"><\/iframe>\n<\/div><\/figure>\n\n\n\n<p><strong>How to use artificial intelligence when observing universe?<\/strong> What is common for information technologies and astronomy? &#8230; Interview with RNDr. Petr \u0160koda, CSc. from the Stellar department for <a rel=\"noreferrer noopener\" href=\"https:\/\/fit.cvut.cz\/cs\/zivot-na-fit\/aktualne\/podcast\" target=\"_blank\">Podcast Jedni\u010dky a Nuly<\/a> (FIT \u010cVUT v Praze) &#8211; in Czech.<\/p>\n\n\n\n<hr class=\"wp-block-separator has-text-color has-pale-cyan-blue-color has-alpha-channel-opacity has-pale-cyan-blue-background-color has-background\"\/>\n\n\n\n<figure class=\"wp-block-embed is-type-video is-provider-youtube wp-block-embed-youtube wp-embed-aspect-16-9 wp-has-aspect-ratio\"><div class=\"wp-block-embed__wrapper\">\n<iframe loading=\"lazy\" title=\"V z\u00e1\u0159i hv\u011bzd 111 - Objevy z Ond\u0159ejova\" width=\"640\" height=\"360\" src=\"https:\/\/www.youtube.com\/embed\/Iu_QQr3rWzg?start=2&#038;feature=oembed\" frameborder=\"0\" allow=\"accelerometer; autoplay; clipboard-write; encrypted-media; gyroscope; picture-in-picture; web-share\" referrerpolicy=\"strict-origin-when-cross-origin\" allowfullscreen><\/iframe>\n<\/div><\/figure>\n\n\n\n<p><a href=\"https:\/\/www.youtube.com\/watch?v=AbZjsrH1oJ4&amp;feature=emb_logo\">In the glow of the stars 111: Discoveries made by Perek 2-m telescope.<\/a> Recent interesting work with Perek 2-m telescope in Ond\u0159ejov presented by <a href=\"https:\/\/stel.asu.cas.cz\/en\/telescope\/technicians\/#slechta\">Miroslav \u0160lechta.<\/a><\/p>\n\n\n\n<hr class=\"wp-block-separator has-text-color has-pale-cyan-blue-color has-alpha-channel-opacity has-pale-cyan-blue-background-color has-background\"\/>\n\n\n\n<figure class=\"wp-block-embed is-type-video is-provider-youtube wp-block-embed-youtube wp-embed-aspect-16-9 wp-has-aspect-ratio\"><div class=\"wp-block-embed__wrapper\">\n<iframe loading=\"lazy\" title=\"Czech Space News podcast #11 \u2013\u2060 Petr Kab\u00e1th\" width=\"640\" height=\"360\" src=\"https:\/\/www.youtube.com\/embed\/u1tIDLjLcck?feature=oembed\" frameborder=\"0\" allow=\"accelerometer; autoplay; clipboard-write; encrypted-media; gyroscope; picture-in-picture; web-share\" referrerpolicy=\"strict-origin-when-cross-origin\" allowfullscreen><\/iframe>\n<\/div><\/figure>\n\n\n\n<p><strong>Podcast Czech Space News<\/strong>: <a href=\"https:\/\/stel.asu.cas.cz\/en\/extrasolar-planet-research\/extrasolar-members\/#kabath\">Petr Kab\u00e1th<\/a> from Stellar department talks about exoplanet research with Perek telescope and ESO telescope at La Silla Observatory in Chile, which is in reconstruction as a part of the PLATOSpec project.<\/p>\n\n\n\n<hr class=\"wp-block-separator has-text-color has-pale-cyan-blue-color has-alpha-channel-opacity has-pale-cyan-blue-background-color has-background\"\/>\n\n\n\n<div class=\"wp-block-columns is-layout-flex wp-container-core-columns-is-layout-2 wp-block-columns-is-layout-flex\">\n<div class=\"wp-block-column is-layout-flow wp-block-column-is-layout-flow\" style=\"flex-basis:100%\">\n<p>Older media appearance of Stellar department members can be <a href=\"https:\/\/stel.asu.cas.cz\/en\/outreach\/tv-and-broadcast-media\/media-archive\/\">found in our Archive<\/a>. <\/p>\n<\/div>\n<\/div>\n","protected":false},"excerpt":{"rendered":"<p>Stellar department in media 2024 Martin Jel\u00ednek from the Stellar Department was a guest on the programme &#8220;Hlubinami vesm\u00edru&#8221; (TV Noe). The interview is dedicated<\/p>\n","protected":false},"author":1,"featured_media":0,"parent":99,"menu_order":0,"comment_status":"closed","ping_status":"closed","template":"","meta":{"footnotes":""},"class_list":["post-351","page","type-page","status-publish","hentry"],"_links":{"self":[{"href":"https:\/\/stel.asu.cas.cz\/en\/wp-json\/wp\/v2\/pages\/351","targetHints":{"allow":["GET"]}}],"collection":[{"href":"https:\/\/stel.asu.cas.cz\/en\/wp-json\/wp\/v2\/pages"}],"about":[{"href":"https:\/\/stel.asu.cas.cz\/en\/wp-json\/wp\/v2\/types\/page"}],"author":[{"embeddable":true,"href":"https:\/\/stel.asu.cas.cz\/en\/wp-json\/wp\/v2\/users\/1"}],"replies":[{"embeddable":true,"href":"https:\/\/stel.asu.cas.cz\/en\/wp-json\/wp\/v2\/comments?post=351"}],"version-history":[{"count":54,"href":"https:\/\/stel.asu.cas.cz\/en\/wp-json\/wp\/v2\/pages\/351\/revisions"}],"predecessor-version":[{"id":4507,"href":"https:\/\/stel.asu.cas.cz\/en\/wp-json\/wp\/v2\/pages\/351\/revisions\/4507"}],"up":[{"embeddable":true,"href":"https:\/\/stel.asu.cas.cz\/en\/wp-json\/wp\/v2\/pages\/99"}],"wp:attachment":[{"href":"https:\/\/stel.asu.cas.cz\/en\/wp-json\/wp\/v2\/media?parent=351"}],"curies":[{"name":"wp","href":"https:\/\/api.w.org\/{rel}","templated":true}]}}