{"id":356,"date":"2021-06-30T10:03:14","date_gmt":"2021-06-30T08:03:14","guid":{"rendered":"https:\/\/stel.asu.cas.cz\/en\/?page_id=356"},"modified":"2021-12-14T15:19:32","modified_gmt":"2021-12-14T14:19:32","slug":"356-2","status":"publish","type":"page","link":"https:\/\/stel.asu.cas.cz\/en\/outreach\/356-2\/","title":{"rendered":"Public lectures"},"content":{"rendered":"\n<p>Public lectures on these records were held in Czech.   <\/p>\n\n\n\n<div class=\"wp-block-columns is-layout-flex wp-container-core-columns-is-layout-1 wp-block-columns-is-layout-flex\">\n<div class=\"wp-block-column is-layout-flow wp-block-column-is-layout-flow\">\n<figure class=\"wp-block-image size-large\" id=\"block-b2219e78-a0bf-44d4-94a6-b7be178163f8\"><img loading=\"lazy\" decoding=\"async\" width=\"1024\" height=\"576\" src=\"https:\/\/stel.asu.cas.cz\/en\/wp-content\/uploads\/2021\/12\/skodap-1024x576.jpg\" alt=\"\" class=\"wp-image-2058\" srcset=\"https:\/\/stel.asu.cas.cz\/en\/wp-content\/uploads\/2021\/12\/skodap-1024x576.jpg 1024w, https:\/\/stel.asu.cas.cz\/en\/wp-content\/uploads\/2021\/12\/skodap-300x169.jpg 300w, https:\/\/stel.asu.cas.cz\/en\/wp-content\/uploads\/2021\/12\/skodap-768x432.jpg 768w, https:\/\/stel.asu.cas.cz\/en\/wp-content\/uploads\/2021\/12\/skodap-18x10.jpg 18w, https:\/\/stel.asu.cas.cz\/en\/wp-content\/uploads\/2021\/12\/skodap-24x14.jpg 24w, https:\/\/stel.asu.cas.cz\/en\/wp-content\/uploads\/2021\/12\/skodap-36x20.jpg 36w, https:\/\/stel.asu.cas.cz\/en\/wp-content\/uploads\/2021\/12\/skodap.jpg 1280w\" sizes=\"auto, (max-width: 1024px) 100vw, 1024px\" \/><\/figure>\n<\/div>\n\n\n\n<div class=\"wp-block-column is-layout-flow wp-block-column-is-layout-flow\">\n<p><a href=\"https:\/\/www.youtube.com\/watch?v=W-KWuQaI7Ew\"><strong>Astroinformatics<\/strong><\/a> (<a href=\"https:\/\/stel.asu.cas.cz\/en\/hotstars\/physics-of-hot-stars-members\/#skoda\">Petr \u0160koda<\/a>)<\/p>\n<\/div>\n<\/div>\n\n\n\n<div class=\"wp-block-columns is-layout-flex wp-container-core-columns-is-layout-2 wp-block-columns-is-layout-flex\">\n<div class=\"wp-block-column is-layout-flow wp-block-column-is-layout-flow\">\n<figure class=\"wp-block-image size-large\" id=\"block-1fd56d05-d172-4e9c-a568-205e332f9d7b\"><img loading=\"lazy\" decoding=\"async\" width=\"1024\" height=\"576\" src=\"https:\/\/stel.asu.cas.cz\/en\/wp-content\/uploads\/2021\/12\/kubatj-1024x576.jpg\" alt=\"\" class=\"wp-image-2057\" srcset=\"https:\/\/stel.asu.cas.cz\/en\/wp-content\/uploads\/2021\/12\/kubatj-1024x576.jpg 1024w, https:\/\/stel.asu.cas.cz\/en\/wp-content\/uploads\/2021\/12\/kubatj-300x169.jpg 300w, https:\/\/stel.asu.cas.cz\/en\/wp-content\/uploads\/2021\/12\/kubatj-768x432.jpg 768w, https:\/\/stel.asu.cas.cz\/en\/wp-content\/uploads\/2021\/12\/kubatj-18x10.jpg 18w, https:\/\/stel.asu.cas.cz\/en\/wp-content\/uploads\/2021\/12\/kubatj-24x14.jpg 24w, https:\/\/stel.asu.cas.cz\/en\/wp-content\/uploads\/2021\/12\/kubatj-36x20.jpg 36w, https:\/\/stel.asu.cas.cz\/en\/wp-content\/uploads\/2021\/12\/kubatj.jpg 1280w\" sizes=\"auto, (max-width: 1024px) 100vw, 1024px\" \/><\/figure>\n<\/div>\n\n\n\n<div class=\"wp-block-column is-layout-flow wp-block-column-is-layout-flow\">\n<p><a href=\"https:\/\/www.youtube.com\/watch?v=_u2CLx61EUk\"><strong>Stellar atmospheres and chemical composition of the Universe<\/strong><\/a> (<a href=\"https:\/\/stel.asu.cas.cz\/en\/hotstars\/physics-of-hot-stars-members\/#kubat\">Ji\u0159\u00ed Kub\u00e1t<\/a>)<\/p>\n<\/div>\n<\/div>\n\n\n\n<div class=\"wp-block-columns is-layout-flex wp-container-core-columns-is-layout-3 wp-block-columns-is-layout-flex\">\n<div class=\"wp-block-column is-layout-flow wp-block-column-is-layout-flow\">\n<figure class=\"wp-block-image size-large\" id=\"block-e9e4ae0d-1b56-4f06-806b-93c8527507f7\"><img loading=\"lazy\" decoding=\"async\" width=\"1024\" height=\"702\" src=\"https:\/\/stel.asu.cas.cz\/en\/wp-content\/uploads\/2021\/12\/jelinek-1024x702.png\" alt=\"\" class=\"wp-image-2056\" srcset=\"https:\/\/stel.asu.cas.cz\/en\/wp-content\/uploads\/2021\/12\/jelinek-1024x702.png 1024w, https:\/\/stel.asu.cas.cz\/en\/wp-content\/uploads\/2021\/12\/jelinek-300x206.png 300w, https:\/\/stel.asu.cas.cz\/en\/wp-content\/uploads\/2021\/12\/jelinek-768x527.png 768w, https:\/\/stel.asu.cas.cz\/en\/wp-content\/uploads\/2021\/12\/jelinek-18x12.png 18w, https:\/\/stel.asu.cas.cz\/en\/wp-content\/uploads\/2021\/12\/jelinek-24x16.png 24w, https:\/\/stel.asu.cas.cz\/en\/wp-content\/uploads\/2021\/12\/jelinek-36x25.png 36w, https:\/\/stel.asu.cas.cz\/en\/wp-content\/uploads\/2021\/12\/jelinek.png 1242w\" sizes=\"auto, (max-width: 1024px) 100vw, 1024px\" \/><\/figure>\n<\/div>\n\n\n\n<div class=\"wp-block-column is-layout-flow wp-block-column-is-layout-flow\">\n<p><strong><a href=\"https:\/\/www.youtube.com\/watch?v=ZEC8Jpr4DZA&amp;feature=youtu.be\">Gama Ray Bursts Observation in the Age of Gravity<\/a><\/strong> (<a href=\"https:\/\/stel.asu.cas.cz\/en\/high-energy-astrophysics\/ave-members\/#jelinek\">Martin Jel\u00ednek<\/a>)<\/p>\n<\/div>\n<\/div>\n\n\n\n<p id=\"block-2811d06b-c2ef-4683-96a8-5c11796c2ffb\"><\/p>\n\n\n\n<div class=\"wp-block-columns is-layout-flex wp-container-core-columns-is-layout-4 wp-block-columns-is-layout-flex\">\n<div class=\"wp-block-column is-layout-flow wp-block-column-is-layout-flow\">\n<figure class=\"wp-block-image size-large\" id=\"block-24e9d179-504e-4699-b13e-6203da5a0568\"><img loading=\"lazy\" decoding=\"async\" width=\"1024\" height=\"576\" src=\"https:\/\/stel.asu.cas.cz\/en\/wp-content\/uploads\/2021\/12\/mariek2-1024x576.jpg\" alt=\"\" class=\"wp-image-2051\" srcset=\"https:\/\/stel.asu.cas.cz\/en\/wp-content\/uploads\/2021\/12\/mariek2-1024x576.jpg 1024w, https:\/\/stel.asu.cas.cz\/en\/wp-content\/uploads\/2021\/12\/mariek2-300x169.jpg 300w, https:\/\/stel.asu.cas.cz\/en\/wp-content\/uploads\/2021\/12\/mariek2-768x432.jpg 768w, https:\/\/stel.asu.cas.cz\/en\/wp-content\/uploads\/2021\/12\/mariek2-18x10.jpg 18w, https:\/\/stel.asu.cas.cz\/en\/wp-content\/uploads\/2021\/12\/mariek2-24x14.jpg 24w, https:\/\/stel.asu.cas.cz\/en\/wp-content\/uploads\/2021\/12\/mariek2-36x20.jpg 36w, https:\/\/stel.asu.cas.cz\/en\/wp-content\/uploads\/2021\/12\/mariek2.jpg 1280w\" sizes=\"auto, (max-width: 1024px) 100vw, 1024px\" \/><\/figure>\n<\/div>\n\n\n\n<div class=\"wp-block-column is-layout-flow wp-block-column-is-layout-flow\">\n<p><a href=\"https:\/\/www.youtube.com\/watch?v=nQFq887Y9hM\"><strong>La Palma Observatories<\/strong><\/a> (<a href=\"https:\/\/stel.asu.cas.cz\/en\/extrasolar-planet-research\/extrasolar-members\/#karjalainen_m\">Marie Karjalainen<\/a>)<\/p>\n<\/div>\n<\/div>\n\n\n\n<div class=\"wp-block-columns is-layout-flex wp-container-core-columns-is-layout-5 wp-block-columns-is-layout-flex\">\n<div class=\"wp-block-column is-layout-flow wp-block-column-is-layout-flow\">\n<figure class=\"wp-block-image size-large\" id=\"block-1fb08d59-f768-4332-8653-19ed1787658c\"><img loading=\"lazy\" decoding=\"async\" width=\"1024\" height=\"576\" src=\"https:\/\/stel.asu.cas.cz\/en\/wp-content\/uploads\/2021\/12\/marek2-1024x576.jpg\" alt=\"\" class=\"wp-image-2055\" srcset=\"https:\/\/stel.asu.cas.cz\/en\/wp-content\/uploads\/2021\/12\/marek2-1024x576.jpg 1024w, https:\/\/stel.asu.cas.cz\/en\/wp-content\/uploads\/2021\/12\/marek2-300x169.jpg 300w, https:\/\/stel.asu.cas.cz\/en\/wp-content\/uploads\/2021\/12\/marek2-768x432.jpg 768w, https:\/\/stel.asu.cas.cz\/en\/wp-content\/uploads\/2021\/12\/marek2-18x10.jpg 18w, https:\/\/stel.asu.cas.cz\/en\/wp-content\/uploads\/2021\/12\/marek2-24x14.jpg 24w, https:\/\/stel.asu.cas.cz\/en\/wp-content\/uploads\/2021\/12\/marek2-36x20.jpg 36w, https:\/\/stel.asu.cas.cz\/en\/wp-content\/uploads\/2021\/12\/marek2.jpg 1280w\" sizes=\"auto, (max-width: 1024px) 100vw, 1024px\" \/><\/figure>\n<\/div>\n\n\n\n<div class=\"wp-block-column is-layout-flow wp-block-column-is-layout-flow\">\n<p><a href=\"https:\/\/www.youtube.com\/watch?v=BFRpfYREoXU\"><strong>Exoplanets from Space<\/strong><\/a> (<a href=\"https:\/\/stel.asu.cas.cz\/en\/extrasolar-planet-research\/extrasolar-members#skarka\">Marek Skarka<\/a>)<\/p>\n<\/div>\n<\/div>\n\n\n\n<div class=\"wp-block-columns is-layout-flex wp-container-core-columns-is-layout-7 wp-block-columns-is-layout-flex\">\n<div class=\"wp-block-column is-vertically-aligned-top is-layout-flow wp-block-column-is-layout-flow\">\n<div class=\"wp-block-columns is-layout-flex wp-container-core-columns-is-layout-6 wp-block-columns-is-layout-flex\">\n<div class=\"wp-block-column is-layout-flow wp-block-column-is-layout-flow\">\n<figure class=\"wp-block-image size-large\" id=\"block-8fa39a00-34cb-4d9e-9686-ef63c4fb22f9\"><img loading=\"lazy\" decoding=\"async\" width=\"800\" height=\"534\" src=\"https:\/\/stel.asu.cas.cz\/en\/wp-content\/uploads\/2021\/12\/petrk.jpg\" alt=\"\" class=\"wp-image-2054\" srcset=\"https:\/\/stel.asu.cas.cz\/en\/wp-content\/uploads\/2021\/12\/petrk.jpg 800w, https:\/\/stel.asu.cas.cz\/en\/wp-content\/uploads\/2021\/12\/petrk-300x200.jpg 300w, https:\/\/stel.asu.cas.cz\/en\/wp-content\/uploads\/2021\/12\/petrk-768x513.jpg 768w, https:\/\/stel.asu.cas.cz\/en\/wp-content\/uploads\/2021\/12\/petrk-18x12.jpg 18w, https:\/\/stel.asu.cas.cz\/en\/wp-content\/uploads\/2021\/12\/petrk-24x16.jpg 24w, https:\/\/stel.asu.cas.cz\/en\/wp-content\/uploads\/2021\/12\/petrk-36x24.jpg 36w\" sizes=\"auto, (max-width: 800px) 100vw, 800px\" \/><\/figure>\n<\/div>\n<\/div>\n<\/div>\n\n\n\n<div class=\"wp-block-column is-layout-flow wp-block-column-is-layout-flow\">\n<p><a href=\"https:\/\/www.youtube.com\/watch?v=M0ouOqGqwnI&amp;feature=emb_title\"><strong>Modern Astronomical Observatories not only in Chile<\/strong><\/a> (<a href=\"https:\/\/stel.asu.cas.cz\/cs\/vyzkum-extrasolarnich-planet\/lide\/#kabath\">Petr Kab\u00e1th<\/a>)<\/p>\n<\/div>\n<\/div>\n\n\n\n<div class=\"wp-block-columns is-layout-flex wp-container-core-columns-is-layout-8 wp-block-columns-is-layout-flex\">\n<div class=\"wp-block-column is-layout-flow wp-block-column-is-layout-flow\">\n<figure class=\"wp-block-image size-large\" id=\"block-509af67c-bcc4-4bef-80bd-6675a0babb2c\"><img loading=\"lazy\" decoding=\"async\" width=\"1024\" height=\"501\" src=\"https:\/\/stel.asu.cas.cz\/en\/wp-content\/uploads\/2021\/12\/kabathp-1024x501.png\" alt=\"\" class=\"wp-image-2053\" srcset=\"https:\/\/stel.asu.cas.cz\/en\/wp-content\/uploads\/2021\/12\/kabathp-1024x501.png 1024w, https:\/\/stel.asu.cas.cz\/en\/wp-content\/uploads\/2021\/12\/kabathp-300x147.png 300w, https:\/\/stel.asu.cas.cz\/en\/wp-content\/uploads\/2021\/12\/kabathp-768x376.png 768w, https:\/\/stel.asu.cas.cz\/en\/wp-content\/uploads\/2021\/12\/kabathp-1536x752.png 1536w, https:\/\/stel.asu.cas.cz\/en\/wp-content\/uploads\/2021\/12\/kabathp-18x9.png 18w, https:\/\/stel.asu.cas.cz\/en\/wp-content\/uploads\/2021\/12\/kabathp-24x12.png 24w, https:\/\/stel.asu.cas.cz\/en\/wp-content\/uploads\/2021\/12\/kabathp-36x18.png 36w, https:\/\/stel.asu.cas.cz\/en\/wp-content\/uploads\/2021\/12\/kabathp.png 1628w\" sizes=\"auto, (max-width: 1024px) 100vw, 1024px\" \/><\/figure>\n<\/div>\n\n\n\n<div class=\"wp-block-column is-layout-flow wp-block-column-is-layout-flow\">\n<p><a href=\"https:\/\/www.youtube.com\/watch?v=rbXFR8572Z4\"><strong>Where and how to search for life in the Universe?<\/strong><\/a> (<a href=\"https:\/\/stel.asu.cas.cz\/en\/extrasolar-planet-research\/extrasolar-members#kabath\">Petr Kab\u00e1th<\/a>)<\/p>\n<\/div>\n<\/div>\n\n\n\n<div class=\"wp-block-columns is-layout-flex wp-container-core-columns-is-layout-9 wp-block-columns-is-layout-flex\">\n<div class=\"wp-block-column is-layout-flow wp-block-column-is-layout-flow\">\n<figure class=\"wp-block-image size-large\" id=\"block-d8b5d2b6-479d-4866-8f14-5086144ac092\"><img loading=\"lazy\" decoding=\"async\" width=\"1024\" height=\"636\" src=\"https:\/\/stel.asu.cas.cz\/en\/wp-content\/uploads\/2021\/12\/kabath2-1024x636.png\" alt=\"\" class=\"wp-image-2052\" srcset=\"https:\/\/stel.asu.cas.cz\/en\/wp-content\/uploads\/2021\/12\/kabath2-1024x636.png 1024w, https:\/\/stel.asu.cas.cz\/en\/wp-content\/uploads\/2021\/12\/kabath2-300x186.png 300w, https:\/\/stel.asu.cas.cz\/en\/wp-content\/uploads\/2021\/12\/kabath2-768x477.png 768w, https:\/\/stel.asu.cas.cz\/en\/wp-content\/uploads\/2021\/12\/kabath2-1536x954.png 1536w, https:\/\/stel.asu.cas.cz\/en\/wp-content\/uploads\/2021\/12\/kabath2-18x11.png 18w, https:\/\/stel.asu.cas.cz\/en\/wp-content\/uploads\/2021\/12\/kabath2-24x15.png 24w, https:\/\/stel.asu.cas.cz\/en\/wp-content\/uploads\/2021\/12\/kabath2-36x22.png 36w, https:\/\/stel.asu.cas.cz\/en\/wp-content\/uploads\/2021\/12\/kabath2.png 1543w\" sizes=\"auto, (max-width: 1024px) 100vw, 1024px\" \/><\/figure>\n<\/div>\n\n\n\n<div class=\"wp-block-column is-layout-flow wp-block-column-is-layout-flow\">\n<p><a href=\"https:\/\/www.youtube.com\/watch?v=EeJCBgp1IvM\"><strong>Exoplanet research in the age of <a href=\"https:\/\/www.youtube.com\/watch?v=EeJCBgp1IvM\"><strong>TESS, PLATO and ARIEL<\/strong><\/a> cosmic missions<\/strong><\/a> (<a href=\"https:\/\/stel.asu.cas.cz\/en\/extrasolar-planet-research\/extrasolar-members#kabath\">Petr Kab\u00e1th<\/a>)<\/p>\n<\/div>\n<\/div>\n\n\n\n<p id=\"block-df6d662a-97d1-4d1b-bbc1-ca500d52bace\"><\/p>\n","protected":false},"excerpt":{"rendered":"<p>Public lectures on these records were held in Czech. Astroinformatics (Petr \u0160koda) Stellar atmospheres and chemical composition of the Universe (Ji\u0159\u00ed Kub\u00e1t) Gama Ray Bursts<\/p>\n","protected":false},"author":1,"featured_media":0,"parent":99,"menu_order":0,"comment_status":"closed","ping_status":"closed","template":"","meta":{"footnotes":""},"class_list":["post-356","page","type-page","status-publish","hentry"],"_links":{"self":[{"href":"https:\/\/stel.asu.cas.cz\/en\/wp-json\/wp\/v2\/pages\/356","targetHints":{"allow":["GET"]}}],"collection":[{"href":"https:\/\/stel.asu.cas.cz\/en\/wp-json\/wp\/v2\/pages"}],"about":[{"href":"https:\/\/stel.asu.cas.cz\/en\/wp-json\/wp\/v2\/types\/page"}],"author":[{"embeddable":true,"href":"https:\/\/stel.asu.cas.cz\/en\/wp-json\/wp\/v2\/users\/1"}],"replies":[{"embeddable":true,"href":"https:\/\/stel.asu.cas.cz\/en\/wp-json\/wp\/v2\/comments?post=356"}],"version-history":[{"count":9,"href":"https:\/\/stel.asu.cas.cz\/en\/wp-json\/wp\/v2\/pages\/356\/revisions"}],"predecessor-version":[{"id":2060,"href":"https:\/\/stel.asu.cas.cz\/en\/wp-json\/wp\/v2\/pages\/356\/revisions\/2060"}],"up":[{"embeddable":true,"href":"https:\/\/stel.asu.cas.cz\/en\/wp-json\/wp\/v2\/pages\/99"}],"wp:attachment":[{"href":"https:\/\/stel.asu.cas.cz\/en\/wp-json\/wp\/v2\/media?parent=356"}],"curies":[{"name":"wp","href":"https:\/\/api.w.org\/{rel}","templated":true}]}}