{"id":360,"date":"2021-06-30T10:05:23","date_gmt":"2021-06-30T08:05:23","guid":{"rendered":"https:\/\/stel.asu.cas.cz\/en\/?page_id=360"},"modified":"2023-12-15T14:00:29","modified_gmt":"2023-12-15T13:00:29","slug":"video","status":"publish","type":"page","link":"https:\/\/stel.asu.cas.cz\/en\/outreach\/video\/","title":{"rendered":"Video"},"content":{"rendered":"\n<h4 class=\"wp-block-heading\">2023 | Astronomical Institute presentation at Academy of Sciences General Assembly (cs)  <\/h4>\n\n\n\n<figure class=\"wp-block-embed is-type-video is-provider-youtube wp-block-embed-youtube wp-embed-aspect-16-9 wp-has-aspect-ratio\"><div class=\"wp-block-embed__wrapper\">\n<iframe loading=\"lazy\" title=\"Astronomick\u00fd \u00fastav AV \u010cR se p\u0159edstavuje\" width=\"640\" height=\"360\" src=\"https:\/\/www.youtube.com\/embed\/gP1g8_wiu24?feature=oembed\" frameborder=\"0\" allow=\"accelerometer; autoplay; clipboard-write; encrypted-media; gyroscope; picture-in-picture; web-share\" referrerpolicy=\"strict-origin-when-cross-origin\" allowfullscreen><\/iframe>\n<\/div><\/figure>\n\n\n\n<hr class=\"wp-block-separator has-text-color has-pale-cyan-blue-color has-alpha-channel-opacity has-pale-cyan-blue-background-color has-background\"\/>\n\n\n\n<h4 class=\"wp-block-heading\">2023 | Astronomers at the telescope &#8211; Ask cosmic questions (cs\/en)<\/h4>\n\n\n\n<figure class=\"wp-block-embed is-type-video is-provider-youtube wp-block-embed-youtube wp-embed-aspect-16-9 wp-has-aspect-ratio\"><div class=\"wp-block-embed__wrapper\">\n<iframe loading=\"lazy\" title=\"Chat s astronomkou \u2013 \u017eiv\u00e9 vys\u00edl\u00e1n\u00ed\" width=\"640\" height=\"360\" src=\"https:\/\/www.youtube.com\/embed\/NS7Mm8LuilY?feature=oembed\" frameborder=\"0\" allow=\"accelerometer; autoplay; clipboard-write; encrypted-media; gyroscope; picture-in-picture; web-share\" referrerpolicy=\"strict-origin-when-cross-origin\" allowfullscreen><\/iframe>\n<\/div><\/figure>\n\n\n\n<hr class=\"wp-block-separator has-text-color has-pale-cyan-blue-color has-alpha-channel-opacity has-pale-cyan-blue-background-color has-background\"\/>\n\n\n\n<h4 class=\"wp-block-heading\">2022 | Press conference PLATOSpec 25.11. (cs\/en)<\/h4>\n\n\n\n<figure class=\"wp-block-embed is-type-video is-provider-youtube wp-block-embed-youtube wp-embed-aspect-16-9 wp-has-aspect-ratio\"><div class=\"wp-block-embed__wrapper\">\n<iframe loading=\"lazy\" title=\"Tiskov\u00e1 konference PLATOSpec 25.11.2022\" width=\"640\" height=\"360\" src=\"https:\/\/www.youtube.com\/embed\/mBdm_u5skWo?feature=oembed\" frameborder=\"0\" allow=\"accelerometer; autoplay; clipboard-write; encrypted-media; gyroscope; picture-in-picture; web-share\" referrerpolicy=\"strict-origin-when-cross-origin\" allowfullscreen><\/iframe>\n<\/div><\/figure>\n\n\n\n<hr class=\"wp-block-separator has-text-color has-pale-cyan-blue-color has-alpha-channel-opacity has-pale-cyan-blue-background-color has-background\"\/>\n\n\n\n<h4 class=\"wp-block-heading\">2020 | Perek telescope in Ond\u0159ejov Tour (ERASMUS+, cs\/en subt.)<\/h4>\n\n\n\n<figure class=\"wp-block-embed is-type-video is-provider-youtube wp-block-embed-youtube wp-embed-aspect-16-9 wp-has-aspect-ratio\"><div class=\"wp-block-embed__wrapper\">\n<iframe loading=\"lazy\" title=\"Videoprohl\u00eddka Perkova teleskopu v Ond\u0159ejove\" width=\"640\" height=\"360\" src=\"https:\/\/www.youtube.com\/embed\/g5hgRKG8uRA?feature=oembed\" frameborder=\"0\" allow=\"accelerometer; autoplay; clipboard-write; encrypted-media; gyroscope; picture-in-picture; web-share\" referrerpolicy=\"strict-origin-when-cross-origin\" allowfullscreen><\/iframe>\n<\/div><\/figure>\n\n\n\n<hr class=\"wp-block-separator has-text-color has-pale-cyan-blue-color has-alpha-channel-opacity has-pale-cyan-blue-background-color has-background\"\/>\n\n\n\n<h4 class=\"wp-block-heading\">2020 | Researchers Night &#8211; Exoplanets (rec. of a live broadcast, cs)<\/h4>\n\n\n\n<figure class=\"wp-block-embed is-type-video is-provider-youtube wp-block-embed-youtube wp-embed-aspect-16-9 wp-has-aspect-ratio\"><div class=\"wp-block-embed__wrapper\">\n<iframe loading=\"lazy\" title=\"Noc v\u011bdc\u016f 2020 - z\u00e1znam \u017eiv\u00e9ho vys\u00edl\u00e1n\u00ed na t\u00e9ma exoplanet\" width=\"640\" height=\"360\" src=\"https:\/\/www.youtube.com\/embed\/6iHIjKE9cos?start=1062&#038;feature=oembed\" frameborder=\"0\" allow=\"accelerometer; autoplay; clipboard-write; encrypted-media; gyroscope; picture-in-picture; web-share\" referrerpolicy=\"strict-origin-when-cross-origin\" allowfullscreen><\/iframe>\n<\/div><\/figure>\n\n\n\n<hr class=\"wp-block-separator has-text-color has-pale-cyan-blue-color has-alpha-channel-opacity has-pale-cyan-blue-background-color has-background\"\/>\n\n\n\n<h4 class=\"wp-block-heading\">2020 | Robots in astronomy &#8211; how the universe is observed today (cs)<\/h4>\n\n\n\n<figure class=\"wp-block-embed is-type-video is-provider-youtube wp-block-embed-youtube wp-embed-aspect-16-9 wp-has-aspect-ratio\"><div class=\"wp-block-embed__wrapper\">\n<iframe loading=\"lazy\" title=\"Roboti v astronomii aneb jak se dnes pozoruje vesm\u00edr\" width=\"640\" height=\"360\" src=\"https:\/\/www.youtube.com\/embed\/WHchyvXrMCc?feature=oembed\" frameborder=\"0\" allow=\"accelerometer; autoplay; clipboard-write; encrypted-media; gyroscope; picture-in-picture; web-share\" referrerpolicy=\"strict-origin-when-cross-origin\" allowfullscreen><\/iframe>\n<\/div><\/figure>\n\n\n\n<hr class=\"wp-block-separator has-text-color has-pale-cyan-blue-color has-alpha-channel-opacity has-pale-cyan-blue-background-color has-background\"\/>\n\n\n\n<h4 class=\"wp-block-heading\">2015 | Research of the Universe at the AI of the ASCR (cs)<\/h4>\n\n\n\n<figure class=\"wp-block-embed is-type-video is-provider-youtube wp-block-embed-youtube wp-embed-aspect-16-9 wp-has-aspect-ratio\"><div class=\"wp-block-embed__wrapper\">\n<iframe loading=\"lazy\" title=\"V\u00fdzkum vesm\u00edru v Astronomick\u00e9m \u00fastavu AV \u010cR\" width=\"640\" height=\"360\" src=\"https:\/\/www.youtube.com\/embed\/Yn2ne5viUPI?feature=oembed\" frameborder=\"0\" allow=\"accelerometer; autoplay; clipboard-write; encrypted-media; gyroscope; picture-in-picture; web-share\" referrerpolicy=\"strict-origin-when-cross-origin\" allowfullscreen><\/iframe>\n<\/div><\/figure>\n\n\n\n<hr class=\"wp-block-separator has-text-color has-pale-cyan-blue-color has-alpha-channel-opacity has-pale-cyan-blue-background-color has-background\"\/>\n\n\n\n<h4 class=\"wp-block-heading\">2014 | Research of stars at the AI of the ASCR (cs)<\/h4>\n\n\n\n<figure class=\"wp-block-embed is-type-rich is-provider-embed-handler wp-block-embed-embed-handler wp-embed-aspect-16-9 wp-has-aspect-ratio\"><div class=\"wp-block-embed__wrapper\">\n<iframe loading=\"lazy\" title=\"V\u00fdzkum hv\u011bzd - Astronomick\u00fd \u00fastav AV \u010cR\" width=\"640\" height=\"360\" src=\"https:\/\/www.youtube.com\/embed\/dBUbLj3gYHw?feature=oembed\" frameborder=\"0\" allow=\"accelerometer; autoplay; clipboard-write; encrypted-media; gyroscope; picture-in-picture; web-share\" referrerpolicy=\"strict-origin-when-cross-origin\" allowfullscreen><\/iframe>\n<\/div><\/figure>\n\n\n\n<hr class=\"wp-block-separator has-text-color has-pale-cyan-blue-color has-alpha-channel-opacity has-pale-cyan-blue-background-color has-background\"\/>\n\n\n\n<h4 class=\"wp-block-heading\">2014 | Ceremonial Naming of the Perek 2m Telescope<\/h4>\n\n\n\n<figure class=\"wp-block-embed is-type-video is-provider-youtube wp-block-embed-youtube wp-embed-aspect-16-9 wp-has-aspect-ratio\"><div class=\"wp-block-embed__wrapper\">\n<iframe loading=\"lazy\" title=\"Pojmenov\u00e1n\u00ed Perkova teleskopu\" width=\"640\" height=\"360\" src=\"https:\/\/www.youtube.com\/embed\/bTnEVZDv0SA?feature=oembed\" frameborder=\"0\" allow=\"accelerometer; autoplay; clipboard-write; encrypted-media; gyroscope; picture-in-picture; web-share\" referrerpolicy=\"strict-origin-when-cross-origin\" allowfullscreen><\/iframe>\n<\/div><\/figure>\n\n\n\n<hr class=\"wp-block-separator has-text-color has-pale-cyan-blue-color has-alpha-channel-opacity has-pale-cyan-blue-background-color has-background\"\/>\n\n\n\n<h4 class=\"wp-block-heading\">2013 | Perek 2m Telescope<\/h4>\n\n\n\n<figure class=\"wp-block-embed is-type-rich is-provider-embed-handler wp-block-embed-embed-handler wp-embed-aspect-16-9 wp-has-aspect-ratio\"><div class=\"wp-block-embed__wrapper\">\n<iframe loading=\"lazy\" title=\"Perk\u016fv teleskop\" width=\"640\" height=\"360\" src=\"https:\/\/www.youtube.com\/embed\/Z3cM7dIujAM?feature=oembed\" frameborder=\"0\" allow=\"accelerometer; autoplay; clipboard-write; encrypted-media; gyroscope; picture-in-picture; web-share\" referrerpolicy=\"strict-origin-when-cross-origin\" allowfullscreen><\/iframe>\n<\/div><\/figure>\n\n\n\n<hr class=\"wp-block-separator has-text-color has-pale-cyan-blue-color has-alpha-channel-opacity has-pale-cyan-blue-background-color has-background\"\/>\n\n\n\n<h4 class=\"wp-block-heading\">2009 | Open days at AI ASCR<\/h4>\n\n\n\n<figure class=\"wp-block-embed is-type-video is-provider-youtube wp-block-embed-youtube wp-embed-aspect-4-3 wp-has-aspect-ratio\"><div class=\"wp-block-embed__wrapper\">\n<iframe loading=\"lazy\" title=\"Dny otev\u0159en\u00fdch dve\u0159\u00ed Astronomick\u00e9ho \u00fastavu AV \u010cR 22. - 24. kv\u011btna 2009\" width=\"640\" height=\"480\" src=\"https:\/\/www.youtube.com\/embed\/9lxpwkT0Ync?feature=oembed\" frameborder=\"0\" allow=\"accelerometer; autoplay; clipboard-write; encrypted-media; gyroscope; picture-in-picture; web-share\" referrerpolicy=\"strict-origin-when-cross-origin\" allowfullscreen><\/iframe>\n<\/div><\/figure>\n\n\n\n<p><\/p>\n","protected":false},"excerpt":{"rendered":"<p>2023 | Astronomical Institute presentation at Academy of Sciences General Assembly (cs) 2023 | Astronomers at the telescope &#8211; Ask cosmic questions (cs\/en) 2022 |<\/p>\n","protected":false},"author":1,"featured_media":0,"parent":99,"menu_order":0,"comment_status":"closed","ping_status":"closed","template":"","meta":{"footnotes":""},"class_list":["post-360","page","type-page","status-publish","hentry"],"_links":{"self":[{"href":"https:\/\/stel.asu.cas.cz\/en\/wp-json\/wp\/v2\/pages\/360","targetHints":{"allow":["GET"]}}],"collection":[{"href":"https:\/\/stel.asu.cas.cz\/en\/wp-json\/wp\/v2\/pages"}],"about":[{"href":"https:\/\/stel.asu.cas.cz\/en\/wp-json\/wp\/v2\/types\/page"}],"author":[{"embeddable":true,"href":"https:\/\/stel.asu.cas.cz\/en\/wp-json\/wp\/v2\/users\/1"}],"replies":[{"embeddable":true,"href":"https:\/\/stel.asu.cas.cz\/en\/wp-json\/wp\/v2\/comments?post=360"}],"version-history":[{"count":7,"href":"https:\/\/stel.asu.cas.cz\/en\/wp-json\/wp\/v2\/pages\/360\/revisions"}],"predecessor-version":[{"id":3931,"href":"https:\/\/stel.asu.cas.cz\/en\/wp-json\/wp\/v2\/pages\/360\/revisions\/3931"}],"up":[{"embeddable":true,"href":"https:\/\/stel.asu.cas.cz\/en\/wp-json\/wp\/v2\/pages\/99"}],"wp:attachment":[{"href":"https:\/\/stel.asu.cas.cz\/en\/wp-json\/wp\/v2\/media?parent=360"}],"curies":[{"name":"wp","href":"https:\/\/api.w.org\/{rel}","templated":true}]}}