{"id":490,"date":"2021-07-02T10:57:31","date_gmt":"2021-07-02T08:57:31","guid":{"rendered":"https:\/\/stel.asu.cas.cz\/en\/?page_id=490"},"modified":"2021-12-20T13:59:19","modified_gmt":"2021-12-20T12:59:19","slug":"instrumentation","status":"publish","type":"page","link":"https:\/\/stel.asu.cas.cz\/en\/telescope\/instrumentation\/","title":{"rendered":"Instrumentation"},"content":{"rendered":"\n<h2 class=\"wp-block-heading\" id=\"oes\">Ond\u0159ejov Echelle Spectrograph<\/h2>\n\n\n\n<p style=\"text-align: justify\">Ond\u0159ejov Echelle Spectrograph (OES) is a fibre-fed high-resolution spectrograph. The wavelength coverage of OES is from near UV (3753 \u00c5) up to near IR (9195 \u00c5). The resolving power is R=51600 (at 5000 \u00c5) and R\u223c40000 (in H\u03b1 region). The spectral sampling is 2.4 \u00c5\/mm. The spectral range is covered by 56 usable orders. The number of spectral orders range from 92 to 36.<\/p>\n\n\n\n<ul class=\"wp-block-list\"><li><a href=\"https:\/\/stel.asu.cas.cz\/en\/telescope\/instrumentation\/oes-spectrograph\/\">OES spectrograph detail page<\/a><\/li><\/ul>\n\n\n\n<h2 class=\"wp-block-heading\" id=\"700\"><strong>Single Order Spectrograph<\/strong><\/h2>\n\n\n\n<p style=\"text-align: justify\">Single order or coud\u00e9 spectrograph works in the first and second spectral orders. Wavelength coverage of the second order is 4000-5100 \u00c5 (near UV and blue) with order length of 233 \u00c5; wavelength coverage of the first order is 5100-8900 \u00c5 (red and near IR) with order length of 470 \u00c5. Resolving power is \u223c13 000 in H\u03b1 spectral region.<\/p>\n\n\n\n<ul class=\"wp-block-list\"><li><a href=\"https:\/\/stel.asu.cas.cz\/en\/telescope\/instrumentation\/single-order-spectrograph\/\">Single order spectrograph detail page<\/a><\/li><\/ul>\n\n\n\n<h2 class=\"wp-block-heading\" id=\"photometric_camera\"><strong>Photometric camera<\/strong><\/h2>\n\n\n\n<p style=\"text-align: justify\">The photometric camera is installed in the primary focus. The effective focal length in corrected primary focus is 7 m (focal ratio to f\/3.5). The automatic exchange of the instruments between spectroscopic (fibers) and photometric (primary focus camera) configuration can be done within 1 minute. The camera is equipped with five position rotating filter wheel with different filters and cooled up electronically. <\/p>\n\n\n\n<ul class=\"wp-block-list\"><li><a href=\"https:\/\/stel.asu.cas.cz\/en\/telescope\/instrumentation\/photometric-camera\/\">Photometric camera detail page<\/a><\/li><\/ul>\n\n\n\n<h2 class=\"wp-block-heading\">Other technical information<\/h2>\n\n\n\n<ul class=\"wp-block-list\"><li><a rel=\"noreferrer noopener\" href=\"http:\/\/stel.asu.cas.cz\/~slechta\/2mEN\/guiding\/\" target=\"_blank\">Guiding System of the telescope<\/a><\/li><\/ul>\n","protected":false},"excerpt":{"rendered":"<p>Ond\u0159ejov Echelle Spectrograph Ond\u0159ejov Echelle Spectrograph (OES) is a fibre-fed high-resolution spectrograph. The wavelength coverage of OES is from near UV (3753 \u00c5) up to<\/p>\n","protected":false},"author":3,"featured_media":0,"parent":110,"menu_order":0,"comment_status":"closed","ping_status":"closed","template":"","meta":{"footnotes":""},"class_list":["post-490","page","type-page","status-publish","hentry"],"_links":{"self":[{"href":"https:\/\/stel.asu.cas.cz\/en\/wp-json\/wp\/v2\/pages\/490","targetHints":{"allow":["GET"]}}],"collection":[{"href":"https:\/\/stel.asu.cas.cz\/en\/wp-json\/wp\/v2\/pages"}],"about":[{"href":"https:\/\/stel.asu.cas.cz\/en\/wp-json\/wp\/v2\/types\/page"}],"author":[{"embeddable":true,"href":"https:\/\/stel.asu.cas.cz\/en\/wp-json\/wp\/v2\/users\/3"}],"replies":[{"embeddable":true,"href":"https:\/\/stel.asu.cas.cz\/en\/wp-json\/wp\/v2\/comments?post=490"}],"version-history":[{"count":64,"href":"https:\/\/stel.asu.cas.cz\/en\/wp-json\/wp\/v2\/pages\/490\/revisions"}],"predecessor-version":[{"id":2345,"href":"https:\/\/stel.asu.cas.cz\/en\/wp-json\/wp\/v2\/pages\/490\/revisions\/2345"}],"up":[{"embeddable":true,"href":"https:\/\/stel.asu.cas.cz\/en\/wp-json\/wp\/v2\/pages\/110"}],"wp:attachment":[{"href":"https:\/\/stel.asu.cas.cz\/en\/wp-json\/wp\/v2\/media?parent=490"}],"curies":[{"name":"wp","href":"https:\/\/api.w.org\/{rel}","templated":true}]}}