{"id":70,"date":"2021-06-11T11:38:40","date_gmt":"2021-06-11T09:38:40","guid":{"rendered":"https:\/\/stel.asu.cas.cz\/en\/?page_id=70"},"modified":"2026-01-27T17:57:30","modified_gmt":"2026-01-27T16:57:30","slug":"hotstars","status":"publish","type":"page","link":"https:\/\/stel.asu.cas.cz\/en\/hotstars\/","title":{"rendered":"Physics of Hot Stars"},"content":{"rendered":"\n<figure class=\"wp-block-image\"><img loading=\"lazy\" decoding=\"async\" width=\"1000\" height=\"333\" src=\"https:\/\/stel.asu.cas.cz\/en\/wp-content\/uploads\/2021\/06\/hot_stars-1.jpg\" alt=\"\" class=\"wp-image-128\" srcset=\"https:\/\/stel.asu.cas.cz\/en\/wp-content\/uploads\/2021\/06\/hot_stars-1.jpg 1000w, https:\/\/stel.asu.cas.cz\/en\/wp-content\/uploads\/2021\/06\/hot_stars-1-300x100.jpg 300w, https:\/\/stel.asu.cas.cz\/en\/wp-content\/uploads\/2021\/06\/hot_stars-1-768x256.jpg 768w\" sizes=\"auto, (max-width: 1000px) 100vw, 1000px\" \/><figcaption class=\"wp-element-caption\">The cluster R136 within the Tarantula Nebula (30 Doradus) in the Large Magellanic Cloud contains many of the most massive and luminous stars known. Credit: NASA, ESA.<\/figcaption><\/figure>\n\n\n\n<p><strong><br><\/strong>The research of this group, led by <a href=\"https:\/\/stel.asu.cas.cz\/en\/hotstars\/physics-of-hot-stars-members#kraus\" data-type=\"page\">Michaela Kraus<\/a>, can be characterised by its dominant focus on studies of massive hot stars. In particular, the long-term, almost exclusive focus on Be- and shell stars in binary systems has been successfully extended to studies of hot massive stars in their different evolutionary stages, which now represent the main research topics of the group. The research includes studies of luminous, hot, massive B\u2011 and O\u2011type stars, as well as massive stars in transition phases, i.e., Wolf-Rayet (WR) stars, Luminous Blue Variables (LBVs), Blue Supergiants (BSGs), B[e] Supergiants (B[e]SGs), Yellow Hypergiants (YHGs), and Red Supergiants (RSGs). The objects studied can be either single or in binary or multiple systems. The group is also involved in observational and theoretical studies of the chemistry and dynamics of the circumstellar material of evolved massive stars. <\/p>\n\n\n\n<p>Theoretical studies in the modelling of stellar atmospheres, with a natural focus on hot massive stars, are also part of the group&#8217;s research. These studies include full NLTE (i.e. without the assumption of local thermodynamic equilibrium) model atmospheres as well as NLTE models of stellar winds.<\/p>\n\n\n\n<p>Research topics of the group: stellar atmospheres, stellar winds and their modelling; massive stars in short-lived transition phases.<\/p>\n\n\n\n<h4 class=\"wp-block-heading\" id=\"members-of-the-group\">Members of the group<\/h4>\n\n\n\n<ul class=\"wp-block-list\">\n<li><strong>Researchers:<\/strong> <a href=\"https:\/\/stel.asu.cas.cz\/en\/hotstars\/physics-of-hot-stars-members#kraus\">Michaela Kraus<\/a> (head), <a href=\"https:\/\/stel.asu.cas.cz\/en\/hotstars\/physics-of-hot-stars-members#kubat\">Ji\u0159\u00ed Kub\u00e1t<\/a>, <a href=\"https:\/\/stel.asu.cas.cz\/en\/hotstars\/physics-of-hot-stars-members#kubatova\">Brankica Kub\u00e1tov\u00e1<\/a>, <a href=\"https:\/\/stel.asu.cas.cz\/en\/hotstars\/physics-of-hot-stars-members#maryeva\">Olga Maryeva<\/a>, <a href=\"https:\/\/stel.asu.cas.cz\/en\/hotstars\/physics-of-hot-stars-members#michalis\">Michalis Kourniotis<\/a>, <a href=\"https:\/\/stel.asu.cas.cz\/en\/hotstars\/physics-of-hot-stars-members#jelinek\">Martin Jel\u00ednek<\/a>, <a href=\"https:\/\/stel.asu.cas.cz\/en\/hotstars\/physics-of-hot-stars-members#simon\">Vojt\u011bch \u0160imon<\/a>, <a href=\"https:\/\/stel.asu.cas.cz\/en\/hotstars\/physics-of-hot-stars-members#nemeth\" data-type=\"link\" data-id=\"https:\/\/stel.asu.cas.cz\/en\/hotstars\/physics-of-hot-stars-members#nemeth\">P\u00e9ter N\u00e9meth<\/a><\/li>\n\n\n\n<li><strong>Emeritus Researcher<\/strong>s: <a href=\"https:\/\/stel.asu.cas.cz\/en\/hotstars\/physics-of-hot-stars-members#koubsky\">Pavel Koubsk\u00fd<\/a>, <a href=\"https:\/\/stel.asu.cas.cz\/en\/hotstars\/physics-of-hot-stars-members#hudec\">Ren\u00e9 Hudec<\/a><\/li>\n\n\n\n<li><strong>Postdocs:<\/strong> <a href=\"https:\/\/stel.asu.cas.cz\/en\/hotstars\/physics-of-hot-stars-members#julieta\">Julieta S\u00e1nchez Arias<\/a>, <a href=\"https:\/\/stel.asu.cas.cz\/en\/hotstars\/physics-of-hot-stars-members\/#matamala\">Alex Camilo Gormaz Matamala<\/a>, <a href=\"https:\/\/stel.asu.cas.cz\/en\/hotstars\/physics-of-hot-stars-members\/#sarkar\">Shilpa Sarkar<\/a><\/li>\n\n\n\n<li><strong>PhD Students<\/strong>: <a href=\"https:\/\/stel.asu.cas.cz\/en\/hotstars\/physics-of-hot-stars-members#suryani\">Suryani Guha<\/a>, <a href=\"https:\/\/stel.asu.cas.cz\/en\/hotstars\/physics-of-hot-stars-members#pivonkova\">Kate\u0159ina Pivo\u0148kov\u00e1<\/a>, Radoslava Bodnarov\u00e1, <a href=\"https:\/\/stel.asu.cas.cz\/en\/hotstars\/physics-of-hot-stars-members#pandey\" data-type=\"link\" data-id=\"https:\/\/stel.asu.cas.cz\/en\/hotstars\/physics-of-hot-stars-members#pandey\">Nilesh Pandey<\/a><\/li>\n<\/ul>\n\n\n\n<hr class=\"wp-block-separator has-text-color has-vivid-cyan-blue-color has-css-opacity has-vivid-cyan-blue-background-color has-background\"\/>\n\n\n\n<h3 class=\"wp-block-heading\" id=\"stellar-atmospheres\">Stellar atmospheres, stellar winds, and their modelling<\/h3>\n\n\n<div class=\"wp-block-image\">\n<figure class=\"alignleft size-large is-resized\"><img decoding=\"async\" class=\"wp-image-1275\" src=\"https:\/\/stel.asu.cas.cz\/en\/wp-content\/uploads\/2021\/08\/Orions-Belt-stars-and-Flame-Nebula.jpg\" alt=\"\" width=\"300\" srcset=\"https:\/\/stel.asu.cas.cz\/en\/wp-content\/uploads\/2021\/08\/Orions-Belt-stars-and-Flame-Nebula.jpg 1000w, https:\/\/stel.asu.cas.cz\/en\/wp-content\/uploads\/2021\/08\/Orions-Belt-stars-and-Flame-Nebula-300x239.jpg 300w, https:\/\/stel.asu.cas.cz\/en\/wp-content\/uploads\/2021\/08\/Orions-Belt-stars-and-Flame-Nebula-768x611.jpg 768w, https:\/\/stel.asu.cas.cz\/en\/wp-content\/uploads\/2021\/08\/Orions-Belt-stars-and-Flame-Nebula-18x14.jpg 18w, https:\/\/stel.asu.cas.cz\/en\/wp-content\/uploads\/2021\/08\/Orions-Belt-stars-and-Flame-Nebula-24x19.jpg 24w, https:\/\/stel.asu.cas.cz\/en\/wp-content\/uploads\/2021\/08\/Orions-Belt-stars-and-Flame-Nebula-36x29.jpg 36w\" sizes=\"(max-width: 1000px) 100vw, 1000px\" \/><figcaption style=\"text-align: justify;\">The Orion&#8217;s Belt including the Flame Nebula (left) and Horsehead Nebula (lower left). Credit: Digitized Sky Survey, ESA\/ESO\/NASA FITS.<\/figcaption><\/figure>\n<\/div>\n\n\n<p>Theoretical studies in this research area are mainly aimed at developing sophisticated codes for stellar atmospheres and wind modelling, and at investigating the physical mechanisms governing various processes in stars and their environments. One of the main goals of the theoretical studies of the research group led by <a href=\"https:\/\/stel.asu.cas.cz\/en\/hotstars\/physics-of-hot-stars-members#kubat\" data-type=\"page\">Ji\u0159\u00ed&nbsp;Kub\u00e1t<\/a> is to provide improved mass-loss rates of massive hot stars using their own developed sophisticated stellar atmosphere (<a href=\"https:\/\/www.asu.cas.cz\/~kubat\/ATA\/\" target=\"_blank\" rel=\"noreferrer noopener\">ATA code<\/a>) and wind codes including 3\u2011D phenomena (such as non-sphericity and wind inhomogeneities, i.e., wind clumping).<\/p>\n\n\n\n<p>Furthermore, research activities are focused on the development of codes capable of calculating emergent spectra in different wavebands, which can be directly compared with observations. Based on such a comparison, reliable values of stellar and wind parameters can be derived, in particular the mass-loss rates of massive stars at different evolutionary stages and metallicities. The correct value of the mass loss rate is one of the main ingredients forstellar evolution modelling.<\/p>\n\n\n\n<p>In addition to developing their own codes, the members of the group are experienced in using similar stellar atmospheres and wind codes (e.g. TLUSTY, SYNSPEC, PoWR, and CMFGEN) as well as the stellar evolution codes (e.g. MESA) for quantitative stellar spectroscopy and the analysis of different types of stars.<\/p>\n\n\n\n<hr class=\"wp-block-separator has-text-color has-vivid-cyan-blue-color has-css-opacity has-vivid-cyan-blue-background-color has-background\"\/>\n\n\n\n<h3 class=\"wp-block-heading\" id=\"massive_stars\">Massive stars in short-lived transition phases<\/h3>\n\n\n\n<div class=\"wp-block-image\"><figure class=\"alignleft size-large is-resized\"><img decoding=\"async\" src=\"https:\/\/stel.asu.cas.cz\/en\/wp-content\/uploads\/2021\/08\/wr124.jpg\" alt=\"\" class=\"wp-image-1278\" width=\"300\" srcset=\"https:\/\/stel.asu.cas.cz\/en\/wp-content\/uploads\/2021\/08\/wr124.jpg 800w, https:\/\/stel.asu.cas.cz\/en\/wp-content\/uploads\/2021\/08\/wr124-297x300.jpg 297w, https:\/\/stel.asu.cas.cz\/en\/wp-content\/uploads\/2021\/08\/wr124-768x776.jpg 768w, https:\/\/stel.asu.cas.cz\/en\/wp-content\/uploads\/2021\/08\/wr124-18x18.jpg 18w, https:\/\/stel.asu.cas.cz\/en\/wp-content\/uploads\/2021\/08\/wr124-24x24.jpg 24w, https:\/\/stel.asu.cas.cz\/en\/wp-content\/uploads\/2021\/08\/wr124-36x36.jpg 36w\" sizes=\"(max-width: 800px) 100vw, 800px\" \/><figcaption style=\"text-align: justify;\">The nebula M1-67 around Wolf\u2013Rayet star WR 124. Credit: ESA\/Hubble &amp; NASA.<\/figcaption><\/figure><\/div>\n\n\n\n<p>One more expertise of the group is the research of massive stars in short-lived transition phases. These phases are divided into several stellar classes: WR stars, LBVs, BSGs, B[e]SGs, YHGs, and RSGs. During all these phases, the stars display signs for highly dynamic atmospheres and envelopes, and expel large amount of material, often in a series of eruptions. The ejected material accumulates in either circumstellar disks, shells, unipolar, bipolar or multi-polar nebulae.<\/p>\n\n\n\n<p>The research of massive stars in transition phases led by <a href=\"https:\/\/stel.asu.cas.cz\/en\/hotstars\/physics-of-hot-stars-members#kraus\" data-type=\"page\">Michaela&nbsp;Kraus<\/a> is focused on developing suitable methods to derive mass-loss values of these types of stars and to investigate the chemical evolution, structure and dynamics of the ejected material. The knowledge of the amount of mass a star loses within each phase of its life is of utmost importance for reliable predictions of the evolution and final fate of massive stars.<\/p>\n\n\n\n<p>Moreover, members of the group investigate physical mechanism(s) that can lead to enhanced mass-loss and trigger eruptions, as well as they analyse the chemical composition, the 3\u2011D structure and dynamics of ejacta to uncover the mass-loss history of massive stars in transition.<\/p>\n\n\n\n<p>The group combines results from theoretical models with information derived from observations. Optical, infrared and radio data are collected from 2\u2011 to 12\u2011m telescopes, utilizing facilities at GEMINI North and South, ESO&#8217;s Very Large Telescopes, APEX Telescope, Nordic Optical Telescope, Gran Telescopio de Canarias, Southern African Large Telescope, 2.2\u2011m MPI Telescope, 2.15\u2011m CASLEO Telescope, and the Perek 2\u2011m telescope. These data are supplemented with images from space missions such as the Spitzer Space Telescope, the Wide-field Infrared Survey Explorer, as well as with photometric data and light curves from various ground-based surveys (e.g., AAVSO, ASAS).<\/p>\n\n\n\n<!-- <h3 class=\"wp-block-heading\" id=\"subdwarfs\">Subdwarfs<\/h3> --!>\n\n\n<p><!-- \n\n\n\n\n\n\n\n\n\n\n\n\n\n\n\n\n\n\n\n\n\n\n\n\n\n<div class=\"wp-block-image\">\n\n\n\n\n\n\n\n\n\n\n\n\n\n\n\n\n\n\n\n\n\n\n\n\n\n\n<figure class=\"alignleft size-large is-resized\"><img decoding=\"async\" class=\"wp-image-1284\" src=\"https:\/\/stel.asu.cas.cz\/en\/wp-content\/uploads\/2021\/08\/pn-577-24.jpg\" alt=\"\" width=\"300\" srcset=\"https:\/\/stel.asu.cas.cz\/en\/wp-content\/uploads\/2021\/08\/pn-577-24.jpg 600w, https:\/\/stel.asu.cas.cz\/en\/wp-content\/uploads\/2021\/08\/pn-577-24-276x300.jpg 276w, https:\/\/stel.asu.cas.cz\/en\/wp-content\/uploads\/2021\/08\/pn-577-24-22x24.jpg 22w, https:\/\/stel.asu.cas.cz\/en\/wp-content\/uploads\/2021\/08\/pn-577-24-33x36.jpg 33w\" sizes=\"(max-width: 600px) 100vw, 600px\" \/>\n\n\n\n\n\n\n\n\n\n\n\n\n\n\n\n\n\n\n\n\n\n\n\n\n\n\n<figcaption style=\"text-align: justify;\">The planetary nebula ESO 577-24 with the central sdO type star Abell 36. Credit: ESO\u2019s Very Large Telescope<\/figcaption>\n\n\n\n\n\n\n\n\n\n\n\n\n\n\n\n\n\n\n\n\n\n\n\n\n\n\n<\/figure>\n\n\n\n\n\n\n\n\n\n\n\n\n\n\n\n\n\n\n\n\n\n\n\n\n\n\n<\/div>\n\n\n\n\n\n\n\n\n\n\n\n\n\n\n\n\n\n\n\n\n\n\n\n\n\n !--><\/p>\n\n\n<!-- <p>Hot subdwarfs form a substantial fraction of low mass stars that experience an intermediate core helium-burning evolutionary phase before they become white dwarfs. They are at a major intersection on the evolutionary crossroad from the giant branch to the white dwarf sequence, at the hot end of the horizontal branch. These compact stars overwhelm white dwarfs in magnitude limited samples and dominate the Galactic disk populations of underluminous blue stars. Unlike white dwarfs, hot subdwarfs have more complex structures and peculiarities that require more sophisticated models, such as NLTE spectral synthesis.<\/p> --!>\n\n\n\n<p><!-- <p>The research in this area is focused on the spectroscopic investigations of hot subdwarfs using TLUSTY NLTE model atmospheres with a goal to process all available spectra and derive atmospheric parameters free of large systematics. The procedure must also include the analysis of composite binary spectra, due to the large binary fraction of hot subdwarfs. Extensions to process atmospheric chemical stratification and radiative interactions in close and compact binaries are underway. The former is important to derive an accurate luminosity function and mass distribution of hot subdwarfs, while the latter is necessary to be able to provide reliable stellar surface boundary conditions for seismic models.<\/p> !--><\/p>\n\n\n\n<hr class=\"wp-block-separator has-text-color has-pale-cyan-blue-color has-alpha-channel-opacity has-pale-cyan-blue-background-color has-background\"\/>\n\n\n\n<h3 class=\"wp-block-heading\" id=\"hea\">High Energy Astrophysics<\/h3>\n\n\n<div class=\"wp-block-image\">\n<figure class=\"alignleft size-large is-resized\"><img loading=\"lazy\" decoding=\"async\" width=\"1024\" height=\"618\" src=\"https:\/\/stel.asu.cas.cz\/en\/wp-content\/uploads\/2026\/01\/grb2-1024x618.jpeg\" alt=\"\" class=\"wp-image-5428\" style=\"width:339px;height:auto\" srcset=\"https:\/\/stel.asu.cas.cz\/en\/wp-content\/uploads\/2026\/01\/grb2-1024x618.jpeg 1024w, https:\/\/stel.asu.cas.cz\/en\/wp-content\/uploads\/2026\/01\/grb2-300x181.jpeg 300w, https:\/\/stel.asu.cas.cz\/en\/wp-content\/uploads\/2026\/01\/grb2-768x464.jpeg 768w, https:\/\/stel.asu.cas.cz\/en\/wp-content\/uploads\/2026\/01\/grb2-1536x928.jpeg 1536w, https:\/\/stel.asu.cas.cz\/en\/wp-content\/uploads\/2026\/01\/grb2-2048x1237.jpeg 2048w, https:\/\/stel.asu.cas.cz\/en\/wp-content\/uploads\/2026\/01\/grb2-18x11.jpeg 18w, https:\/\/stel.asu.cas.cz\/en\/wp-content\/uploads\/2026\/01\/grb2-24x14.jpeg 24w, https:\/\/stel.asu.cas.cz\/en\/wp-content\/uploads\/2026\/01\/grb2-36x22.jpeg 36w\" sizes=\"auto, (max-width: 1024px) 100vw, 1024px\" \/><\/figure><\/div>\n\n\n<p>The research of this group includes studies of energetic galactic and extragalactic cosmic sources with energies ranging from the far UV through the visible, X-rays and into the Y-ray band. The targets of its activities are the multi-spectral analysis of gamma-ray bursts (GRB) and their optical afterglow, active galactic nuclei (AGN), especially blazers, and other types of high-energy celestial sources, including various types of X-ray binaries and cataclysmic variables (CV).<\/p>\n\n\n\n<p id=\"block-2364d15d-61f7-40ce-9cd2-1ab03fe20f37\">To obtain the necessary high-energy observational data, the group has been involved in high-energy satellite research and also collaborates with a future ground-based facility dedicated to gamma-ray observations from the surface &#8211; the Cherenkov Telescope Array (CTA), which is being built at two sites on La Palma and Paranal. CTA now includes three robotic telescopes built and operated by FRAM in collaboration between the Institute of Physics and the High Energy Astrophysics Group.<\/p>\n\n\n\n<p id=\"block-5a808923-e7b4-4197-8643-7b9d1282ad5a\">The group operates two relatively small robotic telescopes on the ground of the Ond\u0159ejov Observatory. The <a href=\"http:\/\/hea.asu.cas.cz\/bart\/en\/\" target=\"_blank\" rel=\"noreferrer noopener\">BART robotic telescope<\/a> with a diameter of 25 cm and the <strong>D50 robotic telescope<\/strong> with a diameter of 50 cm. The role of these telescopes is to complement high energy with original optical data for both GRBs and CVs. These objectives complement each other well, as GRBs require a small amount of rapid response time, while CVs occupy the long term programme. <\/p>\n\n\n\n<p id=\"block-eb5582c0-a5c8-422c-858a-8df6f98f7d02\">The members of the group are also involved in the European Space Agency&#8217;s INTEGRAL, Gaia and XEUS projects, as well as with NASA in the Constellation X study, in particular for the detection of cosmic ray bursts (BART, D50, BOOTES experiments). Other data are obtained from astronomical plate archives &#8211; periods of up to 100 years, which provide valuable information on the long-term behaviour of resources in the optical field.<\/p>\n\n\n\n<p id=\"block-fc98c320-6ccf-4c2e-b28d-49d38c7a07d0\">The members of the group regularly organise international conferences and workshops, such as the <a href=\"https:\/\/axro.cz\">International workshops on Astronomical X\u2013Ray Optics<\/a> (AXRO) and the <a href=\"https:\/\/ibws.cz\/\" target=\"_blank\" rel=\"noreferrer noopener\">INTEGRAL\/BART workshops<\/a> (IBWS), and participate in the organisation of large international conferences, such as SPIE Europe, the Frascati Workshop on Multispectral Behaviour of Cosmic High-energy Sources, and the International Conferences on Frontier Objects in Astrophysics.<\/p>\n\n\n\n<ul class=\"wp-block-list\">\n<li>Observation of gamma-ray bursts: <a href=\"http:\/\/lascaux50.asu.cas.cz\/m\/grb-list.html\" target=\"_blank\" rel=\"noreferrer noopener\">D50 GRB triggered observation<\/a><\/li>\n\n\n\n<li>Observation of gamma-ray bursts: <a href=\"http:\/\/lascaux.asu.cas.cz\/m\/fram-grb.html\" target=\"_blank\" rel=\"noreferrer noopener\">FRAM GRB triggered observation<\/a><\/li>\n<\/ul>\n\n\n\n<p><\/p>\n","protected":false},"excerpt":{"rendered":"<p>The research of this group, led by Michaela Kraus, can be characterised by its dominant focus on studies of massive hot stars. In particular, the<\/p>\n","protected":false},"author":1,"featured_media":0,"parent":0,"menu_order":0,"comment_status":"closed","ping_status":"closed","template":"","meta":{"footnotes":""},"class_list":["post-70","page","type-page","status-publish","hentry"],"_links":{"self":[{"href":"https:\/\/stel.asu.cas.cz\/en\/wp-json\/wp\/v2\/pages\/70","targetHints":{"allow":["GET"]}}],"collection":[{"href":"https:\/\/stel.asu.cas.cz\/en\/wp-json\/wp\/v2\/pages"}],"about":[{"href":"https:\/\/stel.asu.cas.cz\/en\/wp-json\/wp\/v2\/types\/page"}],"author":[{"embeddable":true,"href":"https:\/\/stel.asu.cas.cz\/en\/wp-json\/wp\/v2\/users\/1"}],"replies":[{"embeddable":true,"href":"https:\/\/stel.asu.cas.cz\/en\/wp-json\/wp\/v2\/comments?post=70"}],"version-history":[{"count":97,"href":"https:\/\/stel.asu.cas.cz\/en\/wp-json\/wp\/v2\/pages\/70\/revisions"}],"predecessor-version":[{"id":5471,"href":"https:\/\/stel.asu.cas.cz\/en\/wp-json\/wp\/v2\/pages\/70\/revisions\/5471"}],"wp:attachment":[{"href":"https:\/\/stel.asu.cas.cz\/en\/wp-json\/wp\/v2\/media?parent=70"}],"curies":[{"name":"wp","href":"https:\/\/api.w.org\/{rel}","templated":true}]}}