{"id":115,"date":"2023-05-15T20:25:06","date_gmt":"2023-05-15T20:25:06","guid":{"rendered":"https:\/\/stelweb.asu.cas.cz\/xshootu\/?page_id=115"},"modified":"2023-05-29T13:46:57","modified_gmt":"2023-05-29T13:46:57","slug":"soc-loc","status":"publish","type":"page","link":"https:\/\/stel.asu.cas.cz\/xshootu\/index.php\/soc-loc\/","title":{"rendered":"Organizers"},"content":{"rendered":"\n<p><a href=\"https:\/\/www.lorentzcenter.nl\/ullyses-sets-sail-massive-star-spectroscopy-with-the-hst-and-the-eso-vlt.html#collapseFour\"><\/a><\/p>\n\n\n\n<h5 class=\"wp-block-heading has-vivid-cyan-blue-color has-text-color\">Scientific organizers<\/h5>\n\n\n\n<p><\/p>\n\n\n\n<div class=\"wp-block-group is-nowrap is-layout-flex wp-container-core-group-is-layout-2 wp-block-group-is-layout-flex\">\n<div class=\"wp-block-group is-vertical is-layout-flex wp-container-core-group-is-layout-1 wp-block-group-is-layout-flex\">\n<p class=\"has-small-font-size\"><strong>Lidia Oskinova<\/strong>,&nbsp;Univerlsity&nbsp;of&nbsp;Potsdam<br><strong>Alex&nbsp;Fullerton<\/strong>,&nbsp;Space&nbsp;Telescope&nbsp;Science&nbsp;Institute<br><strong>Nidia&nbsp;Morrell<\/strong>,&nbsp;Las&nbsp;Campanas&nbsp;Observatory<br><strong>Nicole&nbsp;St-Louis<\/strong>,&nbsp;Universit\u00e9&nbsp;de&nbsp;Montr\u00e9al<br><strong>Jorick&nbsp;C.&nbsp;Vink<\/strong>,&nbsp;Armagh&nbsp;Observatory<br><strong>Miriam&nbsp;Garcia<\/strong>,&nbsp;Centro&nbsp;de&nbsp;Astrobiologia<br><strong>Paul&nbsp;Crowther<\/strong>,&nbsp;University&nbsp;of&nbsp;Sheffield<br><strong>Fabrice&nbsp;Martins<\/strong>,&nbsp;French&nbsp;National&nbsp;Centre&nbsp;for&nbsp;Scientific&nbsp;Research<br><strong>Asif&nbsp;ud-Doula<\/strong>,&nbsp;Penn&nbsp;State&nbsp;Scranton<\/p>\n<\/div>\n\n\n\n<p><\/p>\n<\/div>\n\n\n\n<p><\/p>\n\n\n\n<h5 class=\"wp-block-heading has-vivid-cyan-blue-color has-text-color\">Local organizers<\/h5>\n\n\n\n<p><\/p>\n\n\n\n<div class=\"wp-block-group is-vertical is-layout-flex wp-container-core-group-is-layout-3 wp-block-group-is-layout-flex\">\n<p class=\"has-small-font-size\"><strong>Brankica&nbsp;Kub\u00e1tov\u00e1<\/strong>,&nbsp;Astronomical&nbsp;Institute&nbsp;of&nbsp;the&nbsp;Czech&nbsp;Academy of Sciences<br><strong>Ji\u0159\u00ed&nbsp;Srba<\/strong>,&nbsp;Astronomical&nbsp;Institute&nbsp;of&nbsp;the&nbsp;Czech&nbsp;Academy&nbsp;of Sciences<br><strong>Petr&nbsp;Kurf\u00fcrst<\/strong>,&nbsp;Faculty&nbsp;of&nbsp;Science,&nbsp;Masaryk&nbsp;University<br><strong>Jakub&nbsp;Fi\u0161\u00e1k<\/strong>,&nbsp;Faculty&nbsp;of&nbsp;Science,&nbsp;Masaryk&nbsp;University<\/p>\n<\/div>\n\n\n\n<p><\/p>\n\n\n\n<h5 class=\"wp-block-heading has-vivid-cyan-blue-color has-text-color has-small-font-size\">Accounting organization<\/h5>\n\n\n\n<p><\/p>\n\n\n\n<p class=\"has-small-font-size\">Astronomical Institute of the Czech Academy of Sciences<\/p>\n","protected":false},"excerpt":{"rendered":"<p>Scientific organizers Lidia Oskinova,&nbsp;Univerlsity&nbsp;of&nbsp;PotsdamAlex&nbsp;Fullerton,&nbsp;Space&nbsp;Telescope&nbsp;Science&nbsp;InstituteNidia&nbsp;Morrell,&nbsp;Las&nbsp;Campanas&nbsp;ObservatoryNicole&nbsp;St-Louis,&nbsp;Universit\u00e9&nbsp;de&nbsp;Montr\u00e9alJorick&nbsp;C.&nbsp;Vink,&nbsp;Armagh&nbsp;ObservatoryMiriam&nbsp;Garcia,&nbsp;Centro&nbsp;de&nbsp;AstrobiologiaPaul&nbsp;Crowther,&nbsp;University&nbsp;of&nbsp;SheffieldFabrice&nbsp;Martins,&nbsp;French&nbsp;National&nbsp;Centre&nbsp;for&nbsp;Scientific&nbsp;ResearchAsif&nbsp;ud-Doula,&nbsp;Penn&nbsp;State&nbsp;Scranton Local organizers Brankica&nbsp;Kub\u00e1tov\u00e1,&nbsp;Astronomical&nbsp;Institute&nbsp;of&nbsp;the&nbsp;Czech&nbsp;Academy of SciencesJi\u0159\u00ed&nbsp;Srba,&nbsp;Astronomical&nbsp;Institute&nbsp;of&nbsp;the&nbsp;Czech&nbsp;Academy&nbsp;of SciencesPetr&nbsp;Kurf\u00fcrst,&nbsp;Faculty&nbsp;of&nbsp;Science,&nbsp;Masaryk&nbsp;UniversityJakub&nbsp;Fi\u0161\u00e1k,&nbsp;Faculty&nbsp;of&nbsp;Science,&nbsp;Masaryk&nbsp;University Accounting organization Astronomical Institute of the Czech Academy of Sciences<\/p>\n","protected":false},"author":4,"featured_media":0,"parent":0,"menu_order":0,"comment_status":"closed","ping_status":"closed","template":"","meta":{"footnotes":""},"class_list":["post-115","page","type-page","status-publish","hentry"],"_links":{"self":[{"href":"https:\/\/stel.asu.cas.cz\/xshootu\/index.php\/wp-json\/wp\/v2\/pages\/115","targetHints":{"allow":["GET"]}}],"collection":[{"href":"https:\/\/stel.asu.cas.cz\/xshootu\/index.php\/wp-json\/wp\/v2\/pages"}],"about":[{"href":"https:\/\/stel.asu.cas.cz\/xshootu\/index.php\/wp-json\/wp\/v2\/types\/page"}],"author":[{"embeddable":true,"href":"https:\/\/stel.asu.cas.cz\/xshootu\/index.php\/wp-json\/wp\/v2\/users\/4"}],"replies":[{"embeddable":true,"href":"https:\/\/stel.asu.cas.cz\/xshootu\/index.php\/wp-json\/wp\/v2\/comments?post=115"}],"version-history":[{"count":23,"href":"https:\/\/stel.asu.cas.cz\/xshootu\/index.php\/wp-json\/wp\/v2\/pages\/115\/revisions"}],"predecessor-version":[{"id":462,"href":"https:\/\/stel.asu.cas.cz\/xshootu\/index.php\/wp-json\/wp\/v2\/pages\/115\/revisions\/462"}],"wp:attachment":[{"href":"https:\/\/stel.asu.cas.cz\/xshootu\/index.php\/wp-json\/wp\/v2\/media?parent=115"}],"curies":[{"name":"wp","href":"https:\/\/api.w.org\/{rel}","templated":true}]}}