{"id":21,"date":"2023-05-12T06:24:44","date_gmt":"2023-05-12T06:24:44","guid":{"rendered":"https:\/\/stelweb.asu.cas.cz\/xshootu\/?page_id=21"},"modified":"2023-09-21T06:02:53","modified_gmt":"2023-09-21T06:02:53","slug":"location","status":"publish","type":"page","link":"https:\/\/stel.asu.cas.cz\/xshootu\/index.php\/location\/","title":{"rendered":"Workshop venue"},"content":{"rendered":"\n<p style=\"text-align: justify;\">The workshop will take place in the halls of the <a rel=\"noreferrer noopener\" href=\"https:\/\/www.vila-lanna.cz\/en\/\" target=\"_blank\">Vila Lanna<\/a> located in Prague. The Vila Lanna is a Neo-Renaissance landmark building that was built in 1872 by the prominent industrialist and art collector Vojt\u011bch Lanna as a summer retreat. Nowadays, it is protected by the Government Heritage Fund and has belonged to the Academy of Sciences of the Czech Republic since 1957.<\/p>\n\n\n\n<p>Full address of the workshop venue:<\/p>\n\n\n\n<p><strong>Vila Lanna<\/strong><br>V Sadech 1<br>160 00 Prague 6<br>Czech Republic&nbsp;<\/p>\n\n\n\n<figure class=\"wp-block-gallery has-nested-images columns-default is-cropped wp-block-gallery-1 is-layout-flex wp-block-gallery-is-layout-flex\">\n<figure class=\"wp-block-image size-large\"><img loading=\"lazy\" decoding=\"async\" width=\"1024\" height=\"683\" data-id=\"89\" src=\"https:\/\/stelweb.asu.cas.cz\/xshootu\/wp-content\/uploads\/2023\/05\/VilaLanna-1024x683.jpg\" alt=\"\" class=\"wp-image-89\" srcset=\"https:\/\/stel.asu.cas.cz\/xshootu\/wp-content\/uploads\/2023\/05\/VilaLanna-1024x683.jpg 1024w, https:\/\/stel.asu.cas.cz\/xshootu\/wp-content\/uploads\/2023\/05\/VilaLanna-300x200.jpg 300w, https:\/\/stel.asu.cas.cz\/xshootu\/wp-content\/uploads\/2023\/05\/VilaLanna-768x512.jpg 768w, https:\/\/stel.asu.cas.cz\/xshootu\/wp-content\/uploads\/2023\/05\/VilaLanna-1536x1024.jpg 1536w, https:\/\/stel.asu.cas.cz\/xshootu\/wp-content\/uploads\/2023\/05\/VilaLanna-2048x1365.jpg 2048w, https:\/\/stel.asu.cas.cz\/xshootu\/wp-content\/uploads\/2023\/05\/VilaLanna-24x16.jpg 24w, https:\/\/stel.asu.cas.cz\/xshootu\/wp-content\/uploads\/2023\/05\/VilaLanna-48x32.jpg 48w, https:\/\/stel.asu.cas.cz\/xshootu\/wp-content\/uploads\/2023\/05\/VilaLanna-96x64.jpg 96w\" sizes=\"auto, (max-width: 1024px) 100vw, 1024px\" \/><\/figure>\n\n\n\n<figure class=\"wp-block-image size-large\"><img loading=\"lazy\" decoding=\"async\" width=\"950\" height=\"450\" data-id=\"143\" src=\"https:\/\/stelweb.asu.cas.cz\/xshootu\/wp-content\/uploads\/2023\/05\/Vila-Lanna-2.jpg\" alt=\"\" class=\"wp-image-143\" srcset=\"https:\/\/stel.asu.cas.cz\/xshootu\/wp-content\/uploads\/2023\/05\/Vila-Lanna-2.jpg 950w, https:\/\/stel.asu.cas.cz\/xshootu\/wp-content\/uploads\/2023\/05\/Vila-Lanna-2-300x142.jpg 300w, https:\/\/stel.asu.cas.cz\/xshootu\/wp-content\/uploads\/2023\/05\/Vila-Lanna-2-768x364.jpg 768w, https:\/\/stel.asu.cas.cz\/xshootu\/wp-content\/uploads\/2023\/05\/Vila-Lanna-2-24x11.jpg 24w, https:\/\/stel.asu.cas.cz\/xshootu\/wp-content\/uploads\/2023\/05\/Vila-Lanna-2-48x23.jpg 48w, https:\/\/stel.asu.cas.cz\/xshootu\/wp-content\/uploads\/2023\/05\/Vila-Lanna-2-96x45.jpg 96w\" sizes=\"auto, (max-width: 950px) 100vw, 950px\" \/><\/figure>\n<\/figure>\n\n\n\n<h5 class=\"wp-block-heading has-vivid-cyan-blue-color has-text-color\">Conference hall<\/h5>\n\n\n\n<p style=\"text-align: justify;\">The workshop will take place in the Apollon\u2019s hall of the Vila Lanna. During the workshop other halls of the Vila Lanna will be also available for usage (for more details see <a rel=\"noreferrer noopener\" href=\"https:\/\/www.vila-lanna.cz\/en\/conferences\/conferences-halls\/index.html\" target=\"_blank\">here<\/a>).<\/p>\n\n\n\n<h5 class=\"wp-block-heading has-vivid-cyan-blue-color has-text-color\">How to reach the Vila Lanna<\/h5>\n\n\n\n<p><\/p>\n\n\n\n<h5 class=\"wp-block-heading has-small-font-size\">From Prague Airport<\/h5>\n\n\n\n<p class=\"has-medium-font-size;\" style=\"text-align:justify;\">The connection between V\u00e1clav Havel Airport Prague and Prague city is provided by public transport bus lines which operate at regular few-minute intervals. Bus stops are located directly in front of terminals.<br>From the airport to Vila Lanna we suggest to take bus no. 119 and geting off at its last stop N\u00e1dra\u017e\u00ed Veleslav\u00edn, then changing to green metro Line A to Hrad\u010dansk\u00e1 metro station. After that, it is only 500 m to Vila Lanna by walk. Do not forget to validate your ticket before entering public transport.<\/p>\n\n\n\n<h5 class=\"wp-block-heading has-small-font-size\">From Main or Hole\u0161ovice train station<\/h5>\n\n\n\n<p class=\"has-medium-font-size;\" style=\"text-align:justify;\">Both train stations are on the red metro Line C. We suggest going to the Museum metro station and changing to the green metro Line A to Hrad\u010dansk\u00e1 station. After that, it is only 500 m to Vila Lanna by walk. Do not forget to validate your ticket before entering public transport.<\/p>\n\n\n\n<h5 class=\"wp-block-heading has-small-font-size\">Prague Public Transport<\/h5>\n\n\n\n<p class=\"has-medium-font-size;\" style=\"text-align:justify;\">Public transport bus\/metro\/tram rides are subject to regular Prague Public Transport Fares (including pre-paid passes). Bus\/metro\/tram rides do not need to be booked in advance. The passengers must buy a ticket before on-boarding and validate it immediately after boarding the bus\/tram or before the entrance to the metro station by a small yellow stamping machine.<\/p>\n\n\n\n<p class=\"has-medium-font-size;\" style=\"text-align:justify;\">You will need to purchase a public transport ticket for 40 CZK for the trip from the airport or railway stations. There are also 24-hour and 72-hour tickets.<\/p>\n\n\n\n<p class=\"has-medium-font-size;\" style=\"text-align:justify;\">At the Airport tickets are sold in the Visitor Center, at the Prague Public Transit company counters in Arrival Halls, or from&nbsp;yellow ticket vending machines located throughout both terminals and directly at bus stops.&nbsp;The vending machines are located at each metro station before the entrance as well.<\/p>\n\n\n\n<p class=\"has-medium-font-size;\" style=\"text-align:justify;\">Tickets can also be purchased via SMS or the L\u00edta\u010dka mobile app, which can also be used to search for the ideal public transport connection.&nbsp;The application is available for <a href=\"https:\/\/play.google.com\/store\/apps\/details?id=cz.dpp.praguepublictransport&amp;hl=en&amp;gl=US\">Android<\/a> or <a href=\"https:\/\/apps.apple.com\/cz\/app\/pid-l%C3%ADta%C4%8Dka\/id983071129\">iOS<\/a>.&nbsp;<\/p>\n\n\n\n<p class=\"has-medium-font-size;\" style=\"text-align:justify;\">More information about transportation, prices and connections can be found at&nbsp;<a href=\"https:\/\/www.dpp.cz\/en\/fares\/fare-pricelist\">http:\/\/www.dpp.cz\/en\/<\/a><br><\/p>\n\n\n\n<h5 class=\"wp-block-heading has-small-font-size\">Taxi<\/h5>\n\n\n\n<p class=\"has-medium-font-size;\" style=\"text-align:justify;\">You can also use taxi services to arrive at Villa Lanna (standard taxi or Uber, Bolt, etc.).\u00a0<\/p>\n\n\n\n<h5 class=\"wp-block-heading has-vivid-cyan-blue-color has-text-color has-small-font-size\">Map<\/h5>\n\n\n\n<p><\/p>\n\n\n\n<iframe loading=\"lazy\" src=\"https:\/\/www.google.com\/maps\/d\/embed?mid=1BsBiM886Jzf9SSB9IX4sFNA8fCZ5buw&#038;ehbc=2E312F\" width=\"640\" height=\"480\"><\/iframe>\n","protected":false},"excerpt":{"rendered":"<p>The workshop will take place in the halls of the Vila Lanna located in Prague. The Vila Lanna is a Neo-Renaissance landmark building that was<\/p>\n","protected":false},"author":1,"featured_media":0,"parent":0,"menu_order":0,"comment_status":"closed","ping_status":"closed","template":"","meta":{"footnotes":""},"class_list":["post-21","page","type-page","status-publish","hentry"],"_links":{"self":[{"href":"https:\/\/stel.asu.cas.cz\/xshootu\/index.php\/wp-json\/wp\/v2\/pages\/21","targetHints":{"allow":["GET"]}}],"collection":[{"href":"https:\/\/stel.asu.cas.cz\/xshootu\/index.php\/wp-json\/wp\/v2\/pages"}],"about":[{"href":"https:\/\/stel.asu.cas.cz\/xshootu\/index.php\/wp-json\/wp\/v2\/types\/page"}],"author":[{"embeddable":true,"href":"https:\/\/stel.asu.cas.cz\/xshootu\/index.php\/wp-json\/wp\/v2\/users\/1"}],"replies":[{"embeddable":true,"href":"https:\/\/stel.asu.cas.cz\/xshootu\/index.php\/wp-json\/wp\/v2\/comments?post=21"}],"version-history":[{"count":43,"href":"https:\/\/stel.asu.cas.cz\/xshootu\/index.php\/wp-json\/wp\/v2\/pages\/21\/revisions"}],"predecessor-version":[{"id":492,"href":"https:\/\/stel.asu.cas.cz\/xshootu\/index.php\/wp-json\/wp\/v2\/pages\/21\/revisions\/492"}],"wp:attachment":[{"href":"https:\/\/stel.asu.cas.cz\/xshootu\/index.php\/wp-json\/wp\/v2\/media?parent=21"}],"curies":[{"name":"wp","href":"https:\/\/api.w.org\/{rel}","templated":true}]}}