{"id":49,"date":"2023-05-12T07:30:28","date_gmt":"2023-05-12T07:30:28","guid":{"rendered":"https:\/\/stelweb.asu.cas.cz\/xshootu\/index.php\/conference\/participants\/"},"modified":"2023-05-15T20:37:18","modified_gmt":"2023-05-15T20:37:18","slug":"participants","status":"publish","type":"page","link":"https:\/\/stel.asu.cas.cz\/xshootu\/index.php\/conference\/participants\/","title":{"rendered":"List of Participants"},"content":{"rendered":"<table><tr><td><img decoding=\"async\" src=\"https:\/\/stel.asu.cas.cz\/xshootu\/wp-content\/plugins\/conference-plugin\/images\/country_icons\/gb.png\"> <\/td><td><b>Thaer Alkousa <\/b><\/td> <td style='padding-left: 10px'><i>The University of Sheffield <\/i>, United Kingdom<\/td><\/tr><tr><td><img decoding=\"async\" src=\"https:\/\/stel.asu.cas.cz\/xshootu\/wp-content\/plugins\/conference-plugin\/images\/country_icons\/br.png\"> <\/td><td><b>J\u00falia Alves<\/b><\/td> <td style='padding-left: 10px'><i>Valongo Observatory - Federal University of Rio de Janeiro<\/i>, Brazil<\/td><\/tr><tr><td><img decoding=\"async\" src=\"https:\/\/stel.asu.cas.cz\/xshootu\/wp-content\/plugins\/conference-plugin\/images\/country_icons\/nl.png\"> <\/td><td><b>Frank Backs<\/b><\/td> <td style='padding-left: 10px'><i>Anton Pannekoek Institute<\/i>, Netherlands<\/td><\/tr><tr><td><img decoding=\"async\" src=\"https:\/\/stel.asu.cas.cz\/xshootu\/wp-content\/plugins\/conference-plugin\/images\/country_icons\/de.png\"> <\/td><td><b>Matheus Bernini Peron<\/b><\/td> <td style='padding-left: 10px'><i>Universit\u00e4t Heidelberg -ZAH\/ARI<\/i>, Germany<\/td><\/tr><tr><td><img decoding=\"async\" src=\"https:\/\/stel.asu.cas.cz\/xshootu\/wp-content\/plugins\/conference-plugin\/images\/country_icons\/gb.png\"> <\/td><td><b>Joachim Bestenlehner<\/b><\/td> <td style='padding-left: 10px'><i>University of Sheffield<\/i>, United Kingdom<\/td><\/tr><tr><td><img decoding=\"async\" src=\"https:\/\/stel.asu.cas.cz\/xshootu\/wp-content\/plugins\/conference-plugin\/images\/country_icons\/nl.png\"> <\/td><td><b>Sarah Brands<\/b><\/td> <td style='padding-left: 10px'><i>Anton Pannekoek Institute, University of Amsterdam<\/i>, Netherlands<\/td><\/tr><tr><td><img decoding=\"async\" src=\"https:\/\/stel.asu.cas.cz\/xshootu\/wp-content\/plugins\/conference-plugin\/images\/country_icons\/cz.png\"> <\/td><td><b>Ma\u00efmouna Brigitte<\/b><\/td> <td style='padding-left: 10px'><i>Astronomical Institute, Faculty of Mathematics and Physics,<\/i>, Czech Republic<\/td><\/tr><tr><td><img decoding=\"async\" src=\"https:\/\/stel.asu.cas.cz\/xshootu\/wp-content\/plugins\/conference-plugin\/images\/country_icons\/gb.png\"> <\/td><td><b>Paul Crowther<\/b><\/td> <td style='padding-left: 10px'><i>University of Sheffield<\/i>, United Kingdom<\/td><\/tr><tr><td><img decoding=\"async\" src=\"https:\/\/stel.asu.cas.cz\/xshootu\/wp-content\/plugins\/conference-plugin\/images\/country_icons\/us.png\"> <\/td><td><b>Alexandre David-Uraz<\/b><\/td> <td style='padding-left: 10px'><i>Howard University\/NASA Goddard Space Flight Center<\/i>, United States<\/td><\/tr><tr><td><img decoding=\"async\" src=\"https:\/\/stel.asu.cas.cz\/xshootu\/wp-content\/plugins\/conference-plugin\/images\/country_icons\/be.png\"> <\/td><td><b>Dwaipayan Debnath<\/b><\/td> <td style='padding-left: 10px'><i>KU Leuven<\/i>, Belgium<\/td><\/tr><tr><td><img decoding=\"async\" src=\"https:\/\/stel.asu.cas.cz\/xshootu\/wp-content\/plugins\/conference-plugin\/images\/country_icons\/cz.png\"> <\/td><td><b>Jakub Fi\u0161\u00e1k<\/b><\/td> <td style='padding-left: 10px'><i>Masaryk univeristy<\/i>, Czech Republic<\/td><\/tr><tr><td><img decoding=\"async\" src=\"https:\/\/stel.asu.cas.cz\/xshootu\/wp-content\/plugins\/conference-plugin\/images\/country_icons\/es.png\"> <\/td><td><b>Miriam Garcia<\/b><\/td> <td style='padding-left: 10px'><i>CAB (CSIC-INTA)<\/i>, Spain<\/td><\/tr><tr><td><img decoding=\"async\" src=\"https:\/\/stel.asu.cas.cz\/xshootu\/wp-content\/plugins\/conference-plugin\/images\/country_icons\/pl.png\"> <\/td><td><b>Alex Gormaz-Matamala<\/b><\/td> <td style='padding-left: 10px'><i>Nicolaus Copernicus Astronomical Centre (CAMK)<\/i>, Poland<\/td><\/tr><tr><td><img decoding=\"async\" src=\"https:\/\/stel.asu.cas.cz\/xshootu\/wp-content\/plugins\/conference-plugin\/images\/country_icons\/de.png\"> <\/td><td><b>V\u00edctor Mauricio A. G\u00f3mez Gonz\u00e1lez<\/b><\/td> <td style='padding-left: 10px'><i>Universit\u00e4t Potsdam, Institut f\u00fcr Physik und Astronomie<\/i>, Germany<\/td><\/tr><tr><td><img decoding=\"async\" src=\"https:\/\/stel.asu.cas.cz\/xshootu\/wp-content\/plugins\/conference-plugin\/images\/country_icons\/de.png\"> <\/td><td><b>Wolf-Rainer  Hamann<\/b><\/td> <td style='padding-left: 10px'><i>University of Potsdam<\/i>, Germany<\/td><\/tr><tr><td><img decoding=\"async\" src=\"https:\/\/stel.asu.cas.cz\/xshootu\/wp-content\/plugins\/conference-plugin\/images\/country_icons\/us.png\"> <\/td><td><b>Calum Hawcroft<\/b><\/td> <td style='padding-left: 10px'><i>Space Telescope Science Institute<\/i>, United States<\/td><\/tr><tr><td><img decoding=\"async\" src=\"https:\/\/stel.asu.cas.cz\/xshootu\/wp-content\/plugins\/conference-plugin\/images\/country_icons\/gb.png\"> <\/td><td><b>Erin Higgins<\/b><\/td> <td style='padding-left: 10px'><i>Armagh Observatory & Planetarium<\/i>, United Kingdom<\/td><\/tr><tr><td><img decoding=\"async\" src=\"https:\/\/stel.asu.cas.cz\/xshootu\/wp-content\/plugins\/conference-plugin\/images\/country_icons\/es.png\"> <\/td><td><b>Carolina Kehrig<\/b><\/td> <td style='padding-left: 10px'><i>Instituto de Astrofisica de Andalucia<\/i>, Spain<\/td><\/tr><tr><td><img decoding=\"async\" src=\"https:\/\/stel.asu.cas.cz\/xshootu\/wp-content\/plugins\/conference-plugin\/images\/country_icons\/cz.png\"> <\/td><td><b>Ji\u0159\u00ed Krti\u010dka<\/b><\/td> <td style='padding-left: 10px'><i>Masaryk University<\/i>, Czech Republic<\/td><\/tr><tr><td><img decoding=\"async\" src=\"https:\/\/stel.asu.cas.cz\/xshootu\/wp-content\/plugins\/conference-plugin\/images\/country_icons\/cz.png\"> <\/td><td><b>Brankica Kub\u00e1tov\u00e1<\/b><\/td> <td style='padding-left: 10px'><i>Astronomical Institute of the Czech Academy of Sciences<\/i>, Czech Republic<\/td><\/tr><tr><td><img decoding=\"async\" src=\"https:\/\/stel.asu.cas.cz\/xshootu\/wp-content\/plugins\/conference-plugin\/images\/country_icons\/de.png\"> <\/td><td><b>Rolf Kuiper<\/b><\/td> <td style='padding-left: 10px'><i>University of Duisburg-Essen<\/i>, Germany<\/td><\/tr><tr><td><img decoding=\"async\" src=\"https:\/\/stel.asu.cas.cz\/xshootu\/wp-content\/plugins\/conference-plugin\/images\/country_icons\/cz.png\"> <\/td><td><b>Petr Kurf\u00fcrst<\/b><\/td> <td style='padding-left: 10px'><i>Masaryk University<\/i>, Czech Republic<\/td><\/tr><tr><td><img decoding=\"async\" src=\"https:\/\/stel.asu.cas.cz\/xshootu\/wp-content\/plugins\/conference-plugin\/images\/country_icons\/us.png\"> <\/td><td><b>CLAUS LEITHERER<\/b><\/td> <td style='padding-left: 10px'><i>CLAUS LEITHERER<\/i>, United States<\/td><\/tr><tr><td><img decoding=\"async\" src=\"https:\/\/stel.asu.cas.cz\/xshootu\/wp-content\/plugins\/conference-plugin\/images\/country_icons\/de.png\"> <\/td><td><b>Roel Lefever<\/b><\/td> <td style='padding-left: 10px'><i>Universitaet Heidelberg<\/i>, Germany<\/td><\/tr><tr><td><img decoding=\"async\" src=\"https:\/\/stel.asu.cas.cz\/xshootu\/wp-content\/plugins\/conference-plugin\/images\/country_icons\/es.png\"> <\/td><td><b>Marta Lorenzo<\/b><\/td> <td style='padding-left: 10px'><i>Marta Lorenzo<\/i>, Spain<\/td><\/tr><tr><td><img decoding=\"async\" src=\"https:\/\/stel.asu.cas.cz\/xshootu\/wp-content\/plugins\/conference-plugin\/images\/country_icons\/be.png\"> <\/td><td><b>Laurent Mahy<\/b><\/td> <td style='padding-left: 10px'><i>Royal Observatory of Belgium<\/i>, Belgium<\/td><\/tr><tr><td><img decoding=\"async\" src=\"https:\/\/stel.asu.cas.cz\/xshootu\/wp-content\/plugins\/conference-plugin\/images\/country_icons\/gr.png\"> <\/td><td><b>Grigoris Maravelias<\/b><\/td> <td style='padding-left: 10px'><i>National Observatory of Athens & FORTH<\/i>, Greece<\/td><\/tr><tr><td><img decoding=\"async\" src=\"https:\/\/stel.asu.cas.cz\/xshootu\/wp-content\/plugins\/conference-plugin\/images\/country_icons\/br.png\"> <\/td><td><b>Lucimara  Martins<\/b><\/td> <td style='padding-left: 10px'><i>Universidade Cidade de S\u00e3o Paulo<\/i>, Brazil<\/td><\/tr><tr><td><img decoding=\"async\" src=\"https:\/\/stel.asu.cas.cz\/xshootu\/wp-content\/plugins\/conference-plugin\/images\/country_icons\/cz.png\"> <\/td><td><b>Olga Maryeva<\/b><\/td> <td style='padding-left: 10px'><i>Astronomical Institute of the Czech Academy of Sciences <\/i>, Czech Republic<\/td><\/tr><tr><td><img decoding=\"async\" src=\"https:\/\/stel.asu.cas.cz\/xshootu\/wp-content\/plugins\/conference-plugin\/images\/country_icons\/es.png\"> <\/td><td><b>Francisco Najarro<\/b><\/td> <td style='padding-left: 10px'><i>CAB (CSIC-INTA)<\/i>, Spain<\/td><\/tr><tr><td><img decoding=\"async\" src=\"https:\/\/stel.asu.cas.cz\/xshootu\/wp-content\/plugins\/conference-plugin\/images\/country_icons\/de.png\"> <\/td><td><b>Lidia Oskinova<\/b><\/td> <td style='padding-left: 10px'><i>Potsdam University<\/i>, Germany<\/td><\/tr><tr><td><img decoding=\"async\" src=\"https:\/\/stel.asu.cas.cz\/xshootu\/wp-content\/plugins\/conference-plugin\/images\/country_icons\/gb.png\"> <\/td><td><b>Timothy Parsons<\/b><\/td> <td style='padding-left: 10px'><i>University College London<\/i>, United Kingdom<\/td><\/tr><tr><td><img decoding=\"async\" src=\"https:\/\/stel.asu.cas.cz\/xshootu\/wp-content\/plugins\/conference-plugin\/images\/country_icons\/de.png\"> <\/td><td><b>Daniel Pauli<\/b><\/td> <td style='padding-left: 10px'><i>Universit\u00e4t Potsdam<\/i>, Germany<\/td><\/tr><tr><td><img decoding=\"async\" src=\"https:\/\/stel.asu.cas.cz\/xshootu\/wp-content\/plugins\/conference-plugin\/images\/country_icons\/cz.png\"> <\/td><td><b>Kate\u0159ina Pivo\u0148kov\u00e1<\/b><\/td> <td style='padding-left: 10px'><i>Department of Theoretical Physics and Astrophysics, Faculty of Science, Masaryk University in Brno<\/i>, Czech Republic<\/td><\/tr><tr><td><img decoding=\"async\" src=\"https:\/\/stel.asu.cas.cz\/xshootu\/wp-content\/plugins\/conference-plugin\/images\/country_icons\/de.png\"> <\/td><td><b>Varsha Ramachandran<\/b><\/td> <td style='padding-left: 10px'><i>University of Heidelberg <\/i>, Germany<\/td><\/tr><tr><td><img decoding=\"async\" src=\"https:\/\/stel.asu.cas.cz\/xshootu\/wp-content\/plugins\/conference-plugin\/images\/country_icons\/de.png\"> <\/td><td><b>Sabela Reyero Serantes<\/b><\/td> <td style='padding-left: 10px'><i>University of Potsdam, Institute of Physics and Astronomy <\/i>, Germany<\/td><\/tr><tr><td><img decoding=\"async\" src=\"https:\/\/stel.asu.cas.cz\/xshootu\/wp-content\/plugins\/conference-plugin\/images\/country_icons\/gb.png\"> <\/td><td><b>Matthew Rickard<\/b><\/td> <td style='padding-left: 10px'><i>Matthew Rickard<\/i>, United Kingdom<\/td><\/tr><tr><td><img decoding=\"async\" src=\"https:\/\/stel.asu.cas.cz\/xshootu\/wp-content\/plugins\/conference-plugin\/images\/country_icons\/de.png\"> <\/td><td><b>Andreas Sander<\/b><\/td> <td style='padding-left: 10px'><i>ZAH\/ARI, Heidelberg University<\/i>, Germany<\/td><\/tr><tr><td><img decoding=\"async\" src=\"https:\/\/stel.asu.cas.cz\/xshootu\/wp-content\/plugins\/conference-plugin\/images\/country_icons\/de.png\"> <\/td><td><b>Elisa Sch\u00f6sser<\/b><\/td> <td style='padding-left: 10px'><i>Zentrum f\u00fcr Astronomie der Universit\u00e4t Heidelberg, Astronomisches Rechen-Institut<\/i>, Germany<\/td><\/tr><tr><td><img decoding=\"async\" src=\"https:\/\/stel.asu.cas.cz\/xshootu\/wp-content\/plugins\/conference-plugin\/images\/country_icons\/es.png\"> <\/td><td><b>Tomer Shenar<\/b><\/td> <td style='padding-left: 10px'><i>CAB (CSIC-INTA)<\/i>, Spain<\/td><\/tr><tr><td><img decoding=\"async\" src=\"https:\/\/stel.asu.cas.cz\/xshootu\/wp-content\/plugins\/conference-plugin\/images\/country_icons\/pl.png\"> <\/td><td><b>Dorottya Sz\u00e9csi<\/b><\/td> <td style='padding-left: 10px'><i>Nicolaus Copernicus University<\/i>, Poland<\/td><\/tr><tr><td><img decoding=\"async\" src=\"https:\/\/stel.asu.cas.cz\/xshootu\/wp-content\/plugins\/conference-plugin\/images\/country_icons\/us.png\"> <\/td><td><b>Grace Telford<\/b><\/td> <td style='padding-left: 10px'><i>Princeton University<\/i>, United States<\/td><\/tr><tr><td><img decoding=\"async\" src=\"https:\/\/stel.asu.cas.cz\/xshootu\/wp-content\/plugins\/conference-plugin\/images\/country_icons\/be.png\"> <\/td><td><b>Frank Tramper<\/b><\/td> <td style='padding-left: 10px'><i>KU Leuven<\/i>, Belgium<\/td><\/tr><tr><td><img decoding=\"async\" src=\"https:\/\/stel.asu.cas.cz\/xshootu\/wp-content\/plugins\/conference-plugin\/images\/country_icons\/gb.png\"> <\/td><td><b>Jorick Vink<\/b><\/td> <td style='padding-left: 10px'><i>Armagh Observatory and Planetarium<\/i>, United Kingdom<\/td><\/tr><tr><td><img decoding=\"async\" src=\"https:\/\/stel.asu.cas.cz\/xshootu\/wp-content\/plugins\/conference-plugin\/images\/country_icons\/nl.png\"> <\/td><td><b>Alex de Koter<\/b><\/td> <td style='padding-left: 10px'><i>University of Amsterdam<\/i>, Netherlands<\/td><\/tr><\/table>\n","protected":false},"excerpt":{"rendered":"","protected":false},"author":1,"featured_media":0,"parent":39,"menu_order":0,"comment_status":"closed","ping_status":"closed","template":"","meta":{"footnotes":""},"class_list":["post-49","page","type-page","status-publish","hentry"],"_links":{"self":[{"href":"https:\/\/stel.asu.cas.cz\/xshootu\/index.php\/wp-json\/wp\/v2\/pages\/49","targetHints":{"allow":["GET"]}}],"collection":[{"href":"https:\/\/stel.asu.cas.cz\/xshootu\/index.php\/wp-json\/wp\/v2\/pages"}],"about":[{"href":"https:\/\/stel.asu.cas.cz\/xshootu\/index.php\/wp-json\/wp\/v2\/types\/page"}],"author":[{"embeddable":true,"href":"https:\/\/stel.asu.cas.cz\/xshootu\/index.php\/wp-json\/wp\/v2\/users\/1"}],"replies":[{"embeddable":true,"href":"https:\/\/stel.asu.cas.cz\/xshootu\/index.php\/wp-json\/wp\/v2\/comments?post=49"}],"version-history":[{"count":2,"href":"https:\/\/stel.asu.cas.cz\/xshootu\/index.php\/wp-json\/wp\/v2\/pages\/49\/revisions"}],"predecessor-version":[{"id":125,"href":"https:\/\/stel.asu.cas.cz\/xshootu\/index.php\/wp-json\/wp\/v2\/pages\/49\/revisions\/125"}],"up":[{"embeddable":true,"href":"https:\/\/stel.asu.cas.cz\/xshootu\/index.php\/wp-json\/wp\/v2\/pages\/39"}],"wp:attachment":[{"href":"https:\/\/stel.asu.cas.cz\/xshootu\/index.php\/wp-json\/wp\/v2\/media?parent=49"}],"curies":[{"name":"wp","href":"https:\/\/api.w.org\/{rel}","templated":true}]}}